{"id":3,"date":"2023-04-03T22:05:35","date_gmt":"2023-04-03T20:05:35","guid":{"rendered":"https:\/\/fitprint.cz\/?page_id=3"},"modified":"2023-04-07T21:01:38","modified_gmt":"2023-04-07T19:01:38","slug":"ochrana-osobnich-udaju","status":"publish","type":"page","link":"https:\/\/fitprint.cz\/?page_id=3","title":{"rendered":"Z\u00e1sady ochrany osobn\u00edch \u00fadaj\u016f"},"content":{"rendered":"\t\t<div data-elementor-type=\"wp-page\" data-elementor-id=\"3\" class=\"elementor elementor-3\">\n\t\t\t\t\t\t\t\t\t<section class=\"elementor-section elementor-top-section elementor-element elementor-element-42759119 elementor-section-boxed elementor-section-height-default elementor-section-height-default\" data-id=\"42759119\" data-element_type=\"section\">\n\t\t\t\t\t\t<div class=\"elementor-container elementor-column-gap-default\">\n\t\t\t\t\t<div class=\"elementor-column elementor-col-100 elementor-top-column elementor-element elementor-element-316ac04d\" data-id=\"316ac04d\" data-element_type=\"column\">\n\t\t\t<div class=\"elementor-widget-wrap elementor-element-populated\">\n\t\t\t\t\t\t\t\t<div class=\"elementor-element elementor-element-11bb0022 elementor-widget__width-initial elementor-widget elementor-widget-text-editor\" data-id=\"11bb0022\" data-element_type=\"widget\" data-widget_type=\"text-editor.default\">\n\t\t\t\t<div class=\"elementor-widget-container\">\n\t\t\t<style>\/*! elementor - v3.15.0 - 20-08-2023 *\/\n.elementor-widget-text-editor.elementor-drop-cap-view-stacked .elementor-drop-cap{background-color:#69727d;color:#fff}.elementor-widget-text-editor.elementor-drop-cap-view-framed .elementor-drop-cap{color:#69727d;border:3px solid;background-color:transparent}.elementor-widget-text-editor:not(.elementor-drop-cap-view-default) .elementor-drop-cap{margin-top:8px}.elementor-widget-text-editor:not(.elementor-drop-cap-view-default) .elementor-drop-cap-letter{width:1em;height:1em}.elementor-widget-text-editor .elementor-drop-cap{float:left;text-align:center;line-height:1;font-size:50px}.elementor-widget-text-editor .elementor-drop-cap-letter{display:inline-block}<\/style>\t\t\t\t<p><!-- wp:heading --><\/p>\n<h2>Z\u00e1sady osobn\u00edch \u00fadaj\u016f<\/h2>\n<h2>Kdo jsme<\/h2>\n<p><!-- \/wp:heading --><!-- wp:paragraph --><\/p>\n<p><span class=\"fontstyle0\">N\u00e1zev: FitPrint s.r.o.<br \/>I\u010c: 17932181<br \/>Zaps\u00e1na v: VOR<br \/>S\u00eddlo: Kurzova 2222\/16, Praha, 15500, \u010cesk\u00e1 republika<\/span><span class=\"fontstyle0\"><br \/>web:\u00a0https:\/\/fitprint.cz.<br \/><\/span><\/p>\n<p><!-- \/wp:paragraph --><!-- wp:heading --><\/p>\n<h2>Koment\u00e1\u0159e<\/h2>\n<p><!-- \/wp:heading --><!-- wp:paragraph --><\/p>\n<p>Kdy\u017e n\u00e1v\u0161t\u011bvn\u00edci p\u0159idaj\u00ed koment\u00e1\u0159 na tento web, jsou shroma\u017e\u010fov\u00e1ny \u00fadaje zobrazen\u00e9 ve formul\u00e1\u0159i pro koment\u00e1\u0159, d\u00e1le IP adresa n\u00e1v\u0161t\u011bvn\u00edka a \u0159et\u011bzec user agent definuj\u00edc\u00ed prohl\u00ed\u017ee\u010d, co\u017e pom\u00e1h\u00e1 k detekci spamu.<\/p>\n<p><!-- \/wp:paragraph --><!-- wp:paragraph --><\/p>\n<p>Slu\u017eb\u011b Gravatar m\u016f\u017ee b\u00fdt poskytnut anonymn\u00ed \u0159et\u011bzec vytvo\u0159en\u00fd z va\u0161\u00ed e-mailov\u00e9 adresy (naz\u00fdvan\u00fd tak\u00e9 hash), d\u00edky kter\u00e9mu lze ur\u010dit jestli tuto slu\u017ebu pou\u017e\u00edv\u00e1te. Z\u00e1sady ochrany osobn\u00edch \u00fadaj\u016f slu\u017eby Gravatar jsou k dispozici zde: https:\/\/automattic.com\/privacy\/. Po schv\u00e1len\u00ed va\u0161eho koment\u00e1\u0159e je v\u00e1\u0161 profilov\u00fd obr\u00e1zek viditeln\u00fd pro ve\u0159ejnost v kontextu va\u0161eho koment\u00e1\u0159e.<\/p>\n<p><!-- \/wp:paragraph --><!-- wp:heading --><\/p>\n<h2>M\u00e9dia<\/h2>\n<p><!-- \/wp:heading --><!-- wp:paragraph --><\/p>\n<p>Pokud nahr\u00e1v\u00e1te obr\u00e1zky na tento web, m\u011bli byste se vyhnout nahr\u00e1v\u00e1n\u00ed obr\u00e1zk\u016f s vlo\u017een\u00fdmi \u00fadaji o poloze (EXIF GPS). N\u00e1v\u0161t\u011bvn\u00edci webu mohou st\u00e1hnout a zobrazit libovoln\u00e9 data o poloze z obr\u00e1zk\u016f na webu.<\/p>\n<p><!-- \/wp:paragraph --><!-- wp:heading --><\/p>\n<h2>Cookies<\/h2>\n<p><!-- \/wp:heading --><!-- wp:paragraph --><\/p>\n<p>Pokud na na\u0161e str\u00e1nky p\u0159id\u00e1te koment\u00e1\u0159, m\u016f\u017eete povolit ulo\u017een\u00ed jm\u00e9na, e-mailov\u00e9 adresy a webov\u00e9 str\u00e1nky do cookies. T\u00edmto zp\u016fsobem se sna\u017e\u00edme zv\u00fd\u0161it v\u00e1\u0161 komfort, kdy\u017e budete ps\u00e1t nov\u00fd koment\u00e1\u0159 u\u017e pak nebudete muset tyto \u00fadaje znovu vypl\u0148ovat. Tyto soubory cookies budou m\u00edt \u017eivotnost jeden rok.<\/p>\n<p><!-- \/wp:paragraph --><!-- wp:paragraph --><\/p>\n<p>Pokud nav\u0161t\u00edv\u00edte na\u0161i p\u0159ihla\u0161ovac\u00ed str\u00e1nku, nastav\u00edme do\u010dasn\u00e9 cookies pro ov\u011b\u0159en\u00ed, zda v\u00e1\u0161 prohl\u00ed\u017ee\u010d p\u0159ij\u00edm\u00e1 soubory cookies. Tento soubor cookies neobsahuje \u017e\u00e1dn\u00e1 osobn\u00ed data a p\u0159i zav\u0159en\u00ed prohl\u00ed\u017ee\u010de se zru\u0161\u00ed.<\/p>\n<p><!-- \/wp:paragraph --><!-- wp:paragraph --><\/p>\n<p>P\u0159i p\u0159ihla\u0161ov\u00e1n\u00ed v\u00e1m nastav\u00edme tak\u00e9 n\u011bkolik soubor\u016f cookies pro ulo\u017een\u00ed va\u0161ich p\u0159ihla\u0161ovac\u00edch \u00fadaj\u016f a pro nastaven\u00ed zobrazen\u00ed obrazovky. P\u0159ihla\u0161ovac\u00ed soubory cookies maj\u00ed \u017eivotnost dva dny a cookies pro nastaven\u00ed zobrazen\u00ed maj\u00ed \u017eivotnost jeden rok. Pokud potvrd\u00edte mo\u017enost \u201eZapamatovat si m\u011b\u201c, va\u0161e p\u0159ihl\u00e1\u0161en\u00ed bude trvat dva t\u00fddny. Pokud se ze sv\u00e9ho \u00fa\u010dtu odhl\u00e1s\u00edte, p\u0159ihla\u0161ovac\u00ed cookies budou odstran\u011bny.<\/p>\n<p><!-- \/wp:paragraph --><!-- wp:paragraph --><\/p>\n<p>Pokud upravujete nebo publikujete \u010dl\u00e1nek, bude ve va\u0161em prohl\u00ed\u017ee\u010di ulo\u017een dal\u0161\u00ed cookie. Tento cookie neobsahuje \u017e\u00e1dn\u00e1 osobn\u00ed data a jednodu\u0161e ozna\u010duje ID p\u0159\u00edsp\u011bvku, kter\u00fd jste pr\u00e1v\u011b upravili. Jeho platnost vypr\u0161\u00ed po 1 dni.<\/p>\n<p><!-- \/wp:paragraph --><!-- wp:heading --><\/p>\n<h2>Vlo\u017een\u00fd obsah z dal\u0161\u00edch web\u016f<\/h2>\n<p><!-- \/wp:heading --><!-- wp:paragraph --><\/p>\n<p>P\u0159\u00edsp\u011bvky na t\u011bchto str\u00e1nk\u00e1ch mohou obsahovat vlo\u017een\u00fd obsah (nap\u0159\u00edklad videa, obr\u00e1zky, \u010dl\u00e1nky atd.). Vlo\u017een\u00fd obsah z jin\u00fdch webov\u00fdch str\u00e1nek se chov\u00e1 stejn\u00fdm zp\u016fsobem, jako kdyby n\u00e1v\u0161t\u011bvn\u00edk nav\u0161t\u00edvil jin\u00fd web.<\/p>\n<p><!-- \/wp:paragraph --><!-- wp:paragraph --><\/p>\n<p>Tyto webov\u00e9 str\u00e1nky mohou shroma\u017e\u010fovat data o v\u00e1s, pou\u017e\u00edvat soubory cookies, vkl\u00e1dat dal\u0161\u00ed sledov\u00e1n\u00ed od t\u0159et\u00edch stran a sledovat va\u0161i interakci s t\u00edmto vlo\u017een\u00fdm obsahem, v\u010detn\u011b sledov\u00e1n\u00ed interakce s vlo\u017een\u00fdm obsahem, pokud m\u00e1te \u00fa\u010det a jste p\u0159ihl\u00e1\u0161eni na danou webovou str\u00e1nku.<\/p>\n<p><!-- \/wp:paragraph --><!-- wp:heading --><\/p>\n<h2>S k\u00fdm sd\u00edl\u00edme va\u0161e \u00fadaje<\/h2>\n<p><!-- \/wp:heading --><!-- wp:paragraph --><\/p>\n<p>Pokud po\u017eadujete obnoven\u00ed hesla, va\u0161e adresa IP bude uvedena v e-mailu pro obnoven\u00ed hesla.<\/p>\n<p><!-- \/wp:paragraph --><!-- wp:heading --><\/p>\n<h2>Jak dlouho uchov\u00e1v\u00e1me va\u0161e \u00fadaje<\/h2>\n<p><!-- \/wp:heading --><!-- wp:paragraph --><\/p>\n<p>Pokud p\u0159id\u00e1te koment\u00e1\u0159, koment\u00e1\u0159 a jeho metadata budou uchov\u00e1v\u00e1na po dobu neur\u010ditou. \u00dadaje jsou uchov\u00e1v\u00e1ny za \u00fa\u010delem automatick\u00e9ho rozpozn\u00e1n\u00ed a schv\u00e1len\u00ed v\u0161ech n\u00e1sledn\u00fdch koment\u00e1\u0159\u016f, m\u00edsto jejich dr\u017een\u00ed ve front\u011b moderov\u00e1n\u00ed.<\/p>\n<p><!-- \/wp:paragraph --><!-- wp:paragraph --><\/p>\n<p>Pro u\u017eivatele, kte\u0159\u00ed se registruj\u00ed na tomto webu (pokud maj\u00ed tuto mo\u017enost), ukl\u00e1d\u00e1me tak\u00e9 osobn\u00ed \u00fadaje, kter\u00e9 uv\u00e1d\u011bj\u00ed ve sv\u00e9m u\u017eivatelsk\u00e9m profilu. V\u0161ichni u\u017eivatel\u00e9 mohou kdykoliv vid\u011bt, upravovat nebo smazat sv\u00e9 osobn\u00ed \u00fadaje (s v\u00fdjimkou toho, \u017ee nemohou zm\u011bnit sv\u00e9 u\u017eivatelsk\u00e9 jm\u00e9no). Administr\u00e1to\u0159i webu mohou tak\u00e9 tyto informace zobrazit a upravovat.<\/p>\n<p><!-- \/wp:paragraph --><!-- wp:heading --><\/p>\n<h2>Jak\u00e1 m\u00e1te pr\u00e1va?<\/h2>\n<p><!-- \/wp:heading --><!-- wp:paragraph --><\/p>\n<p>Pokud m\u00e1te na tomto webu \u00fa\u010det nebo jste zde p\u0159idali koment\u00e1\u0159e, m\u016f\u017eete po\u017e\u00e1dat o obdr\u017een\u00ed souboru s exportem osobn\u00edch \u00fadaj\u016f, kter\u00e9 o v\u00e1s uchov\u00e1v\u00e1me, v\u010detn\u011b v\u0161ech \u00fadaj\u016f, kter\u00e9 jste n\u00e1m poskytli. M\u016f\u017eete tak\u00e9 po\u017e\u00e1dat o odstran\u011bn\u00ed ve\u0161ker\u00fdch osobn\u00edch \u00fadaj\u016f, kter\u00e9 o v\u00e1s uchov\u00e1v\u00e1me. Tato mo\u017enost nezahrnuje \u00fadaje, kter\u00e9 jsme povinni uchov\u00e1vat z administrativn\u00edch, pr\u00e1vn\u00edch nebo bezpe\u010dnostn\u00edch d\u016fvod\u016f.<\/p>\n<p><!-- \/wp:paragraph --><!-- wp:heading --><\/p>\n<h2>Kam se pos\u00edlaj\u00ed va\u0161e data<\/h2>\n<p><!-- \/wp:heading --><!-- wp:paragraph --><\/p>\n<p>Koment\u00e1\u0159e n\u00e1v\u0161t\u011bvn\u00edk\u016f mohou b\u00fdt kontrolov\u00e1ny prost\u0159ednictv\u00edm automatizovan\u00e9 slu\u017eby detekce spamu, kter\u00e1 m\u016f\u017ee b\u00fdt um\u00edst\u011bna v zahrani\u010d\u00ed.<\/p>\n<p>\u00a0<\/p>\n<p>Sb\u00edr\u00e1me o V\u00e1s informace b\u011bhem procesu dokon\u010den\u00ed objedn\u00e1vky na na\u0161em e-shopu.<\/p>\n<h2>Jak\u00e1 data sb\u00edr\u00e1me a uchov\u00e1v\u00e1me<\/h2>\n<p>B\u011bhem n\u00e1v\u0161t\u011bvy na\u0161eho webu budeme sledovat:<\/p>\n<ul>\n<li>Ji\u017e zobrazen\u00e9 produkty: tyto informace m\u016f\u017eeme pou\u017e\u00edt k zobrazen\u00ed ji\u017e prohl\u00e9dnut\u00fdch produkt\u016f<\/li>\n<li>Lokace, IP adresa a typ prohl\u00ed\u017ee\u010de: tyto \u00fadaje pou\u017e\u00edv\u00e1me nap\u0159. pro spo\u010d\u00edt\u00e1n\u00ed dan\u00ed a po\u0161tovn\u00e9ho<\/li>\n<li>Adresa dod\u00e1n\u00ed: O zad\u00e1n\u00ed tohoto \u00fadaje V\u00e1s \u017e\u00e1d\u00e1me z d\u016fvodu p\u0159edb\u011b\u017en\u00e9 kalkulace ceny za dopravu d\u0159\u00edve, ne\u017e vytvo\u0159\u00edte objedn\u00e1vku a bude V\u00e1m zasl\u00e1no zbo\u017e\u00ed!<\/li>\n<\/ul>\n<p>Soubory cookie tak\u00e9 pou\u017e\u00edv\u00e1me k zapamatov\u00e1n\u00ed obsahu ko\u0161\u00edku p\u0159i proch\u00e1zen\u00ed na\u0161ich str\u00e1nek.<\/p>\n<p>Pokud u n\u00e1s budete nakupovat, vy\u017e\u00e1d\u00e1me si od V\u00e1s informace, jako jsou Va\u0161e jm\u00e9no, faktura\u010dn\u00ed adresa, doru\u010dovac\u00ed adresa, e-mailov\u00e1 adresa, telefonn\u00ed \u010d\u00edslo, kreditn\u00ed karta\/platebn\u00ed \u00fadaje a tak\u00e9 voliteln\u00e9 informace o Va\u0161em \u00fa\u010dtu, jako jsou u\u017eivatelsk\u00e9 jm\u00e9no a heslo. Tyto informace budou pou\u017eity, abychom mohli nap\u0159.:<\/p>\n<ul>\n<li>Zaslat informace o va\u0161em \u00fa\u010dtu a objedn\u00e1vce<\/li>\n<li>Odpov\u011bd\u011bt na va\u0161e po\u017eadavky v\u010detn\u011b vr\u00e1cen\u00ed pen\u011bz a reklamac\u00ed<\/li>\n<li>Zpracovat platbu a p\u0159edej\u00edt podvod\u016fm<\/li>\n<li>Nastavit v\u00e1\u0161 \u00fa\u010det v na\u0161em obchod\u011b<\/li>\n<li>Dodr\u017eovat ve\u0161ker\u00e9 z\u00e1konn\u00e9 povinnosti, kter\u00e9 se na n\u00e1s vztahuj\u00ed, nap\u0159\u00edklad v\u00fdpo\u010det dan\u00ed<\/li>\n<li>Zlep\u0161ovat nab\u00eddku na\u0161eho obchodu<\/li>\n<li>Zas\u00edlat marketingov\u00e9 zpr\u00e1vy v p\u0159\u00edpad\u011b, \u017ee se je rozhodnete odeb\u00edrat<\/li>\n<\/ul>\n<p>Pokud vytvo\u0159\u00edte \u00fa\u010det, ulo\u017e\u00edme va\u0161e jm\u00e9no, adresu, e-mail a telefonn\u00ed \u010d\u00edslo, kter\u00e9 budou pou\u017eity v budoucnu pro vypln\u011bn\u00ed str\u00e1nky pokladny.<\/p>\n<p>Va\u0161e informace obvykle ukl\u00e1d\u00e1me po dobu, po kterou je pot\u0159ebujeme k \u00fa\u010del\u016fm, pro kter\u00e9 je sb\u00edr\u00e1me a pou\u017e\u00edv\u00e1me, dokud jsme povinni je uchov\u00e1vat. Nap\u0159\u00edklad informace o objedn\u00e1vce uchov\u00e1v\u00e1me po dobu XXX let pro da\u0148ov\u00e9 a \u00fa\u010detn\u00ed \u00fa\u010dely. Tyto \u00fadaje zahrnuj\u00ed Va\u0161e jm\u00e9no, e-mail, faktura\u010dn\u00ed a doru\u010dovac\u00ed adresu.<\/p>\n<p>Budeme rovn\u011b\u017e uchov\u00e1vat koment\u00e1\u0159e \u010di recenze, pokud se je rozhodnete zve\u0159ejnit.<\/p>\n<h2>Kdo z na\u0161eho t\u00fdmu m\u00e1 p\u0159\u00edstup<\/h2>\n<p>K informac\u00edm, kter\u00e9 n\u00e1m poskytnete, maj\u00ed p\u0159\u00edstup \u010dlenov\u00e9 na\u0161eho t\u00fdmu. Nap\u0159\u00edklad jak Administr\u00e1to\u0159i, tak Mana\u017ee\u0159i obchodu maj\u00ed p\u0159\u00edstup k:<\/p>\n<ul>\n<li>Informace o objedn\u00e1vce, jako jsou co bylo zakoupeno, kdy to bylo zakoupeno a kam by m\u011blo b\u00fdt zbo\u017e\u00ed zasl\u00e1no, a<\/li>\n<li>Informace o z\u00e1kazn\u00edkovi jako jsou va\u0161e jm\u00e9no, e-mailov\u00e1 adresa, faktura\u010dn\u00ed a doru\u010dovac\u00ed adresa.<\/li>\n<\/ul>\n<p>\u010clenov\u00e9 na\u0161eho t\u00fdmu maj\u00ed p\u0159\u00edstup k t\u011bmto informac\u00edm, aby pomohli zpracov\u00e1vat objedn\u00e1vky, refundace a poskytovali podporu z\u00e1kazn\u00edk\u016fm.<\/p>\n<h2>Co sd\u00edl\u00edme s ostatn\u00edmi<\/h2>\n<p>Sd\u00edl\u00edme informace s t\u0159et\u00edmi stranami, kter\u00e9 n\u00e1m pom\u00e1haj\u00ed p\u0159i zpracov\u00e1n\u00ed va\u0161ich objedn\u00e1vek a n\u00e1mi poskytovan\u00fdch slu\u017eeb, nap\u0159\u00edklad &#8212;<\/p>\n<h3 style=\"text-align: left;\">Platby<\/h3>\n<p>P\u0159ij\u00edm\u00e1me platby p\u0159es platebn\u00ed br\u00e1nu ComGate. P\u0159i zpracov\u00e1n\u00ed platby budou n\u011bkter\u00e9 va\u0161e \u00fadaje p\u0159ed\u00e1ny slu\u017eb\u011b Comgate, v\u010detn\u011b informac\u00ed pot\u0159ebn\u00fdch pro zpracov\u00e1n\u00ed nebo podpo\u0159e platby, jako jsou informace o celkov\u00e9 \u010d\u00e1stce prodeje nebo faktura\u010dn\u00ed \u00fadaje. V\u00edce info na: Comgate.cz<\/p>\n<p><!-- \/wp:paragraph --><\/p>\t\t\t\t\t\t<\/div>\n\t\t\t\t<\/div>\n\t\t\t\t\t<\/div>\n\t\t<\/div>\n\t\t\t\t\t\t\t<\/div>\n\t\t<\/section>\n\t\t\t\t\t\t\t<\/div>\n\t\t","protected":false},"excerpt":{"rendered":"<p>Z\u00e1sady osobn\u00edch \u00fadaj\u016f Kdo jsme N\u00e1zev: FitPrint s.r.o.I\u010c: 17932181Zaps\u00e1na v: VORS\u00eddlo: Kurzova 2222\/16, Praha, 15500, \u010cesk\u00e1 republikaweb:\u00a0https:\/\/fitprint.cz. Koment\u00e1\u0159e Kdy\u017e n\u00e1v\u0161t\u011bvn\u00edci p\u0159idaj\u00ed koment\u00e1\u0159 na tento web, jsou shroma\u017e\u010fov\u00e1ny \u00fadaje zobrazen\u00e9 ve formul\u00e1\u0159i pro koment\u00e1\u0159, d\u00e1le IP adresa n\u00e1v\u0161t\u011bvn\u00edka a \u0159et\u011bzec user agent definuj\u00edc\u00ed prohl\u00ed\u017ee\u010d, co\u017e pom\u00e1h\u00e1 k detekci spamu. Slu\u017eb\u011b Gravatar m\u016f\u017ee b\u00fdt poskytnut anonymn\u00ed \u0159et\u011bzec [&hellip;]<\/p>\n","protected":false},"author":1,"featured_media":0,"parent":0,"menu_order":0,"comment_status":"closed","ping_status":"open","template":"","meta":{"footnotes":""},"yoast_head":"<!-- This site is optimized with the Yoast SEO plugin v21.0 - https:\/\/yoast.com\/wordpress\/plugins\/seo\/ -->\n<title>Z\u00e1sady ochrany osobn\u00edch \u00fadaj\u016f - FitPrint<\/title>\n<meta name=\"robots\" content=\"index, follow, max-snippet:-1, max-image-preview:large, max-video-preview:-1\" \/>\n<link rel=\"canonical\" href=\"https:\/\/fitprint.cz\/?page_id=3\" \/>\n<meta property=\"og:locale\" content=\"cs_CZ\" \/>\n<meta property=\"og:type\" content=\"article\" \/>\n<meta property=\"og:title\" content=\"Z\u00e1sady ochrany osobn\u00edch \u00fadaj\u016f - FitPrint\" \/>\n<meta property=\"og:description\" content=\"Z\u00e1sady osobn\u00edch \u00fadaj\u016f Kdo jsme N\u00e1zev: FitPrint s.r.o.I\u010c: 17932181Zaps\u00e1na v: VORS\u00eddlo: Kurzova 2222\/16, Praha, 15500, \u010cesk\u00e1 republikaweb:\u00a0https:\/\/fitprint.cz. Koment\u00e1\u0159e Kdy\u017e n\u00e1v\u0161t\u011bvn\u00edci p\u0159idaj\u00ed koment\u00e1\u0159 na tento web, jsou shroma\u017e\u010fov\u00e1ny \u00fadaje zobrazen\u00e9 ve formul\u00e1\u0159i pro koment\u00e1\u0159, d\u00e1le IP adresa n\u00e1v\u0161t\u011bvn\u00edka a \u0159et\u011bzec user agent definuj\u00edc\u00ed prohl\u00ed\u017ee\u010d, co\u017e pom\u00e1h\u00e1 k detekci spamu. Slu\u017eb\u011b Gravatar m\u016f\u017ee b\u00fdt poskytnut anonymn\u00ed \u0159et\u011bzec [&hellip;]\" \/>\n<meta property=\"og:url\" content=\"https:\/\/fitprint.cz\/?page_id=3\" \/>\n<meta property=\"og:site_name\" content=\"FitPrint\" \/>\n<meta property=\"article:modified_time\" content=\"2023-04-07T19:01:38+00:00\" \/>\n<meta name=\"twitter:card\" content=\"summary_large_image\" \/>\n<meta name=\"twitter:label1\" content=\"Odhadovan\u00e1 doba \u010dten\u00ed\" \/>\n\t<meta name=\"twitter:data1\" content=\"7 minut\" \/>\n<script type=\"application\/ld+json\" class=\"yoast-schema-graph\">{\"@context\":\"https:\/\/schema.org\",\"@graph\":[{\"@type\":\"WebPage\",\"@id\":\"https:\/\/fitprint.cz\/?page_id=3\",\"url\":\"https:\/\/fitprint.cz\/?page_id=3\",\"name\":\"Z\u00e1sady ochrany osobn\u00edch \u00fadaj\u016f - FitPrint\",\"isPartOf\":{\"@id\":\"https:\/\/fitprint.cz\/#website\"},\"datePublished\":\"2023-04-03T20:05:35+00:00\",\"dateModified\":\"2023-04-07T19:01:38+00:00\",\"breadcrumb\":{\"@id\":\"https:\/\/fitprint.cz\/?page_id=3#breadcrumb\"},\"inLanguage\":\"cs\",\"potentialAction\":[{\"@type\":\"ReadAction\",\"target\":[\"https:\/\/fitprint.cz\/?page_id=3\"]}]},{\"@type\":\"BreadcrumbList\",\"@id\":\"https:\/\/fitprint.cz\/?page_id=3#breadcrumb\",\"itemListElement\":[{\"@type\":\"ListItem\",\"position\":1,\"name\":\"Home\",\"item\":\"https:\/\/fitprint.cz\/\"},{\"@type\":\"ListItem\",\"position\":2,\"name\":\"Z\u00e1sady ochrany osobn\u00edch \u00fadaj\u016f\"}]},{\"@type\":\"WebSite\",\"@id\":\"https:\/\/fitprint.cz\/#website\",\"url\":\"https:\/\/fitprint.cz\/\",\"name\":\"FitPrint\",\"description\":\"levn\u00e9 tiskov\u00e9 tonery a n\u00e1pln\u011b pro tisk\u00e1rny\",\"publisher\":{\"@id\":\"https:\/\/fitprint.cz\/#organization\"},\"potentialAction\":[{\"@type\":\"SearchAction\",\"target\":{\"@type\":\"EntryPoint\",\"urlTemplate\":\"https:\/\/fitprint.cz\/?s={search_term_string}\"},\"query-input\":\"required name=search_term_string\"}],\"inLanguage\":\"cs\"},{\"@type\":\"Organization\",\"@id\":\"https:\/\/fitprint.cz\/#organization\",\"name\":\"FitPrint s.r.o.\",\"url\":\"https:\/\/fitprint.cz\/\",\"logo\":{\"@type\":\"ImageObject\",\"inLanguage\":\"cs\",\"@id\":\"https:\/\/fitprint.cz\/#\/schema\/logo\/image\/\",\"url\":\"https:\/\/fitprint.cz\/wp-content\/uploads\/2023\/04\/FitPrint_logo_1.svg\",\"contentUrl\":\"https:\/\/fitprint.cz\/wp-content\/uploads\/2023\/04\/FitPrint_logo_1.svg\",\"width\":230,\"height\":68,\"caption\":\"FitPrint s.r.o.\"},\"image\":{\"@id\":\"https:\/\/fitprint.cz\/#\/schema\/logo\/image\/\"}}]}<\/script>\n<!-- \/ Yoast SEO plugin. -->","yoast_head_json":{"title":"Z\u00e1sady ochrany osobn\u00edch \u00fadaj\u016f - FitPrint","robots":{"index":"index","follow":"follow","max-snippet":"max-snippet:-1","max-image-preview":"max-image-preview:large","max-video-preview":"max-video-preview:-1"},"canonical":"https:\/\/fitprint.cz\/?page_id=3","og_locale":"cs_CZ","og_type":"article","og_title":"Z\u00e1sady ochrany osobn\u00edch \u00fadaj\u016f - FitPrint","og_description":"Z\u00e1sady osobn\u00edch \u00fadaj\u016f Kdo jsme N\u00e1zev: FitPrint s.r.o.I\u010c: 17932181Zaps\u00e1na v: VORS\u00eddlo: Kurzova 2222\/16, Praha, 15500, \u010cesk\u00e1 republikaweb:\u00a0https:\/\/fitprint.cz. Koment\u00e1\u0159e Kdy\u017e n\u00e1v\u0161t\u011bvn\u00edci p\u0159idaj\u00ed koment\u00e1\u0159 na tento web, jsou shroma\u017e\u010fov\u00e1ny \u00fadaje zobrazen\u00e9 ve formul\u00e1\u0159i pro koment\u00e1\u0159, d\u00e1le IP adresa n\u00e1v\u0161t\u011bvn\u00edka a \u0159et\u011bzec user agent definuj\u00edc\u00ed prohl\u00ed\u017ee\u010d, co\u017e pom\u00e1h\u00e1 k detekci spamu. Slu\u017eb\u011b Gravatar m\u016f\u017ee b\u00fdt poskytnut anonymn\u00ed \u0159et\u011bzec [&hellip;]","og_url":"https:\/\/fitprint.cz\/?page_id=3","og_site_name":"FitPrint","article_modified_time":"2023-04-07T19:01:38+00:00","twitter_card":"summary_large_image","twitter_misc":{"Odhadovan\u00e1 doba \u010dten\u00ed":"7 minut"},"schema":{"@context":"https:\/\/schema.org","@graph":[{"@type":"WebPage","@id":"https:\/\/fitprint.cz\/?page_id=3","url":"https:\/\/fitprint.cz\/?page_id=3","name":"Z\u00e1sady ochrany osobn\u00edch \u00fadaj\u016f - FitPrint","isPartOf":{"@id":"https:\/\/fitprint.cz\/#website"},"datePublished":"2023-04-03T20:05:35+00:00","dateModified":"2023-04-07T19:01:38+00:00","breadcrumb":{"@id":"https:\/\/fitprint.cz\/?page_id=3#breadcrumb"},"inLanguage":"cs","potentialAction":[{"@type":"ReadAction","target":["https:\/\/fitprint.cz\/?page_id=3"]}]},{"@type":"BreadcrumbList","@id":"https:\/\/fitprint.cz\/?page_id=3#breadcrumb","itemListElement":[{"@type":"ListItem","position":1,"name":"Home","item":"https:\/\/fitprint.cz\/"},{"@type":"ListItem","position":2,"name":"Z\u00e1sady ochrany osobn\u00edch \u00fadaj\u016f"}]},{"@type":"WebSite","@id":"https:\/\/fitprint.cz\/#website","url":"https:\/\/fitprint.cz\/","name":"FitPrint","description":"levn\u00e9 tiskov\u00e9 tonery a n\u00e1pln\u011b pro tisk\u00e1rny","publisher":{"@id":"https:\/\/fitprint.cz\/#organization"},"potentialAction":[{"@type":"SearchAction","target":{"@type":"EntryPoint","urlTemplate":"https:\/\/fitprint.cz\/?s={search_term_string}"},"query-input":"required name=search_term_string"}],"inLanguage":"cs"},{"@type":"Organization","@id":"https:\/\/fitprint.cz\/#organization","name":"FitPrint s.r.o.","url":"https:\/\/fitprint.cz\/","logo":{"@type":"ImageObject","inLanguage":"cs","@id":"https:\/\/fitprint.cz\/#\/schema\/logo\/image\/","url":"https:\/\/fitprint.cz\/wp-content\/uploads\/2023\/04\/FitPrint_logo_1.svg","contentUrl":"https:\/\/fitprint.cz\/wp-content\/uploads\/2023\/04\/FitPrint_logo_1.svg","width":230,"height":68,"caption":"FitPrint s.r.o."},"image":{"@id":"https:\/\/fitprint.cz\/#\/schema\/logo\/image\/"}}]}},"_links":{"self":[{"href":"https:\/\/fitprint.cz\/index.php?rest_route=\/wp\/v2\/pages\/3"}],"collection":[{"href":"https:\/\/fitprint.cz\/index.php?rest_route=\/wp\/v2\/pages"}],"about":[{"href":"https:\/\/fitprint.cz\/index.php?rest_route=\/wp\/v2\/types\/page"}],"author":[{"embeddable":true,"href":"https:\/\/fitprint.cz\/index.php?rest_route=\/wp\/v2\/users\/1"}],"replies":[{"embeddable":true,"href":"https:\/\/fitprint.cz\/index.php?rest_route=%2Fwp%2Fv2%2Fcomments&post=3"}],"version-history":[{"count":6,"href":"https:\/\/fitprint.cz\/index.php?rest_route=\/wp\/v2\/pages\/3\/revisions"}],"predecessor-version":[{"id":3826,"href":"https:\/\/fitprint.cz\/index.php?rest_route=\/wp\/v2\/pages\/3\/revisions\/3826"}],"wp:attachment":[{"href":"https:\/\/fitprint.cz\/index.php?rest_route=%2Fwp%2Fv2%2Fmedia&parent=3"}],"curies":[{"name":"wp","href":"https:\/\/api.w.org\/{rel}","templated":true}]}}