{"id":4147,"date":"2023-04-14T14:59:13","date_gmt":"2023-04-14T12:59:13","guid":{"rendered":"https:\/\/fitprint.cz\/?page_id=4147"},"modified":"2023-05-25T21:00:38","modified_gmt":"2023-05-25T19:00:38","slug":"reklamace","status":"publish","type":"page","link":"https:\/\/fitprint.cz\/?page_id=4147","title":{"rendered":"Reklamace"},"content":{"rendered":"\t\t<div data-elementor-type=\"wp-page\" data-elementor-id=\"4147\" class=\"elementor elementor-4147\">\n\t\t\t\t\t\t\t\t\t<section class=\"elementor-section elementor-top-section elementor-element elementor-element-62ac76b elementor-section-boxed elementor-section-height-default elementor-section-height-default\" data-id=\"62ac76b\" data-element_type=\"section\">\n\t\t\t\t\t\t<div class=\"elementor-container elementor-column-gap-default\">\n\t\t\t\t\t<div class=\"elementor-column elementor-col-100 elementor-top-column elementor-element elementor-element-da3e2fa\" data-id=\"da3e2fa\" data-element_type=\"column\">\n\t\t\t<div class=\"elementor-widget-wrap elementor-element-populated\">\n\t\t\t\t\t\t\t\t<div class=\"elementor-element elementor-element-d9620cd elementor-widget elementor-widget-spacer\" data-id=\"d9620cd\" data-element_type=\"widget\" data-widget_type=\"spacer.default\">\n\t\t\t\t<div class=\"elementor-widget-container\">\n\t\t\t<style>\/*! elementor - v3.15.0 - 20-08-2023 *\/\n.elementor-column .elementor-spacer-inner{height:var(--spacer-size)}.e-con{--container-widget-width:100%}.e-con-inner>.elementor-widget-spacer,.e-con>.elementor-widget-spacer{width:var(--container-widget-width,var(--spacer-size));--align-self:var(--container-widget-align-self,initial);--flex-shrink:0}.e-con-inner>.elementor-widget-spacer>.elementor-widget-container,.e-con-inner>.elementor-widget-spacer>.elementor-widget-container>.elementor-spacer,.e-con>.elementor-widget-spacer>.elementor-widget-container,.e-con>.elementor-widget-spacer>.elementor-widget-container>.elementor-spacer{height:100%}.e-con-inner>.elementor-widget-spacer>.elementor-widget-container>.elementor-spacer>.elementor-spacer-inner,.e-con>.elementor-widget-spacer>.elementor-widget-container>.elementor-spacer>.elementor-spacer-inner{height:var(--container-widget-height,var(--spacer-size))}<\/style>\t\t<div class=\"elementor-spacer\">\n\t\t\t<div class=\"elementor-spacer-inner\"><\/div>\n\t\t<\/div>\n\t\t\t\t<\/div>\n\t\t\t\t<\/div>\n\t\t\t\t<div class=\"elementor-element elementor-element-457fbe8 elementor-widget elementor-widget-heading\" data-id=\"457fbe8\" data-element_type=\"widget\" data-widget_type=\"heading.default\">\n\t\t\t\t<div class=\"elementor-widget-container\">\n\t\t\t<style>\/*! elementor - v3.15.0 - 20-08-2023 *\/\n.elementor-heading-title{padding:0;margin:0;line-height:1}.elementor-widget-heading .elementor-heading-title[class*=elementor-size-]>a{color:inherit;font-size:inherit;line-height:inherit}.elementor-widget-heading .elementor-heading-title.elementor-size-small{font-size:15px}.elementor-widget-heading .elementor-heading-title.elementor-size-medium{font-size:19px}.elementor-widget-heading .elementor-heading-title.elementor-size-large{font-size:29px}.elementor-widget-heading .elementor-heading-title.elementor-size-xl{font-size:39px}.elementor-widget-heading .elementor-heading-title.elementor-size-xxl{font-size:59px}<\/style><h2 class=\"elementor-heading-title elementor-size-default\">Reklamace<\/h2>\t\t<\/div>\n\t\t\t\t<\/div>\n\t\t\t\t<div class=\"elementor-element elementor-element-f7d98ad elementor-widget__width-initial elementor-widget elementor-widget-text-editor\" data-id=\"f7d98ad\" data-element_type=\"widget\" data-widget_type=\"text-editor.default\">\n\t\t\t\t<div class=\"elementor-widget-container\">\n\t\t\t<style>\/*! elementor - v3.15.0 - 20-08-2023 *\/\n.elementor-widget-text-editor.elementor-drop-cap-view-stacked .elementor-drop-cap{background-color:#69727d;color:#fff}.elementor-widget-text-editor.elementor-drop-cap-view-framed .elementor-drop-cap{color:#69727d;border:3px solid;background-color:transparent}.elementor-widget-text-editor:not(.elementor-drop-cap-view-default) .elementor-drop-cap{margin-top:8px}.elementor-widget-text-editor:not(.elementor-drop-cap-view-default) .elementor-drop-cap-letter{width:1em;height:1em}.elementor-widget-text-editor .elementor-drop-cap{float:left;text-align:center;line-height:1;font-size:50px}.elementor-widget-text-editor .elementor-drop-cap-letter{display:inline-block}<\/style>\t\t\t\t<p style=\"margin-bottom: 19px; font-family: 'Source Sans Pro', sans-serif; font-size: 14px; color: #666666;\"><strong style=\"font-weight: bold;\"><span style=\"vertical-align: inherit;\"><span style=\"vertical-align: inherit;\"><span style=\"vertical-align: inherit;\"><span style=\"vertical-align: inherit;\"><span style=\"vertical-align: inherit;\"><span style=\"vertical-align: inherit;\">Pro reklamaci vypl\u0148te n\u00ed\u017ee uveden\u00fd formul\u00e1\u0159 a ode\u0161lete jej zp\u011bt pouze v p\u0159\u00edpad\u011b, \u017ee chcete reklamovat zbo\u017e\u00ed v z\u00e1konn\u00e9 lh\u016ft\u011b. <\/span><\/span><\/span><span style=\"vertical-align: inherit;\"><span style=\"vertical-align: inherit;\"><span style=\"vertical-align: inherit;\">Formul\u00e1\u0159 vytiskn\u011bte, podepi\u0161t\u011b a naskenovan\u00fd ho za\u0161lete na e-mailovou adresu info@fitpritn.cz, p\u0159\u00edpadn\u011b ho vlo\u017ete do z\u00e1silky s vr\u00e1cen\u00fdm zbo\u017e\u00edm.<\/span><\/span><\/span><\/span><\/span><\/span><\/strong><\/p><p style=\"margin-bottom: 19px; font-family: 'Source Sans Pro', sans-serif; font-size: 14px; color: #666666;\"><strong style=\"font-weight: bold;\"><span style=\"vertical-align: inherit;\"><span style=\"vertical-align: inherit;\"><span style=\"vertical-align: inherit;\"><span style=\"vertical-align: inherit;\"><span style=\"vertical-align: inherit;\"><span style=\"vertical-align: inherit;\"><span style=\"vertical-align: inherit;\"><span style=\"vertical-align: inherit;\"><span style=\"vertical-align: inherit;\"><span style=\"vertical-align: inherit;\"><span style=\"vertical-align: inherit;\"><span style=\"vertical-align: inherit;\"><span style=\"vertical-align: inherit;\"><span style=\"vertical-align: inherit;\"><span style=\"vertical-align: inherit;\"><span style=\"vertical-align: inherit;\"><span style=\"vertical-align: inherit;\"><span style=\"vertical-align: inherit;\"><span style=\"vertical-align: inherit;\"><span style=\"vertical-align: inherit;\"><span style=\"vertical-align: inherit;\"><span style=\"vertical-align: inherit;\"><span style=\"vertical-align: inherit;\"><span style=\"vertical-align: inherit;\">P\u0159\u00edloha:<\/span><\/span><\/span><\/span><\/span><\/span><\/span><\/span><\/span><\/span><\/span><\/span><\/span><\/span><\/span><\/span><\/span><\/span><\/span><\/span><\/span><\/span><\/span><span style=\"vertical-align: inherit;\"><span style=\"vertical-align: inherit;\"><span style=\"vertical-align: inherit;\"><span style=\"vertical-align: inherit;\"><span style=\"vertical-align: inherit;\"><span style=\"vertical-align: inherit;\"><span style=\"vertical-align: inherit;\"><span style=\"vertical-align: inherit;\"><span style=\"vertical-align: inherit;\"><span style=\"vertical-align: inherit;\"><span style=\"vertical-align: inherit;\"><span style=\"vertical-align: inherit;\"><span style=\"vertical-align: inherit;\"><span style=\"vertical-align: inherit;\"><span style=\"vertical-align: inherit;\"><span style=\"vertical-align: inherit;\"><span style=\"vertical-align: inherit;\"><span style=\"vertical-align: inherit;\"><span style=\"vertical-align: inherit;\"><span style=\"vertical-align: inherit;\"><span style=\"vertical-align: inherit;\"><span style=\"vertical-align: inherit;\"><span style=\"vertical-align: inherit;\">\u00a0<a href=\"\/wp-content\/uploads\/2023\/files\/Reklamace.pdf\">Formul\u00e1\u0159 pro reklamaci<\/a><\/span><\/span><\/span><\/span><\/span><\/span><\/span><\/span><\/span><\/span><\/span><\/span><\/span><\/span><\/span><\/span><\/span><\/span><\/span><\/span><\/span><\/span><\/span><\/span><\/strong><\/p><p style=\"margin-bottom: 19px; font-family: 'Source Sans Pro', sans-serif; font-size: 14px; color: #666666;\"><strong style=\"font-weight: bold;\"><span style=\"vertical-align: inherit;\"><span style=\"vertical-align: inherit;\"><span style=\"vertical-align: inherit;\"><span style=\"vertical-align: inherit;\"><span style=\"vertical-align: inherit;\"><span style=\"vertical-align: inherit;\"><span style=\"vertical-align: inherit;\"><span style=\"vertical-align: inherit;\">Adresa: FitPrint s.r.o.<\/span><\/span><\/span><\/span><\/span><\/span><\/span><\/span><\/strong><strong style=\"font-weight: bold;\"><span style=\"vertical-align: inherit;\"><span style=\"vertical-align: inherit;\"><span style=\"vertical-align: inherit;\"><span style=\"vertical-align: inherit;\"><span style=\"vertical-align: inherit;\"><span style=\"vertical-align: inherit;\"><span style=\"vertical-align: inherit;\"><span style=\"vertical-align: inherit;\">, Kurzova 2222\/16, Stod\u016flky, 155 00 Praha 5<\/span><\/span><\/span><\/span><\/span><\/span><\/span><\/span><\/strong><\/p><p style=\"margin-bottom: 19px; font-family: 'Source Sans Pro', sans-serif; font-size: 14px; color: #666666;\"><strong style=\"font-weight: bold;\"><span style=\"vertical-align: inherit;\"><span style=\"vertical-align: inherit;\"><span style=\"vertical-align: inherit;\"><span style=\"vertical-align: inherit;\"><span style=\"vertical-align: inherit;\"><span style=\"vertical-align: inherit;\"><span style=\"vertical-align: inherit;\"><span style=\"vertical-align: inherit;\">Uplatn\u011bn\u00ed reklamace<\/span><\/span><\/span><\/span><\/span><\/span><\/span><\/span><\/strong><\/p><table style=\"width: 1236.03px; color: #666666; font-family: 'Source Sans Pro', sans-serif; font-size: 14px;\" width=\"612\"><tbody><tr><td style=\"padding: 0px;\" width=\"226\"><p style=\"margin-bottom: 19px; font-size: 14.9656px; color: gray;\"><span style=\"vertical-align: inherit;\"><span style=\"vertical-align: inherit;\"><span style=\"vertical-align: inherit;\"><span style=\"vertical-align: inherit;\"><span style=\"vertical-align: inherit;\"><span style=\"vertical-align: inherit;\"><span style=\"vertical-align: inherit;\"><span style=\"vertical-align: inherit;\"><span style=\"vertical-align: inherit;\">Datum uzav\u0159en\u00ed smlouvy:<\/span><\/span><\/span><\/span><\/span><\/span><\/span><\/span><\/span><\/p><\/td><td style=\"padding: 0px;\" width=\"386\"><p style=\"margin-bottom: 19px; font-size: 14.9656px; color: gray;\">\u00a0<\/p><\/td><\/tr><tr><td style=\"padding: 0px;\" width=\"226\"><p style=\"margin-bottom: 19px; font-size: 14.9656px; color: gray;\"><span style=\"vertical-align: inherit;\"><span style=\"vertical-align: inherit;\"><span style=\"vertical-align: inherit;\"><span style=\"vertical-align: inherit;\"><span style=\"vertical-align: inherit;\"><span style=\"vertical-align: inherit;\"><span style=\"vertical-align: inherit;\"><span style=\"vertical-align: inherit;\"><span style=\"vertical-align: inherit;\">Jm\u00e9no a p\u0159\u00edjmen\u00ed:<\/span><\/span><\/span><\/span><\/span><\/span><\/span><\/span><\/span><\/p><\/td><td style=\"padding: 0px;\" width=\"386\"><p style=\"margin-bottom: 19px; font-size: 14.9656px; color: gray;\">\u00a0<\/p><\/td><\/tr><tr><td style=\"padding: 0px;\" width=\"226\"><p style=\"margin-bottom: 19px; font-size: 14.9656px; color: gray;\"><span style=\"vertical-align: inherit;\"><span style=\"vertical-align: inherit;\"><span style=\"vertical-align: inherit;\"><span style=\"vertical-align: inherit;\"><span style=\"vertical-align: inherit;\"><span style=\"vertical-align: inherit;\"><span style=\"vertical-align: inherit;\"><span style=\"vertical-align: inherit;\"><span style=\"vertical-align: inherit;\">Adresa:<\/span><\/span><\/span><\/span><\/span><\/span><\/span><\/span><\/span><\/p><\/td><td style=\"padding: 0px;\" width=\"386\"><p style=\"margin-bottom: 19px; font-size: 14.9656px; color: gray;\">\u00a0<\/p><\/td><\/tr><tr><td style=\"padding: 0px;\" width=\"226\"><p style=\"margin-bottom: 19px; font-size: 14.9656px; color: gray;\"><span style=\"vertical-align: inherit;\"><span style=\"vertical-align: inherit;\"><span style=\"vertical-align: inherit;\"><span style=\"vertical-align: inherit;\"><span style=\"vertical-align: inherit;\"><span style=\"vertical-align: inherit;\"><span style=\"vertical-align: inherit;\"><span style=\"vertical-align: inherit;\"><span style=\"vertical-align: inherit;\">E-mailov\u00e1 adresa:<\/span><\/span><\/span><\/span><\/span><\/span><\/span><\/span><\/span><\/p><\/td><td style=\"padding: 0px;\" width=\"386\"><p style=\"margin-bottom: 19px; font-size: 14.9656px; color: gray;\">\u00a0<\/p><\/td><\/tr><tr><td style=\"padding: 0px;\" width=\"226\"><p style=\"margin-bottom: 19px; font-size: 14.9656px; color: gray;\"><span style=\"vertical-align: inherit;\"><span style=\"vertical-align: inherit;\"><span style=\"vertical-align: inherit;\"><span style=\"vertical-align: inherit;\"><span style=\"vertical-align: inherit;\"><span style=\"vertical-align: inherit;\"><span style=\"vertical-align: inherit;\"><span style=\"vertical-align: inherit;\"><span style=\"vertical-align: inherit;\">Zbo\u017e\u00ed, kter\u00e9 je reklamov\u00e1no:<\/span><\/span><\/span><\/span><\/span><\/span><\/span><\/span><\/span><\/p><\/td><td style=\"padding: 0px;\" width=\"386\"><p style=\"margin-bottom: 19px; font-size: 14.9656px; color: gray;\">\u00a0<\/p><\/td><\/tr><tr><td style=\"padding: 0px;\" width=\"226\"><p style=\"margin-bottom: 19px; font-size: 14.9656px; color: gray;\"><span style=\"vertical-align: inherit;\"><span style=\"vertical-align: inherit;\"><span style=\"vertical-align: inherit;\"><span style=\"vertical-align: inherit;\"><span style=\"vertical-align: inherit;\"><span style=\"vertical-align: inherit;\"><span style=\"vertical-align: inherit;\"><span style=\"vertical-align: inherit;\"><span style=\"vertical-align: inherit;\">Popis vad Zbo\u017e\u00ed:<\/span><\/span><\/span><\/span><\/span><\/span><\/span><\/span><\/span><\/p><\/td><td style=\"padding: 0px;\" width=\"386\"><p style=\"margin-bottom: 19px; font-size: 14.9656px; color: gray;\">\u00a0<\/p><\/td><\/tr><tr><td style=\"padding: 0px;\" width=\"226\"><p style=\"margin-bottom: 19px; font-size: 14.9656px; color: gray;\"><span style=\"vertical-align: inherit;\"><span style=\"vertical-align: inherit;\"><span style=\"vertical-align: inherit;\"><span style=\"vertical-align: inherit;\"><span style=\"vertical-align: inherit;\"><span style=\"vertical-align: inherit;\"><span style=\"vertical-align: inherit;\"><span style=\"vertical-align: inherit;\"><span style=\"vertical-align: inherit;\">Navrhovan\u00fd zp\u016fsob pro vy\u0159\u00edzen\u00ed reklamace, p\u0159\u00edpadn\u011b uveden\u00ed \u010d\u00edsla bankovn\u00edho \u00fa\u010dtu pro poskytnut\u00ed slevy:<\/span><\/span><\/span><\/span><\/span><\/span><\/span><\/span><\/span><\/p><\/td><td style=\"padding: 0px;\" width=\"386\"><p style=\"margin-bottom: 19px; font-size: 14.9656px; color: gray;\">\u00a0<\/p><\/td><\/tr><\/tbody><\/table><p style=\"margin-bottom: 19px; font-family: 'Source Sans Pro', sans-serif; font-size: 14px; color: #666666;\"><span style=\"vertical-align: inherit;\"><span style=\"vertical-align: inherit;\"><span style=\"vertical-align: inherit;\"><span style=\"vertical-align: inherit;\"><span style=\"vertical-align: inherit;\"><span style=\"vertical-align: inherit;\"><span style=\"vertical-align: inherit;\"><span style=\"vertical-align: inherit;\"><span style=\"vertical-align: inherit;\">Z\u00e1rove\u0148 \u017e\u00e1d\u00e1m o vystaven\u00ed potvrzen\u00ed o uplatn\u011bn\u00ed reklamace s uveden\u00edm, kdy jsem toto pr\u00e1vo uplatnil, co je obsahem reklamace spolu s m\u00fdm n\u00e1rokem v\u010detn\u011b dat a zp\u016fsobu vy\u0159\u00edzen\u00ed reklamace.<\/span><\/span><\/span><\/span><\/span><\/span><\/span><\/span><\/span><\/p><p style=\"margin-bottom: 19px; font-family: 'Source Sans Pro', sans-serif; font-size: 14px; color: #666666;\"><span style=\"vertical-align: inherit;\"><span style=\"vertical-align: inherit;\"><span style=\"vertical-align: inherit;\"><span style=\"vertical-align: inherit;\"><span style=\"vertical-align: inherit;\"><span style=\"vertical-align: inherit;\"><span style=\"vertical-align: inherit;\"><span style=\"vertical-align: inherit;\"><span style=\"vertical-align: inherit;\">Datum:<\/span><\/span><\/span><\/span><\/span><\/span><\/span><\/span><\/span><\/p><p style=\"margin-bottom: 19px; font-family: 'Source Sans Pro', sans-serif; font-size: 14px; color: #666666;\"><span style=\"vertical-align: inherit;\"><span style=\"vertical-align: inherit;\"><span style=\"vertical-align: inherit;\"><span style=\"vertical-align: inherit;\"><span style=\"vertical-align: inherit;\"><span style=\"vertical-align: inherit;\"><span style=\"vertical-align: inherit;\"><span style=\"vertical-align: inherit;\"><span style=\"vertical-align: inherit;\">Podpis:<\/span><\/span><\/span><\/span><\/span><\/span><\/span><\/span><\/span><\/p><p><strong><span style=\"vertical-align: inherit;\"><span style=\"vertical-align: inherit;\"><span style=\"vertical-align: inherit;\"><span style=\"vertical-align: inherit;\"><span style=\"vertical-align: inherit;\"><span style=\"vertical-align: inherit;\"><span style=\"vertical-align: inherit;\"><span style=\"vertical-align: inherit;\">FitPrint s.r.o.<\/span><\/span><\/span><\/span><\/span><\/span><\/span><\/span><\/strong><\/p>\t\t\t\t\t\t<\/div>\n\t\t\t\t<\/div>\n\t\t\t\t\t<\/div>\n\t\t<\/div>\n\t\t\t\t\t\t\t<\/div>\n\t\t<\/section>\n\t\t\t\t\t\t\t<\/div>\n\t\t","protected":false},"excerpt":{"rendered":"<p>Reklamace Pro reklamaci vypl\u0148te n\u00ed\u017ee uveden\u00fd formul\u00e1\u0159 a ode\u0161lete jej zp\u011bt pouze v p\u0159\u00edpad\u011b, \u017ee chcete reklamovat zbo\u017e\u00ed v z\u00e1konn\u00e9 lh\u016ft\u011b. Formul\u00e1\u0159 vytiskn\u011bte, podepi\u0161t\u011b a naskenovan\u00fd ho za\u0161lete na e-mailovou adresu info@fitpritn.cz, p\u0159\u00edpadn\u011b ho vlo\u017ete do z\u00e1silky s vr\u00e1cen\u00fdm zbo\u017e\u00edm. P\u0159\u00edloha:\u00a0Formul\u00e1\u0159 pro reklamaci Adresa: FitPrint s.r.o., Kurzova 2222\/16, Stod\u016flky, 155 00 Praha 5 Uplatn\u011bn\u00ed reklamace [&hellip;]<\/p>\n","protected":false},"author":1,"featured_media":0,"parent":0,"menu_order":0,"comment_status":"closed","ping_status":"closed","template":"","meta":{"footnotes":""},"yoast_head":"<!-- This site is optimized with the Yoast SEO plugin v21.0 - https:\/\/yoast.com\/wordpress\/plugins\/seo\/ -->\n<title>Reklamace - FitPrint<\/title>\n<meta name=\"robots\" content=\"index, follow, max-snippet:-1, max-image-preview:large, max-video-preview:-1\" \/>\n<link rel=\"canonical\" href=\"https:\/\/fitprint.cz\/?page_id=4147\" \/>\n<meta property=\"og:locale\" content=\"cs_CZ\" \/>\n<meta property=\"og:type\" content=\"article\" \/>\n<meta property=\"og:title\" content=\"Reklamace - FitPrint\" \/>\n<meta property=\"og:description\" content=\"Reklamace Pro reklamaci vypl\u0148te n\u00ed\u017ee uveden\u00fd formul\u00e1\u0159 a ode\u0161lete jej zp\u011bt pouze v p\u0159\u00edpad\u011b, \u017ee chcete reklamovat zbo\u017e\u00ed v z\u00e1konn\u00e9 lh\u016ft\u011b. Formul\u00e1\u0159 vytiskn\u011bte, podepi\u0161t\u011b a naskenovan\u00fd ho za\u0161lete na e-mailovou adresu info@fitpritn.cz, p\u0159\u00edpadn\u011b ho vlo\u017ete do z\u00e1silky s vr\u00e1cen\u00fdm zbo\u017e\u00edm. P\u0159\u00edloha:\u00a0Formul\u00e1\u0159 pro reklamaci Adresa: FitPrint s.r.o., Kurzova 2222\/16, Stod\u016flky, 155 00 Praha 5 Uplatn\u011bn\u00ed reklamace [&hellip;]\" \/>\n<meta property=\"og:url\" content=\"https:\/\/fitprint.cz\/?page_id=4147\" \/>\n<meta property=\"og:site_name\" content=\"FitPrint\" \/>\n<meta property=\"article:modified_time\" content=\"2023-05-25T19:00:38+00:00\" \/>\n<meta name=\"twitter:card\" content=\"summary_large_image\" \/>\n<meta name=\"twitter:label1\" content=\"Odhadovan\u00e1 doba \u010dten\u00ed\" \/>\n\t<meta name=\"twitter:data1\" content=\"1 minuta\" \/>\n<script type=\"application\/ld+json\" class=\"yoast-schema-graph\">{\"@context\":\"https:\/\/schema.org\",\"@graph\":[{\"@type\":\"WebPage\",\"@id\":\"https:\/\/fitprint.cz\/?page_id=4147\",\"url\":\"https:\/\/fitprint.cz\/?page_id=4147\",\"name\":\"Reklamace - FitPrint\",\"isPartOf\":{\"@id\":\"https:\/\/fitprint.cz\/#website\"},\"datePublished\":\"2023-04-14T12:59:13+00:00\",\"dateModified\":\"2023-05-25T19:00:38+00:00\",\"breadcrumb\":{\"@id\":\"https:\/\/fitprint.cz\/?page_id=4147#breadcrumb\"},\"inLanguage\":\"cs\",\"potentialAction\":[{\"@type\":\"ReadAction\",\"target\":[\"https:\/\/fitprint.cz\/?page_id=4147\"]}]},{\"@type\":\"BreadcrumbList\",\"@id\":\"https:\/\/fitprint.cz\/?page_id=4147#breadcrumb\",\"itemListElement\":[{\"@type\":\"ListItem\",\"position\":1,\"name\":\"Home\",\"item\":\"https:\/\/fitprint.cz\/\"},{\"@type\":\"ListItem\",\"position\":2,\"name\":\"Reklamace\"}]},{\"@type\":\"WebSite\",\"@id\":\"https:\/\/fitprint.cz\/#website\",\"url\":\"https:\/\/fitprint.cz\/\",\"name\":\"FitPrint\",\"description\":\"levn\u00e9 tiskov\u00e9 tonery a n\u00e1pln\u011b pro tisk\u00e1rny\",\"publisher\":{\"@id\":\"https:\/\/fitprint.cz\/#organization\"},\"potentialAction\":[{\"@type\":\"SearchAction\",\"target\":{\"@type\":\"EntryPoint\",\"urlTemplate\":\"https:\/\/fitprint.cz\/?s={search_term_string}\"},\"query-input\":\"required name=search_term_string\"}],\"inLanguage\":\"cs\"},{\"@type\":\"Organization\",\"@id\":\"https:\/\/fitprint.cz\/#organization\",\"name\":\"FitPrint s.r.o.\",\"url\":\"https:\/\/fitprint.cz\/\",\"logo\":{\"@type\":\"ImageObject\",\"inLanguage\":\"cs\",\"@id\":\"https:\/\/fitprint.cz\/#\/schema\/logo\/image\/\",\"url\":\"https:\/\/fitprint.cz\/wp-content\/uploads\/2023\/04\/FitPrint_logo_1.svg\",\"contentUrl\":\"https:\/\/fitprint.cz\/wp-content\/uploads\/2023\/04\/FitPrint_logo_1.svg\",\"width\":230,\"height\":68,\"caption\":\"FitPrint s.r.o.\"},\"image\":{\"@id\":\"https:\/\/fitprint.cz\/#\/schema\/logo\/image\/\"}}]}<\/script>\n<!-- \/ Yoast SEO plugin. -->","yoast_head_json":{"title":"Reklamace - FitPrint","robots":{"index":"index","follow":"follow","max-snippet":"max-snippet:-1","max-image-preview":"max-image-preview:large","max-video-preview":"max-video-preview:-1"},"canonical":"https:\/\/fitprint.cz\/?page_id=4147","og_locale":"cs_CZ","og_type":"article","og_title":"Reklamace - FitPrint","og_description":"Reklamace Pro reklamaci vypl\u0148te n\u00ed\u017ee uveden\u00fd formul\u00e1\u0159 a ode\u0161lete jej zp\u011bt pouze v p\u0159\u00edpad\u011b, \u017ee chcete reklamovat zbo\u017e\u00ed v z\u00e1konn\u00e9 lh\u016ft\u011b. Formul\u00e1\u0159 vytiskn\u011bte, podepi\u0161t\u011b a naskenovan\u00fd ho za\u0161lete na e-mailovou adresu info@fitpritn.cz, p\u0159\u00edpadn\u011b ho vlo\u017ete do z\u00e1silky s vr\u00e1cen\u00fdm zbo\u017e\u00edm. P\u0159\u00edloha:\u00a0Formul\u00e1\u0159 pro reklamaci Adresa: FitPrint s.r.o., Kurzova 2222\/16, Stod\u016flky, 155 00 Praha 5 Uplatn\u011bn\u00ed reklamace [&hellip;]","og_url":"https:\/\/fitprint.cz\/?page_id=4147","og_site_name":"FitPrint","article_modified_time":"2023-05-25T19:00:38+00:00","twitter_card":"summary_large_image","twitter_misc":{"Odhadovan\u00e1 doba \u010dten\u00ed":"1 minuta"},"schema":{"@context":"https:\/\/schema.org","@graph":[{"@type":"WebPage","@id":"https:\/\/fitprint.cz\/?page_id=4147","url":"https:\/\/fitprint.cz\/?page_id=4147","name":"Reklamace - FitPrint","isPartOf":{"@id":"https:\/\/fitprint.cz\/#website"},"datePublished":"2023-04-14T12:59:13+00:00","dateModified":"2023-05-25T19:00:38+00:00","breadcrumb":{"@id":"https:\/\/fitprint.cz\/?page_id=4147#breadcrumb"},"inLanguage":"cs","potentialAction":[{"@type":"ReadAction","target":["https:\/\/fitprint.cz\/?page_id=4147"]}]},{"@type":"BreadcrumbList","@id":"https:\/\/fitprint.cz\/?page_id=4147#breadcrumb","itemListElement":[{"@type":"ListItem","position":1,"name":"Home","item":"https:\/\/fitprint.cz\/"},{"@type":"ListItem","position":2,"name":"Reklamace"}]},{"@type":"WebSite","@id":"https:\/\/fitprint.cz\/#website","url":"https:\/\/fitprint.cz\/","name":"FitPrint","description":"levn\u00e9 tiskov\u00e9 tonery a n\u00e1pln\u011b pro tisk\u00e1rny","publisher":{"@id":"https:\/\/fitprint.cz\/#organization"},"potentialAction":[{"@type":"SearchAction","target":{"@type":"EntryPoint","urlTemplate":"https:\/\/fitprint.cz\/?s={search_term_string}"},"query-input":"required name=search_term_string"}],"inLanguage":"cs"},{"@type":"Organization","@id":"https:\/\/fitprint.cz\/#organization","name":"FitPrint s.r.o.","url":"https:\/\/fitprint.cz\/","logo":{"@type":"ImageObject","inLanguage":"cs","@id":"https:\/\/fitprint.cz\/#\/schema\/logo\/image\/","url":"https:\/\/fitprint.cz\/wp-content\/uploads\/2023\/04\/FitPrint_logo_1.svg","contentUrl":"https:\/\/fitprint.cz\/wp-content\/uploads\/2023\/04\/FitPrint_logo_1.svg","width":230,"height":68,"caption":"FitPrint s.r.o."},"image":{"@id":"https:\/\/fitprint.cz\/#\/schema\/logo\/image\/"}}]}},"_links":{"self":[{"href":"https:\/\/fitprint.cz\/index.php?rest_route=\/wp\/v2\/pages\/4147"}],"collection":[{"href":"https:\/\/fitprint.cz\/index.php?rest_route=\/wp\/v2\/pages"}],"about":[{"href":"https:\/\/fitprint.cz\/index.php?rest_route=\/wp\/v2\/types\/page"}],"author":[{"embeddable":true,"href":"https:\/\/fitprint.cz\/index.php?rest_route=\/wp\/v2\/users\/1"}],"replies":[{"embeddable":true,"href":"https:\/\/fitprint.cz\/index.php?rest_route=%2Fwp%2Fv2%2Fcomments&post=4147"}],"version-history":[{"count":64,"href":"https:\/\/fitprint.cz\/index.php?rest_route=\/wp\/v2\/pages\/4147\/revisions"}],"predecessor-version":[{"id":9208,"href":"https:\/\/fitprint.cz\/index.php?rest_route=\/wp\/v2\/pages\/4147\/revisions\/9208"}],"wp:attachment":[{"href":"https:\/\/fitprint.cz\/index.php?rest_route=%2Fwp%2Fv2%2Fmedia&parent=4147"}],"curies":[{"name":"wp","href":"https:\/\/api.w.org\/{rel}","templated":true}]}}