{"id":4164,"date":"2023-04-14T15:05:02","date_gmt":"2023-04-14T13:05:02","guid":{"rendered":"https:\/\/fitprint.cz\/?page_id=4164"},"modified":"2023-05-11T13:23:10","modified_gmt":"2023-05-11T11:23:10","slug":"doprava","status":"publish","type":"page","link":"https:\/\/fitprint.cz\/?page_id=4164","title":{"rendered":"Doprava"},"content":{"rendered":"\t\t<div data-elementor-type=\"wp-page\" data-elementor-id=\"4164\" class=\"elementor elementor-4164\">\n\t\t\t\t\t\t\t\t\t<section class=\"elementor-section elementor-top-section elementor-element elementor-element-40b937c elementor-section-boxed elementor-section-height-default elementor-section-height-default\" data-id=\"40b937c\" data-element_type=\"section\">\n\t\t\t\t\t\t<div class=\"elementor-container elementor-column-gap-default\">\n\t\t\t\t\t<div class=\"elementor-column elementor-col-100 elementor-top-column elementor-element elementor-element-eb75476\" data-id=\"eb75476\" data-element_type=\"column\">\n\t\t\t<div class=\"elementor-widget-wrap elementor-element-populated\">\n\t\t\t\t\t\t\t\t<div class=\"elementor-element elementor-element-4c1b83c elementor-widget elementor-widget-spacer\" data-id=\"4c1b83c\" data-element_type=\"widget\" data-widget_type=\"spacer.default\">\n\t\t\t\t<div class=\"elementor-widget-container\">\n\t\t\t<style>\/*! elementor - v3.15.0 - 20-08-2023 *\/\n.elementor-column .elementor-spacer-inner{height:var(--spacer-size)}.e-con{--container-widget-width:100%}.e-con-inner>.elementor-widget-spacer,.e-con>.elementor-widget-spacer{width:var(--container-widget-width,var(--spacer-size));--align-self:var(--container-widget-align-self,initial);--flex-shrink:0}.e-con-inner>.elementor-widget-spacer>.elementor-widget-container,.e-con-inner>.elementor-widget-spacer>.elementor-widget-container>.elementor-spacer,.e-con>.elementor-widget-spacer>.elementor-widget-container,.e-con>.elementor-widget-spacer>.elementor-widget-container>.elementor-spacer{height:100%}.e-con-inner>.elementor-widget-spacer>.elementor-widget-container>.elementor-spacer>.elementor-spacer-inner,.e-con>.elementor-widget-spacer>.elementor-widget-container>.elementor-spacer>.elementor-spacer-inner{height:var(--container-widget-height,var(--spacer-size))}<\/style>\t\t<div class=\"elementor-spacer\">\n\t\t\t<div class=\"elementor-spacer-inner\"><\/div>\n\t\t<\/div>\n\t\t\t\t<\/div>\n\t\t\t\t<\/div>\n\t\t\t\t<div class=\"elementor-element elementor-element-3a9c493 elementor-widget elementor-widget-heading\" data-id=\"3a9c493\" data-element_type=\"widget\" data-widget_type=\"heading.default\">\n\t\t\t\t<div class=\"elementor-widget-container\">\n\t\t\t<style>\/*! elementor - v3.15.0 - 20-08-2023 *\/\n.elementor-heading-title{padding:0;margin:0;line-height:1}.elementor-widget-heading .elementor-heading-title[class*=elementor-size-]>a{color:inherit;font-size:inherit;line-height:inherit}.elementor-widget-heading .elementor-heading-title.elementor-size-small{font-size:15px}.elementor-widget-heading .elementor-heading-title.elementor-size-medium{font-size:19px}.elementor-widget-heading .elementor-heading-title.elementor-size-large{font-size:29px}.elementor-widget-heading .elementor-heading-title.elementor-size-xl{font-size:39px}.elementor-widget-heading .elementor-heading-title.elementor-size-xxl{font-size:59px}<\/style><h2 class=\"elementor-heading-title elementor-size-default\">Doprava<\/h2>\t\t<\/div>\n\t\t\t\t<\/div>\n\t\t\t\t<div class=\"elementor-element elementor-element-4dbbc83 elementor-position-left elementor-vertical-align-top elementor-widget elementor-widget-image-box\" data-id=\"4dbbc83\" data-element_type=\"widget\" data-widget_type=\"image-box.default\">\n\t\t\t\t<div class=\"elementor-widget-container\">\n\t\t\t<style>\/*! elementor - v3.15.0 - 20-08-2023 *\/\n.elementor-widget-image-box .elementor-image-box-content{width:100%}@media (min-width:768px){.elementor-widget-image-box.elementor-position-left .elementor-image-box-wrapper,.elementor-widget-image-box.elementor-position-right .elementor-image-box-wrapper{display:flex}.elementor-widget-image-box.elementor-position-right .elementor-image-box-wrapper{text-align:right;flex-direction:row-reverse}.elementor-widget-image-box.elementor-position-left .elementor-image-box-wrapper{text-align:left;flex-direction:row}.elementor-widget-image-box.elementor-position-top .elementor-image-box-img{margin:auto}.elementor-widget-image-box.elementor-vertical-align-top .elementor-image-box-wrapper{align-items:flex-start}.elementor-widget-image-box.elementor-vertical-align-middle .elementor-image-box-wrapper{align-items:center}.elementor-widget-image-box.elementor-vertical-align-bottom .elementor-image-box-wrapper{align-items:flex-end}}@media (max-width:767px){.elementor-widget-image-box .elementor-image-box-img{margin-left:auto!important;margin-right:auto!important;margin-bottom:15px}}.elementor-widget-image-box .elementor-image-box-img{display:inline-block}.elementor-widget-image-box .elementor-image-box-title a{color:inherit}.elementor-widget-image-box .elementor-image-box-wrapper{text-align:center}.elementor-widget-image-box .elementor-image-box-description{margin:0}<\/style><div class=\"elementor-image-box-wrapper\"><figure class=\"elementor-image-box-img\"><img decoding=\"async\" width=\"200\" height=\"70\" src=\"https:\/\/fitprint.cz\/wp-content\/uploads\/2023\/05\/ceska_posta_do_ruky.png\" class=\"attachment-yith-woocompare-image size-yith-woocompare-image wp-image-9125\" alt=\"\" srcset=\"https:\/\/fitprint.cz\/wp-content\/uploads\/2023\/05\/ceska_posta_do_ruky.png 200w, https:\/\/fitprint.cz\/wp-content\/uploads\/2023\/05\/ceska_posta_do_ruky-150x53.png 150w\" sizes=\"(max-width: 200px) 100vw, 200px\" \/><\/figure><div class=\"elementor-image-box-content\"><h3 class=\"elementor-image-box-title\">\u010cesk\u00e1 po\u0161ta - doru\u010den\u00ed do ruky<\/h3><p class=\"elementor-image-box-description\">Doru\u010den\u00ed p\u0159\u00edmo na Va\u0161i adresu<\/p><\/div><\/div>\t\t<\/div>\n\t\t\t\t<\/div>\n\t\t\t\t<div class=\"elementor-element elementor-element-4c6d559 elementor-position-left elementor-vertical-align-top elementor-widget elementor-widget-image-box\" data-id=\"4c6d559\" data-element_type=\"widget\" data-widget_type=\"image-box.default\">\n\t\t\t\t<div class=\"elementor-widget-container\">\n\t\t\t<div class=\"elementor-image-box-wrapper\"><figure class=\"elementor-image-box-img\"><img decoding=\"async\" width=\"200\" height=\"70\" src=\"https:\/\/fitprint.cz\/wp-content\/uploads\/2023\/05\/ceska_posta_na_postu.png\" class=\"attachment-yith-woocompare-image size-yith-woocompare-image wp-image-9126\" alt=\"\" srcset=\"https:\/\/fitprint.cz\/wp-content\/uploads\/2023\/05\/ceska_posta_na_postu.png 200w, https:\/\/fitprint.cz\/wp-content\/uploads\/2023\/05\/ceska_posta_na_postu-150x53.png 150w\" sizes=\"(max-width: 200px) 100vw, 200px\" \/><\/figure><div class=\"elementor-image-box-content\"><h3 class=\"elementor-image-box-title\">\u010cesk\u00e1 po\u0161ta - doru\u010den\u00ed na po\u0161tu<\/h3><p class=\"elementor-image-box-description\">Doru\u010den\u00ed p\u0159\u00edmo na Va\u0161i po\u0161tovn\u00ed pobo\u010dku<\/p><\/div><\/div>\t\t<\/div>\n\t\t\t\t<\/div>\n\t\t\t\t<div class=\"elementor-element elementor-element-bcbe298 elementor-position-left elementor-vertical-align-top elementor-widget elementor-widget-image-box\" data-id=\"bcbe298\" data-element_type=\"widget\" data-widget_type=\"image-box.default\">\n\t\t\t\t<div class=\"elementor-widget-container\">\n\t\t\t<div class=\"elementor-image-box-wrapper\"><figure class=\"elementor-image-box-img\"><img decoding=\"async\" width=\"200\" height=\"70\" src=\"https:\/\/fitprint.cz\/wp-content\/uploads\/2023\/05\/ceska_posta_balikovna.jpg\" class=\"attachment-yith-woocompare-image size-yith-woocompare-image wp-image-9127\" alt=\"\" srcset=\"https:\/\/fitprint.cz\/wp-content\/uploads\/2023\/05\/ceska_posta_balikovna.jpg 200w, https:\/\/fitprint.cz\/wp-content\/uploads\/2023\/05\/ceska_posta_balikovna-150x53.jpg 150w\" sizes=\"(max-width: 200px) 100vw, 200px\" \/><\/figure><div class=\"elementor-image-box-content\"><h3 class=\"elementor-image-box-title\">\u010cesk\u00e1 po\u0161ta - doru\u010den\u00ed do bal\u00edkovny<\/h3><p class=\"elementor-image-box-description\">Doru\u010den\u00ed p\u0159\u00edmo na Va\u0161i po\u0161tovn\u00ed pobo\u010dku<\/p><\/div><\/div>\t\t<\/div>\n\t\t\t\t<\/div>\n\t\t\t\t<div class=\"elementor-element elementor-element-ff939e6 elementor-position-left elementor-vertical-align-top elementor-widget elementor-widget-image-box\" data-id=\"ff939e6\" data-element_type=\"widget\" data-widget_type=\"image-box.default\">\n\t\t\t\t<div class=\"elementor-widget-container\">\n\t\t\t<div class=\"elementor-image-box-wrapper\"><figure class=\"elementor-image-box-img\"><img decoding=\"async\" width=\"200\" height=\"70\" src=\"https:\/\/fitprint.cz\/wp-content\/uploads\/2023\/05\/ppl_small.jpg\" class=\"attachment-yith-woocompare-image size-yith-woocompare-image wp-image-9134\" alt=\"\" srcset=\"https:\/\/fitprint.cz\/wp-content\/uploads\/2023\/05\/ppl_small.jpg 200w, https:\/\/fitprint.cz\/wp-content\/uploads\/2023\/05\/ppl_small-150x53.jpg 150w\" sizes=\"(max-width: 200px) 100vw, 200px\" \/><\/figure><div class=\"elementor-image-box-content\"><h3 class=\"elementor-image-box-title\">PPL<\/h3><p class=\"elementor-image-box-description\">Doru\u010den\u00ed p\u0159\u00edmo na Va\u0161i adresu<\/p><\/div><\/div>\t\t<\/div>\n\t\t\t\t<\/div>\n\t\t\t\t<div class=\"elementor-element elementor-element-e93e360 elementor-widget elementor-widget-image\" data-id=\"e93e360\" data-element_type=\"widget\" data-widget_type=\"image.default\">\n\t\t\t\t<div class=\"elementor-widget-container\">\n\t\t\t<style>\/*! elementor - v3.15.0 - 20-08-2023 *\/\n.elementor-widget-image{text-align:center}.elementor-widget-image a{display:inline-block}.elementor-widget-image a img[src$=\".svg\"]{width:48px}.elementor-widget-image img{vertical-align:middle;display:inline-block}<\/style>\t\t\t\t\t\t\t\t\t\t\t\t<img decoding=\"async\" width=\"1000\" height=\"209\" src=\"https:\/\/fitprint.cz\/wp-content\/uploads\/2023\/05\/zasilkovna_v3.jpg\" class=\"attachment-full size-full wp-image-9147\" alt=\"\" srcset=\"https:\/\/fitprint.cz\/wp-content\/uploads\/2023\/05\/zasilkovna_v3.jpg 1000w, https:\/\/fitprint.cz\/wp-content\/uploads\/2023\/05\/zasilkovna_v3-450x94.jpg 450w, https:\/\/fitprint.cz\/wp-content\/uploads\/2023\/05\/zasilkovna_v3-595x124.jpg 595w, https:\/\/fitprint.cz\/wp-content\/uploads\/2023\/05\/zasilkovna_v3-150x31.jpg 150w, https:\/\/fitprint.cz\/wp-content\/uploads\/2023\/05\/zasilkovna_v3-768x161.jpg 768w\" sizes=\"(max-width: 1000px) 100vw, 1000px\" \/>\t\t\t\t\t\t\t\t\t\t\t\t\t\t\t<\/div>\n\t\t\t\t<\/div>\n\t\t\t\t\t<\/div>\n\t\t<\/div>\n\t\t\t\t\t\t\t<\/div>\n\t\t<\/section>\n\t\t\t\t\t\t\t<\/div>\n\t\t","protected":false},"excerpt":{"rendered":"<p>Doprava \u010cesk\u00e1 po\u0161ta &#8211; doru\u010den\u00ed do ruky Doru\u010den\u00ed p\u0159\u00edmo na Va\u0161i adresu \u010cesk\u00e1 po\u0161ta &#8211; doru\u010den\u00ed na po\u0161tu Doru\u010den\u00ed p\u0159\u00edmo na Va\u0161i po\u0161tovn\u00ed pobo\u010dku \u010cesk\u00e1 po\u0161ta &#8211; doru\u010den\u00ed do bal\u00edkovny Doru\u010den\u00ed p\u0159\u00edmo na Va\u0161i po\u0161tovn\u00ed pobo\u010dku PPL Doru\u010den\u00ed p\u0159\u00edmo na Va\u0161i adresu<\/p>\n","protected":false},"author":1,"featured_media":0,"parent":0,"menu_order":0,"comment_status":"closed","ping_status":"closed","template":"","meta":{"footnotes":""},"yoast_head":"<!-- This site is optimized with the Yoast SEO plugin v21.0 - https:\/\/yoast.com\/wordpress\/plugins\/seo\/ -->\n<title>Doprava - FitPrint<\/title>\n<meta name=\"robots\" content=\"index, follow, max-snippet:-1, max-image-preview:large, max-video-preview:-1\" \/>\n<link rel=\"canonical\" href=\"https:\/\/fitprint.cz\/?page_id=4164\" \/>\n<meta property=\"og:locale\" content=\"cs_CZ\" \/>\n<meta property=\"og:type\" content=\"article\" \/>\n<meta property=\"og:title\" content=\"Doprava - FitPrint\" \/>\n<meta property=\"og:description\" content=\"Doprava \u010cesk\u00e1 po\u0161ta &#8211; doru\u010den\u00ed do ruky Doru\u010den\u00ed p\u0159\u00edmo na Va\u0161i adresu \u010cesk\u00e1 po\u0161ta &#8211; doru\u010den\u00ed na po\u0161tu Doru\u010den\u00ed p\u0159\u00edmo na Va\u0161i po\u0161tovn\u00ed pobo\u010dku \u010cesk\u00e1 po\u0161ta &#8211; doru\u010den\u00ed do bal\u00edkovny Doru\u010den\u00ed p\u0159\u00edmo na Va\u0161i po\u0161tovn\u00ed pobo\u010dku PPL Doru\u010den\u00ed p\u0159\u00edmo na Va\u0161i adresu\" \/>\n<meta property=\"og:url\" content=\"https:\/\/fitprint.cz\/?page_id=4164\" \/>\n<meta property=\"og:site_name\" content=\"FitPrint\" \/>\n<meta property=\"article:modified_time\" content=\"2023-05-11T11:23:10+00:00\" \/>\n<meta property=\"og:image\" content=\"https:\/\/fitprint.cz\/wp-content\/uploads\/2023\/05\/ceska_posta_do_ruky.png\" \/>\n<meta name=\"twitter:card\" content=\"summary_large_image\" \/>\n<script type=\"application\/ld+json\" class=\"yoast-schema-graph\">{\"@context\":\"https:\/\/schema.org\",\"@graph\":[{\"@type\":\"WebPage\",\"@id\":\"https:\/\/fitprint.cz\/?page_id=4164\",\"url\":\"https:\/\/fitprint.cz\/?page_id=4164\",\"name\":\"Doprava - FitPrint\",\"isPartOf\":{\"@id\":\"https:\/\/fitprint.cz\/#website\"},\"datePublished\":\"2023-04-14T13:05:02+00:00\",\"dateModified\":\"2023-05-11T11:23:10+00:00\",\"breadcrumb\":{\"@id\":\"https:\/\/fitprint.cz\/?page_id=4164#breadcrumb\"},\"inLanguage\":\"cs\",\"potentialAction\":[{\"@type\":\"ReadAction\",\"target\":[\"https:\/\/fitprint.cz\/?page_id=4164\"]}]},{\"@type\":\"BreadcrumbList\",\"@id\":\"https:\/\/fitprint.cz\/?page_id=4164#breadcrumb\",\"itemListElement\":[{\"@type\":\"ListItem\",\"position\":1,\"name\":\"Home\",\"item\":\"https:\/\/fitprint.cz\/\"},{\"@type\":\"ListItem\",\"position\":2,\"name\":\"Doprava\"}]},{\"@type\":\"WebSite\",\"@id\":\"https:\/\/fitprint.cz\/#website\",\"url\":\"https:\/\/fitprint.cz\/\",\"name\":\"FitPrint\",\"description\":\"levn\u00e9 tiskov\u00e9 tonery a n\u00e1pln\u011b pro tisk\u00e1rny\",\"publisher\":{\"@id\":\"https:\/\/fitprint.cz\/#organization\"},\"potentialAction\":[{\"@type\":\"SearchAction\",\"target\":{\"@type\":\"EntryPoint\",\"urlTemplate\":\"https:\/\/fitprint.cz\/?s={search_term_string}\"},\"query-input\":\"required name=search_term_string\"}],\"inLanguage\":\"cs\"},{\"@type\":\"Organization\",\"@id\":\"https:\/\/fitprint.cz\/#organization\",\"name\":\"FitPrint s.r.o.\",\"url\":\"https:\/\/fitprint.cz\/\",\"logo\":{\"@type\":\"ImageObject\",\"inLanguage\":\"cs\",\"@id\":\"https:\/\/fitprint.cz\/#\/schema\/logo\/image\/\",\"url\":\"https:\/\/fitprint.cz\/wp-content\/uploads\/2023\/04\/FitPrint_logo_1.svg\",\"contentUrl\":\"https:\/\/fitprint.cz\/wp-content\/uploads\/2023\/04\/FitPrint_logo_1.svg\",\"width\":230,\"height\":68,\"caption\":\"FitPrint s.r.o.\"},\"image\":{\"@id\":\"https:\/\/fitprint.cz\/#\/schema\/logo\/image\/\"}}]}<\/script>\n<!-- \/ Yoast SEO plugin. -->","yoast_head_json":{"title":"Doprava - FitPrint","robots":{"index":"index","follow":"follow","max-snippet":"max-snippet:-1","max-image-preview":"max-image-preview:large","max-video-preview":"max-video-preview:-1"},"canonical":"https:\/\/fitprint.cz\/?page_id=4164","og_locale":"cs_CZ","og_type":"article","og_title":"Doprava - FitPrint","og_description":"Doprava \u010cesk\u00e1 po\u0161ta &#8211; doru\u010den\u00ed do ruky Doru\u010den\u00ed p\u0159\u00edmo na Va\u0161i adresu \u010cesk\u00e1 po\u0161ta &#8211; doru\u010den\u00ed na po\u0161tu Doru\u010den\u00ed p\u0159\u00edmo na Va\u0161i po\u0161tovn\u00ed pobo\u010dku \u010cesk\u00e1 po\u0161ta &#8211; doru\u010den\u00ed do bal\u00edkovny Doru\u010den\u00ed p\u0159\u00edmo na Va\u0161i po\u0161tovn\u00ed pobo\u010dku PPL Doru\u010den\u00ed p\u0159\u00edmo na Va\u0161i adresu","og_url":"https:\/\/fitprint.cz\/?page_id=4164","og_site_name":"FitPrint","article_modified_time":"2023-05-11T11:23:10+00:00","og_image":[{"url":"https:\/\/fitprint.cz\/wp-content\/uploads\/2023\/05\/ceska_posta_do_ruky.png"}],"twitter_card":"summary_large_image","schema":{"@context":"https:\/\/schema.org","@graph":[{"@type":"WebPage","@id":"https:\/\/fitprint.cz\/?page_id=4164","url":"https:\/\/fitprint.cz\/?page_id=4164","name":"Doprava - FitPrint","isPartOf":{"@id":"https:\/\/fitprint.cz\/#website"},"datePublished":"2023-04-14T13:05:02+00:00","dateModified":"2023-05-11T11:23:10+00:00","breadcrumb":{"@id":"https:\/\/fitprint.cz\/?page_id=4164#breadcrumb"},"inLanguage":"cs","potentialAction":[{"@type":"ReadAction","target":["https:\/\/fitprint.cz\/?page_id=4164"]}]},{"@type":"BreadcrumbList","@id":"https:\/\/fitprint.cz\/?page_id=4164#breadcrumb","itemListElement":[{"@type":"ListItem","position":1,"name":"Home","item":"https:\/\/fitprint.cz\/"},{"@type":"ListItem","position":2,"name":"Doprava"}]},{"@type":"WebSite","@id":"https:\/\/fitprint.cz\/#website","url":"https:\/\/fitprint.cz\/","name":"FitPrint","description":"levn\u00e9 tiskov\u00e9 tonery a n\u00e1pln\u011b pro tisk\u00e1rny","publisher":{"@id":"https:\/\/fitprint.cz\/#organization"},"potentialAction":[{"@type":"SearchAction","target":{"@type":"EntryPoint","urlTemplate":"https:\/\/fitprint.cz\/?s={search_term_string}"},"query-input":"required name=search_term_string"}],"inLanguage":"cs"},{"@type":"Organization","@id":"https:\/\/fitprint.cz\/#organization","name":"FitPrint s.r.o.","url":"https:\/\/fitprint.cz\/","logo":{"@type":"ImageObject","inLanguage":"cs","@id":"https:\/\/fitprint.cz\/#\/schema\/logo\/image\/","url":"https:\/\/fitprint.cz\/wp-content\/uploads\/2023\/04\/FitPrint_logo_1.svg","contentUrl":"https:\/\/fitprint.cz\/wp-content\/uploads\/2023\/04\/FitPrint_logo_1.svg","width":230,"height":68,"caption":"FitPrint s.r.o."},"image":{"@id":"https:\/\/fitprint.cz\/#\/schema\/logo\/image\/"}}]}},"_links":{"self":[{"href":"https:\/\/fitprint.cz\/index.php?rest_route=\/wp\/v2\/pages\/4164"}],"collection":[{"href":"https:\/\/fitprint.cz\/index.php?rest_route=\/wp\/v2\/pages"}],"about":[{"href":"https:\/\/fitprint.cz\/index.php?rest_route=\/wp\/v2\/types\/page"}],"author":[{"embeddable":true,"href":"https:\/\/fitprint.cz\/index.php?rest_route=\/wp\/v2\/users\/1"}],"replies":[{"embeddable":true,"href":"https:\/\/fitprint.cz\/index.php?rest_route=%2Fwp%2Fv2%2Fcomments&post=4164"}],"version-history":[{"count":22,"href":"https:\/\/fitprint.cz\/index.php?rest_route=\/wp\/v2\/pages\/4164\/revisions"}],"predecessor-version":[{"id":9150,"href":"https:\/\/fitprint.cz\/index.php?rest_route=\/wp\/v2\/pages\/4164\/revisions\/9150"}],"wp:attachment":[{"href":"https:\/\/fitprint.cz\/index.php?rest_route=%2Fwp%2Fv2%2Fmedia&parent=4164"}],"curies":[{"name":"wp","href":"https:\/\/api.w.org\/{rel}","templated":true}]}}