{"id":8,"date":"2023-04-03T22:05:51","date_gmt":"2023-04-03T20:05:51","guid":{"rendered":"https:\/\/fitprint.cz\/index.php\/my-account\/"},"modified":"2023-04-03T22:05:51","modified_gmt":"2023-04-03T20:05:51","slug":"my-account","status":"publish","type":"page","link":"https:\/\/fitprint.cz\/?page_id=8","title":{"rendered":"My account"},"content":{"rendered":"<div class=\"woocommerce\">\r\n<div class=\"woocommerce-notices-wrapper\"><\/div>\r\n<div class=\"row\" id=\"customer_login\">\r\n    <div class=\"large-12 columns login-form\">\r\n        <span class=\"nasa-form-title\">\r\n            V\u00edtejte! Jsme r\u00e1di, \u017ee V\u00e1s tu vid\u00edme.        <\/span>\r\n        \r\n        <form method=\"post\" class=\"woocommerce-form woocommerce-form-login login\">\r\n            \r\n            <p class=\"form-row form-row-wide\">\r\n                <span>\r\n                    <label for=\"username\" class=\"inline-block left rtl-right\">\r\n                        Login nebo email <span class=\"required\">*<\/span>\r\n                    <\/label>\r\n\r\n                    <!-- Remember -->\r\n                    <label for=\"rememberme\" class=\"woocommerce-form__label woocommerce-form__label-for-checkbox woocommerce-form-login__rememberme inline-block right rtl-left none-weight\">\r\n                        <input class=\"woocommerce-form__input woocommerce-form__input-checkbox margin-right-5 rtl-margin-right-0 rtl-margin-left-5\" name=\"rememberme\" type=\"checkbox\" id=\"rememberme\" value=\"forever\" \/> Pamatuj si m\u011b                    <\/label>\r\n                <\/span>\r\n                \r\n                <!-- Username -->\r\n                <input type=\"text\" class=\"woocommerce-Input woocommerce-Input--text input-text\" name=\"username\" id=\"username\" autocomplete=\"username\" value=\"\" \/>\r\n            <\/p>\r\n            \r\n            <p class=\"form-row form-row-wide\">\r\n                <span>\r\n                    <label for=\"password\" class=\"inline-block left rtl-right\">\r\n                        Heslo <span class=\"required\">*<\/span>\r\n                    <\/label>\r\n                    <a class=\"lost_password inline-block right rtl-left none-weight\" href=\"https:\/\/fitprint.cz\/?page_id=8&#038;lost-password\">Zapomn\u011bli jste?<\/a>\r\n                <\/span>\r\n                \r\n                <input class=\"woocommerce-Input woocommerce-Input--text input-text\" type=\"password\" name=\"password\" id=\"password\" autocomplete=\"current-password\" \/>\r\n            <\/p>\r\n\r\n            \r\n            <p class=\"form-row row-submit\">\r\n                <input type=\"hidden\" id=\"woocommerce-login-nonce\" name=\"woocommerce-login-nonce\" value=\"a9ae517b67\" \/><input type=\"hidden\" name=\"_wp_http_referer\" value=\"\/index.php?rest_route=%2Fwp%2Fv2%2Fpages%2F8\" \/>                <button type=\"submit\" class=\"woocommerce-button button woocommerce-form-login__submit nasa-fullwidth margin-top-10\" name=\"login\" value=\"P\u0158IHL\u00c1SIT SE\">P\u0158IHL\u00c1SIT SE<\/button>\r\n            <\/p>\r\n\r\n            <div class=\"nasa-social-login-title\"><h5 class=\"none-weight\">Nebo p\u0159ihl\u00e1sit s<\/h5><\/div><div class=\"form-row row-submit-login-social text-center\"><div class=\"nsl-container nsl-container-block\" data-align=\"left\"><div class=\"nsl-container-buttons\"><a href=\"https:\/\/fitprint.cz\/wp-login.php?loginSocial=facebook&#038;redirect=https%3A%2F%2Ffitprint.cz%2Findex.php%3Frest_route%3D%252Fwp%252Fv2%252Fpages%252F8\" rel=\"nofollow\" aria-label=\"&lt;b&gt;Facebook&lt;\/b&gt;\" data-plugin=\"nsl\" data-action=\"connect\" data-provider=\"facebook\" data-popupwidth=\"600\" data-popupheight=\"679\"><div class=\"nsl-button nsl-button-default nsl-button-facebook\" data-skin=\"dark\" style=\"background-color:#1877F2;\"><div class=\"nsl-button-svg-container\"><svg xmlns=\"http:\/\/www.w3.org\/2000\/svg\" viewBox=\"0 0 1365.3 1365.3\" height=\"24\" width=\"24\"><path d=\"M1365.3 682.7A682.7 682.7 0 10576 1357V880H402.7V682.7H576V532.3c0-171.1 102-265.6 257.9-265.6 74.6 0 152.8 13.3 152.8 13.3v168h-86.1c-84.8 0-111.3 52.6-111.3 106.6v128h189.4L948.4 880h-159v477a682.8 682.8 0 00576-674.3\" fill=\"#fff\"\/><\/svg><\/div><div class=\"nsl-button-label-container\"><b>Facebook<\/b><\/div><\/div><\/a><a href=\"https:\/\/fitprint.cz\/wp-login.php?loginSocial=google&#038;redirect=https%3A%2F%2Ffitprint.cz%2Findex.php%3Frest_route%3D%252Fwp%252Fv2%252Fpages%252F8\" rel=\"nofollow\" aria-label=\"&lt;b&gt;Google&lt;\/b&gt;\" data-plugin=\"nsl\" data-action=\"connect\" data-provider=\"google\" data-popupwidth=\"600\" data-popupheight=\"600\"><div class=\"nsl-button nsl-button-default nsl-button-google\" data-skin=\"light\" style=\"background-color:#fff;\"><div class=\"nsl-button-svg-container\"><svg xmlns=\"http:\/\/www.w3.org\/2000\/svg\" width=\"24\" height=\"24\" viewBox=\"0 0 24 24\"><path fill=\"#4285F4\" d=\"M20.64 12.2045c0-.6381-.0573-1.2518-.1636-1.8409H12v3.4814h4.8436c-.2086 1.125-.8427 2.0782-1.7959 2.7164v2.2581h2.9087c1.7018-1.5668 2.6836-3.874 2.6836-6.615z\"><\/path><path fill=\"#34A853\" d=\"M12 21c2.43 0 4.4673-.806 5.9564-2.1805l-2.9087-2.2581c-.8059.54-1.8368.859-3.0477.859-2.344 0-4.3282-1.5831-5.036-3.7104H3.9574v2.3318C5.4382 18.9832 8.4818 21 12 21z\"><\/path><path fill=\"#FBBC05\" d=\"M6.964 13.71c-.18-.54-.2822-1.1168-.2822-1.71s.1023-1.17.2823-1.71V7.9582H3.9573A8.9965 8.9965 0 0 0 3 12c0 1.4523.3477 2.8268.9573 4.0418L6.964 13.71z\"><\/path><path fill=\"#EA4335\" d=\"M12 6.5795c1.3214 0 2.5077.4541 3.4405 1.346l2.5813-2.5814C16.4632 3.8918 14.426 3 12 3 8.4818 3 5.4382 5.0168 3.9573 7.9582L6.964 10.29C7.6718 8.1627 9.6559 6.5795 12 6.5795z\"><\/path><\/svg><\/div><div class=\"nsl-button-label-container\"><b>Google<\/b><\/div><\/div><\/a><\/div><\/div><\/div>        <\/form>\r\n        \r\n                    <p class=\"nasa-switch-form\">\r\n                Nem\u00e1te registraci?                <a class=\"nasa-switch-register\" href=\"javascript:void(0);\" rel=\"nofollow\">\r\n                    Zaregistrovat se                <\/a>\r\n            <\/p>\r\n            <\/div>\r\n\r\n            <div class=\"large-12 columns register-form\">\r\n\r\n            <span class=\"nasa-form-title\">\r\n                Zadejte email pro zalo\u017een\u00ed \u00fa\u010dtu!            <\/span>\r\n            \r\n            <form method=\"post\" class=\"woocommerce-form woocommerce-form-register register\" >\r\n                \r\n                                \r\n                \r\n                <p class=\"form-row form-row-wide\">\r\n                    <label for=\"reg_email\" class=\"left rtl-right\">\r\n                        Emailov\u00e1 adresa <span class=\"required\">*<\/span>\r\n                    <\/label>\r\n                    \r\n                    <!-- Email -->\r\n                    <input type=\"email\" class=\"woocommerce-Input woocommerce-Input--text input-text\" name=\"email\" id=\"reg_email\" autocomplete=\"email\" value=\"\" \/>\r\n                <\/p>\r\n\r\n                                    \r\n                    <p class=\"form-row form-row-wide\">\r\n                        Odkaz pro nastaven\u00ed hesla V\u00e1m p\u0159ijde do emailu.                     <\/p>\r\n                    \r\n                \r\n                <input type=\"hidden\" name=\"wc_order_attribution_source_type\" value=\"\" \/><input type=\"hidden\" name=\"wc_order_attribution_referrer\" value=\"\" \/><input type=\"hidden\" name=\"wc_order_attribution_utm_campaign\" value=\"\" \/><input type=\"hidden\" name=\"wc_order_attribution_utm_source\" value=\"\" \/><input type=\"hidden\" name=\"wc_order_attribution_utm_medium\" value=\"\" \/><input type=\"hidden\" name=\"wc_order_attribution_utm_content\" value=\"\" \/><input type=\"hidden\" name=\"wc_order_attribution_utm_id\" value=\"\" \/><input type=\"hidden\" name=\"wc_order_attribution_utm_term\" value=\"\" \/><input type=\"hidden\" name=\"wc_order_attribution_session_entry\" value=\"\" \/><input type=\"hidden\" name=\"wc_order_attribution_session_start_time\" value=\"\" \/><input type=\"hidden\" name=\"wc_order_attribution_session_pages\" value=\"\" \/><input type=\"hidden\" name=\"wc_order_attribution_session_count\" value=\"\" \/><input type=\"hidden\" name=\"wc_order_attribution_user_agent\" value=\"\" \/><div class=\"woocommerce-privacy-policy-text\"><p>Va\u0161e osobn\u00ed \u00fadaje budou pou\u017eity k podpo\u0159e va\u0161ich zku\u0161enost\u00ed na tomto webu, ke spr\u00e1v\u011b p\u0159\u00edstupu k va\u0161emu \u00fa\u010dtu a k dal\u0161\u00edm \u00fa\u010del\u016fm popsan\u00fdm v <a href=\"https:\/\/fitprint.cz\/?page_id=3\" class=\"woocommerce-privacy-policy-link\" target=\"_blank\">ochrana osobn\u00edch \u00fadaj\u016f<\/a>.<\/p>\n<\/div>\r\n                <p class=\"form-row\">\r\n                    <input type=\"hidden\" id=\"woocommerce-register-nonce\" name=\"woocommerce-register-nonce\" value=\"0f7d975bfa\" \/><input type=\"hidden\" name=\"_wp_http_referer\" value=\"\/index.php?rest_route=%2Fwp%2Fv2%2Fpages%2F8\" \/>                    \r\n                    <!-- Submit button -->\r\n                    <button type=\"submit\" class=\"woocommerce-Button woocommerce-button button woocommerce-form-register__submit nasa-fullwidth\" name=\"register\" value=\"ZALO\u017dIT \u00da\u010cET\">ZALO\u017dIT \u00da\u010cET<\/button>\r\n                <\/p>\r\n\r\n                                \r\n            <\/form>\r\n            \r\n            <p class=\"nasa-switch-form\">\r\n                M\u00e1te ji\u017e zalo\u017een\u00fd \u00fa\u010det?                <a class=\"nasa-switch-login\" href=\"javascript:void(0);\" rel=\"nofollow\">\r\n                    P\u0159ihla\u0161te se zde.                <\/a>\r\n            <\/p>\r\n            \r\n        <\/div>\r\n    <\/div>\r\n\r\n<\/div>\n","protected":false},"excerpt":{"rendered":"","protected":false},"author":1,"featured_media":0,"parent":0,"menu_order":0,"comment_status":"closed","ping_status":"closed","template":"","meta":{"footnotes":""},"yoast_head":"<!-- This site is optimized with the Yoast SEO plugin v21.0 - https:\/\/yoast.com\/wordpress\/plugins\/seo\/ -->\n<title>My account - FitPrint<\/title>\n<meta name=\"robots\" content=\"index, follow, max-snippet:-1, max-image-preview:large, max-video-preview:-1\" \/>\n<link rel=\"canonical\" href=\"https:\/\/fitprint.cz\/?page_id=8\" \/>\n<meta property=\"og:locale\" content=\"cs_CZ\" \/>\n<meta property=\"og:type\" content=\"article\" \/>\n<meta property=\"og:title\" content=\"My account - FitPrint\" \/>\n<meta property=\"og:url\" content=\"https:\/\/fitprint.cz\/?page_id=8\" \/>\n<meta property=\"og:site_name\" content=\"FitPrint\" \/>\n<meta name=\"twitter:card\" content=\"summary_large_image\" \/>\n<script type=\"application\/ld+json\" class=\"yoast-schema-graph\">{\"@context\":\"https:\/\/schema.org\",\"@graph\":[{\"@type\":\"WebPage\",\"@id\":\"https:\/\/fitprint.cz\/?page_id=8\",\"url\":\"https:\/\/fitprint.cz\/?page_id=8\",\"name\":\"My account - FitPrint\",\"isPartOf\":{\"@id\":\"https:\/\/fitprint.cz\/#website\"},\"datePublished\":\"2023-04-03T20:05:51+00:00\",\"dateModified\":\"2023-04-03T20:05:51+00:00\",\"breadcrumb\":{\"@id\":\"https:\/\/fitprint.cz\/?page_id=8#breadcrumb\"},\"inLanguage\":\"cs\",\"potentialAction\":[{\"@type\":\"ReadAction\",\"target\":[\"https:\/\/fitprint.cz\/?page_id=8\"]}]},{\"@type\":\"BreadcrumbList\",\"@id\":\"https:\/\/fitprint.cz\/?page_id=8#breadcrumb\",\"itemListElement\":[{\"@type\":\"ListItem\",\"position\":1,\"name\":\"Home\",\"item\":\"https:\/\/fitprint.cz\/\"},{\"@type\":\"ListItem\",\"position\":2,\"name\":\"My account\"}]},{\"@type\":\"WebSite\",\"@id\":\"https:\/\/fitprint.cz\/#website\",\"url\":\"https:\/\/fitprint.cz\/\",\"name\":\"FitPrint\",\"description\":\"levn\u00e9 tiskov\u00e9 tonery a n\u00e1pln\u011b pro tisk\u00e1rny\",\"publisher\":{\"@id\":\"https:\/\/fitprint.cz\/#organization\"},\"potentialAction\":[{\"@type\":\"SearchAction\",\"target\":{\"@type\":\"EntryPoint\",\"urlTemplate\":\"https:\/\/fitprint.cz\/?s={search_term_string}\"},\"query-input\":\"required name=search_term_string\"}],\"inLanguage\":\"cs\"},{\"@type\":\"Organization\",\"@id\":\"https:\/\/fitprint.cz\/#organization\",\"name\":\"FitPrint s.r.o.\",\"url\":\"https:\/\/fitprint.cz\/\",\"logo\":{\"@type\":\"ImageObject\",\"inLanguage\":\"cs\",\"@id\":\"https:\/\/fitprint.cz\/#\/schema\/logo\/image\/\",\"url\":\"https:\/\/fitprint.cz\/wp-content\/uploads\/2023\/04\/FitPrint_logo_1.svg\",\"contentUrl\":\"https:\/\/fitprint.cz\/wp-content\/uploads\/2023\/04\/FitPrint_logo_1.svg\",\"width\":230,\"height\":68,\"caption\":\"FitPrint s.r.o.\"},\"image\":{\"@id\":\"https:\/\/fitprint.cz\/#\/schema\/logo\/image\/\"}}]}<\/script>\n<!-- \/ Yoast SEO plugin. -->","yoast_head_json":{"title":"My account - FitPrint","robots":{"index":"index","follow":"follow","max-snippet":"max-snippet:-1","max-image-preview":"max-image-preview:large","max-video-preview":"max-video-preview:-1"},"canonical":"https:\/\/fitprint.cz\/?page_id=8","og_locale":"cs_CZ","og_type":"article","og_title":"My account - FitPrint","og_url":"https:\/\/fitprint.cz\/?page_id=8","og_site_name":"FitPrint","twitter_card":"summary_large_image","schema":{"@context":"https:\/\/schema.org","@graph":[{"@type":"WebPage","@id":"https:\/\/fitprint.cz\/?page_id=8","url":"https:\/\/fitprint.cz\/?page_id=8","name":"My account - FitPrint","isPartOf":{"@id":"https:\/\/fitprint.cz\/#website"},"datePublished":"2023-04-03T20:05:51+00:00","dateModified":"2023-04-03T20:05:51+00:00","breadcrumb":{"@id":"https:\/\/fitprint.cz\/?page_id=8#breadcrumb"},"inLanguage":"cs","potentialAction":[{"@type":"ReadAction","target":["https:\/\/fitprint.cz\/?page_id=8"]}]},{"@type":"BreadcrumbList","@id":"https:\/\/fitprint.cz\/?page_id=8#breadcrumb","itemListElement":[{"@type":"ListItem","position":1,"name":"Home","item":"https:\/\/fitprint.cz\/"},{"@type":"ListItem","position":2,"name":"My account"}]},{"@type":"WebSite","@id":"https:\/\/fitprint.cz\/#website","url":"https:\/\/fitprint.cz\/","name":"FitPrint","description":"levn\u00e9 tiskov\u00e9 tonery a n\u00e1pln\u011b pro tisk\u00e1rny","publisher":{"@id":"https:\/\/fitprint.cz\/#organization"},"potentialAction":[{"@type":"SearchAction","target":{"@type":"EntryPoint","urlTemplate":"https:\/\/fitprint.cz\/?s={search_term_string}"},"query-input":"required name=search_term_string"}],"inLanguage":"cs"},{"@type":"Organization","@id":"https:\/\/fitprint.cz\/#organization","name":"FitPrint s.r.o.","url":"https:\/\/fitprint.cz\/","logo":{"@type":"ImageObject","inLanguage":"cs","@id":"https:\/\/fitprint.cz\/#\/schema\/logo\/image\/","url":"https:\/\/fitprint.cz\/wp-content\/uploads\/2023\/04\/FitPrint_logo_1.svg","contentUrl":"https:\/\/fitprint.cz\/wp-content\/uploads\/2023\/04\/FitPrint_logo_1.svg","width":230,"height":68,"caption":"FitPrint s.r.o."},"image":{"@id":"https:\/\/fitprint.cz\/#\/schema\/logo\/image\/"}}]}},"_links":{"self":[{"href":"https:\/\/fitprint.cz\/index.php?rest_route=\/wp\/v2\/pages\/8"}],"collection":[{"href":"https:\/\/fitprint.cz\/index.php?rest_route=\/wp\/v2\/pages"}],"about":[{"href":"https:\/\/fitprint.cz\/index.php?rest_route=\/wp\/v2\/types\/page"}],"author":[{"embeddable":true,"href":"https:\/\/fitprint.cz\/index.php?rest_route=\/wp\/v2\/users\/1"}],"replies":[{"embeddable":true,"href":"https:\/\/fitprint.cz\/index.php?rest_route=%2Fwp%2Fv2%2Fcomments&post=8"}],"version-history":[{"count":0,"href":"https:\/\/fitprint.cz\/index.php?rest_route=\/wp\/v2\/pages\/8\/revisions"}],"wp:attachment":[{"href":"https:\/\/fitprint.cz\/index.php?rest_route=%2Fwp%2Fv2%2Fmedia&parent=8"}],"curies":[{"name":"wp","href":"https:\/\/api.w.org\/{rel}","templated":true}]}}