{"id":9242,"date":"2023-06-08T20:27:16","date_gmt":"2023-06-08T18:27:16","guid":{"rendered":"https:\/\/fitprint.cz\/?product=lexmark-18c0034bl-kompatibilni-cerna-inkoustova-cartridge"},"modified":"2023-09-15T05:12:04","modified_gmt":"2023-09-15T03:12:04","slug":"lexmark-18c0034bl-kompatibilni-cerna-inkoustova-cartridge","status":"publish","type":"product","link":"https:\/\/fitprint.cz\/?product=lexmark-18c0034bl-kompatibilni-cerna-inkoustova-cartridge","title":{"rendered":"Lexmark 18C0034BL &#8211; kompatibiln\u00ed \u010dern\u00e1 inkoustov\u00e1 cartridge"},"content":{"rendered":"<p><strong>Kompatibiln\u00ed s:<\/strong><\/p>\n<p>Lexmark X2500, Lexmark X2510, Lexmark X2530, Lexmark X2550, Lexmark X3300, Lexmark X3310, Lexmark X3315, Lexmark X3330, Lexmark X3340, Lexmark X3350, Lexmark X3380, Lexmark X3530, Lexmark X3550, Lexmark X4500, Lexmark X4530, Lexmark X4550, Lexmark X5070, Lexmark X5075, Lexmark X5210, Lexmark X5250, Lexmark X5260, Lexmark X5270, Lexmark X5400, Lexmark X5410, Lexmark X5450, Lexmark X5470, Lexmark X5490, Lexmark X5495, Lexmark X7100, Lexmark X7170, Lexmark X7300, Lexmark X7310, Lexmark X7350, Lexmark X8300, Lexmark X8310, Lexmark X8350, Lexmark P4310, Lexmark P4330, Lexmark P4350, Lexmark P6200, Lexmark P6210, Lexmark P6250, Lexmark P6350, Lexmark P900, Lexmark P910, Lexmark P915, Lexmark Z1300, Lexmark Z1310, Lexmark Z1320, Lexmark Z1350, Lexmark Z1410, Lexmark Z1420, Lexmark Z1450, Lexmark Z810, Lexmark Z812, Lexmark Z815, Lexmark Z816, Lexmark Z818, Lexmark Z840, Lexmark Z845<\/p>\n","protected":false},"excerpt":{"rendered":"<p>Kompatibiln\u00ed s: Lexmark X2500, Lexmark X2510, Lexmark X2530, Lexmark X2550, Lexmark X3300, Lexmark X3310, Lexmark X3315, Lexmark X3330, Lexmark X3340, Lexmark X3350, Lexmark X3380, Lexmark X3530, Lexmark X3550, Lexmark X4500, Lexmark X4530, Lexmark X4550, Lexmark X5070, Lexmark X5075, Lexmark X5210, Lexmark X5250, Lexmark X5260, Lexmark X5270, Lexmark X5400, Lexmark X5410, Lexmark X5450, Lexmark X5470, Lexmark [&hellip;]<\/p>\n","protected":false},"featured_media":9231,"template":"","meta":[],"product_cat":[276,195],"product_tag":[305],"yoast_head":"<!-- This site is optimized with the Yoast SEO plugin v21.0 - https:\/\/yoast.com\/wordpress\/plugins\/seo\/ -->\n<title>Lexmark 18C0034BL - kompatibiln\u00ed \u010dern\u00e1 inkoustov\u00e1 cartridge - FitPrint<\/title>\n<meta name=\"robots\" content=\"index, follow, max-snippet:-1, max-image-preview:large, max-video-preview:-1\" \/>\n<link rel=\"canonical\" href=\"https:\/\/fitprint.cz\/?product=lexmark-18c0034bl-kompatibilni-cerna-inkoustova-cartridge\" \/>\n<meta property=\"og:locale\" content=\"cs_CZ\" \/>\n<meta property=\"og:type\" content=\"article\" \/>\n<meta property=\"og:title\" content=\"Lexmark 18C0034BL - kompatibiln\u00ed \u010dern\u00e1 inkoustov\u00e1 cartridge - FitPrint\" \/>\n<meta property=\"og:description\" content=\"Kompatibiln\u00ed s: Lexmark X2500, Lexmark X2510, Lexmark X2530, Lexmark X2550, Lexmark X3300, Lexmark X3310, Lexmark X3315, Lexmark X3330, Lexmark X3340, Lexmark X3350, Lexmark X3380, Lexmark X3530, Lexmark X3550, Lexmark X4500, Lexmark X4530, Lexmark X4550, Lexmark X5070, Lexmark X5075, Lexmark X5210, Lexmark X5250, Lexmark X5260, Lexmark X5270, Lexmark X5400, Lexmark X5410, Lexmark X5450, Lexmark X5470, Lexmark [&hellip;]\" \/>\n<meta property=\"og:url\" content=\"https:\/\/fitprint.cz\/?product=lexmark-18c0034bl-kompatibilni-cerna-inkoustova-cartridge\" \/>\n<meta property=\"og:site_name\" content=\"FitPrint\" \/>\n<meta property=\"article:modified_time\" content=\"2023-09-15T03:12:04+00:00\" \/>\n<meta property=\"og:image\" content=\"https:\/\/fitprint.cz\/wp-content\/uploads\/2023\/06\/product_inkoust_2.jpg\" \/>\n\t<meta property=\"og:image:width\" content=\"1000\" \/>\n\t<meta property=\"og:image:height\" content=\"667\" \/>\n\t<meta property=\"og:image:type\" content=\"image\/jpeg\" \/>\n<meta name=\"twitter:card\" content=\"summary_large_image\" \/>\n<meta name=\"twitter:label1\" content=\"Odhadovan\u00e1 doba \u010dten\u00ed\" \/>\n\t<meta name=\"twitter:data1\" content=\"1 minuta\" \/>\n<script type=\"application\/ld+json\" class=\"yoast-schema-graph\">{\"@context\":\"https:\/\/schema.org\",\"@graph\":[{\"@type\":\"WebPage\",\"@id\":\"https:\/\/fitprint.cz\/?product=lexmark-18c0034bl-kompatibilni-cerna-inkoustova-cartridge\",\"url\":\"https:\/\/fitprint.cz\/?product=lexmark-18c0034bl-kompatibilni-cerna-inkoustova-cartridge\",\"name\":\"Lexmark 18C0034BL - kompatibiln\u00ed \u010dern\u00e1 inkoustov\u00e1 cartridge - FitPrint\",\"isPartOf\":{\"@id\":\"https:\/\/fitprint.cz\/#website\"},\"datePublished\":\"2023-06-08T18:27:16+00:00\",\"dateModified\":\"2023-09-15T03:12:04+00:00\",\"breadcrumb\":{\"@id\":\"https:\/\/fitprint.cz\/?product=lexmark-18c0034bl-kompatibilni-cerna-inkoustova-cartridge#breadcrumb\"},\"inLanguage\":\"cs\",\"potentialAction\":[{\"@type\":\"ReadAction\",\"target\":[\"https:\/\/fitprint.cz\/?product=lexmark-18c0034bl-kompatibilni-cerna-inkoustova-cartridge\"]}]},{\"@type\":\"BreadcrumbList\",\"@id\":\"https:\/\/fitprint.cz\/?product=lexmark-18c0034bl-kompatibilni-cerna-inkoustova-cartridge#breadcrumb\",\"itemListElement\":[{\"@type\":\"ListItem\",\"position\":1,\"name\":\"Home\",\"item\":\"https:\/\/fitprint.cz\/\"},{\"@type\":\"ListItem\",\"position\":2,\"name\":\"Shop\",\"item\":\"https:\/\/fitprint.cz\/?page_id=5\"},{\"@type\":\"ListItem\",\"position\":3,\"name\":\"Lexmark 18C0034BL &#8211; kompatibiln\u00ed \u010dern\u00e1 inkoustov\u00e1 cartridge\"}]},{\"@type\":\"WebSite\",\"@id\":\"https:\/\/fitprint.cz\/#website\",\"url\":\"https:\/\/fitprint.cz\/\",\"name\":\"FitPrint\",\"description\":\"levn\u00e9 tiskov\u00e9 tonery a n\u00e1pln\u011b pro tisk\u00e1rny\",\"publisher\":{\"@id\":\"https:\/\/fitprint.cz\/#organization\"},\"potentialAction\":[{\"@type\":\"SearchAction\",\"target\":{\"@type\":\"EntryPoint\",\"urlTemplate\":\"https:\/\/fitprint.cz\/?s={search_term_string}\"},\"query-input\":\"required name=search_term_string\"}],\"inLanguage\":\"cs\"},{\"@type\":\"Organization\",\"@id\":\"https:\/\/fitprint.cz\/#organization\",\"name\":\"FitPrint s.r.o.\",\"url\":\"https:\/\/fitprint.cz\/\",\"logo\":{\"@type\":\"ImageObject\",\"inLanguage\":\"cs\",\"@id\":\"https:\/\/fitprint.cz\/#\/schema\/logo\/image\/\",\"url\":\"https:\/\/fitprint.cz\/wp-content\/uploads\/2023\/04\/FitPrint_logo_1.svg\",\"contentUrl\":\"https:\/\/fitprint.cz\/wp-content\/uploads\/2023\/04\/FitPrint_logo_1.svg\",\"width\":230,\"height\":68,\"caption\":\"FitPrint s.r.o.\"},\"image\":{\"@id\":\"https:\/\/fitprint.cz\/#\/schema\/logo\/image\/\"}}]}<\/script>\n<!-- \/ Yoast SEO plugin. -->","yoast_head_json":{"title":"Lexmark 18C0034BL - kompatibiln\u00ed \u010dern\u00e1 inkoustov\u00e1 cartridge - FitPrint","robots":{"index":"index","follow":"follow","max-snippet":"max-snippet:-1","max-image-preview":"max-image-preview:large","max-video-preview":"max-video-preview:-1"},"canonical":"https:\/\/fitprint.cz\/?product=lexmark-18c0034bl-kompatibilni-cerna-inkoustova-cartridge","og_locale":"cs_CZ","og_type":"article","og_title":"Lexmark 18C0034BL - kompatibiln\u00ed \u010dern\u00e1 inkoustov\u00e1 cartridge - FitPrint","og_description":"Kompatibiln\u00ed s: Lexmark X2500, Lexmark X2510, Lexmark X2530, Lexmark X2550, Lexmark X3300, Lexmark X3310, Lexmark X3315, Lexmark X3330, Lexmark X3340, Lexmark X3350, Lexmark X3380, Lexmark X3530, Lexmark X3550, Lexmark X4500, Lexmark X4530, Lexmark X4550, Lexmark X5070, Lexmark X5075, Lexmark X5210, Lexmark X5250, Lexmark X5260, Lexmark X5270, Lexmark X5400, Lexmark X5410, Lexmark X5450, Lexmark X5470, Lexmark [&hellip;]","og_url":"https:\/\/fitprint.cz\/?product=lexmark-18c0034bl-kompatibilni-cerna-inkoustova-cartridge","og_site_name":"FitPrint","article_modified_time":"2023-09-15T03:12:04+00:00","og_image":[{"width":1000,"height":667,"url":"https:\/\/fitprint.cz\/wp-content\/uploads\/2023\/06\/product_inkoust_2.jpg","type":"image\/jpeg"}],"twitter_card":"summary_large_image","twitter_misc":{"Odhadovan\u00e1 doba \u010dten\u00ed":"1 minuta"},"schema":{"@context":"https:\/\/schema.org","@graph":[{"@type":"WebPage","@id":"https:\/\/fitprint.cz\/?product=lexmark-18c0034bl-kompatibilni-cerna-inkoustova-cartridge","url":"https:\/\/fitprint.cz\/?product=lexmark-18c0034bl-kompatibilni-cerna-inkoustova-cartridge","name":"Lexmark 18C0034BL - kompatibiln\u00ed \u010dern\u00e1 inkoustov\u00e1 cartridge - FitPrint","isPartOf":{"@id":"https:\/\/fitprint.cz\/#website"},"datePublished":"2023-06-08T18:27:16+00:00","dateModified":"2023-09-15T03:12:04+00:00","breadcrumb":{"@id":"https:\/\/fitprint.cz\/?product=lexmark-18c0034bl-kompatibilni-cerna-inkoustova-cartridge#breadcrumb"},"inLanguage":"cs","potentialAction":[{"@type":"ReadAction","target":["https:\/\/fitprint.cz\/?product=lexmark-18c0034bl-kompatibilni-cerna-inkoustova-cartridge"]}]},{"@type":"BreadcrumbList","@id":"https:\/\/fitprint.cz\/?product=lexmark-18c0034bl-kompatibilni-cerna-inkoustova-cartridge#breadcrumb","itemListElement":[{"@type":"ListItem","position":1,"name":"Home","item":"https:\/\/fitprint.cz\/"},{"@type":"ListItem","position":2,"name":"Shop","item":"https:\/\/fitprint.cz\/?page_id=5"},{"@type":"ListItem","position":3,"name":"Lexmark 18C0034BL &#8211; kompatibiln\u00ed \u010dern\u00e1 inkoustov\u00e1 cartridge"}]},{"@type":"WebSite","@id":"https:\/\/fitprint.cz\/#website","url":"https:\/\/fitprint.cz\/","name":"FitPrint","description":"levn\u00e9 tiskov\u00e9 tonery a n\u00e1pln\u011b pro tisk\u00e1rny","publisher":{"@id":"https:\/\/fitprint.cz\/#organization"},"potentialAction":[{"@type":"SearchAction","target":{"@type":"EntryPoint","urlTemplate":"https:\/\/fitprint.cz\/?s={search_term_string}"},"query-input":"required name=search_term_string"}],"inLanguage":"cs"},{"@type":"Organization","@id":"https:\/\/fitprint.cz\/#organization","name":"FitPrint s.r.o.","url":"https:\/\/fitprint.cz\/","logo":{"@type":"ImageObject","inLanguage":"cs","@id":"https:\/\/fitprint.cz\/#\/schema\/logo\/image\/","url":"https:\/\/fitprint.cz\/wp-content\/uploads\/2023\/04\/FitPrint_logo_1.svg","contentUrl":"https:\/\/fitprint.cz\/wp-content\/uploads\/2023\/04\/FitPrint_logo_1.svg","width":230,"height":68,"caption":"FitPrint s.r.o."},"image":{"@id":"https:\/\/fitprint.cz\/#\/schema\/logo\/image\/"}}]}},"_links":{"self":[{"href":"https:\/\/fitprint.cz\/index.php?rest_route=\/wp\/v2\/product\/9242"}],"collection":[{"href":"https:\/\/fitprint.cz\/index.php?rest_route=\/wp\/v2\/product"}],"about":[{"href":"https:\/\/fitprint.cz\/index.php?rest_route=\/wp\/v2\/types\/product"}],"version-history":[{"count":1,"href":"https:\/\/fitprint.cz\/index.php?rest_route=\/wp\/v2\/product\/9242\/revisions"}],"predecessor-version":[{"id":10109,"href":"https:\/\/fitprint.cz\/index.php?rest_route=\/wp\/v2\/product\/9242\/revisions\/10109"}],"wp:featuredmedia":[{"embeddable":true,"href":"https:\/\/fitprint.cz\/index.php?rest_route=\/wp\/v2\/media\/9231"}],"wp:attachment":[{"href":"https:\/\/fitprint.cz\/index.php?rest_route=%2Fwp%2Fv2%2Fmedia&parent=9242"}],"wp:term":[{"taxonomy":"product_cat","embeddable":true,"href":"https:\/\/fitprint.cz\/index.php?rest_route=%2Fwp%2Fv2%2Fproduct_cat&post=9242"},{"taxonomy":"product_tag","embeddable":true,"href":"https:\/\/fitprint.cz\/index.php?rest_route=%2Fwp%2Fv2%2Fproduct_tag&post=9242"}],"curies":[{"name":"wp","href":"https:\/\/api.w.org\/{rel}","templated":true}]}}