{"id":9263,"date":"2023-06-08T20:27:21","date_gmt":"2023-06-08T18:27:21","guid":{"rendered":"https:\/\/fitprint.cz\/?product=hp-903-lbk-t6l99ae-kompatibilni-cerna-inkoustova-cartridge"},"modified":"2023-10-23T08:02:42","modified_gmt":"2023-10-23T06:02:42","slug":"hp-903-lbk-t6l99ae-kompatibilni-cerna-inkoustova-cartridge","status":"publish","type":"product","link":"https:\/\/fitprint.cz\/?product=hp-903-lbk-t6l99ae-kompatibilni-cerna-inkoustova-cartridge","title":{"rendered":"HP 903 LBK &#8211; T6L99AE &#8211;  kompatibiln\u00ed \u010dern\u00e1 inkoustov\u00e1 cartridge"},"content":{"rendered":"<p><strong>Kompatibiln\u00ed s:<\/strong><\/p>\n<p>HP OfficeJet Pro 6860 Series, HP OfficeJet Pro 6868, HP OfficeJet Pro 6950, HP OfficeJet Pro 6960, HP OfficeJet Pro 6970, HP OfficeJet Pro 6975, HP OfficeJet Pro 6978, HP OfficeJet Pro 6968, HP OfficeJet Pro 6966 AiO, HP OfficeJet Pro 6966 All-in-One, HP OfficeJet Pro 6968 All-in-One, HP OfficeJet Pro 6975 AiO, HP OfficeJet Pro 6975 All-in-One, HP OfficeJet Pro 6868 All-in-One, HP OfficeJet Pro 6968 AiO, HP OfficeJet Pro 6860, HP OfficeJet Pro 6860 AiO, HP OfficeJet Pro 6860 All-in-One, HP OfficeJet Pro 6960 AiO, HP OfficeJet Pro 6960 All-in-One, HP OfficeJet Pro 6970 AiO, HP OfficeJet Pro 6970 All-in-One, HP OfficeJet Pro 6950 AiO, HP OfficeJet Pro 6950 All-in-One, HP OfficeJet Pro 6971, HP OfficeJet Pro 6971 AiO, HP OfficeJet Pro 6971 All-in-One, HP OfficeJet Pro 6978 AiO, HP OfficeJet Pro 6978 All-in-One, HP OfficeJet Pro 6974, HP OfficeJet Pro 6974 AiO, HP OfficeJet Pro 6974 All-in-One, HP OfficeJet Pro 6979, HP OfficeJet Pro 6979 AiO, HP OfficeJet Pro 6979 All-in-One, HP OfficeJet Pro 6976, HP OfficeJet Pro 6976 AiO, HP OfficeJet Pro 6976 All-in-One, HP OfficeJet Pro 6962, HP OfficeJet Pro 6962 AiO, HP OfficeJet Pro 6962 All-in-One, HP OfficeJet Pro 6961, HP OfficeJet Pro 6961 AiO, HP OfficeJet Pro 6961 All-in-One, HP OfficeJet Pro 6963, HP OfficeJet Pro 6963 AiO, HP OfficeJet Pro 6963 All-in-One, HP OfficeJet Pro 6964, HP OfficeJet Pro 6964 AiO, HP OfficeJet Pro 6964 All-in-One, HP OfficeJet Pro 6965, HP OfficeJet Pro 6965 AiO, HP OfficeJet Pro 6965 All-in-One, HP OfficeJet Pro 6966, HP OfficeJet Pro 6868 AiO, HP OfficeJet 6950<\/p>\n","protected":false},"excerpt":{"rendered":"<p>Kompatibiln\u00ed s: HP OfficeJet Pro 6860 Series, HP OfficeJet Pro 6868, HP OfficeJet Pro 6950, HP OfficeJet Pro 6960, HP OfficeJet Pro 6970, HP OfficeJet Pro 6975, HP OfficeJet Pro 6978, HP OfficeJet Pro 6968, HP OfficeJet Pro 6966 AiO, HP OfficeJet Pro 6966 All-in-One, HP OfficeJet Pro 6968 All-in-One, HP OfficeJet Pro 6975 AiO, [&hellip;]<\/p>\n","protected":false},"featured_media":9232,"template":"","meta":[],"product_cat":[196,195],"product_tag":[305],"yoast_head":"<!-- This site is optimized with the Yoast SEO plugin v21.0 - https:\/\/yoast.com\/wordpress\/plugins\/seo\/ -->\n<title>HP 903 LBK - T6L99AE - kompatibiln\u00ed \u010dern\u00e1 inkoustov\u00e1 cartridge - FitPrint<\/title>\n<meta name=\"robots\" content=\"index, follow, max-snippet:-1, max-image-preview:large, max-video-preview:-1\" \/>\n<link rel=\"canonical\" href=\"https:\/\/fitprint.cz\/?product=hp-903-lbk-t6l99ae-kompatibilni-cerna-inkoustova-cartridge\" \/>\n<meta property=\"og:locale\" content=\"cs_CZ\" \/>\n<meta property=\"og:type\" content=\"article\" \/>\n<meta property=\"og:title\" content=\"HP 903 LBK - T6L99AE - kompatibiln\u00ed \u010dern\u00e1 inkoustov\u00e1 cartridge - FitPrint\" \/>\n<meta property=\"og:description\" content=\"Kompatibiln\u00ed s: HP OfficeJet Pro 6860 Series, HP OfficeJet Pro 6868, HP OfficeJet Pro 6950, HP OfficeJet Pro 6960, HP OfficeJet Pro 6970, HP OfficeJet Pro 6975, HP OfficeJet Pro 6978, HP OfficeJet Pro 6968, HP OfficeJet Pro 6966 AiO, HP OfficeJet Pro 6966 All-in-One, HP OfficeJet Pro 6968 All-in-One, HP OfficeJet Pro 6975 AiO, [&hellip;]\" \/>\n<meta property=\"og:url\" content=\"https:\/\/fitprint.cz\/?product=hp-903-lbk-t6l99ae-kompatibilni-cerna-inkoustova-cartridge\" \/>\n<meta property=\"og:site_name\" content=\"FitPrint\" \/>\n<meta property=\"article:modified_time\" content=\"2023-10-23T06:02:42+00:00\" \/>\n<meta property=\"og:image\" content=\"https:\/\/fitprint.cz\/wp-content\/uploads\/2023\/06\/product_inkoust_1.jpg\" \/>\n\t<meta property=\"og:image:width\" content=\"1000\" \/>\n\t<meta property=\"og:image:height\" content=\"667\" \/>\n\t<meta property=\"og:image:type\" content=\"image\/jpeg\" \/>\n<meta name=\"twitter:card\" content=\"summary_large_image\" \/>\n<meta name=\"twitter:label1\" content=\"Odhadovan\u00e1 doba \u010dten\u00ed\" \/>\n\t<meta name=\"twitter:data1\" content=\"1 minuta\" \/>\n<script type=\"application\/ld+json\" class=\"yoast-schema-graph\">{\"@context\":\"https:\/\/schema.org\",\"@graph\":[{\"@type\":\"WebPage\",\"@id\":\"https:\/\/fitprint.cz\/?product=hp-903-lbk-t6l99ae-kompatibilni-cerna-inkoustova-cartridge\",\"url\":\"https:\/\/fitprint.cz\/?product=hp-903-lbk-t6l99ae-kompatibilni-cerna-inkoustova-cartridge\",\"name\":\"HP 903 LBK - T6L99AE - kompatibiln\u00ed \u010dern\u00e1 inkoustov\u00e1 cartridge - FitPrint\",\"isPartOf\":{\"@id\":\"https:\/\/fitprint.cz\/#website\"},\"datePublished\":\"2023-06-08T18:27:21+00:00\",\"dateModified\":\"2023-10-23T06:02:42+00:00\",\"breadcrumb\":{\"@id\":\"https:\/\/fitprint.cz\/?product=hp-903-lbk-t6l99ae-kompatibilni-cerna-inkoustova-cartridge#breadcrumb\"},\"inLanguage\":\"cs\",\"potentialAction\":[{\"@type\":\"ReadAction\",\"target\":[\"https:\/\/fitprint.cz\/?product=hp-903-lbk-t6l99ae-kompatibilni-cerna-inkoustova-cartridge\"]}]},{\"@type\":\"BreadcrumbList\",\"@id\":\"https:\/\/fitprint.cz\/?product=hp-903-lbk-t6l99ae-kompatibilni-cerna-inkoustova-cartridge#breadcrumb\",\"itemListElement\":[{\"@type\":\"ListItem\",\"position\":1,\"name\":\"Home\",\"item\":\"https:\/\/fitprint.cz\/\"},{\"@type\":\"ListItem\",\"position\":2,\"name\":\"Shop\",\"item\":\"https:\/\/fitprint.cz\/?page_id=5\"},{\"@type\":\"ListItem\",\"position\":3,\"name\":\"HP 903 LBK &#8211; T6L99AE &#8211; kompatibiln\u00ed \u010dern\u00e1 inkoustov\u00e1 cartridge\"}]},{\"@type\":\"WebSite\",\"@id\":\"https:\/\/fitprint.cz\/#website\",\"url\":\"https:\/\/fitprint.cz\/\",\"name\":\"FitPrint\",\"description\":\"levn\u00e9 tiskov\u00e9 tonery a n\u00e1pln\u011b pro tisk\u00e1rny\",\"publisher\":{\"@id\":\"https:\/\/fitprint.cz\/#organization\"},\"potentialAction\":[{\"@type\":\"SearchAction\",\"target\":{\"@type\":\"EntryPoint\",\"urlTemplate\":\"https:\/\/fitprint.cz\/?s={search_term_string}\"},\"query-input\":\"required name=search_term_string\"}],\"inLanguage\":\"cs\"},{\"@type\":\"Organization\",\"@id\":\"https:\/\/fitprint.cz\/#organization\",\"name\":\"FitPrint s.r.o.\",\"url\":\"https:\/\/fitprint.cz\/\",\"logo\":{\"@type\":\"ImageObject\",\"inLanguage\":\"cs\",\"@id\":\"https:\/\/fitprint.cz\/#\/schema\/logo\/image\/\",\"url\":\"https:\/\/fitprint.cz\/wp-content\/uploads\/2023\/04\/FitPrint_logo_1.svg\",\"contentUrl\":\"https:\/\/fitprint.cz\/wp-content\/uploads\/2023\/04\/FitPrint_logo_1.svg\",\"width\":230,\"height\":68,\"caption\":\"FitPrint s.r.o.\"},\"image\":{\"@id\":\"https:\/\/fitprint.cz\/#\/schema\/logo\/image\/\"}}]}<\/script>\n<!-- \/ Yoast SEO plugin. -->","yoast_head_json":{"title":"HP 903 LBK - T6L99AE - kompatibiln\u00ed \u010dern\u00e1 inkoustov\u00e1 cartridge - FitPrint","robots":{"index":"index","follow":"follow","max-snippet":"max-snippet:-1","max-image-preview":"max-image-preview:large","max-video-preview":"max-video-preview:-1"},"canonical":"https:\/\/fitprint.cz\/?product=hp-903-lbk-t6l99ae-kompatibilni-cerna-inkoustova-cartridge","og_locale":"cs_CZ","og_type":"article","og_title":"HP 903 LBK - T6L99AE - kompatibiln\u00ed \u010dern\u00e1 inkoustov\u00e1 cartridge - FitPrint","og_description":"Kompatibiln\u00ed s: HP OfficeJet Pro 6860 Series, HP OfficeJet Pro 6868, HP OfficeJet Pro 6950, HP OfficeJet Pro 6960, HP OfficeJet Pro 6970, HP OfficeJet Pro 6975, HP OfficeJet Pro 6978, HP OfficeJet Pro 6968, HP OfficeJet Pro 6966 AiO, HP OfficeJet Pro 6966 All-in-One, HP OfficeJet Pro 6968 All-in-One, HP OfficeJet Pro 6975 AiO, [&hellip;]","og_url":"https:\/\/fitprint.cz\/?product=hp-903-lbk-t6l99ae-kompatibilni-cerna-inkoustova-cartridge","og_site_name":"FitPrint","article_modified_time":"2023-10-23T06:02:42+00:00","og_image":[{"width":1000,"height":667,"url":"https:\/\/fitprint.cz\/wp-content\/uploads\/2023\/06\/product_inkoust_1.jpg","type":"image\/jpeg"}],"twitter_card":"summary_large_image","twitter_misc":{"Odhadovan\u00e1 doba \u010dten\u00ed":"1 minuta"},"schema":{"@context":"https:\/\/schema.org","@graph":[{"@type":"WebPage","@id":"https:\/\/fitprint.cz\/?product=hp-903-lbk-t6l99ae-kompatibilni-cerna-inkoustova-cartridge","url":"https:\/\/fitprint.cz\/?product=hp-903-lbk-t6l99ae-kompatibilni-cerna-inkoustova-cartridge","name":"HP 903 LBK - T6L99AE - kompatibiln\u00ed \u010dern\u00e1 inkoustov\u00e1 cartridge - FitPrint","isPartOf":{"@id":"https:\/\/fitprint.cz\/#website"},"datePublished":"2023-06-08T18:27:21+00:00","dateModified":"2023-10-23T06:02:42+00:00","breadcrumb":{"@id":"https:\/\/fitprint.cz\/?product=hp-903-lbk-t6l99ae-kompatibilni-cerna-inkoustova-cartridge#breadcrumb"},"inLanguage":"cs","potentialAction":[{"@type":"ReadAction","target":["https:\/\/fitprint.cz\/?product=hp-903-lbk-t6l99ae-kompatibilni-cerna-inkoustova-cartridge"]}]},{"@type":"BreadcrumbList","@id":"https:\/\/fitprint.cz\/?product=hp-903-lbk-t6l99ae-kompatibilni-cerna-inkoustova-cartridge#breadcrumb","itemListElement":[{"@type":"ListItem","position":1,"name":"Home","item":"https:\/\/fitprint.cz\/"},{"@type":"ListItem","position":2,"name":"Shop","item":"https:\/\/fitprint.cz\/?page_id=5"},{"@type":"ListItem","position":3,"name":"HP 903 LBK &#8211; T6L99AE &#8211; kompatibiln\u00ed \u010dern\u00e1 inkoustov\u00e1 cartridge"}]},{"@type":"WebSite","@id":"https:\/\/fitprint.cz\/#website","url":"https:\/\/fitprint.cz\/","name":"FitPrint","description":"levn\u00e9 tiskov\u00e9 tonery a n\u00e1pln\u011b pro tisk\u00e1rny","publisher":{"@id":"https:\/\/fitprint.cz\/#organization"},"potentialAction":[{"@type":"SearchAction","target":{"@type":"EntryPoint","urlTemplate":"https:\/\/fitprint.cz\/?s={search_term_string}"},"query-input":"required name=search_term_string"}],"inLanguage":"cs"},{"@type":"Organization","@id":"https:\/\/fitprint.cz\/#organization","name":"FitPrint s.r.o.","url":"https:\/\/fitprint.cz\/","logo":{"@type":"ImageObject","inLanguage":"cs","@id":"https:\/\/fitprint.cz\/#\/schema\/logo\/image\/","url":"https:\/\/fitprint.cz\/wp-content\/uploads\/2023\/04\/FitPrint_logo_1.svg","contentUrl":"https:\/\/fitprint.cz\/wp-content\/uploads\/2023\/04\/FitPrint_logo_1.svg","width":230,"height":68,"caption":"FitPrint s.r.o."},"image":{"@id":"https:\/\/fitprint.cz\/#\/schema\/logo\/image\/"}}]}},"_links":{"self":[{"href":"https:\/\/fitprint.cz\/index.php?rest_route=\/wp\/v2\/product\/9263"}],"collection":[{"href":"https:\/\/fitprint.cz\/index.php?rest_route=\/wp\/v2\/product"}],"about":[{"href":"https:\/\/fitprint.cz\/index.php?rest_route=\/wp\/v2\/types\/product"}],"version-history":[{"count":1,"href":"https:\/\/fitprint.cz\/index.php?rest_route=\/wp\/v2\/product\/9263\/revisions"}],"predecessor-version":[{"id":10745,"href":"https:\/\/fitprint.cz\/index.php?rest_route=\/wp\/v2\/product\/9263\/revisions\/10745"}],"wp:featuredmedia":[{"embeddable":true,"href":"https:\/\/fitprint.cz\/index.php?rest_route=\/wp\/v2\/media\/9232"}],"wp:attachment":[{"href":"https:\/\/fitprint.cz\/index.php?rest_route=%2Fwp%2Fv2%2Fmedia&parent=9263"}],"wp:term":[{"taxonomy":"product_cat","embeddable":true,"href":"https:\/\/fitprint.cz\/index.php?rest_route=%2Fwp%2Fv2%2Fproduct_cat&post=9263"},{"taxonomy":"product_tag","embeddable":true,"href":"https:\/\/fitprint.cz\/index.php?rest_route=%2Fwp%2Fv2%2Fproduct_tag&post=9263"}],"curies":[{"name":"wp","href":"https:\/\/api.w.org\/{rel}","templated":true}]}}