{"id":9292,"date":"2023-06-08T20:27:24","date_gmt":"2023-06-08T18:27:24","guid":{"rendered":"https:\/\/fitprint.cz\/?product=oki-transfer-44472202-60000str-oki-c310-c330-c510-530"},"modified":"2023-10-23T08:02:47","modified_gmt":"2023-10-23T06:02:47","slug":"oki-transfer-44472202-60000str-oki-c310-c330-c510-530","status":"publish","type":"product","link":"https:\/\/fitprint.cz\/?product=oki-transfer-44472202-60000str-oki-c310-c330-c510-530","title":{"rendered":"OKI transfer 44472202, 60000str., OKI C310, C330, C510, 530"},"content":{"rendered":"<p><strong>Kompatibiln\u00ed s:<\/strong><\/p>\n<p>OKI MC332, OKI MC332dn, OKI MC342, OKI MC342dn, OKI MC342dnw, OKI MC352, OKI MC352dn, OKI MC362, OKI MC362dn, OKI MC562, OKI MC562dn, OKI MC562dnw, OKI MC363dnw, OKI C301, OKI C301dn, OKI C310, OKI C310dn, OKI C321, OKI C321dn, OKI C330, OKI C330dn, OKI C331, OKI C331dn, OKI C510, OKI C510dn, OKI C511, OKI C511dn, OKI C530, OKI C530dn, OKI C531, OKI C531dn<\/p>\n","protected":false},"excerpt":{"rendered":"<p>Kompatibiln\u00ed s: OKI MC332, OKI MC332dn, OKI MC342, OKI MC342dn, OKI MC342dnw, OKI MC352, OKI MC352dn, OKI MC362, OKI MC362dn, OKI MC562, OKI MC562dn, OKI MC562dnw, OKI MC363dnw, OKI C301, OKI C301dn, OKI C310, OKI C310dn, OKI C321, OKI C321dn, OKI C330, OKI C330dn, OKI C331, OKI C331dn, OKI C510, OKI C510dn, OKI C511, OKI [&hellip;]<\/p>\n","protected":false},"featured_media":0,"template":"","meta":[],"product_cat":[265,195],"product_tag":[305],"yoast_head":"<!-- This site is optimized with the Yoast SEO plugin v21.0 - https:\/\/yoast.com\/wordpress\/plugins\/seo\/ -->\n<title>OKI transfer 44472202, 60000str., OKI C310, C330, C510, 530 - FitPrint<\/title>\n<meta name=\"robots\" content=\"index, follow, max-snippet:-1, max-image-preview:large, max-video-preview:-1\" \/>\n<link rel=\"canonical\" href=\"https:\/\/fitprint.cz\/?product=oki-transfer-44472202-60000str-oki-c310-c330-c510-530\" \/>\n<meta property=\"og:locale\" content=\"cs_CZ\" \/>\n<meta property=\"og:type\" content=\"article\" \/>\n<meta property=\"og:title\" content=\"OKI transfer 44472202, 60000str., OKI C310, C330, C510, 530 - FitPrint\" \/>\n<meta property=\"og:description\" content=\"Kompatibiln\u00ed s: OKI MC332, OKI MC332dn, OKI MC342, OKI MC342dn, OKI MC342dnw, OKI MC352, OKI MC352dn, OKI MC362, OKI MC362dn, OKI MC562, OKI MC562dn, OKI MC562dnw, OKI MC363dnw, OKI C301, OKI C301dn, OKI C310, OKI C310dn, OKI C321, OKI C321dn, OKI C330, OKI C330dn, OKI C331, OKI C331dn, OKI C510, OKI C510dn, OKI C511, OKI [&hellip;]\" \/>\n<meta property=\"og:url\" content=\"https:\/\/fitprint.cz\/?product=oki-transfer-44472202-60000str-oki-c310-c330-c510-530\" \/>\n<meta property=\"og:site_name\" content=\"FitPrint\" \/>\n<meta property=\"article:modified_time\" content=\"2023-10-23T06:02:47+00:00\" \/>\n<meta name=\"twitter:card\" content=\"summary_large_image\" \/>\n<script type=\"application\/ld+json\" class=\"yoast-schema-graph\">{\"@context\":\"https:\/\/schema.org\",\"@graph\":[{\"@type\":\"WebPage\",\"@id\":\"https:\/\/fitprint.cz\/?product=oki-transfer-44472202-60000str-oki-c310-c330-c510-530\",\"url\":\"https:\/\/fitprint.cz\/?product=oki-transfer-44472202-60000str-oki-c310-c330-c510-530\",\"name\":\"OKI transfer 44472202, 60000str., OKI C310, C330, C510, 530 - FitPrint\",\"isPartOf\":{\"@id\":\"https:\/\/fitprint.cz\/#website\"},\"datePublished\":\"2023-06-08T18:27:24+00:00\",\"dateModified\":\"2023-10-23T06:02:47+00:00\",\"breadcrumb\":{\"@id\":\"https:\/\/fitprint.cz\/?product=oki-transfer-44472202-60000str-oki-c310-c330-c510-530#breadcrumb\"},\"inLanguage\":\"cs\",\"potentialAction\":[{\"@type\":\"ReadAction\",\"target\":[\"https:\/\/fitprint.cz\/?product=oki-transfer-44472202-60000str-oki-c310-c330-c510-530\"]}]},{\"@type\":\"BreadcrumbList\",\"@id\":\"https:\/\/fitprint.cz\/?product=oki-transfer-44472202-60000str-oki-c310-c330-c510-530#breadcrumb\",\"itemListElement\":[{\"@type\":\"ListItem\",\"position\":1,\"name\":\"Home\",\"item\":\"https:\/\/fitprint.cz\/\"},{\"@type\":\"ListItem\",\"position\":2,\"name\":\"Shop\",\"item\":\"https:\/\/fitprint.cz\/?page_id=5\"},{\"@type\":\"ListItem\",\"position\":3,\"name\":\"OKI transfer 44472202, 60000str., OKI C310, C330, C510, 530\"}]},{\"@type\":\"WebSite\",\"@id\":\"https:\/\/fitprint.cz\/#website\",\"url\":\"https:\/\/fitprint.cz\/\",\"name\":\"FitPrint\",\"description\":\"levn\u00e9 tiskov\u00e9 tonery a n\u00e1pln\u011b pro tisk\u00e1rny\",\"publisher\":{\"@id\":\"https:\/\/fitprint.cz\/#organization\"},\"potentialAction\":[{\"@type\":\"SearchAction\",\"target\":{\"@type\":\"EntryPoint\",\"urlTemplate\":\"https:\/\/fitprint.cz\/?s={search_term_string}\"},\"query-input\":\"required name=search_term_string\"}],\"inLanguage\":\"cs\"},{\"@type\":\"Organization\",\"@id\":\"https:\/\/fitprint.cz\/#organization\",\"name\":\"FitPrint s.r.o.\",\"url\":\"https:\/\/fitprint.cz\/\",\"logo\":{\"@type\":\"ImageObject\",\"inLanguage\":\"cs\",\"@id\":\"https:\/\/fitprint.cz\/#\/schema\/logo\/image\/\",\"url\":\"https:\/\/fitprint.cz\/wp-content\/uploads\/2023\/04\/FitPrint_logo_1.svg\",\"contentUrl\":\"https:\/\/fitprint.cz\/wp-content\/uploads\/2023\/04\/FitPrint_logo_1.svg\",\"width\":230,\"height\":68,\"caption\":\"FitPrint s.r.o.\"},\"image\":{\"@id\":\"https:\/\/fitprint.cz\/#\/schema\/logo\/image\/\"}}]}<\/script>\n<!-- \/ Yoast SEO plugin. -->","yoast_head_json":{"title":"OKI transfer 44472202, 60000str., OKI C310, C330, C510, 530 - FitPrint","robots":{"index":"index","follow":"follow","max-snippet":"max-snippet:-1","max-image-preview":"max-image-preview:large","max-video-preview":"max-video-preview:-1"},"canonical":"https:\/\/fitprint.cz\/?product=oki-transfer-44472202-60000str-oki-c310-c330-c510-530","og_locale":"cs_CZ","og_type":"article","og_title":"OKI transfer 44472202, 60000str., OKI C310, C330, C510, 530 - FitPrint","og_description":"Kompatibiln\u00ed s: OKI MC332, OKI MC332dn, OKI MC342, OKI MC342dn, OKI MC342dnw, OKI MC352, OKI MC352dn, OKI MC362, OKI MC362dn, OKI MC562, OKI MC562dn, OKI MC562dnw, OKI MC363dnw, OKI C301, OKI C301dn, OKI C310, OKI C310dn, OKI C321, OKI C321dn, OKI C330, OKI C330dn, OKI C331, OKI C331dn, OKI C510, OKI C510dn, OKI C511, OKI [&hellip;]","og_url":"https:\/\/fitprint.cz\/?product=oki-transfer-44472202-60000str-oki-c310-c330-c510-530","og_site_name":"FitPrint","article_modified_time":"2023-10-23T06:02:47+00:00","twitter_card":"summary_large_image","schema":{"@context":"https:\/\/schema.org","@graph":[{"@type":"WebPage","@id":"https:\/\/fitprint.cz\/?product=oki-transfer-44472202-60000str-oki-c310-c330-c510-530","url":"https:\/\/fitprint.cz\/?product=oki-transfer-44472202-60000str-oki-c310-c330-c510-530","name":"OKI transfer 44472202, 60000str., OKI C310, C330, C510, 530 - FitPrint","isPartOf":{"@id":"https:\/\/fitprint.cz\/#website"},"datePublished":"2023-06-08T18:27:24+00:00","dateModified":"2023-10-23T06:02:47+00:00","breadcrumb":{"@id":"https:\/\/fitprint.cz\/?product=oki-transfer-44472202-60000str-oki-c310-c330-c510-530#breadcrumb"},"inLanguage":"cs","potentialAction":[{"@type":"ReadAction","target":["https:\/\/fitprint.cz\/?product=oki-transfer-44472202-60000str-oki-c310-c330-c510-530"]}]},{"@type":"BreadcrumbList","@id":"https:\/\/fitprint.cz\/?product=oki-transfer-44472202-60000str-oki-c310-c330-c510-530#breadcrumb","itemListElement":[{"@type":"ListItem","position":1,"name":"Home","item":"https:\/\/fitprint.cz\/"},{"@type":"ListItem","position":2,"name":"Shop","item":"https:\/\/fitprint.cz\/?page_id=5"},{"@type":"ListItem","position":3,"name":"OKI transfer 44472202, 60000str., OKI C310, C330, C510, 530"}]},{"@type":"WebSite","@id":"https:\/\/fitprint.cz\/#website","url":"https:\/\/fitprint.cz\/","name":"FitPrint","description":"levn\u00e9 tiskov\u00e9 tonery a n\u00e1pln\u011b pro tisk\u00e1rny","publisher":{"@id":"https:\/\/fitprint.cz\/#organization"},"potentialAction":[{"@type":"SearchAction","target":{"@type":"EntryPoint","urlTemplate":"https:\/\/fitprint.cz\/?s={search_term_string}"},"query-input":"required name=search_term_string"}],"inLanguage":"cs"},{"@type":"Organization","@id":"https:\/\/fitprint.cz\/#organization","name":"FitPrint s.r.o.","url":"https:\/\/fitprint.cz\/","logo":{"@type":"ImageObject","inLanguage":"cs","@id":"https:\/\/fitprint.cz\/#\/schema\/logo\/image\/","url":"https:\/\/fitprint.cz\/wp-content\/uploads\/2023\/04\/FitPrint_logo_1.svg","contentUrl":"https:\/\/fitprint.cz\/wp-content\/uploads\/2023\/04\/FitPrint_logo_1.svg","width":230,"height":68,"caption":"FitPrint s.r.o."},"image":{"@id":"https:\/\/fitprint.cz\/#\/schema\/logo\/image\/"}}]}},"_links":{"self":[{"href":"https:\/\/fitprint.cz\/index.php?rest_route=\/wp\/v2\/product\/9292"}],"collection":[{"href":"https:\/\/fitprint.cz\/index.php?rest_route=\/wp\/v2\/product"}],"about":[{"href":"https:\/\/fitprint.cz\/index.php?rest_route=\/wp\/v2\/types\/product"}],"version-history":[{"count":1,"href":"https:\/\/fitprint.cz\/index.php?rest_route=\/wp\/v2\/product\/9292\/revisions"}],"predecessor-version":[{"id":10147,"href":"https:\/\/fitprint.cz\/index.php?rest_route=\/wp\/v2\/product\/9292\/revisions\/10147"}],"wp:attachment":[{"href":"https:\/\/fitprint.cz\/index.php?rest_route=%2Fwp%2Fv2%2Fmedia&parent=9292"}],"wp:term":[{"taxonomy":"product_cat","embeddable":true,"href":"https:\/\/fitprint.cz\/index.php?rest_route=%2Fwp%2Fv2%2Fproduct_cat&post=9292"},{"taxonomy":"product_tag","embeddable":true,"href":"https:\/\/fitprint.cz\/index.php?rest_route=%2Fwp%2Fv2%2Fproduct_tag&post=9292"}],"curies":[{"name":"wp","href":"https:\/\/api.w.org\/{rel}","templated":true}]}}