{"id":9345,"date":"2023-06-08T20:27:40","date_gmt":"2023-06-08T18:27:40","guid":{"rendered":"https:\/\/fitprint.cz\/?product=canon-cli526c-kompatibilni-modra-inkoustova-cartridge"},"modified":"2023-10-23T08:02:54","modified_gmt":"2023-10-23T06:02:54","slug":"canon-cli526c-kompatibilni-modra-inkoustova-cartridge","status":"publish","type":"product","link":"https:\/\/fitprint.cz\/?product=canon-cli526c-kompatibilni-modra-inkoustova-cartridge","title":{"rendered":"Canon CLI526C &#8211; kompatibiln\u00ed modr\u00e1 inkoustov\u00e1 cartridge"},"content":{"rendered":"<p><strong>Kompatibiln\u00ed s:<\/strong><\/p>\n<p>Canon Pixma iP4820, Canon Pixma iP4850, Canon Pixma iP4940, Canon Pixma iP4950, Canon Pixma iP6520, Canon Pixma iP6550, Canon Pixma iX6520, Canon Pixma iX6550, Canon Pixma iX6500 Series, Canon Pixma MG 5120, Canon Pixma MG 5140, Canon Pixma MG 5150, Canon Pixma MG 5170, Canon Pixma MG 5200, Canon Pixma MG 5220, Canon Pixma MG 5240, Canon Pixma MG 5250, Canon Pixma MG 5270, Canon Pixma MG 5300, Canon Pixma MG 5340, Canon Pixma MG 5350, Canon Pixma MG 6120, Canon Pixma MG 6150, Canon Pixma MG 6170, Canon Pixma MG 6200, Canon Pixma MG 6250, Canon Pixma MG 8120, Canon Pixma MG 8150, Canon Pixma MG 8170, Canon Pixma MG 8200, Canon Pixma MG 8240, Canon Pixma MG 8250, Canon Pixma MG 5300 Series, Canon Pixma MG 6200 Series, Canon Pixma MG 8200 Series, Canon Pixma MX710, Canon Pixma MX715, Canon Pixma MX882, Canon Pixma MX884, Canon Pixma MX885, Canon Pixma MX886, Canon Pixma MX890, Canon Pixma MX895, Canon Pixma MX710 Series, Canon Pixma MX890 Series<\/p>\n","protected":false},"excerpt":{"rendered":"<p>Kompatibiln\u00ed s: Canon Pixma iP4820, Canon Pixma iP4850, Canon Pixma iP4940, Canon Pixma iP4950, Canon Pixma iP6520, Canon Pixma iP6550, Canon Pixma iX6520, Canon Pixma iX6550, Canon Pixma iX6500 Series, Canon Pixma MG 5120, Canon Pixma MG 5140, Canon Pixma MG 5150, Canon Pixma MG 5170, Canon Pixma MG 5200, Canon Pixma MG 5220, Canon [&hellip;]<\/p>\n","protected":false},"featured_media":9230,"template":"","meta":[],"product_cat":[221,195],"product_tag":[305],"yoast_head":"<!-- This site is optimized with the Yoast SEO plugin v21.0 - https:\/\/yoast.com\/wordpress\/plugins\/seo\/ -->\n<title>Canon CLI526C - kompatibiln\u00ed modr\u00e1 inkoustov\u00e1 cartridge - FitPrint<\/title>\n<meta name=\"robots\" content=\"index, follow, max-snippet:-1, max-image-preview:large, max-video-preview:-1\" \/>\n<link rel=\"canonical\" href=\"https:\/\/fitprint.cz\/?product=canon-cli526c-kompatibilni-modra-inkoustova-cartridge\" \/>\n<meta property=\"og:locale\" content=\"cs_CZ\" \/>\n<meta property=\"og:type\" content=\"article\" \/>\n<meta property=\"og:title\" content=\"Canon CLI526C - kompatibiln\u00ed modr\u00e1 inkoustov\u00e1 cartridge - FitPrint\" \/>\n<meta property=\"og:description\" content=\"Kompatibiln\u00ed s: Canon Pixma iP4820, Canon Pixma iP4850, Canon Pixma iP4940, Canon Pixma iP4950, Canon Pixma iP6520, Canon Pixma iP6550, Canon Pixma iX6520, Canon Pixma iX6550, Canon Pixma iX6500 Series, Canon Pixma MG 5120, Canon Pixma MG 5140, Canon Pixma MG 5150, Canon Pixma MG 5170, Canon Pixma MG 5200, Canon Pixma MG 5220, Canon [&hellip;]\" \/>\n<meta property=\"og:url\" content=\"https:\/\/fitprint.cz\/?product=canon-cli526c-kompatibilni-modra-inkoustova-cartridge\" \/>\n<meta property=\"og:site_name\" content=\"FitPrint\" \/>\n<meta property=\"article:modified_time\" content=\"2023-10-23T06:02:54+00:00\" \/>\n<meta property=\"og:image\" content=\"https:\/\/fitprint.cz\/wp-content\/uploads\/2023\/06\/product_inkoust_3.jpg\" \/>\n\t<meta property=\"og:image:width\" content=\"1000\" \/>\n\t<meta property=\"og:image:height\" content=\"667\" \/>\n\t<meta property=\"og:image:type\" content=\"image\/jpeg\" \/>\n<meta name=\"twitter:card\" content=\"summary_large_image\" \/>\n<meta name=\"twitter:label1\" content=\"Odhadovan\u00e1 doba \u010dten\u00ed\" \/>\n\t<meta name=\"twitter:data1\" content=\"1 minuta\" \/>\n<script type=\"application\/ld+json\" class=\"yoast-schema-graph\">{\"@context\":\"https:\/\/schema.org\",\"@graph\":[{\"@type\":\"WebPage\",\"@id\":\"https:\/\/fitprint.cz\/?product=canon-cli526c-kompatibilni-modra-inkoustova-cartridge\",\"url\":\"https:\/\/fitprint.cz\/?product=canon-cli526c-kompatibilni-modra-inkoustova-cartridge\",\"name\":\"Canon CLI526C - kompatibiln\u00ed modr\u00e1 inkoustov\u00e1 cartridge - FitPrint\",\"isPartOf\":{\"@id\":\"https:\/\/fitprint.cz\/#website\"},\"datePublished\":\"2023-06-08T18:27:40+00:00\",\"dateModified\":\"2023-10-23T06:02:54+00:00\",\"breadcrumb\":{\"@id\":\"https:\/\/fitprint.cz\/?product=canon-cli526c-kompatibilni-modra-inkoustova-cartridge#breadcrumb\"},\"inLanguage\":\"cs\",\"potentialAction\":[{\"@type\":\"ReadAction\",\"target\":[\"https:\/\/fitprint.cz\/?product=canon-cli526c-kompatibilni-modra-inkoustova-cartridge\"]}]},{\"@type\":\"BreadcrumbList\",\"@id\":\"https:\/\/fitprint.cz\/?product=canon-cli526c-kompatibilni-modra-inkoustova-cartridge#breadcrumb\",\"itemListElement\":[{\"@type\":\"ListItem\",\"position\":1,\"name\":\"Home\",\"item\":\"https:\/\/fitprint.cz\/\"},{\"@type\":\"ListItem\",\"position\":2,\"name\":\"Shop\",\"item\":\"https:\/\/fitprint.cz\/?page_id=5\"},{\"@type\":\"ListItem\",\"position\":3,\"name\":\"Canon CLI526C &#8211; kompatibiln\u00ed modr\u00e1 inkoustov\u00e1 cartridge\"}]},{\"@type\":\"WebSite\",\"@id\":\"https:\/\/fitprint.cz\/#website\",\"url\":\"https:\/\/fitprint.cz\/\",\"name\":\"FitPrint\",\"description\":\"levn\u00e9 tiskov\u00e9 tonery a n\u00e1pln\u011b pro tisk\u00e1rny\",\"publisher\":{\"@id\":\"https:\/\/fitprint.cz\/#organization\"},\"potentialAction\":[{\"@type\":\"SearchAction\",\"target\":{\"@type\":\"EntryPoint\",\"urlTemplate\":\"https:\/\/fitprint.cz\/?s={search_term_string}\"},\"query-input\":\"required name=search_term_string\"}],\"inLanguage\":\"cs\"},{\"@type\":\"Organization\",\"@id\":\"https:\/\/fitprint.cz\/#organization\",\"name\":\"FitPrint s.r.o.\",\"url\":\"https:\/\/fitprint.cz\/\",\"logo\":{\"@type\":\"ImageObject\",\"inLanguage\":\"cs\",\"@id\":\"https:\/\/fitprint.cz\/#\/schema\/logo\/image\/\",\"url\":\"https:\/\/fitprint.cz\/wp-content\/uploads\/2023\/04\/FitPrint_logo_1.svg\",\"contentUrl\":\"https:\/\/fitprint.cz\/wp-content\/uploads\/2023\/04\/FitPrint_logo_1.svg\",\"width\":230,\"height\":68,\"caption\":\"FitPrint s.r.o.\"},\"image\":{\"@id\":\"https:\/\/fitprint.cz\/#\/schema\/logo\/image\/\"}}]}<\/script>\n<!-- \/ Yoast SEO plugin. -->","yoast_head_json":{"title":"Canon CLI526C - kompatibiln\u00ed modr\u00e1 inkoustov\u00e1 cartridge - FitPrint","robots":{"index":"index","follow":"follow","max-snippet":"max-snippet:-1","max-image-preview":"max-image-preview:large","max-video-preview":"max-video-preview:-1"},"canonical":"https:\/\/fitprint.cz\/?product=canon-cli526c-kompatibilni-modra-inkoustova-cartridge","og_locale":"cs_CZ","og_type":"article","og_title":"Canon CLI526C - kompatibiln\u00ed modr\u00e1 inkoustov\u00e1 cartridge - FitPrint","og_description":"Kompatibiln\u00ed s: Canon Pixma iP4820, Canon Pixma iP4850, Canon Pixma iP4940, Canon Pixma iP4950, Canon Pixma iP6520, Canon Pixma iP6550, Canon Pixma iX6520, Canon Pixma iX6550, Canon Pixma iX6500 Series, Canon Pixma MG 5120, Canon Pixma MG 5140, Canon Pixma MG 5150, Canon Pixma MG 5170, Canon Pixma MG 5200, Canon Pixma MG 5220, Canon [&hellip;]","og_url":"https:\/\/fitprint.cz\/?product=canon-cli526c-kompatibilni-modra-inkoustova-cartridge","og_site_name":"FitPrint","article_modified_time":"2023-10-23T06:02:54+00:00","og_image":[{"width":1000,"height":667,"url":"https:\/\/fitprint.cz\/wp-content\/uploads\/2023\/06\/product_inkoust_3.jpg","type":"image\/jpeg"}],"twitter_card":"summary_large_image","twitter_misc":{"Odhadovan\u00e1 doba \u010dten\u00ed":"1 minuta"},"schema":{"@context":"https:\/\/schema.org","@graph":[{"@type":"WebPage","@id":"https:\/\/fitprint.cz\/?product=canon-cli526c-kompatibilni-modra-inkoustova-cartridge","url":"https:\/\/fitprint.cz\/?product=canon-cli526c-kompatibilni-modra-inkoustova-cartridge","name":"Canon CLI526C - kompatibiln\u00ed modr\u00e1 inkoustov\u00e1 cartridge - FitPrint","isPartOf":{"@id":"https:\/\/fitprint.cz\/#website"},"datePublished":"2023-06-08T18:27:40+00:00","dateModified":"2023-10-23T06:02:54+00:00","breadcrumb":{"@id":"https:\/\/fitprint.cz\/?product=canon-cli526c-kompatibilni-modra-inkoustova-cartridge#breadcrumb"},"inLanguage":"cs","potentialAction":[{"@type":"ReadAction","target":["https:\/\/fitprint.cz\/?product=canon-cli526c-kompatibilni-modra-inkoustova-cartridge"]}]},{"@type":"BreadcrumbList","@id":"https:\/\/fitprint.cz\/?product=canon-cli526c-kompatibilni-modra-inkoustova-cartridge#breadcrumb","itemListElement":[{"@type":"ListItem","position":1,"name":"Home","item":"https:\/\/fitprint.cz\/"},{"@type":"ListItem","position":2,"name":"Shop","item":"https:\/\/fitprint.cz\/?page_id=5"},{"@type":"ListItem","position":3,"name":"Canon CLI526C &#8211; kompatibiln\u00ed modr\u00e1 inkoustov\u00e1 cartridge"}]},{"@type":"WebSite","@id":"https:\/\/fitprint.cz\/#website","url":"https:\/\/fitprint.cz\/","name":"FitPrint","description":"levn\u00e9 tiskov\u00e9 tonery a n\u00e1pln\u011b pro tisk\u00e1rny","publisher":{"@id":"https:\/\/fitprint.cz\/#organization"},"potentialAction":[{"@type":"SearchAction","target":{"@type":"EntryPoint","urlTemplate":"https:\/\/fitprint.cz\/?s={search_term_string}"},"query-input":"required name=search_term_string"}],"inLanguage":"cs"},{"@type":"Organization","@id":"https:\/\/fitprint.cz\/#organization","name":"FitPrint s.r.o.","url":"https:\/\/fitprint.cz\/","logo":{"@type":"ImageObject","inLanguage":"cs","@id":"https:\/\/fitprint.cz\/#\/schema\/logo\/image\/","url":"https:\/\/fitprint.cz\/wp-content\/uploads\/2023\/04\/FitPrint_logo_1.svg","contentUrl":"https:\/\/fitprint.cz\/wp-content\/uploads\/2023\/04\/FitPrint_logo_1.svg","width":230,"height":68,"caption":"FitPrint s.r.o."},"image":{"@id":"https:\/\/fitprint.cz\/#\/schema\/logo\/image\/"}}]}},"_links":{"self":[{"href":"https:\/\/fitprint.cz\/index.php?rest_route=\/wp\/v2\/product\/9345"}],"collection":[{"href":"https:\/\/fitprint.cz\/index.php?rest_route=\/wp\/v2\/product"}],"about":[{"href":"https:\/\/fitprint.cz\/index.php?rest_route=\/wp\/v2\/types\/product"}],"version-history":[{"count":1,"href":"https:\/\/fitprint.cz\/index.php?rest_route=\/wp\/v2\/product\/9345\/revisions"}],"predecessor-version":[{"id":10196,"href":"https:\/\/fitprint.cz\/index.php?rest_route=\/wp\/v2\/product\/9345\/revisions\/10196"}],"wp:featuredmedia":[{"embeddable":true,"href":"https:\/\/fitprint.cz\/index.php?rest_route=\/wp\/v2\/media\/9230"}],"wp:attachment":[{"href":"https:\/\/fitprint.cz\/index.php?rest_route=%2Fwp%2Fv2%2Fmedia&parent=9345"}],"wp:term":[{"taxonomy":"product_cat","embeddable":true,"href":"https:\/\/fitprint.cz\/index.php?rest_route=%2Fwp%2Fv2%2Fproduct_cat&post=9345"},{"taxonomy":"product_tag","embeddable":true,"href":"https:\/\/fitprint.cz\/index.php?rest_route=%2Fwp%2Fv2%2Fproduct_tag&post=9345"}],"curies":[{"name":"wp","href":"https:\/\/api.w.org\/{rel}","templated":true}]}}