{"id":9351,"date":"2023-06-08T20:27:40","date_gmt":"2023-06-08T18:27:40","guid":{"rendered":"https:\/\/fitprint.cz\/?product=canon-pg545xl-kompatibilni-cerna-inkoustova-cartridge"},"modified":"2023-10-23T08:02:55","modified_gmt":"2023-10-23T06:02:55","slug":"canon-pg545xl-kompatibilni-cerna-inkoustova-cartridge","status":"publish","type":"product","link":"https:\/\/fitprint.cz\/?product=canon-pg545xl-kompatibilni-cerna-inkoustova-cartridge","title":{"rendered":"Canon PG545XL &#8211; kompatibiln\u00ed \u010dern\u00e1 inkoustov\u00e1 cartridge"},"content":{"rendered":"<p><strong>Kompatibiln\u00ed s:<\/strong><\/p>\n<p>Canon Pixma iP2800, Canon Pixma iP2850, Canon Pixma iP2855, Canon Pixma MG 2400, Canon Pixma MG 2450, Canon Pixma MG 2455, Canon Pixma MG 2500, Canon Pixma MG 2550, Canon Pixma MG 2555, Canon Pixma MG 2900, Canon Pixma MG 2950, Canon Pixma MG 2950S, Canon Pixma MG 2955, Canon Pixma MG 2400 Series, Canon Pixma MG 2440, Canon Pixma MG 2500 Series, Canon Pixma MG 2540, Canon Pixma MG 2550S, Canon Pixma MG 2555S, Canon Pixma MG 2900 Series, Canon Pixma MG 2940, Canon Pixma MG 3000 Series, Canon Pixma MG 3050 Series, Canon Pixma MG 3050, Canon Pixma MG 3051, Canon Pixma MG 3052, Canon Pixma MG 3053, Canon Pixma MX490, Canon Pixma MX495, Canon Pixma TS3100 Series, Canon Pixma TS3150, Canon Pixma TS3151, Canon Pixma TS3152, Canon Pixma TS205, Canon Pixma TS305, Canon Pixma TS3350, Canon Pixma TS3351, Canon Pixma TS3352, Canon Pixma TS302, Canon Pixma TS304, Canon Pixma TS3355, Canon Pixma TS3450, Canon Pixma TS3451, Canon Pixma TS3452, Canon Pixma TR4550, Canon Pixma TR4551, Canon Pixma TR4500 Series, Canon Pixma TR4540, Canon Pixma TR4541, Canon Pixma TR4650, Canon Pixma TR4651<\/p>\n","protected":false},"excerpt":{"rendered":"<p>Kompatibiln\u00ed s: Canon Pixma iP2800, Canon Pixma iP2850, Canon Pixma iP2855, Canon Pixma MG 2400, Canon Pixma MG 2450, Canon Pixma MG 2455, Canon Pixma MG 2500, Canon Pixma MG 2550, Canon Pixma MG 2555, Canon Pixma MG 2900, Canon Pixma MG 2950, Canon Pixma MG 2950S, Canon Pixma MG 2955, Canon Pixma MG 2400 [&hellip;]<\/p>\n","protected":false},"featured_media":9232,"template":"","meta":[],"product_cat":[221,195],"product_tag":[305],"yoast_head":"<!-- This site is optimized with the Yoast SEO plugin v21.0 - https:\/\/yoast.com\/wordpress\/plugins\/seo\/ -->\n<title>Canon PG545XL - kompatibiln\u00ed \u010dern\u00e1 inkoustov\u00e1 cartridge - FitPrint<\/title>\n<meta name=\"robots\" content=\"index, follow, max-snippet:-1, max-image-preview:large, max-video-preview:-1\" \/>\n<link rel=\"canonical\" href=\"https:\/\/fitprint.cz\/?product=canon-pg545xl-kompatibilni-cerna-inkoustova-cartridge\" \/>\n<meta property=\"og:locale\" content=\"cs_CZ\" \/>\n<meta property=\"og:type\" content=\"article\" \/>\n<meta property=\"og:title\" content=\"Canon PG545XL - kompatibiln\u00ed \u010dern\u00e1 inkoustov\u00e1 cartridge - FitPrint\" \/>\n<meta property=\"og:description\" content=\"Kompatibiln\u00ed s: Canon Pixma iP2800, Canon Pixma iP2850, Canon Pixma iP2855, Canon Pixma MG 2400, Canon Pixma MG 2450, Canon Pixma MG 2455, Canon Pixma MG 2500, Canon Pixma MG 2550, Canon Pixma MG 2555, Canon Pixma MG 2900, Canon Pixma MG 2950, Canon Pixma MG 2950S, Canon Pixma MG 2955, Canon Pixma MG 2400 [&hellip;]\" \/>\n<meta property=\"og:url\" content=\"https:\/\/fitprint.cz\/?product=canon-pg545xl-kompatibilni-cerna-inkoustova-cartridge\" \/>\n<meta property=\"og:site_name\" content=\"FitPrint\" \/>\n<meta property=\"article:modified_time\" content=\"2023-10-23T06:02:55+00:00\" \/>\n<meta property=\"og:image\" content=\"https:\/\/fitprint.cz\/wp-content\/uploads\/2023\/06\/product_inkoust_1.jpg\" \/>\n\t<meta property=\"og:image:width\" content=\"1000\" \/>\n\t<meta property=\"og:image:height\" content=\"667\" \/>\n\t<meta property=\"og:image:type\" content=\"image\/jpeg\" \/>\n<meta name=\"twitter:card\" content=\"summary_large_image\" \/>\n<meta name=\"twitter:label1\" content=\"Odhadovan\u00e1 doba \u010dten\u00ed\" \/>\n\t<meta name=\"twitter:data1\" content=\"1 minuta\" \/>\n<script type=\"application\/ld+json\" class=\"yoast-schema-graph\">{\"@context\":\"https:\/\/schema.org\",\"@graph\":[{\"@type\":\"WebPage\",\"@id\":\"https:\/\/fitprint.cz\/?product=canon-pg545xl-kompatibilni-cerna-inkoustova-cartridge\",\"url\":\"https:\/\/fitprint.cz\/?product=canon-pg545xl-kompatibilni-cerna-inkoustova-cartridge\",\"name\":\"Canon PG545XL - kompatibiln\u00ed \u010dern\u00e1 inkoustov\u00e1 cartridge - FitPrint\",\"isPartOf\":{\"@id\":\"https:\/\/fitprint.cz\/#website\"},\"datePublished\":\"2023-06-08T18:27:40+00:00\",\"dateModified\":\"2023-10-23T06:02:55+00:00\",\"breadcrumb\":{\"@id\":\"https:\/\/fitprint.cz\/?product=canon-pg545xl-kompatibilni-cerna-inkoustova-cartridge#breadcrumb\"},\"inLanguage\":\"cs\",\"potentialAction\":[{\"@type\":\"ReadAction\",\"target\":[\"https:\/\/fitprint.cz\/?product=canon-pg545xl-kompatibilni-cerna-inkoustova-cartridge\"]}]},{\"@type\":\"BreadcrumbList\",\"@id\":\"https:\/\/fitprint.cz\/?product=canon-pg545xl-kompatibilni-cerna-inkoustova-cartridge#breadcrumb\",\"itemListElement\":[{\"@type\":\"ListItem\",\"position\":1,\"name\":\"Home\",\"item\":\"https:\/\/fitprint.cz\/\"},{\"@type\":\"ListItem\",\"position\":2,\"name\":\"Shop\",\"item\":\"https:\/\/fitprint.cz\/?page_id=5\"},{\"@type\":\"ListItem\",\"position\":3,\"name\":\"Canon PG545XL &#8211; kompatibiln\u00ed \u010dern\u00e1 inkoustov\u00e1 cartridge\"}]},{\"@type\":\"WebSite\",\"@id\":\"https:\/\/fitprint.cz\/#website\",\"url\":\"https:\/\/fitprint.cz\/\",\"name\":\"FitPrint\",\"description\":\"levn\u00e9 tiskov\u00e9 tonery a n\u00e1pln\u011b pro tisk\u00e1rny\",\"publisher\":{\"@id\":\"https:\/\/fitprint.cz\/#organization\"},\"potentialAction\":[{\"@type\":\"SearchAction\",\"target\":{\"@type\":\"EntryPoint\",\"urlTemplate\":\"https:\/\/fitprint.cz\/?s={search_term_string}\"},\"query-input\":\"required name=search_term_string\"}],\"inLanguage\":\"cs\"},{\"@type\":\"Organization\",\"@id\":\"https:\/\/fitprint.cz\/#organization\",\"name\":\"FitPrint s.r.o.\",\"url\":\"https:\/\/fitprint.cz\/\",\"logo\":{\"@type\":\"ImageObject\",\"inLanguage\":\"cs\",\"@id\":\"https:\/\/fitprint.cz\/#\/schema\/logo\/image\/\",\"url\":\"https:\/\/fitprint.cz\/wp-content\/uploads\/2023\/04\/FitPrint_logo_1.svg\",\"contentUrl\":\"https:\/\/fitprint.cz\/wp-content\/uploads\/2023\/04\/FitPrint_logo_1.svg\",\"width\":230,\"height\":68,\"caption\":\"FitPrint s.r.o.\"},\"image\":{\"@id\":\"https:\/\/fitprint.cz\/#\/schema\/logo\/image\/\"}}]}<\/script>\n<!-- \/ Yoast SEO plugin. -->","yoast_head_json":{"title":"Canon PG545XL - kompatibiln\u00ed \u010dern\u00e1 inkoustov\u00e1 cartridge - FitPrint","robots":{"index":"index","follow":"follow","max-snippet":"max-snippet:-1","max-image-preview":"max-image-preview:large","max-video-preview":"max-video-preview:-1"},"canonical":"https:\/\/fitprint.cz\/?product=canon-pg545xl-kompatibilni-cerna-inkoustova-cartridge","og_locale":"cs_CZ","og_type":"article","og_title":"Canon PG545XL - kompatibiln\u00ed \u010dern\u00e1 inkoustov\u00e1 cartridge - FitPrint","og_description":"Kompatibiln\u00ed s: Canon Pixma iP2800, Canon Pixma iP2850, Canon Pixma iP2855, Canon Pixma MG 2400, Canon Pixma MG 2450, Canon Pixma MG 2455, Canon Pixma MG 2500, Canon Pixma MG 2550, Canon Pixma MG 2555, Canon Pixma MG 2900, Canon Pixma MG 2950, Canon Pixma MG 2950S, Canon Pixma MG 2955, Canon Pixma MG 2400 [&hellip;]","og_url":"https:\/\/fitprint.cz\/?product=canon-pg545xl-kompatibilni-cerna-inkoustova-cartridge","og_site_name":"FitPrint","article_modified_time":"2023-10-23T06:02:55+00:00","og_image":[{"width":1000,"height":667,"url":"https:\/\/fitprint.cz\/wp-content\/uploads\/2023\/06\/product_inkoust_1.jpg","type":"image\/jpeg"}],"twitter_card":"summary_large_image","twitter_misc":{"Odhadovan\u00e1 doba \u010dten\u00ed":"1 minuta"},"schema":{"@context":"https:\/\/schema.org","@graph":[{"@type":"WebPage","@id":"https:\/\/fitprint.cz\/?product=canon-pg545xl-kompatibilni-cerna-inkoustova-cartridge","url":"https:\/\/fitprint.cz\/?product=canon-pg545xl-kompatibilni-cerna-inkoustova-cartridge","name":"Canon PG545XL - kompatibiln\u00ed \u010dern\u00e1 inkoustov\u00e1 cartridge - FitPrint","isPartOf":{"@id":"https:\/\/fitprint.cz\/#website"},"datePublished":"2023-06-08T18:27:40+00:00","dateModified":"2023-10-23T06:02:55+00:00","breadcrumb":{"@id":"https:\/\/fitprint.cz\/?product=canon-pg545xl-kompatibilni-cerna-inkoustova-cartridge#breadcrumb"},"inLanguage":"cs","potentialAction":[{"@type":"ReadAction","target":["https:\/\/fitprint.cz\/?product=canon-pg545xl-kompatibilni-cerna-inkoustova-cartridge"]}]},{"@type":"BreadcrumbList","@id":"https:\/\/fitprint.cz\/?product=canon-pg545xl-kompatibilni-cerna-inkoustova-cartridge#breadcrumb","itemListElement":[{"@type":"ListItem","position":1,"name":"Home","item":"https:\/\/fitprint.cz\/"},{"@type":"ListItem","position":2,"name":"Shop","item":"https:\/\/fitprint.cz\/?page_id=5"},{"@type":"ListItem","position":3,"name":"Canon PG545XL &#8211; kompatibiln\u00ed \u010dern\u00e1 inkoustov\u00e1 cartridge"}]},{"@type":"WebSite","@id":"https:\/\/fitprint.cz\/#website","url":"https:\/\/fitprint.cz\/","name":"FitPrint","description":"levn\u00e9 tiskov\u00e9 tonery a n\u00e1pln\u011b pro tisk\u00e1rny","publisher":{"@id":"https:\/\/fitprint.cz\/#organization"},"potentialAction":[{"@type":"SearchAction","target":{"@type":"EntryPoint","urlTemplate":"https:\/\/fitprint.cz\/?s={search_term_string}"},"query-input":"required name=search_term_string"}],"inLanguage":"cs"},{"@type":"Organization","@id":"https:\/\/fitprint.cz\/#organization","name":"FitPrint s.r.o.","url":"https:\/\/fitprint.cz\/","logo":{"@type":"ImageObject","inLanguage":"cs","@id":"https:\/\/fitprint.cz\/#\/schema\/logo\/image\/","url":"https:\/\/fitprint.cz\/wp-content\/uploads\/2023\/04\/FitPrint_logo_1.svg","contentUrl":"https:\/\/fitprint.cz\/wp-content\/uploads\/2023\/04\/FitPrint_logo_1.svg","width":230,"height":68,"caption":"FitPrint s.r.o."},"image":{"@id":"https:\/\/fitprint.cz\/#\/schema\/logo\/image\/"}}]}},"_links":{"self":[{"href":"https:\/\/fitprint.cz\/index.php?rest_route=\/wp\/v2\/product\/9351"}],"collection":[{"href":"https:\/\/fitprint.cz\/index.php?rest_route=\/wp\/v2\/product"}],"about":[{"href":"https:\/\/fitprint.cz\/index.php?rest_route=\/wp\/v2\/types\/product"}],"version-history":[{"count":1,"href":"https:\/\/fitprint.cz\/index.php?rest_route=\/wp\/v2\/product\/9351\/revisions"}],"predecessor-version":[{"id":10202,"href":"https:\/\/fitprint.cz\/index.php?rest_route=\/wp\/v2\/product\/9351\/revisions\/10202"}],"wp:featuredmedia":[{"embeddable":true,"href":"https:\/\/fitprint.cz\/index.php?rest_route=\/wp\/v2\/media\/9232"}],"wp:attachment":[{"href":"https:\/\/fitprint.cz\/index.php?rest_route=%2Fwp%2Fv2%2Fmedia&parent=9351"}],"wp:term":[{"taxonomy":"product_cat","embeddable":true,"href":"https:\/\/fitprint.cz\/index.php?rest_route=%2Fwp%2Fv2%2Fproduct_cat&post=9351"},{"taxonomy":"product_tag","embeddable":true,"href":"https:\/\/fitprint.cz\/index.php?rest_route=%2Fwp%2Fv2%2Fproduct_tag&post=9351"}],"curies":[{"name":"wp","href":"https:\/\/api.w.org\/{rel}","templated":true}]}}