{"id":9358,"date":"2023-06-08T20:27:46","date_gmt":"2023-06-08T18:27:46","guid":{"rendered":"https:\/\/fitprint.cz\/?product=canon-fx10-kompatibilni-cerny-toner"},"modified":"2023-10-23T08:02:56","modified_gmt":"2023-10-23T06:02:56","slug":"canon-fx10-kompatibilni-cerny-toner","status":"publish","type":"product","link":"https:\/\/fitprint.cz\/?product=canon-fx10-kompatibilni-cerny-toner","title":{"rendered":"Canon FX10 &#8211; kompatibiln\u00ed \u010dern\u00fd toner"},"content":{"rendered":"<p><strong>Kompatibiln\u00ed s:<\/strong><\/p>\n<p>Canon i-SENSYS MF 4010, Canon i-SENSYS MF 4018, Canon i-SENSYS MF 4120, Canon i-SENSYS MF 4122, Canon i-SENSYS MF 4140, Canon i-SENSYS MF 4150, Canon i-SENSYS MF 4270, Canon i-SENSYS MF 4320d, Canon i-SENSYS MF 4330d, Canon i-SENSYS MF 4340d, Canon i-SENSYS MF 4350d, Canon i-SENSYS MF 4370dn, Canon i-SENSYS MF 4380dn, Canon i-SENSYS MF 4650, Canon i-SENSYS MF 4660pl, Canon i-SENSYS MF 4690, Canon i-SENSYS MF 4690pl, Canon MF 4010, Canon MF 4018, Canon MF 4100, Canon MF 4120, Canon MF 4122, Canon MF 4140, Canon MF 4150, Canon MF 4270, Canon MF 4320, Canon MF 4320d, Canon MF 4330, Canon MF 4330d, Canon MF 4340, Canon MF 4340d, Canon MF 4350, Canon MF 4350d, Canon MF 4370, Canon MF 4370dn, Canon MF 4380, Canon MF 4380dn, Canon MF 4650, Canon MF 4660PL, Canon MF 4690, Canon MF 4690PL, Canon PCD 440, Canon PCD 450, Canon Fax L 95, Canon Fax L 95 IN, Canon Fax L 100, Canon Fax L 120, Canon Fax L 140, Canon Fax L 160, Canon Faxphone L 90, Canon Faxphone L 100, Canon Faxphone L 140, Canon Faxphone L 160, Canon Faxphone L 190, Canon Faxphone L 120, Canon i-SENSYS Fax L 120, Canon i-SENSYS Fax L 140, Canon i-SENSYS Fax L 160, Canon i-SENSYS Fax L 100<\/p>\n","protected":false},"excerpt":{"rendered":"<p>Kompatibiln\u00ed s: Canon i-SENSYS MF 4010, Canon i-SENSYS MF 4018, Canon i-SENSYS MF 4120, Canon i-SENSYS MF 4122, Canon i-SENSYS MF 4140, Canon i-SENSYS MF 4150, Canon i-SENSYS MF 4270, Canon i-SENSYS MF 4320d, Canon i-SENSYS MF 4330d, Canon i-SENSYS MF 4340d, Canon i-SENSYS MF 4350d, Canon i-SENSYS MF 4370dn, Canon i-SENSYS MF 4380dn, Canon [&hellip;]<\/p>\n","protected":false},"featured_media":9225,"template":"","meta":[],"product_cat":[221,195],"product_tag":[305],"yoast_head":"<!-- This site is optimized with the Yoast SEO plugin v21.0 - https:\/\/yoast.com\/wordpress\/plugins\/seo\/ -->\n<title>Canon FX10 - kompatibiln\u00ed \u010dern\u00fd toner - FitPrint<\/title>\n<meta name=\"robots\" content=\"index, follow, max-snippet:-1, max-image-preview:large, max-video-preview:-1\" \/>\n<link rel=\"canonical\" href=\"https:\/\/fitprint.cz\/?product=canon-fx10-kompatibilni-cerny-toner\" \/>\n<meta property=\"og:locale\" content=\"cs_CZ\" \/>\n<meta property=\"og:type\" content=\"article\" \/>\n<meta property=\"og:title\" content=\"Canon FX10 - kompatibiln\u00ed \u010dern\u00fd toner - FitPrint\" \/>\n<meta property=\"og:description\" content=\"Kompatibiln\u00ed s: Canon i-SENSYS MF 4010, Canon i-SENSYS MF 4018, Canon i-SENSYS MF 4120, Canon i-SENSYS MF 4122, Canon i-SENSYS MF 4140, Canon i-SENSYS MF 4150, Canon i-SENSYS MF 4270, Canon i-SENSYS MF 4320d, Canon i-SENSYS MF 4330d, Canon i-SENSYS MF 4340d, Canon i-SENSYS MF 4350d, Canon i-SENSYS MF 4370dn, Canon i-SENSYS MF 4380dn, Canon [&hellip;]\" \/>\n<meta property=\"og:url\" content=\"https:\/\/fitprint.cz\/?product=canon-fx10-kompatibilni-cerny-toner\" \/>\n<meta property=\"og:site_name\" content=\"FitPrint\" \/>\n<meta property=\"article:modified_time\" content=\"2023-10-23T06:02:56+00:00\" \/>\n<meta property=\"og:image\" content=\"https:\/\/fitprint.cz\/wp-content\/uploads\/2023\/06\/product_toner_4.jpg\" \/>\n\t<meta property=\"og:image:width\" content=\"1000\" \/>\n\t<meta property=\"og:image:height\" content=\"667\" \/>\n\t<meta property=\"og:image:type\" content=\"image\/jpeg\" \/>\n<meta name=\"twitter:card\" content=\"summary_large_image\" \/>\n<meta name=\"twitter:label1\" content=\"Odhadovan\u00e1 doba \u010dten\u00ed\" \/>\n\t<meta name=\"twitter:data1\" content=\"1 minuta\" \/>\n<script type=\"application\/ld+json\" class=\"yoast-schema-graph\">{\"@context\":\"https:\/\/schema.org\",\"@graph\":[{\"@type\":\"WebPage\",\"@id\":\"https:\/\/fitprint.cz\/?product=canon-fx10-kompatibilni-cerny-toner\",\"url\":\"https:\/\/fitprint.cz\/?product=canon-fx10-kompatibilni-cerny-toner\",\"name\":\"Canon FX10 - kompatibiln\u00ed \u010dern\u00fd toner - FitPrint\",\"isPartOf\":{\"@id\":\"https:\/\/fitprint.cz\/#website\"},\"datePublished\":\"2023-06-08T18:27:46+00:00\",\"dateModified\":\"2023-10-23T06:02:56+00:00\",\"breadcrumb\":{\"@id\":\"https:\/\/fitprint.cz\/?product=canon-fx10-kompatibilni-cerny-toner#breadcrumb\"},\"inLanguage\":\"cs\",\"potentialAction\":[{\"@type\":\"ReadAction\",\"target\":[\"https:\/\/fitprint.cz\/?product=canon-fx10-kompatibilni-cerny-toner\"]}]},{\"@type\":\"BreadcrumbList\",\"@id\":\"https:\/\/fitprint.cz\/?product=canon-fx10-kompatibilni-cerny-toner#breadcrumb\",\"itemListElement\":[{\"@type\":\"ListItem\",\"position\":1,\"name\":\"Home\",\"item\":\"https:\/\/fitprint.cz\/\"},{\"@type\":\"ListItem\",\"position\":2,\"name\":\"Shop\",\"item\":\"https:\/\/fitprint.cz\/?page_id=5\"},{\"@type\":\"ListItem\",\"position\":3,\"name\":\"Canon FX10 &#8211; kompatibiln\u00ed \u010dern\u00fd toner\"}]},{\"@type\":\"WebSite\",\"@id\":\"https:\/\/fitprint.cz\/#website\",\"url\":\"https:\/\/fitprint.cz\/\",\"name\":\"FitPrint\",\"description\":\"levn\u00e9 tiskov\u00e9 tonery a n\u00e1pln\u011b pro tisk\u00e1rny\",\"publisher\":{\"@id\":\"https:\/\/fitprint.cz\/#organization\"},\"potentialAction\":[{\"@type\":\"SearchAction\",\"target\":{\"@type\":\"EntryPoint\",\"urlTemplate\":\"https:\/\/fitprint.cz\/?s={search_term_string}\"},\"query-input\":\"required name=search_term_string\"}],\"inLanguage\":\"cs\"},{\"@type\":\"Organization\",\"@id\":\"https:\/\/fitprint.cz\/#organization\",\"name\":\"FitPrint s.r.o.\",\"url\":\"https:\/\/fitprint.cz\/\",\"logo\":{\"@type\":\"ImageObject\",\"inLanguage\":\"cs\",\"@id\":\"https:\/\/fitprint.cz\/#\/schema\/logo\/image\/\",\"url\":\"https:\/\/fitprint.cz\/wp-content\/uploads\/2023\/04\/FitPrint_logo_1.svg\",\"contentUrl\":\"https:\/\/fitprint.cz\/wp-content\/uploads\/2023\/04\/FitPrint_logo_1.svg\",\"width\":230,\"height\":68,\"caption\":\"FitPrint s.r.o.\"},\"image\":{\"@id\":\"https:\/\/fitprint.cz\/#\/schema\/logo\/image\/\"}}]}<\/script>\n<!-- \/ Yoast SEO plugin. -->","yoast_head_json":{"title":"Canon FX10 - kompatibiln\u00ed \u010dern\u00fd toner - FitPrint","robots":{"index":"index","follow":"follow","max-snippet":"max-snippet:-1","max-image-preview":"max-image-preview:large","max-video-preview":"max-video-preview:-1"},"canonical":"https:\/\/fitprint.cz\/?product=canon-fx10-kompatibilni-cerny-toner","og_locale":"cs_CZ","og_type":"article","og_title":"Canon FX10 - kompatibiln\u00ed \u010dern\u00fd toner - FitPrint","og_description":"Kompatibiln\u00ed s: Canon i-SENSYS MF 4010, Canon i-SENSYS MF 4018, Canon i-SENSYS MF 4120, Canon i-SENSYS MF 4122, Canon i-SENSYS MF 4140, Canon i-SENSYS MF 4150, Canon i-SENSYS MF 4270, Canon i-SENSYS MF 4320d, Canon i-SENSYS MF 4330d, Canon i-SENSYS MF 4340d, Canon i-SENSYS MF 4350d, Canon i-SENSYS MF 4370dn, Canon i-SENSYS MF 4380dn, Canon [&hellip;]","og_url":"https:\/\/fitprint.cz\/?product=canon-fx10-kompatibilni-cerny-toner","og_site_name":"FitPrint","article_modified_time":"2023-10-23T06:02:56+00:00","og_image":[{"width":1000,"height":667,"url":"https:\/\/fitprint.cz\/wp-content\/uploads\/2023\/06\/product_toner_4.jpg","type":"image\/jpeg"}],"twitter_card":"summary_large_image","twitter_misc":{"Odhadovan\u00e1 doba \u010dten\u00ed":"1 minuta"},"schema":{"@context":"https:\/\/schema.org","@graph":[{"@type":"WebPage","@id":"https:\/\/fitprint.cz\/?product=canon-fx10-kompatibilni-cerny-toner","url":"https:\/\/fitprint.cz\/?product=canon-fx10-kompatibilni-cerny-toner","name":"Canon FX10 - kompatibiln\u00ed \u010dern\u00fd toner - FitPrint","isPartOf":{"@id":"https:\/\/fitprint.cz\/#website"},"datePublished":"2023-06-08T18:27:46+00:00","dateModified":"2023-10-23T06:02:56+00:00","breadcrumb":{"@id":"https:\/\/fitprint.cz\/?product=canon-fx10-kompatibilni-cerny-toner#breadcrumb"},"inLanguage":"cs","potentialAction":[{"@type":"ReadAction","target":["https:\/\/fitprint.cz\/?product=canon-fx10-kompatibilni-cerny-toner"]}]},{"@type":"BreadcrumbList","@id":"https:\/\/fitprint.cz\/?product=canon-fx10-kompatibilni-cerny-toner#breadcrumb","itemListElement":[{"@type":"ListItem","position":1,"name":"Home","item":"https:\/\/fitprint.cz\/"},{"@type":"ListItem","position":2,"name":"Shop","item":"https:\/\/fitprint.cz\/?page_id=5"},{"@type":"ListItem","position":3,"name":"Canon FX10 &#8211; kompatibiln\u00ed \u010dern\u00fd toner"}]},{"@type":"WebSite","@id":"https:\/\/fitprint.cz\/#website","url":"https:\/\/fitprint.cz\/","name":"FitPrint","description":"levn\u00e9 tiskov\u00e9 tonery a n\u00e1pln\u011b pro tisk\u00e1rny","publisher":{"@id":"https:\/\/fitprint.cz\/#organization"},"potentialAction":[{"@type":"SearchAction","target":{"@type":"EntryPoint","urlTemplate":"https:\/\/fitprint.cz\/?s={search_term_string}"},"query-input":"required name=search_term_string"}],"inLanguage":"cs"},{"@type":"Organization","@id":"https:\/\/fitprint.cz\/#organization","name":"FitPrint s.r.o.","url":"https:\/\/fitprint.cz\/","logo":{"@type":"ImageObject","inLanguage":"cs","@id":"https:\/\/fitprint.cz\/#\/schema\/logo\/image\/","url":"https:\/\/fitprint.cz\/wp-content\/uploads\/2023\/04\/FitPrint_logo_1.svg","contentUrl":"https:\/\/fitprint.cz\/wp-content\/uploads\/2023\/04\/FitPrint_logo_1.svg","width":230,"height":68,"caption":"FitPrint s.r.o."},"image":{"@id":"https:\/\/fitprint.cz\/#\/schema\/logo\/image\/"}}]}},"_links":{"self":[{"href":"https:\/\/fitprint.cz\/index.php?rest_route=\/wp\/v2\/product\/9358"}],"collection":[{"href":"https:\/\/fitprint.cz\/index.php?rest_route=\/wp\/v2\/product"}],"about":[{"href":"https:\/\/fitprint.cz\/index.php?rest_route=\/wp\/v2\/types\/product"}],"version-history":[{"count":1,"href":"https:\/\/fitprint.cz\/index.php?rest_route=\/wp\/v2\/product\/9358\/revisions"}],"predecessor-version":[{"id":10209,"href":"https:\/\/fitprint.cz\/index.php?rest_route=\/wp\/v2\/product\/9358\/revisions\/10209"}],"wp:featuredmedia":[{"embeddable":true,"href":"https:\/\/fitprint.cz\/index.php?rest_route=\/wp\/v2\/media\/9225"}],"wp:attachment":[{"href":"https:\/\/fitprint.cz\/index.php?rest_route=%2Fwp%2Fv2%2Fmedia&parent=9358"}],"wp:term":[{"taxonomy":"product_cat","embeddable":true,"href":"https:\/\/fitprint.cz\/index.php?rest_route=%2Fwp%2Fv2%2Fproduct_cat&post=9358"},{"taxonomy":"product_tag","embeddable":true,"href":"https:\/\/fitprint.cz\/index.php?rest_route=%2Fwp%2Fv2%2Fproduct_tag&post=9358"}],"curies":[{"name":"wp","href":"https:\/\/api.w.org\/{rel}","templated":true}]}}