{"id":9361,"date":"2023-06-08T20:27:46","date_gmt":"2023-06-08T18:27:46","guid":{"rendered":"https:\/\/fitprint.cz\/?product=epson-t0715-kompatibilni-sada-inkoustovych-cartridge"},"modified":"2023-10-23T08:02:57","modified_gmt":"2023-10-23T06:02:57","slug":"epson-t0715-kompatibilni-sada-inkoustovych-cartridge","status":"publish","type":"product","link":"https:\/\/fitprint.cz\/?product=epson-t0715-kompatibilni-sada-inkoustovych-cartridge","title":{"rendered":"Epson T0715 &#8211; kompatibiln\u00ed sada inkoustov\u00fdch cartridge"},"content":{"rendered":"<p><strong>Kompatibiln\u00ed s:<\/strong><\/p>\n<p>Epson Stylus Office B40W, Epson Stylus Office BX 300F, Epson Stylus Office BX 310FN, Epson Stylus Office BX 510W, Epson Stylus Office BX 600FW, Epson Stylus Office BX 610FW, Epson Stylus DX4000, Epson Stylus DX4050, Epson Stylus DX4400, Epson Stylus DX4450, Epson Stylus DX5000, Epson Stylus DX5050, Epson Stylus DX6000, Epson Stylus DX6050, Epson Stylus DX7000 F, Epson Stylus DX7400, Epson Stylus DX7450, Epson Stylus DX8400, Epson Stylus DX8450, Epson Stylus DX9400 F, Epson Stylus DX4000 Series, Epson Stylus DX4400 Series, Epson Stylus DX5000 Series, Epson Stylus DX6000 Series, Epson Stylus DX7400 Series, Epson Stylus DX8400 Series, Epson Stylus DX9200, Epson Stylus S20, Epson Stylus S21, Epson Stylus SX100, Epson Stylus SX105, Epson Stylus SX110, Epson Stylus SX115, Epson Stylus SX200, Epson Stylus SX205, Epson Stylus SX210, Epson Stylus SX215, Epson Stylus SX218, Epson Stylus SX400, Epson Stylus SX400 Wifi, Epson Stylus SX405, Epson Stylus SX405 Wifi, Epson Stylus SX410, Epson Stylus SX415, Epson Stylus SX417, Epson Stylus SX510, Epson Stylus SX510W, Epson Stylus SX515, Epson Stylus SX515W, Epson Stylus SX600, Epson Stylus SX600FW, Epson Stylus SX610, Epson Stylus SX610FW, Epson Stylus SX100 Series, Epson Stylus SX200 Series, Epson Stylus SX210 Series, Epson Stylus SX400 Series, Epson Stylus SX510 Series, Epson Stylus D78, Epson Stylus D92, Epson Stylus D120<\/p>\n","protected":false},"excerpt":{"rendered":"<p>Kompatibiln\u00ed s: Epson Stylus Office B40W, Epson Stylus Office BX 300F, Epson Stylus Office BX 310FN, Epson Stylus Office BX 510W, Epson Stylus Office BX 600FW, Epson Stylus Office BX 610FW, Epson Stylus DX4000, Epson Stylus DX4050, Epson Stylus DX4400, Epson Stylus DX4450, Epson Stylus DX5000, Epson Stylus DX5050, Epson Stylus DX6000, Epson Stylus DX6050, [&hellip;]<\/p>\n","protected":false},"featured_media":9229,"template":"","meta":[],"product_cat":[197,195],"product_tag":[305],"yoast_head":"<!-- This site is optimized with the Yoast SEO plugin v21.0 - https:\/\/yoast.com\/wordpress\/plugins\/seo\/ -->\n<title>Epson T0715 - kompatibiln\u00ed sada inkoustov\u00fdch cartridge - FitPrint<\/title>\n<meta name=\"robots\" content=\"index, follow, max-snippet:-1, max-image-preview:large, max-video-preview:-1\" \/>\n<link rel=\"canonical\" href=\"https:\/\/fitprint.cz\/?product=epson-t0715-kompatibilni-sada-inkoustovych-cartridge\" \/>\n<meta property=\"og:locale\" content=\"cs_CZ\" \/>\n<meta property=\"og:type\" content=\"article\" \/>\n<meta property=\"og:title\" content=\"Epson T0715 - kompatibiln\u00ed sada inkoustov\u00fdch cartridge - FitPrint\" \/>\n<meta property=\"og:description\" content=\"Kompatibiln\u00ed s: Epson Stylus Office B40W, Epson Stylus Office BX 300F, Epson Stylus Office BX 310FN, Epson Stylus Office BX 510W, Epson Stylus Office BX 600FW, Epson Stylus Office BX 610FW, Epson Stylus DX4000, Epson Stylus DX4050, Epson Stylus DX4400, Epson Stylus DX4450, Epson Stylus DX5000, Epson Stylus DX5050, Epson Stylus DX6000, Epson Stylus DX6050, [&hellip;]\" \/>\n<meta property=\"og:url\" content=\"https:\/\/fitprint.cz\/?product=epson-t0715-kompatibilni-sada-inkoustovych-cartridge\" \/>\n<meta property=\"og:site_name\" content=\"FitPrint\" \/>\n<meta property=\"article:modified_time\" content=\"2023-10-23T06:02:57+00:00\" \/>\n<meta property=\"og:image\" content=\"https:\/\/fitprint.cz\/wp-content\/uploads\/2023\/06\/product_inkoust_4.jpg\" \/>\n\t<meta property=\"og:image:width\" content=\"1000\" \/>\n\t<meta property=\"og:image:height\" content=\"667\" \/>\n\t<meta property=\"og:image:type\" content=\"image\/jpeg\" \/>\n<meta name=\"twitter:card\" content=\"summary_large_image\" \/>\n<meta name=\"twitter:label1\" content=\"Odhadovan\u00e1 doba \u010dten\u00ed\" \/>\n\t<meta name=\"twitter:data1\" content=\"1 minuta\" \/>\n<script type=\"application\/ld+json\" class=\"yoast-schema-graph\">{\"@context\":\"https:\/\/schema.org\",\"@graph\":[{\"@type\":\"WebPage\",\"@id\":\"https:\/\/fitprint.cz\/?product=epson-t0715-kompatibilni-sada-inkoustovych-cartridge\",\"url\":\"https:\/\/fitprint.cz\/?product=epson-t0715-kompatibilni-sada-inkoustovych-cartridge\",\"name\":\"Epson T0715 - kompatibiln\u00ed sada inkoustov\u00fdch cartridge - FitPrint\",\"isPartOf\":{\"@id\":\"https:\/\/fitprint.cz\/#website\"},\"datePublished\":\"2023-06-08T18:27:46+00:00\",\"dateModified\":\"2023-10-23T06:02:57+00:00\",\"breadcrumb\":{\"@id\":\"https:\/\/fitprint.cz\/?product=epson-t0715-kompatibilni-sada-inkoustovych-cartridge#breadcrumb\"},\"inLanguage\":\"cs\",\"potentialAction\":[{\"@type\":\"ReadAction\",\"target\":[\"https:\/\/fitprint.cz\/?product=epson-t0715-kompatibilni-sada-inkoustovych-cartridge\"]}]},{\"@type\":\"BreadcrumbList\",\"@id\":\"https:\/\/fitprint.cz\/?product=epson-t0715-kompatibilni-sada-inkoustovych-cartridge#breadcrumb\",\"itemListElement\":[{\"@type\":\"ListItem\",\"position\":1,\"name\":\"Home\",\"item\":\"https:\/\/fitprint.cz\/\"},{\"@type\":\"ListItem\",\"position\":2,\"name\":\"Shop\",\"item\":\"https:\/\/fitprint.cz\/?page_id=5\"},{\"@type\":\"ListItem\",\"position\":3,\"name\":\"Epson T0715 &#8211; kompatibiln\u00ed sada inkoustov\u00fdch cartridge\"}]},{\"@type\":\"WebSite\",\"@id\":\"https:\/\/fitprint.cz\/#website\",\"url\":\"https:\/\/fitprint.cz\/\",\"name\":\"FitPrint\",\"description\":\"levn\u00e9 tiskov\u00e9 tonery a n\u00e1pln\u011b pro tisk\u00e1rny\",\"publisher\":{\"@id\":\"https:\/\/fitprint.cz\/#organization\"},\"potentialAction\":[{\"@type\":\"SearchAction\",\"target\":{\"@type\":\"EntryPoint\",\"urlTemplate\":\"https:\/\/fitprint.cz\/?s={search_term_string}\"},\"query-input\":\"required name=search_term_string\"}],\"inLanguage\":\"cs\"},{\"@type\":\"Organization\",\"@id\":\"https:\/\/fitprint.cz\/#organization\",\"name\":\"FitPrint s.r.o.\",\"url\":\"https:\/\/fitprint.cz\/\",\"logo\":{\"@type\":\"ImageObject\",\"inLanguage\":\"cs\",\"@id\":\"https:\/\/fitprint.cz\/#\/schema\/logo\/image\/\",\"url\":\"https:\/\/fitprint.cz\/wp-content\/uploads\/2023\/04\/FitPrint_logo_1.svg\",\"contentUrl\":\"https:\/\/fitprint.cz\/wp-content\/uploads\/2023\/04\/FitPrint_logo_1.svg\",\"width\":230,\"height\":68,\"caption\":\"FitPrint s.r.o.\"},\"image\":{\"@id\":\"https:\/\/fitprint.cz\/#\/schema\/logo\/image\/\"}}]}<\/script>\n<!-- \/ Yoast SEO plugin. -->","yoast_head_json":{"title":"Epson T0715 - kompatibiln\u00ed sada inkoustov\u00fdch cartridge - FitPrint","robots":{"index":"index","follow":"follow","max-snippet":"max-snippet:-1","max-image-preview":"max-image-preview:large","max-video-preview":"max-video-preview:-1"},"canonical":"https:\/\/fitprint.cz\/?product=epson-t0715-kompatibilni-sada-inkoustovych-cartridge","og_locale":"cs_CZ","og_type":"article","og_title":"Epson T0715 - kompatibiln\u00ed sada inkoustov\u00fdch cartridge - FitPrint","og_description":"Kompatibiln\u00ed s: Epson Stylus Office B40W, Epson Stylus Office BX 300F, Epson Stylus Office BX 310FN, Epson Stylus Office BX 510W, Epson Stylus Office BX 600FW, Epson Stylus Office BX 610FW, Epson Stylus DX4000, Epson Stylus DX4050, Epson Stylus DX4400, Epson Stylus DX4450, Epson Stylus DX5000, Epson Stylus DX5050, Epson Stylus DX6000, Epson Stylus DX6050, [&hellip;]","og_url":"https:\/\/fitprint.cz\/?product=epson-t0715-kompatibilni-sada-inkoustovych-cartridge","og_site_name":"FitPrint","article_modified_time":"2023-10-23T06:02:57+00:00","og_image":[{"width":1000,"height":667,"url":"https:\/\/fitprint.cz\/wp-content\/uploads\/2023\/06\/product_inkoust_4.jpg","type":"image\/jpeg"}],"twitter_card":"summary_large_image","twitter_misc":{"Odhadovan\u00e1 doba \u010dten\u00ed":"1 minuta"},"schema":{"@context":"https:\/\/schema.org","@graph":[{"@type":"WebPage","@id":"https:\/\/fitprint.cz\/?product=epson-t0715-kompatibilni-sada-inkoustovych-cartridge","url":"https:\/\/fitprint.cz\/?product=epson-t0715-kompatibilni-sada-inkoustovych-cartridge","name":"Epson T0715 - kompatibiln\u00ed sada inkoustov\u00fdch cartridge - FitPrint","isPartOf":{"@id":"https:\/\/fitprint.cz\/#website"},"datePublished":"2023-06-08T18:27:46+00:00","dateModified":"2023-10-23T06:02:57+00:00","breadcrumb":{"@id":"https:\/\/fitprint.cz\/?product=epson-t0715-kompatibilni-sada-inkoustovych-cartridge#breadcrumb"},"inLanguage":"cs","potentialAction":[{"@type":"ReadAction","target":["https:\/\/fitprint.cz\/?product=epson-t0715-kompatibilni-sada-inkoustovych-cartridge"]}]},{"@type":"BreadcrumbList","@id":"https:\/\/fitprint.cz\/?product=epson-t0715-kompatibilni-sada-inkoustovych-cartridge#breadcrumb","itemListElement":[{"@type":"ListItem","position":1,"name":"Home","item":"https:\/\/fitprint.cz\/"},{"@type":"ListItem","position":2,"name":"Shop","item":"https:\/\/fitprint.cz\/?page_id=5"},{"@type":"ListItem","position":3,"name":"Epson T0715 &#8211; kompatibiln\u00ed sada inkoustov\u00fdch cartridge"}]},{"@type":"WebSite","@id":"https:\/\/fitprint.cz\/#website","url":"https:\/\/fitprint.cz\/","name":"FitPrint","description":"levn\u00e9 tiskov\u00e9 tonery a n\u00e1pln\u011b pro tisk\u00e1rny","publisher":{"@id":"https:\/\/fitprint.cz\/#organization"},"potentialAction":[{"@type":"SearchAction","target":{"@type":"EntryPoint","urlTemplate":"https:\/\/fitprint.cz\/?s={search_term_string}"},"query-input":"required name=search_term_string"}],"inLanguage":"cs"},{"@type":"Organization","@id":"https:\/\/fitprint.cz\/#organization","name":"FitPrint s.r.o.","url":"https:\/\/fitprint.cz\/","logo":{"@type":"ImageObject","inLanguage":"cs","@id":"https:\/\/fitprint.cz\/#\/schema\/logo\/image\/","url":"https:\/\/fitprint.cz\/wp-content\/uploads\/2023\/04\/FitPrint_logo_1.svg","contentUrl":"https:\/\/fitprint.cz\/wp-content\/uploads\/2023\/04\/FitPrint_logo_1.svg","width":230,"height":68,"caption":"FitPrint s.r.o."},"image":{"@id":"https:\/\/fitprint.cz\/#\/schema\/logo\/image\/"}}]}},"_links":{"self":[{"href":"https:\/\/fitprint.cz\/index.php?rest_route=\/wp\/v2\/product\/9361"}],"collection":[{"href":"https:\/\/fitprint.cz\/index.php?rest_route=\/wp\/v2\/product"}],"about":[{"href":"https:\/\/fitprint.cz\/index.php?rest_route=\/wp\/v2\/types\/product"}],"version-history":[{"count":1,"href":"https:\/\/fitprint.cz\/index.php?rest_route=\/wp\/v2\/product\/9361\/revisions"}],"predecessor-version":[{"id":10212,"href":"https:\/\/fitprint.cz\/index.php?rest_route=\/wp\/v2\/product\/9361\/revisions\/10212"}],"wp:featuredmedia":[{"embeddable":true,"href":"https:\/\/fitprint.cz\/index.php?rest_route=\/wp\/v2\/media\/9229"}],"wp:attachment":[{"href":"https:\/\/fitprint.cz\/index.php?rest_route=%2Fwp%2Fv2%2Fmedia&parent=9361"}],"wp:term":[{"taxonomy":"product_cat","embeddable":true,"href":"https:\/\/fitprint.cz\/index.php?rest_route=%2Fwp%2Fv2%2Fproduct_cat&post=9361"},{"taxonomy":"product_tag","embeddable":true,"href":"https:\/\/fitprint.cz\/index.php?rest_route=%2Fwp%2Fv2%2Fproduct_tag&post=9361"}],"curies":[{"name":"wp","href":"https:\/\/api.w.org\/{rel}","templated":true}]}}