{"id":9365,"date":"2023-06-08T20:27:46","date_gmt":"2023-06-08T18:27:46","guid":{"rendered":"https:\/\/fitprint.cz\/?product=hp-ch564ee-kompatibilni-barevna-inkoustova-cartridge"},"modified":"2023-10-23T08:02:57","modified_gmt":"2023-10-23T06:02:57","slug":"hp-ch564ee-kompatibilni-barevna-inkoustova-cartridge","status":"publish","type":"product","link":"https:\/\/fitprint.cz\/?product=hp-ch564ee-kompatibilni-barevna-inkoustova-cartridge","title":{"rendered":"HP CH564EE  &#8211; kompatibiln\u00ed barevn\u00e1 inkoustov\u00e1 cartridge"},"content":{"rendered":"<p><strong>Kompatibiln\u00ed s:<\/strong><\/p>\n<p>HP DeskJet Ink Advantage 2514, HP DeskJet Ink Advantage 2540, HP DeskJet Ink Advantage 2542, HP DeskJet Ink Advantage 2544, HP DeskJet Ink Advantage 3056a, HP DeskJet 1000, HP DeskJet 1010, HP DeskJet 1050, HP DeskJet 1050a, HP DeskJet 1055, HP DeskJet 1510, HP DeskJet 2050, HP DeskJet 2050a, HP DeskJet 2054a, HP DeskJet 2510, HP DeskJet 2514, HP DeskJet 2540, HP DeskJet 2542, HP DeskJet 2544, HP DeskJet 3000, HP DeskJet 3050, HP DeskJet 3050a, HP DeskJet 3054a, HP DeskJet 3055a, HP DeskJet 3056a, HP DeskJet 1514, HP DeskJet 2000, HP DeskJet 2050 Series, HP DeskJet 2050s, HP DeskJet 2512, HP DeskJet 2541, HP DeskJet 2543, HP DeskJet 2545, HP DeskJet 2546, HP DeskJet 2547, HP DeskJet 2549, HP DeskJet 2550, HP DeskJet 3050 Series, HP DeskJet 3050se, HP DeskJet 3050ve, HP DeskJet 3052, HP DeskJet 3052a, HP DeskJet 3055, HP DeskJet 3057a, HP DeskJet 3059a, HP OfficeJet 2620, HP OfficeJet 2622, HP OfficeJet 4630, HP OfficeJet 4630 Series, HP OfficeJet 4631, HP OfficeJet 4632, HP OfficeJet 4634, HP OfficeJet 4635, HP OfficeJet 4636, HP OfficeJet 4638, HP OfficeJet 4639, HP OfficeJet 2600 Series, HP Envy 4500 e-AiO, HP Envy 4500 e-All-in-One, HP Envy 4501 e-AiO, HP Envy 4501 e-All-in-One, HP Envy 4502 e-AiO, HP Envy 4502 e-All-in-One, HP Envy 4504 e-AiO, HP Envy 4504 e-All-in-One, HP Envy 4505 e-AiO, HP Envy 4505 e-All-in-One, HP Envy 4506 e-AiO, HP Envy 4506 e-All-in-One, HP Envy 4507 e-AiO, HP Envy 4507 e-All-in-One, HP Envy 4508 e-AiO, HP Envy 4508 e-All-in-One, HP Envy 5530 Series, HP Envy 5530 e-AiO, HP Envy 5530 e-All-in-One, HP Envy 5532 e-AiO, HP Envy 5532 e-All-in-One, HP Envy 5534 e-AiO, HP Envy 5534 e-All-in-One, HP Envy 5535 e-AiO, HP Envy 5535 e-All-in-One, HP Envy 5536 e-AiO, HP Envy 5536 e-All-in-One, HP Envy 5539 e-AiO, HP Envy 5539 e-All-in-One, HP Envy 4503 e-AiO, HP Envy 4503 e-All-in-One<\/p>\n","protected":false},"excerpt":{"rendered":"<p>Kompatibiln\u00ed s: HP DeskJet Ink Advantage 2514, HP DeskJet Ink Advantage 2540, HP DeskJet Ink Advantage 2542, HP DeskJet Ink Advantage 2544, HP DeskJet Ink Advantage 3056a, HP DeskJet 1000, HP DeskJet 1010, HP DeskJet 1050, HP DeskJet 1050a, HP DeskJet 1055, HP DeskJet 1510, HP DeskJet 2050, HP DeskJet 2050a, HP DeskJet 2054a, HP [&hellip;]<\/p>\n","protected":false},"featured_media":9229,"template":"","meta":[],"product_cat":[196,195],"product_tag":[305],"yoast_head":"<!-- This site is optimized with the Yoast SEO plugin v21.0 - https:\/\/yoast.com\/wordpress\/plugins\/seo\/ -->\n<title>HP CH564EE - kompatibiln\u00ed barevn\u00e1 inkoustov\u00e1 cartridge - FitPrint<\/title>\n<meta name=\"robots\" content=\"index, follow, max-snippet:-1, max-image-preview:large, max-video-preview:-1\" \/>\n<link rel=\"canonical\" href=\"https:\/\/fitprint.cz\/?product=hp-ch564ee-kompatibilni-barevna-inkoustova-cartridge\" \/>\n<meta property=\"og:locale\" content=\"cs_CZ\" \/>\n<meta property=\"og:type\" content=\"article\" \/>\n<meta property=\"og:title\" content=\"HP CH564EE - kompatibiln\u00ed barevn\u00e1 inkoustov\u00e1 cartridge - FitPrint\" \/>\n<meta property=\"og:description\" content=\"Kompatibiln\u00ed s: HP DeskJet Ink Advantage 2514, HP DeskJet Ink Advantage 2540, HP DeskJet Ink Advantage 2542, HP DeskJet Ink Advantage 2544, HP DeskJet Ink Advantage 3056a, HP DeskJet 1000, HP DeskJet 1010, HP DeskJet 1050, HP DeskJet 1050a, HP DeskJet 1055, HP DeskJet 1510, HP DeskJet 2050, HP DeskJet 2050a, HP DeskJet 2054a, HP [&hellip;]\" \/>\n<meta property=\"og:url\" content=\"https:\/\/fitprint.cz\/?product=hp-ch564ee-kompatibilni-barevna-inkoustova-cartridge\" \/>\n<meta property=\"og:site_name\" content=\"FitPrint\" \/>\n<meta property=\"article:modified_time\" content=\"2023-10-23T06:02:57+00:00\" \/>\n<meta property=\"og:image\" content=\"https:\/\/fitprint.cz\/wp-content\/uploads\/2023\/06\/product_inkoust_4.jpg\" \/>\n\t<meta property=\"og:image:width\" content=\"1000\" \/>\n\t<meta property=\"og:image:height\" content=\"667\" \/>\n\t<meta property=\"og:image:type\" content=\"image\/jpeg\" \/>\n<meta name=\"twitter:card\" content=\"summary_large_image\" \/>\n<meta name=\"twitter:label1\" content=\"Odhadovan\u00e1 doba \u010dten\u00ed\" \/>\n\t<meta name=\"twitter:data1\" content=\"1 minuta\" \/>\n<script type=\"application\/ld+json\" class=\"yoast-schema-graph\">{\"@context\":\"https:\/\/schema.org\",\"@graph\":[{\"@type\":\"WebPage\",\"@id\":\"https:\/\/fitprint.cz\/?product=hp-ch564ee-kompatibilni-barevna-inkoustova-cartridge\",\"url\":\"https:\/\/fitprint.cz\/?product=hp-ch564ee-kompatibilni-barevna-inkoustova-cartridge\",\"name\":\"HP CH564EE - kompatibiln\u00ed barevn\u00e1 inkoustov\u00e1 cartridge - FitPrint\",\"isPartOf\":{\"@id\":\"https:\/\/fitprint.cz\/#website\"},\"datePublished\":\"2023-06-08T18:27:46+00:00\",\"dateModified\":\"2023-10-23T06:02:57+00:00\",\"breadcrumb\":{\"@id\":\"https:\/\/fitprint.cz\/?product=hp-ch564ee-kompatibilni-barevna-inkoustova-cartridge#breadcrumb\"},\"inLanguage\":\"cs\",\"potentialAction\":[{\"@type\":\"ReadAction\",\"target\":[\"https:\/\/fitprint.cz\/?product=hp-ch564ee-kompatibilni-barevna-inkoustova-cartridge\"]}]},{\"@type\":\"BreadcrumbList\",\"@id\":\"https:\/\/fitprint.cz\/?product=hp-ch564ee-kompatibilni-barevna-inkoustova-cartridge#breadcrumb\",\"itemListElement\":[{\"@type\":\"ListItem\",\"position\":1,\"name\":\"Home\",\"item\":\"https:\/\/fitprint.cz\/\"},{\"@type\":\"ListItem\",\"position\":2,\"name\":\"Shop\",\"item\":\"https:\/\/fitprint.cz\/?page_id=5\"},{\"@type\":\"ListItem\",\"position\":3,\"name\":\"HP CH564EE &#8211; kompatibiln\u00ed barevn\u00e1 inkoustov\u00e1 cartridge\"}]},{\"@type\":\"WebSite\",\"@id\":\"https:\/\/fitprint.cz\/#website\",\"url\":\"https:\/\/fitprint.cz\/\",\"name\":\"FitPrint\",\"description\":\"levn\u00e9 tiskov\u00e9 tonery a n\u00e1pln\u011b pro tisk\u00e1rny\",\"publisher\":{\"@id\":\"https:\/\/fitprint.cz\/#organization\"},\"potentialAction\":[{\"@type\":\"SearchAction\",\"target\":{\"@type\":\"EntryPoint\",\"urlTemplate\":\"https:\/\/fitprint.cz\/?s={search_term_string}\"},\"query-input\":\"required name=search_term_string\"}],\"inLanguage\":\"cs\"},{\"@type\":\"Organization\",\"@id\":\"https:\/\/fitprint.cz\/#organization\",\"name\":\"FitPrint s.r.o.\",\"url\":\"https:\/\/fitprint.cz\/\",\"logo\":{\"@type\":\"ImageObject\",\"inLanguage\":\"cs\",\"@id\":\"https:\/\/fitprint.cz\/#\/schema\/logo\/image\/\",\"url\":\"https:\/\/fitprint.cz\/wp-content\/uploads\/2023\/04\/FitPrint_logo_1.svg\",\"contentUrl\":\"https:\/\/fitprint.cz\/wp-content\/uploads\/2023\/04\/FitPrint_logo_1.svg\",\"width\":230,\"height\":68,\"caption\":\"FitPrint s.r.o.\"},\"image\":{\"@id\":\"https:\/\/fitprint.cz\/#\/schema\/logo\/image\/\"}}]}<\/script>\n<!-- \/ Yoast SEO plugin. -->","yoast_head_json":{"title":"HP CH564EE - kompatibiln\u00ed barevn\u00e1 inkoustov\u00e1 cartridge - FitPrint","robots":{"index":"index","follow":"follow","max-snippet":"max-snippet:-1","max-image-preview":"max-image-preview:large","max-video-preview":"max-video-preview:-1"},"canonical":"https:\/\/fitprint.cz\/?product=hp-ch564ee-kompatibilni-barevna-inkoustova-cartridge","og_locale":"cs_CZ","og_type":"article","og_title":"HP CH564EE - kompatibiln\u00ed barevn\u00e1 inkoustov\u00e1 cartridge - FitPrint","og_description":"Kompatibiln\u00ed s: HP DeskJet Ink Advantage 2514, HP DeskJet Ink Advantage 2540, HP DeskJet Ink Advantage 2542, HP DeskJet Ink Advantage 2544, HP DeskJet Ink Advantage 3056a, HP DeskJet 1000, HP DeskJet 1010, HP DeskJet 1050, HP DeskJet 1050a, HP DeskJet 1055, HP DeskJet 1510, HP DeskJet 2050, HP DeskJet 2050a, HP DeskJet 2054a, HP [&hellip;]","og_url":"https:\/\/fitprint.cz\/?product=hp-ch564ee-kompatibilni-barevna-inkoustova-cartridge","og_site_name":"FitPrint","article_modified_time":"2023-10-23T06:02:57+00:00","og_image":[{"width":1000,"height":667,"url":"https:\/\/fitprint.cz\/wp-content\/uploads\/2023\/06\/product_inkoust_4.jpg","type":"image\/jpeg"}],"twitter_card":"summary_large_image","twitter_misc":{"Odhadovan\u00e1 doba \u010dten\u00ed":"1 minuta"},"schema":{"@context":"https:\/\/schema.org","@graph":[{"@type":"WebPage","@id":"https:\/\/fitprint.cz\/?product=hp-ch564ee-kompatibilni-barevna-inkoustova-cartridge","url":"https:\/\/fitprint.cz\/?product=hp-ch564ee-kompatibilni-barevna-inkoustova-cartridge","name":"HP CH564EE - kompatibiln\u00ed barevn\u00e1 inkoustov\u00e1 cartridge - FitPrint","isPartOf":{"@id":"https:\/\/fitprint.cz\/#website"},"datePublished":"2023-06-08T18:27:46+00:00","dateModified":"2023-10-23T06:02:57+00:00","breadcrumb":{"@id":"https:\/\/fitprint.cz\/?product=hp-ch564ee-kompatibilni-barevna-inkoustova-cartridge#breadcrumb"},"inLanguage":"cs","potentialAction":[{"@type":"ReadAction","target":["https:\/\/fitprint.cz\/?product=hp-ch564ee-kompatibilni-barevna-inkoustova-cartridge"]}]},{"@type":"BreadcrumbList","@id":"https:\/\/fitprint.cz\/?product=hp-ch564ee-kompatibilni-barevna-inkoustova-cartridge#breadcrumb","itemListElement":[{"@type":"ListItem","position":1,"name":"Home","item":"https:\/\/fitprint.cz\/"},{"@type":"ListItem","position":2,"name":"Shop","item":"https:\/\/fitprint.cz\/?page_id=5"},{"@type":"ListItem","position":3,"name":"HP CH564EE &#8211; kompatibiln\u00ed barevn\u00e1 inkoustov\u00e1 cartridge"}]},{"@type":"WebSite","@id":"https:\/\/fitprint.cz\/#website","url":"https:\/\/fitprint.cz\/","name":"FitPrint","description":"levn\u00e9 tiskov\u00e9 tonery a n\u00e1pln\u011b pro tisk\u00e1rny","publisher":{"@id":"https:\/\/fitprint.cz\/#organization"},"potentialAction":[{"@type":"SearchAction","target":{"@type":"EntryPoint","urlTemplate":"https:\/\/fitprint.cz\/?s={search_term_string}"},"query-input":"required name=search_term_string"}],"inLanguage":"cs"},{"@type":"Organization","@id":"https:\/\/fitprint.cz\/#organization","name":"FitPrint s.r.o.","url":"https:\/\/fitprint.cz\/","logo":{"@type":"ImageObject","inLanguage":"cs","@id":"https:\/\/fitprint.cz\/#\/schema\/logo\/image\/","url":"https:\/\/fitprint.cz\/wp-content\/uploads\/2023\/04\/FitPrint_logo_1.svg","contentUrl":"https:\/\/fitprint.cz\/wp-content\/uploads\/2023\/04\/FitPrint_logo_1.svg","width":230,"height":68,"caption":"FitPrint s.r.o."},"image":{"@id":"https:\/\/fitprint.cz\/#\/schema\/logo\/image\/"}}]}},"_links":{"self":[{"href":"https:\/\/fitprint.cz\/index.php?rest_route=\/wp\/v2\/product\/9365"}],"collection":[{"href":"https:\/\/fitprint.cz\/index.php?rest_route=\/wp\/v2\/product"}],"about":[{"href":"https:\/\/fitprint.cz\/index.php?rest_route=\/wp\/v2\/types\/product"}],"version-history":[{"count":1,"href":"https:\/\/fitprint.cz\/index.php?rest_route=\/wp\/v2\/product\/9365\/revisions"}],"predecessor-version":[{"id":10216,"href":"https:\/\/fitprint.cz\/index.php?rest_route=\/wp\/v2\/product\/9365\/revisions\/10216"}],"wp:featuredmedia":[{"embeddable":true,"href":"https:\/\/fitprint.cz\/index.php?rest_route=\/wp\/v2\/media\/9229"}],"wp:attachment":[{"href":"https:\/\/fitprint.cz\/index.php?rest_route=%2Fwp%2Fv2%2Fmedia&parent=9365"}],"wp:term":[{"taxonomy":"product_cat","embeddable":true,"href":"https:\/\/fitprint.cz\/index.php?rest_route=%2Fwp%2Fv2%2Fproduct_cat&post=9365"},{"taxonomy":"product_tag","embeddable":true,"href":"https:\/\/fitprint.cz\/index.php?rest_route=%2Fwp%2Fv2%2Fproduct_tag&post=9365"}],"curies":[{"name":"wp","href":"https:\/\/api.w.org\/{rel}","templated":true}]}}