{"id":9366,"date":"2023-06-08T20:27:46","date_gmt":"2023-06-08T18:27:46","guid":{"rendered":"https:\/\/fitprint.cz\/?product=hp-w1106a-kompatibilni-cerny-toner-s-cipem"},"modified":"2023-10-23T08:02:57","modified_gmt":"2023-10-23T06:02:57","slug":"hp-w1106a-kompatibilni-cerny-toner-s-cipem","status":"publish","type":"product","link":"https:\/\/fitprint.cz\/?product=hp-w1106a-kompatibilni-cerny-toner-s-cipem","title":{"rendered":"HP W1106A &#8211; kompatibiln\u00ed \u010dern\u00fd toner S \u010cIPEM"},"content":{"rendered":"<p><strong>Kompatibiln\u00ed s:<\/strong><\/p>\n<p>HP Laser 107a, HP Laser 107r, HP Laser 107w, HP Laser 107 Series, HP Laser MFP 135a, HP Laser MFP 135r, HP Laser MFP 135w, HP Laser MFP 137fnw, HP Laser MFP 130 Series, HP Laser MFP 135ag, HP Laser MFP 135wg, HP Laser MFP 137fwg, HP Laser MFP 138fnw, HP Laser MFP 138fw, HP Laser MFP 138p, HP Laser MFP 138pn, HP Laser MFP 138pnw<\/p>\n","protected":false},"excerpt":{"rendered":"<p>Kompatibiln\u00ed s: HP Laser 107a, HP Laser 107r, HP Laser 107w, HP Laser 107 Series, HP Laser MFP 135a, HP Laser MFP 135r, HP Laser MFP 135w, HP Laser MFP 137fnw, HP Laser MFP 130 Series, HP Laser MFP 135ag, HP Laser MFP 135wg, HP Laser MFP 137fwg, HP Laser MFP 138fnw, HP Laser MFP [&hellip;]<\/p>\n","protected":false},"featured_media":9226,"template":"","meta":[],"product_cat":[196,195],"product_tag":[305],"yoast_head":"<!-- This site is optimized with the Yoast SEO plugin v21.0 - https:\/\/yoast.com\/wordpress\/plugins\/seo\/ -->\n<title>HP W1106A - kompatibiln\u00ed \u010dern\u00fd toner S \u010cIPEM - FitPrint<\/title>\n<meta name=\"robots\" content=\"index, follow, max-snippet:-1, max-image-preview:large, max-video-preview:-1\" \/>\n<link rel=\"canonical\" href=\"https:\/\/fitprint.cz\/?product=hp-w1106a-kompatibilni-cerny-toner-s-cipem\" \/>\n<meta property=\"og:locale\" content=\"cs_CZ\" \/>\n<meta property=\"og:type\" content=\"article\" \/>\n<meta property=\"og:title\" content=\"HP W1106A - kompatibiln\u00ed \u010dern\u00fd toner S \u010cIPEM - FitPrint\" \/>\n<meta property=\"og:description\" content=\"Kompatibiln\u00ed s: HP Laser 107a, HP Laser 107r, HP Laser 107w, HP Laser 107 Series, HP Laser MFP 135a, HP Laser MFP 135r, HP Laser MFP 135w, HP Laser MFP 137fnw, HP Laser MFP 130 Series, HP Laser MFP 135ag, HP Laser MFP 135wg, HP Laser MFP 137fwg, HP Laser MFP 138fnw, HP Laser MFP [&hellip;]\" \/>\n<meta property=\"og:url\" content=\"https:\/\/fitprint.cz\/?product=hp-w1106a-kompatibilni-cerny-toner-s-cipem\" \/>\n<meta property=\"og:site_name\" content=\"FitPrint\" \/>\n<meta property=\"article:modified_time\" content=\"2023-10-23T06:02:57+00:00\" \/>\n<meta property=\"og:image\" content=\"https:\/\/fitprint.cz\/wp-content\/uploads\/2023\/06\/product_toner_3.jpg\" \/>\n\t<meta property=\"og:image:width\" content=\"1000\" \/>\n\t<meta property=\"og:image:height\" content=\"667\" \/>\n\t<meta property=\"og:image:type\" content=\"image\/jpeg\" \/>\n<meta name=\"twitter:card\" content=\"summary_large_image\" \/>\n<script type=\"application\/ld+json\" class=\"yoast-schema-graph\">{\"@context\":\"https:\/\/schema.org\",\"@graph\":[{\"@type\":\"WebPage\",\"@id\":\"https:\/\/fitprint.cz\/?product=hp-w1106a-kompatibilni-cerny-toner-s-cipem\",\"url\":\"https:\/\/fitprint.cz\/?product=hp-w1106a-kompatibilni-cerny-toner-s-cipem\",\"name\":\"HP W1106A - kompatibiln\u00ed \u010dern\u00fd toner S \u010cIPEM - FitPrint\",\"isPartOf\":{\"@id\":\"https:\/\/fitprint.cz\/#website\"},\"datePublished\":\"2023-06-08T18:27:46+00:00\",\"dateModified\":\"2023-10-23T06:02:57+00:00\",\"breadcrumb\":{\"@id\":\"https:\/\/fitprint.cz\/?product=hp-w1106a-kompatibilni-cerny-toner-s-cipem#breadcrumb\"},\"inLanguage\":\"cs\",\"potentialAction\":[{\"@type\":\"ReadAction\",\"target\":[\"https:\/\/fitprint.cz\/?product=hp-w1106a-kompatibilni-cerny-toner-s-cipem\"]}]},{\"@type\":\"BreadcrumbList\",\"@id\":\"https:\/\/fitprint.cz\/?product=hp-w1106a-kompatibilni-cerny-toner-s-cipem#breadcrumb\",\"itemListElement\":[{\"@type\":\"ListItem\",\"position\":1,\"name\":\"Home\",\"item\":\"https:\/\/fitprint.cz\/\"},{\"@type\":\"ListItem\",\"position\":2,\"name\":\"Shop\",\"item\":\"https:\/\/fitprint.cz\/?page_id=5\"},{\"@type\":\"ListItem\",\"position\":3,\"name\":\"HP W1106A &#8211; kompatibiln\u00ed \u010dern\u00fd toner S \u010cIPEM\"}]},{\"@type\":\"WebSite\",\"@id\":\"https:\/\/fitprint.cz\/#website\",\"url\":\"https:\/\/fitprint.cz\/\",\"name\":\"FitPrint\",\"description\":\"levn\u00e9 tiskov\u00e9 tonery a n\u00e1pln\u011b pro tisk\u00e1rny\",\"publisher\":{\"@id\":\"https:\/\/fitprint.cz\/#organization\"},\"potentialAction\":[{\"@type\":\"SearchAction\",\"target\":{\"@type\":\"EntryPoint\",\"urlTemplate\":\"https:\/\/fitprint.cz\/?s={search_term_string}\"},\"query-input\":\"required name=search_term_string\"}],\"inLanguage\":\"cs\"},{\"@type\":\"Organization\",\"@id\":\"https:\/\/fitprint.cz\/#organization\",\"name\":\"FitPrint s.r.o.\",\"url\":\"https:\/\/fitprint.cz\/\",\"logo\":{\"@type\":\"ImageObject\",\"inLanguage\":\"cs\",\"@id\":\"https:\/\/fitprint.cz\/#\/schema\/logo\/image\/\",\"url\":\"https:\/\/fitprint.cz\/wp-content\/uploads\/2023\/04\/FitPrint_logo_1.svg\",\"contentUrl\":\"https:\/\/fitprint.cz\/wp-content\/uploads\/2023\/04\/FitPrint_logo_1.svg\",\"width\":230,\"height\":68,\"caption\":\"FitPrint s.r.o.\"},\"image\":{\"@id\":\"https:\/\/fitprint.cz\/#\/schema\/logo\/image\/\"}}]}<\/script>\n<!-- \/ Yoast SEO plugin. -->","yoast_head_json":{"title":"HP W1106A - kompatibiln\u00ed \u010dern\u00fd toner S \u010cIPEM - FitPrint","robots":{"index":"index","follow":"follow","max-snippet":"max-snippet:-1","max-image-preview":"max-image-preview:large","max-video-preview":"max-video-preview:-1"},"canonical":"https:\/\/fitprint.cz\/?product=hp-w1106a-kompatibilni-cerny-toner-s-cipem","og_locale":"cs_CZ","og_type":"article","og_title":"HP W1106A - kompatibiln\u00ed \u010dern\u00fd toner S \u010cIPEM - FitPrint","og_description":"Kompatibiln\u00ed s: HP Laser 107a, HP Laser 107r, HP Laser 107w, HP Laser 107 Series, HP Laser MFP 135a, HP Laser MFP 135r, HP Laser MFP 135w, HP Laser MFP 137fnw, HP Laser MFP 130 Series, HP Laser MFP 135ag, HP Laser MFP 135wg, HP Laser MFP 137fwg, HP Laser MFP 138fnw, HP Laser MFP [&hellip;]","og_url":"https:\/\/fitprint.cz\/?product=hp-w1106a-kompatibilni-cerny-toner-s-cipem","og_site_name":"FitPrint","article_modified_time":"2023-10-23T06:02:57+00:00","og_image":[{"width":1000,"height":667,"url":"https:\/\/fitprint.cz\/wp-content\/uploads\/2023\/06\/product_toner_3.jpg","type":"image\/jpeg"}],"twitter_card":"summary_large_image","schema":{"@context":"https:\/\/schema.org","@graph":[{"@type":"WebPage","@id":"https:\/\/fitprint.cz\/?product=hp-w1106a-kompatibilni-cerny-toner-s-cipem","url":"https:\/\/fitprint.cz\/?product=hp-w1106a-kompatibilni-cerny-toner-s-cipem","name":"HP W1106A - kompatibiln\u00ed \u010dern\u00fd toner S \u010cIPEM - FitPrint","isPartOf":{"@id":"https:\/\/fitprint.cz\/#website"},"datePublished":"2023-06-08T18:27:46+00:00","dateModified":"2023-10-23T06:02:57+00:00","breadcrumb":{"@id":"https:\/\/fitprint.cz\/?product=hp-w1106a-kompatibilni-cerny-toner-s-cipem#breadcrumb"},"inLanguage":"cs","potentialAction":[{"@type":"ReadAction","target":["https:\/\/fitprint.cz\/?product=hp-w1106a-kompatibilni-cerny-toner-s-cipem"]}]},{"@type":"BreadcrumbList","@id":"https:\/\/fitprint.cz\/?product=hp-w1106a-kompatibilni-cerny-toner-s-cipem#breadcrumb","itemListElement":[{"@type":"ListItem","position":1,"name":"Home","item":"https:\/\/fitprint.cz\/"},{"@type":"ListItem","position":2,"name":"Shop","item":"https:\/\/fitprint.cz\/?page_id=5"},{"@type":"ListItem","position":3,"name":"HP W1106A &#8211; kompatibiln\u00ed \u010dern\u00fd toner S \u010cIPEM"}]},{"@type":"WebSite","@id":"https:\/\/fitprint.cz\/#website","url":"https:\/\/fitprint.cz\/","name":"FitPrint","description":"levn\u00e9 tiskov\u00e9 tonery a n\u00e1pln\u011b pro tisk\u00e1rny","publisher":{"@id":"https:\/\/fitprint.cz\/#organization"},"potentialAction":[{"@type":"SearchAction","target":{"@type":"EntryPoint","urlTemplate":"https:\/\/fitprint.cz\/?s={search_term_string}"},"query-input":"required name=search_term_string"}],"inLanguage":"cs"},{"@type":"Organization","@id":"https:\/\/fitprint.cz\/#organization","name":"FitPrint s.r.o.","url":"https:\/\/fitprint.cz\/","logo":{"@type":"ImageObject","inLanguage":"cs","@id":"https:\/\/fitprint.cz\/#\/schema\/logo\/image\/","url":"https:\/\/fitprint.cz\/wp-content\/uploads\/2023\/04\/FitPrint_logo_1.svg","contentUrl":"https:\/\/fitprint.cz\/wp-content\/uploads\/2023\/04\/FitPrint_logo_1.svg","width":230,"height":68,"caption":"FitPrint s.r.o."},"image":{"@id":"https:\/\/fitprint.cz\/#\/schema\/logo\/image\/"}}]}},"_links":{"self":[{"href":"https:\/\/fitprint.cz\/index.php?rest_route=\/wp\/v2\/product\/9366"}],"collection":[{"href":"https:\/\/fitprint.cz\/index.php?rest_route=\/wp\/v2\/product"}],"about":[{"href":"https:\/\/fitprint.cz\/index.php?rest_route=\/wp\/v2\/types\/product"}],"version-history":[{"count":1,"href":"https:\/\/fitprint.cz\/index.php?rest_route=\/wp\/v2\/product\/9366\/revisions"}],"predecessor-version":[{"id":10217,"href":"https:\/\/fitprint.cz\/index.php?rest_route=\/wp\/v2\/product\/9366\/revisions\/10217"}],"wp:featuredmedia":[{"embeddable":true,"href":"https:\/\/fitprint.cz\/index.php?rest_route=\/wp\/v2\/media\/9226"}],"wp:attachment":[{"href":"https:\/\/fitprint.cz\/index.php?rest_route=%2Fwp%2Fv2%2Fmedia&parent=9366"}],"wp:term":[{"taxonomy":"product_cat","embeddable":true,"href":"https:\/\/fitprint.cz\/index.php?rest_route=%2Fwp%2Fv2%2Fproduct_cat&post=9366"},{"taxonomy":"product_tag","embeddable":true,"href":"https:\/\/fitprint.cz\/index.php?rest_route=%2Fwp%2Fv2%2Fproduct_tag&post=9366"}],"curies":[{"name":"wp","href":"https:\/\/api.w.org\/{rel}","templated":true}]}}