{"id":9379,"date":"2023-06-08T20:27:51","date_gmt":"2023-06-08T18:27:51","guid":{"rendered":"https:\/\/fitprint.cz\/?product=canon-pg540xl-kompatibilni-cerna-inkoutova-cartridge"},"modified":"2023-10-23T08:03:00","modified_gmt":"2023-10-23T06:03:00","slug":"canon-pg540xl-kompatibilni-cerna-inkoutova-cartridge","status":"publish","type":"product","link":"https:\/\/fitprint.cz\/?product=canon-pg540xl-kompatibilni-cerna-inkoutova-cartridge","title":{"rendered":"Canon PG540XL &#8211; kompatibiln\u00ed \u010dern\u00e1 inkoutov\u00e1 cartridge"},"content":{"rendered":"<p><strong>Kompatibiln\u00ed s:<\/strong><\/p>\n<p>Canon Pixma MG 2100, Canon Pixma MG 2120, Canon Pixma MG 2140, Canon Pixma MG 2150, Canon Pixma MG 2200, Canon Pixma MG 2250, Canon Pixma MG 3100, Canon Pixma MG 3140, Canon Pixma MG 3150, Canon Pixma MG 3200, Canon Pixma MG 3250, Canon Pixma MG 3255, Canon Pixma MG 3500, Canon Pixma MG 3550, Canon Pixma MG 3650, Canon Pixma MG 4140, Canon Pixma MG 4150, Canon Pixma MG 4200, Canon Pixma MG 4250, Canon Pixma MG 2100 Series, Canon Pixma MG 2200 Series, Canon Pixma MG 2255, Canon Pixma MG 3100 Series, Canon Pixma MG 3155, Canon Pixma MG 3200 Series, Canon Pixma MG 3500 Series, Canon Pixma MG 3600 Series, Canon Pixma MG 3650 red, Canon Pixma MG 3650 white, Canon Pixma MG 4200 Series, Canon Pixma MG 3650 black, Canon Pixma MG 3650S, Canon Pixma MG 3650S red, Canon Pixma MG 3650S white, Canon Pixma MG 3650S black, Canon Pixma MX370, Canon Pixma MX375, Canon Pixma MX390, Canon Pixma MX395, Canon Pixma MX430, Canon Pixma MX435, Canon Pixma MX450, Canon Pixma MX454, Canon Pixma MX455, Canon Pixma MX470, Canon Pixma MX475, Canon Pixma MX510, Canon Pixma MX515, Canon Pixma MX520, Canon Pixma MX525, Canon Pixma MX530, Canon Pixma MX535, Canon Pixma MX370 Series, Canon Pixma MX390 Series, Canon Pixma MX450 Series, Canon Pixma MX470 Series, Canon Pixma MX510 Series, Canon Pixma MX520 Series, Canon Pixma MX530 Series, Canon Pixma TS5100 Series, Canon Pixma TS5140, Canon Pixma TS5150, Canon Pixma TS5151<\/p>\n","protected":false},"excerpt":{"rendered":"<p>Kompatibiln\u00ed s: Canon Pixma MG 2100, Canon Pixma MG 2120, Canon Pixma MG 2140, Canon Pixma MG 2150, Canon Pixma MG 2200, Canon Pixma MG 2250, Canon Pixma MG 3100, Canon Pixma MG 3140, Canon Pixma MG 3150, Canon Pixma MG 3200, Canon Pixma MG 3250, Canon Pixma MG 3255, Canon Pixma MG 3500, Canon [&hellip;]<\/p>\n","protected":false},"featured_media":9232,"template":"","meta":[],"product_cat":[221,195],"product_tag":[305],"yoast_head":"<!-- This site is optimized with the Yoast SEO plugin v21.0 - https:\/\/yoast.com\/wordpress\/plugins\/seo\/ -->\n<title>Canon PG540XL - kompatibiln\u00ed \u010dern\u00e1 inkoutov\u00e1 cartridge - FitPrint<\/title>\n<meta name=\"robots\" content=\"index, follow, max-snippet:-1, max-image-preview:large, max-video-preview:-1\" \/>\n<link rel=\"canonical\" href=\"https:\/\/fitprint.cz\/?product=canon-pg540xl-kompatibilni-cerna-inkoutova-cartridge\" \/>\n<meta property=\"og:locale\" content=\"cs_CZ\" \/>\n<meta property=\"og:type\" content=\"article\" \/>\n<meta property=\"og:title\" content=\"Canon PG540XL - kompatibiln\u00ed \u010dern\u00e1 inkoutov\u00e1 cartridge - FitPrint\" \/>\n<meta property=\"og:description\" content=\"Kompatibiln\u00ed s: Canon Pixma MG 2100, Canon Pixma MG 2120, Canon Pixma MG 2140, Canon Pixma MG 2150, Canon Pixma MG 2200, Canon Pixma MG 2250, Canon Pixma MG 3100, Canon Pixma MG 3140, Canon Pixma MG 3150, Canon Pixma MG 3200, Canon Pixma MG 3250, Canon Pixma MG 3255, Canon Pixma MG 3500, Canon [&hellip;]\" \/>\n<meta property=\"og:url\" content=\"https:\/\/fitprint.cz\/?product=canon-pg540xl-kompatibilni-cerna-inkoutova-cartridge\" \/>\n<meta property=\"og:site_name\" content=\"FitPrint\" \/>\n<meta property=\"article:modified_time\" content=\"2023-10-23T06:03:00+00:00\" \/>\n<meta property=\"og:image\" content=\"https:\/\/fitprint.cz\/wp-content\/uploads\/2023\/06\/product_inkoust_1.jpg\" \/>\n\t<meta property=\"og:image:width\" content=\"1000\" \/>\n\t<meta property=\"og:image:height\" content=\"667\" \/>\n\t<meta property=\"og:image:type\" content=\"image\/jpeg\" \/>\n<meta name=\"twitter:card\" content=\"summary_large_image\" \/>\n<meta name=\"twitter:label1\" content=\"Odhadovan\u00e1 doba \u010dten\u00ed\" \/>\n\t<meta name=\"twitter:data1\" content=\"1 minuta\" \/>\n<script type=\"application\/ld+json\" class=\"yoast-schema-graph\">{\"@context\":\"https:\/\/schema.org\",\"@graph\":[{\"@type\":\"WebPage\",\"@id\":\"https:\/\/fitprint.cz\/?product=canon-pg540xl-kompatibilni-cerna-inkoutova-cartridge\",\"url\":\"https:\/\/fitprint.cz\/?product=canon-pg540xl-kompatibilni-cerna-inkoutova-cartridge\",\"name\":\"Canon PG540XL - kompatibiln\u00ed \u010dern\u00e1 inkoutov\u00e1 cartridge - FitPrint\",\"isPartOf\":{\"@id\":\"https:\/\/fitprint.cz\/#website\"},\"datePublished\":\"2023-06-08T18:27:51+00:00\",\"dateModified\":\"2023-10-23T06:03:00+00:00\",\"breadcrumb\":{\"@id\":\"https:\/\/fitprint.cz\/?product=canon-pg540xl-kompatibilni-cerna-inkoutova-cartridge#breadcrumb\"},\"inLanguage\":\"cs\",\"potentialAction\":[{\"@type\":\"ReadAction\",\"target\":[\"https:\/\/fitprint.cz\/?product=canon-pg540xl-kompatibilni-cerna-inkoutova-cartridge\"]}]},{\"@type\":\"BreadcrumbList\",\"@id\":\"https:\/\/fitprint.cz\/?product=canon-pg540xl-kompatibilni-cerna-inkoutova-cartridge#breadcrumb\",\"itemListElement\":[{\"@type\":\"ListItem\",\"position\":1,\"name\":\"Home\",\"item\":\"https:\/\/fitprint.cz\/\"},{\"@type\":\"ListItem\",\"position\":2,\"name\":\"Shop\",\"item\":\"https:\/\/fitprint.cz\/?page_id=5\"},{\"@type\":\"ListItem\",\"position\":3,\"name\":\"Canon PG540XL &#8211; kompatibiln\u00ed \u010dern\u00e1 inkoutov\u00e1 cartridge\"}]},{\"@type\":\"WebSite\",\"@id\":\"https:\/\/fitprint.cz\/#website\",\"url\":\"https:\/\/fitprint.cz\/\",\"name\":\"FitPrint\",\"description\":\"levn\u00e9 tiskov\u00e9 tonery a n\u00e1pln\u011b pro tisk\u00e1rny\",\"publisher\":{\"@id\":\"https:\/\/fitprint.cz\/#organization\"},\"potentialAction\":[{\"@type\":\"SearchAction\",\"target\":{\"@type\":\"EntryPoint\",\"urlTemplate\":\"https:\/\/fitprint.cz\/?s={search_term_string}\"},\"query-input\":\"required name=search_term_string\"}],\"inLanguage\":\"cs\"},{\"@type\":\"Organization\",\"@id\":\"https:\/\/fitprint.cz\/#organization\",\"name\":\"FitPrint s.r.o.\",\"url\":\"https:\/\/fitprint.cz\/\",\"logo\":{\"@type\":\"ImageObject\",\"inLanguage\":\"cs\",\"@id\":\"https:\/\/fitprint.cz\/#\/schema\/logo\/image\/\",\"url\":\"https:\/\/fitprint.cz\/wp-content\/uploads\/2023\/04\/FitPrint_logo_1.svg\",\"contentUrl\":\"https:\/\/fitprint.cz\/wp-content\/uploads\/2023\/04\/FitPrint_logo_1.svg\",\"width\":230,\"height\":68,\"caption\":\"FitPrint s.r.o.\"},\"image\":{\"@id\":\"https:\/\/fitprint.cz\/#\/schema\/logo\/image\/\"}}]}<\/script>\n<!-- \/ Yoast SEO plugin. -->","yoast_head_json":{"title":"Canon PG540XL - kompatibiln\u00ed \u010dern\u00e1 inkoutov\u00e1 cartridge - FitPrint","robots":{"index":"index","follow":"follow","max-snippet":"max-snippet:-1","max-image-preview":"max-image-preview:large","max-video-preview":"max-video-preview:-1"},"canonical":"https:\/\/fitprint.cz\/?product=canon-pg540xl-kompatibilni-cerna-inkoutova-cartridge","og_locale":"cs_CZ","og_type":"article","og_title":"Canon PG540XL - kompatibiln\u00ed \u010dern\u00e1 inkoutov\u00e1 cartridge - FitPrint","og_description":"Kompatibiln\u00ed s: Canon Pixma MG 2100, Canon Pixma MG 2120, Canon Pixma MG 2140, Canon Pixma MG 2150, Canon Pixma MG 2200, Canon Pixma MG 2250, Canon Pixma MG 3100, Canon Pixma MG 3140, Canon Pixma MG 3150, Canon Pixma MG 3200, Canon Pixma MG 3250, Canon Pixma MG 3255, Canon Pixma MG 3500, Canon [&hellip;]","og_url":"https:\/\/fitprint.cz\/?product=canon-pg540xl-kompatibilni-cerna-inkoutova-cartridge","og_site_name":"FitPrint","article_modified_time":"2023-10-23T06:03:00+00:00","og_image":[{"width":1000,"height":667,"url":"https:\/\/fitprint.cz\/wp-content\/uploads\/2023\/06\/product_inkoust_1.jpg","type":"image\/jpeg"}],"twitter_card":"summary_large_image","twitter_misc":{"Odhadovan\u00e1 doba \u010dten\u00ed":"1 minuta"},"schema":{"@context":"https:\/\/schema.org","@graph":[{"@type":"WebPage","@id":"https:\/\/fitprint.cz\/?product=canon-pg540xl-kompatibilni-cerna-inkoutova-cartridge","url":"https:\/\/fitprint.cz\/?product=canon-pg540xl-kompatibilni-cerna-inkoutova-cartridge","name":"Canon PG540XL - kompatibiln\u00ed \u010dern\u00e1 inkoutov\u00e1 cartridge - FitPrint","isPartOf":{"@id":"https:\/\/fitprint.cz\/#website"},"datePublished":"2023-06-08T18:27:51+00:00","dateModified":"2023-10-23T06:03:00+00:00","breadcrumb":{"@id":"https:\/\/fitprint.cz\/?product=canon-pg540xl-kompatibilni-cerna-inkoutova-cartridge#breadcrumb"},"inLanguage":"cs","potentialAction":[{"@type":"ReadAction","target":["https:\/\/fitprint.cz\/?product=canon-pg540xl-kompatibilni-cerna-inkoutova-cartridge"]}]},{"@type":"BreadcrumbList","@id":"https:\/\/fitprint.cz\/?product=canon-pg540xl-kompatibilni-cerna-inkoutova-cartridge#breadcrumb","itemListElement":[{"@type":"ListItem","position":1,"name":"Home","item":"https:\/\/fitprint.cz\/"},{"@type":"ListItem","position":2,"name":"Shop","item":"https:\/\/fitprint.cz\/?page_id=5"},{"@type":"ListItem","position":3,"name":"Canon PG540XL &#8211; kompatibiln\u00ed \u010dern\u00e1 inkoutov\u00e1 cartridge"}]},{"@type":"WebSite","@id":"https:\/\/fitprint.cz\/#website","url":"https:\/\/fitprint.cz\/","name":"FitPrint","description":"levn\u00e9 tiskov\u00e9 tonery a n\u00e1pln\u011b pro tisk\u00e1rny","publisher":{"@id":"https:\/\/fitprint.cz\/#organization"},"potentialAction":[{"@type":"SearchAction","target":{"@type":"EntryPoint","urlTemplate":"https:\/\/fitprint.cz\/?s={search_term_string}"},"query-input":"required name=search_term_string"}],"inLanguage":"cs"},{"@type":"Organization","@id":"https:\/\/fitprint.cz\/#organization","name":"FitPrint s.r.o.","url":"https:\/\/fitprint.cz\/","logo":{"@type":"ImageObject","inLanguage":"cs","@id":"https:\/\/fitprint.cz\/#\/schema\/logo\/image\/","url":"https:\/\/fitprint.cz\/wp-content\/uploads\/2023\/04\/FitPrint_logo_1.svg","contentUrl":"https:\/\/fitprint.cz\/wp-content\/uploads\/2023\/04\/FitPrint_logo_1.svg","width":230,"height":68,"caption":"FitPrint s.r.o."},"image":{"@id":"https:\/\/fitprint.cz\/#\/schema\/logo\/image\/"}}]}},"_links":{"self":[{"href":"https:\/\/fitprint.cz\/index.php?rest_route=\/wp\/v2\/product\/9379"}],"collection":[{"href":"https:\/\/fitprint.cz\/index.php?rest_route=\/wp\/v2\/product"}],"about":[{"href":"https:\/\/fitprint.cz\/index.php?rest_route=\/wp\/v2\/types\/product"}],"version-history":[{"count":1,"href":"https:\/\/fitprint.cz\/index.php?rest_route=\/wp\/v2\/product\/9379\/revisions"}],"predecessor-version":[{"id":10230,"href":"https:\/\/fitprint.cz\/index.php?rest_route=\/wp\/v2\/product\/9379\/revisions\/10230"}],"wp:featuredmedia":[{"embeddable":true,"href":"https:\/\/fitprint.cz\/index.php?rest_route=\/wp\/v2\/media\/9232"}],"wp:attachment":[{"href":"https:\/\/fitprint.cz\/index.php?rest_route=%2Fwp%2Fv2%2Fmedia&parent=9379"}],"wp:term":[{"taxonomy":"product_cat","embeddable":true,"href":"https:\/\/fitprint.cz\/index.php?rest_route=%2Fwp%2Fv2%2Fproduct_cat&post=9379"},{"taxonomy":"product_tag","embeddable":true,"href":"https:\/\/fitprint.cz\/index.php?rest_route=%2Fwp%2Fv2%2Fproduct_tag&post=9379"}],"curies":[{"name":"wp","href":"https:\/\/api.w.org\/{rel}","templated":true}]}}