{"id":9381,"date":"2023-06-08T20:27:51","date_gmt":"2023-06-08T18:27:51","guid":{"rendered":"https:\/\/fitprint.cz\/?product=epson-t1291-kompatibilni-cerna-inkoustova-cartridge"},"modified":"2023-10-23T08:03:00","modified_gmt":"2023-10-23T06:03:00","slug":"epson-t1291-kompatibilni-cerna-inkoustova-cartridge","status":"publish","type":"product","link":"https:\/\/fitprint.cz\/?product=epson-t1291-kompatibilni-cerna-inkoustova-cartridge","title":{"rendered":"Epson T1291 &#8211; kompatibiln\u00ed \u010dern\u00e1 inkoustov\u00e1 cartridge"},"content":{"rendered":"<p><strong>Kompatibiln\u00ed s:<\/strong><\/p>\n<p>Epson Stylus Office B42WD, Epson Stylus Office BX 305F, Epson Stylus Office BX 305FW, Epson Stylus Office BX 305FW Plus, Epson Stylus Office BX 320FW, Epson Stylus Office BX 525WD, Epson Stylus Office BX 535WD, Epson Stylus Office BX 625FWD, Epson Stylus Office BX 630FW, Epson Stylus Office BX 630FWD, Epson Stylus Office BX 635FWD, Epson Stylus Office BX 635WD, Epson Stylus Office BX 925FWD, Epson Stylus Office BX 935FWD, Epson Stylus Office BX 630 Series, Epson Stylus SX230, Epson Stylus SX230W, Epson Stylus SX235, Epson Stylus SX235W, Epson Stylus SX420, Epson Stylus SX420W, Epson Stylus SX425, Epson Stylus SX425W, Epson Stylus SX430W, Epson Stylus SX435W, Epson Stylus SX440W, Epson Stylus SX445W, Epson Stylus SX525WD, Epson Stylus SX535WD, Epson Stylus SX620FW, Epson Stylus SX420 Series, Epson Stylus SX430 Series, Epson Stylus SX438W, Epson Stylus SX440 Series, Epson WorkForce WF-3010DW, Epson WorkForce WF-3520DWF, Epson WorkForce WF-3530DTWF, Epson WorkForce WF-3540DTWF, Epson WorkForce WF-7015, Epson WorkForce WF-7515, Epson WorkForce WF-7525, Epson Workforce 525, Epson Workforce 630<\/p>\n","protected":false},"excerpt":{"rendered":"<p>Kompatibiln\u00ed s: Epson Stylus Office B42WD, Epson Stylus Office BX 305F, Epson Stylus Office BX 305FW, Epson Stylus Office BX 305FW Plus, Epson Stylus Office BX 320FW, Epson Stylus Office BX 525WD, Epson Stylus Office BX 535WD, Epson Stylus Office BX 625FWD, Epson Stylus Office BX 630FW, Epson Stylus Office BX 630FWD, Epson Stylus Office [&hellip;]<\/p>\n","protected":false},"featured_media":9231,"template":"","meta":[],"product_cat":[197,195],"product_tag":[305],"yoast_head":"<!-- This site is optimized with the Yoast SEO plugin v21.0 - https:\/\/yoast.com\/wordpress\/plugins\/seo\/ -->\n<title>Epson T1291 - kompatibiln\u00ed \u010dern\u00e1 inkoustov\u00e1 cartridge - FitPrint<\/title>\n<meta name=\"robots\" content=\"index, follow, max-snippet:-1, max-image-preview:large, max-video-preview:-1\" \/>\n<link rel=\"canonical\" href=\"https:\/\/fitprint.cz\/?product=epson-t1291-kompatibilni-cerna-inkoustova-cartridge\" \/>\n<meta property=\"og:locale\" content=\"cs_CZ\" \/>\n<meta property=\"og:type\" content=\"article\" \/>\n<meta property=\"og:title\" content=\"Epson T1291 - kompatibiln\u00ed \u010dern\u00e1 inkoustov\u00e1 cartridge - FitPrint\" \/>\n<meta property=\"og:description\" content=\"Kompatibiln\u00ed s: Epson Stylus Office B42WD, Epson Stylus Office BX 305F, Epson Stylus Office BX 305FW, Epson Stylus Office BX 305FW Plus, Epson Stylus Office BX 320FW, Epson Stylus Office BX 525WD, Epson Stylus Office BX 535WD, Epson Stylus Office BX 625FWD, Epson Stylus Office BX 630FW, Epson Stylus Office BX 630FWD, Epson Stylus Office [&hellip;]\" \/>\n<meta property=\"og:url\" content=\"https:\/\/fitprint.cz\/?product=epson-t1291-kompatibilni-cerna-inkoustova-cartridge\" \/>\n<meta property=\"og:site_name\" content=\"FitPrint\" \/>\n<meta property=\"article:modified_time\" content=\"2023-10-23T06:03:00+00:00\" \/>\n<meta property=\"og:image\" content=\"https:\/\/fitprint.cz\/wp-content\/uploads\/2023\/06\/product_inkoust_2.jpg\" \/>\n\t<meta property=\"og:image:width\" content=\"1000\" \/>\n\t<meta property=\"og:image:height\" content=\"667\" \/>\n\t<meta property=\"og:image:type\" content=\"image\/jpeg\" \/>\n<meta name=\"twitter:card\" content=\"summary_large_image\" \/>\n<meta name=\"twitter:label1\" content=\"Odhadovan\u00e1 doba \u010dten\u00ed\" \/>\n\t<meta name=\"twitter:data1\" content=\"1 minuta\" \/>\n<script type=\"application\/ld+json\" class=\"yoast-schema-graph\">{\"@context\":\"https:\/\/schema.org\",\"@graph\":[{\"@type\":\"WebPage\",\"@id\":\"https:\/\/fitprint.cz\/?product=epson-t1291-kompatibilni-cerna-inkoustova-cartridge\",\"url\":\"https:\/\/fitprint.cz\/?product=epson-t1291-kompatibilni-cerna-inkoustova-cartridge\",\"name\":\"Epson T1291 - kompatibiln\u00ed \u010dern\u00e1 inkoustov\u00e1 cartridge - FitPrint\",\"isPartOf\":{\"@id\":\"https:\/\/fitprint.cz\/#website\"},\"datePublished\":\"2023-06-08T18:27:51+00:00\",\"dateModified\":\"2023-10-23T06:03:00+00:00\",\"breadcrumb\":{\"@id\":\"https:\/\/fitprint.cz\/?product=epson-t1291-kompatibilni-cerna-inkoustova-cartridge#breadcrumb\"},\"inLanguage\":\"cs\",\"potentialAction\":[{\"@type\":\"ReadAction\",\"target\":[\"https:\/\/fitprint.cz\/?product=epson-t1291-kompatibilni-cerna-inkoustova-cartridge\"]}]},{\"@type\":\"BreadcrumbList\",\"@id\":\"https:\/\/fitprint.cz\/?product=epson-t1291-kompatibilni-cerna-inkoustova-cartridge#breadcrumb\",\"itemListElement\":[{\"@type\":\"ListItem\",\"position\":1,\"name\":\"Home\",\"item\":\"https:\/\/fitprint.cz\/\"},{\"@type\":\"ListItem\",\"position\":2,\"name\":\"Shop\",\"item\":\"https:\/\/fitprint.cz\/?page_id=5\"},{\"@type\":\"ListItem\",\"position\":3,\"name\":\"Epson T1291 &#8211; kompatibiln\u00ed \u010dern\u00e1 inkoustov\u00e1 cartridge\"}]},{\"@type\":\"WebSite\",\"@id\":\"https:\/\/fitprint.cz\/#website\",\"url\":\"https:\/\/fitprint.cz\/\",\"name\":\"FitPrint\",\"description\":\"levn\u00e9 tiskov\u00e9 tonery a n\u00e1pln\u011b pro tisk\u00e1rny\",\"publisher\":{\"@id\":\"https:\/\/fitprint.cz\/#organization\"},\"potentialAction\":[{\"@type\":\"SearchAction\",\"target\":{\"@type\":\"EntryPoint\",\"urlTemplate\":\"https:\/\/fitprint.cz\/?s={search_term_string}\"},\"query-input\":\"required name=search_term_string\"}],\"inLanguage\":\"cs\"},{\"@type\":\"Organization\",\"@id\":\"https:\/\/fitprint.cz\/#organization\",\"name\":\"FitPrint s.r.o.\",\"url\":\"https:\/\/fitprint.cz\/\",\"logo\":{\"@type\":\"ImageObject\",\"inLanguage\":\"cs\",\"@id\":\"https:\/\/fitprint.cz\/#\/schema\/logo\/image\/\",\"url\":\"https:\/\/fitprint.cz\/wp-content\/uploads\/2023\/04\/FitPrint_logo_1.svg\",\"contentUrl\":\"https:\/\/fitprint.cz\/wp-content\/uploads\/2023\/04\/FitPrint_logo_1.svg\",\"width\":230,\"height\":68,\"caption\":\"FitPrint s.r.o.\"},\"image\":{\"@id\":\"https:\/\/fitprint.cz\/#\/schema\/logo\/image\/\"}}]}<\/script>\n<!-- \/ Yoast SEO plugin. -->","yoast_head_json":{"title":"Epson T1291 - kompatibiln\u00ed \u010dern\u00e1 inkoustov\u00e1 cartridge - FitPrint","robots":{"index":"index","follow":"follow","max-snippet":"max-snippet:-1","max-image-preview":"max-image-preview:large","max-video-preview":"max-video-preview:-1"},"canonical":"https:\/\/fitprint.cz\/?product=epson-t1291-kompatibilni-cerna-inkoustova-cartridge","og_locale":"cs_CZ","og_type":"article","og_title":"Epson T1291 - kompatibiln\u00ed \u010dern\u00e1 inkoustov\u00e1 cartridge - FitPrint","og_description":"Kompatibiln\u00ed s: Epson Stylus Office B42WD, Epson Stylus Office BX 305F, Epson Stylus Office BX 305FW, Epson Stylus Office BX 305FW Plus, Epson Stylus Office BX 320FW, Epson Stylus Office BX 525WD, Epson Stylus Office BX 535WD, Epson Stylus Office BX 625FWD, Epson Stylus Office BX 630FW, Epson Stylus Office BX 630FWD, Epson Stylus Office [&hellip;]","og_url":"https:\/\/fitprint.cz\/?product=epson-t1291-kompatibilni-cerna-inkoustova-cartridge","og_site_name":"FitPrint","article_modified_time":"2023-10-23T06:03:00+00:00","og_image":[{"width":1000,"height":667,"url":"https:\/\/fitprint.cz\/wp-content\/uploads\/2023\/06\/product_inkoust_2.jpg","type":"image\/jpeg"}],"twitter_card":"summary_large_image","twitter_misc":{"Odhadovan\u00e1 doba \u010dten\u00ed":"1 minuta"},"schema":{"@context":"https:\/\/schema.org","@graph":[{"@type":"WebPage","@id":"https:\/\/fitprint.cz\/?product=epson-t1291-kompatibilni-cerna-inkoustova-cartridge","url":"https:\/\/fitprint.cz\/?product=epson-t1291-kompatibilni-cerna-inkoustova-cartridge","name":"Epson T1291 - kompatibiln\u00ed \u010dern\u00e1 inkoustov\u00e1 cartridge - FitPrint","isPartOf":{"@id":"https:\/\/fitprint.cz\/#website"},"datePublished":"2023-06-08T18:27:51+00:00","dateModified":"2023-10-23T06:03:00+00:00","breadcrumb":{"@id":"https:\/\/fitprint.cz\/?product=epson-t1291-kompatibilni-cerna-inkoustova-cartridge#breadcrumb"},"inLanguage":"cs","potentialAction":[{"@type":"ReadAction","target":["https:\/\/fitprint.cz\/?product=epson-t1291-kompatibilni-cerna-inkoustova-cartridge"]}]},{"@type":"BreadcrumbList","@id":"https:\/\/fitprint.cz\/?product=epson-t1291-kompatibilni-cerna-inkoustova-cartridge#breadcrumb","itemListElement":[{"@type":"ListItem","position":1,"name":"Home","item":"https:\/\/fitprint.cz\/"},{"@type":"ListItem","position":2,"name":"Shop","item":"https:\/\/fitprint.cz\/?page_id=5"},{"@type":"ListItem","position":3,"name":"Epson T1291 &#8211; kompatibiln\u00ed \u010dern\u00e1 inkoustov\u00e1 cartridge"}]},{"@type":"WebSite","@id":"https:\/\/fitprint.cz\/#website","url":"https:\/\/fitprint.cz\/","name":"FitPrint","description":"levn\u00e9 tiskov\u00e9 tonery a n\u00e1pln\u011b pro tisk\u00e1rny","publisher":{"@id":"https:\/\/fitprint.cz\/#organization"},"potentialAction":[{"@type":"SearchAction","target":{"@type":"EntryPoint","urlTemplate":"https:\/\/fitprint.cz\/?s={search_term_string}"},"query-input":"required name=search_term_string"}],"inLanguage":"cs"},{"@type":"Organization","@id":"https:\/\/fitprint.cz\/#organization","name":"FitPrint s.r.o.","url":"https:\/\/fitprint.cz\/","logo":{"@type":"ImageObject","inLanguage":"cs","@id":"https:\/\/fitprint.cz\/#\/schema\/logo\/image\/","url":"https:\/\/fitprint.cz\/wp-content\/uploads\/2023\/04\/FitPrint_logo_1.svg","contentUrl":"https:\/\/fitprint.cz\/wp-content\/uploads\/2023\/04\/FitPrint_logo_1.svg","width":230,"height":68,"caption":"FitPrint s.r.o."},"image":{"@id":"https:\/\/fitprint.cz\/#\/schema\/logo\/image\/"}}]}},"_links":{"self":[{"href":"https:\/\/fitprint.cz\/index.php?rest_route=\/wp\/v2\/product\/9381"}],"collection":[{"href":"https:\/\/fitprint.cz\/index.php?rest_route=\/wp\/v2\/product"}],"about":[{"href":"https:\/\/fitprint.cz\/index.php?rest_route=\/wp\/v2\/types\/product"}],"version-history":[{"count":1,"href":"https:\/\/fitprint.cz\/index.php?rest_route=\/wp\/v2\/product\/9381\/revisions"}],"predecessor-version":[{"id":10232,"href":"https:\/\/fitprint.cz\/index.php?rest_route=\/wp\/v2\/product\/9381\/revisions\/10232"}],"wp:featuredmedia":[{"embeddable":true,"href":"https:\/\/fitprint.cz\/index.php?rest_route=\/wp\/v2\/media\/9231"}],"wp:attachment":[{"href":"https:\/\/fitprint.cz\/index.php?rest_route=%2Fwp%2Fv2%2Fmedia&parent=9381"}],"wp:term":[{"taxonomy":"product_cat","embeddable":true,"href":"https:\/\/fitprint.cz\/index.php?rest_route=%2Fwp%2Fv2%2Fproduct_cat&post=9381"},{"taxonomy":"product_tag","embeddable":true,"href":"https:\/\/fitprint.cz\/index.php?rest_route=%2Fwp%2Fv2%2Fproduct_tag&post=9381"}],"curies":[{"name":"wp","href":"https:\/\/api.w.org\/{rel}","templated":true}]}}