{"id":9402,"date":"2023-06-08T20:27:56","date_gmt":"2023-06-08T18:27:56","guid":{"rendered":"https:\/\/fitprint.cz\/?product=samsung-mlt-r116-kompatibilni-cerna-valcova-jednotka"},"modified":"2023-10-23T08:03:04","modified_gmt":"2023-10-23T06:03:04","slug":"samsung-mlt-r116-kompatibilni-cerna-valcova-jednotka","status":"publish","type":"product","link":"https:\/\/fitprint.cz\/?product=samsung-mlt-r116-kompatibilni-cerna-valcova-jednotka","title":{"rendered":"Samsung MLT-R116 &#8211; kompatibiln\u00ed \u010dern\u00e1 v\u00e1lcov\u00e1 jednotka"},"content":{"rendered":"<p><strong>Kompatibiln\u00ed s:<\/strong><\/p>\n<p>Samsung SL-M2620, Samsung SL-M2620D, Samsung SL-M2620ND, Samsung SL-M2625, Samsung SL-M2625D, Samsung SL-M2625F, Samsung SL-M2625N, Samsung SL-M2626, Samsung SL-M2820D, Samsung SL-M2820DW, Samsung SL-M2820ND, Samsung SL-M2825DW, Samsung SL-M2825ND, Samsung SL-M2826, Samsung SL-M2620 Series, Samsung SL-M2625FN, Samsung SL-M2625 Series, Samsung SL-M2820 Series, Samsung SL-M2870FD, Samsung SL-M2870FW, Samsung SL-M2871FW, Samsung SL-M2876, Samsung Xpress M2625 D Premium Line, Samsung Xpress M2675FN, Samsung Xpress M2675FN Premium Line, Samsung Xpress M2676, Samsung Xpress M2825 ND Premium Line, Samsung Xpress M2835 DW Premium Line, Samsung Xpress M2875FD Premium Line, Samsung Xpress M2885 Series, Samsung Xpress M2620, Samsung Xpress M2620D, Samsung Xpress M2620ND, Samsung Xpress M2625, Samsung Xpress M2625D, Samsung Xpress M2625D Premium Line, Samsung Xpress M2625F, Samsung Xpress M2625N, Samsung Xpress M2626, Samsung Xpress M2820D, Samsung Xpress M2820DW, Samsung Xpress M2820ND, Samsung Xpress M2825DW, Samsung Xpress M2825ND, Samsung Xpress M2825ND Premium Line, Samsung Xpress M2826, Samsung Xpress M2830DW, Samsung Xpress M2835DW, Samsung Xpress M2835DW Premium Line, Samsung Xpress M2620 Series, Samsung Xpress M2625FN, Samsung Xpress M2625 Series, Samsung Xpress M2820 Series, Samsung Xpress M2825 Series, Samsung Xpress M2875FD, Samsung Xpress M2875DW, Samsung Xpress M2875FW, Samsung Xpress M2875ND, Samsung Xpress M2875 Series, Samsung Xpress M2885, Samsung Xpress M2885FW<\/p>\n","protected":false},"excerpt":{"rendered":"<p>Kompatibiln\u00ed s: Samsung SL-M2620, Samsung SL-M2620D, Samsung SL-M2620ND, Samsung SL-M2625, Samsung SL-M2625D, Samsung SL-M2625F, Samsung SL-M2625N, Samsung SL-M2626, Samsung SL-M2820D, Samsung SL-M2820DW, Samsung SL-M2820ND, Samsung SL-M2825DW, Samsung SL-M2825ND, Samsung SL-M2826, Samsung SL-M2620 Series, Samsung SL-M2625FN, Samsung SL-M2625 Series, Samsung SL-M2820 Series, Samsung SL-M2870FD, Samsung SL-M2870FW, Samsung SL-M2871FW, Samsung SL-M2876, Samsung Xpress M2625 D Premium Line, [&hellip;]<\/p>\n","protected":false},"featured_media":9221,"template":"","meta":[],"product_cat":[218,195],"product_tag":[305],"yoast_head":"<!-- This site is optimized with the Yoast SEO plugin v21.0 - https:\/\/yoast.com\/wordpress\/plugins\/seo\/ -->\n<title>Samsung MLT-R116 - kompatibiln\u00ed \u010dern\u00e1 v\u00e1lcov\u00e1 jednotka - FitPrint<\/title>\n<meta name=\"robots\" content=\"index, follow, max-snippet:-1, max-image-preview:large, max-video-preview:-1\" \/>\n<link rel=\"canonical\" href=\"https:\/\/fitprint.cz\/?product=samsung-mlt-r116-kompatibilni-cerna-valcova-jednotka\" \/>\n<meta property=\"og:locale\" content=\"cs_CZ\" \/>\n<meta property=\"og:type\" content=\"article\" \/>\n<meta property=\"og:title\" content=\"Samsung MLT-R116 - kompatibiln\u00ed \u010dern\u00e1 v\u00e1lcov\u00e1 jednotka - FitPrint\" \/>\n<meta property=\"og:description\" content=\"Kompatibiln\u00ed s: Samsung SL-M2620, Samsung SL-M2620D, Samsung SL-M2620ND, Samsung SL-M2625, Samsung SL-M2625D, Samsung SL-M2625F, Samsung SL-M2625N, Samsung SL-M2626, Samsung SL-M2820D, Samsung SL-M2820DW, Samsung SL-M2820ND, Samsung SL-M2825DW, Samsung SL-M2825ND, Samsung SL-M2826, Samsung SL-M2620 Series, Samsung SL-M2625FN, Samsung SL-M2625 Series, Samsung SL-M2820 Series, Samsung SL-M2870FD, Samsung SL-M2870FW, Samsung SL-M2871FW, Samsung SL-M2876, Samsung Xpress M2625 D Premium Line, [&hellip;]\" \/>\n<meta property=\"og:url\" content=\"https:\/\/fitprint.cz\/?product=samsung-mlt-r116-kompatibilni-cerna-valcova-jednotka\" \/>\n<meta property=\"og:site_name\" content=\"FitPrint\" \/>\n<meta property=\"article:modified_time\" content=\"2023-10-23T06:03:04+00:00\" \/>\n<meta property=\"og:image\" content=\"https:\/\/fitprint.cz\/wp-content\/uploads\/2023\/06\/product_valec_4.jpg\" \/>\n\t<meta property=\"og:image:width\" content=\"1000\" \/>\n\t<meta property=\"og:image:height\" content=\"667\" \/>\n\t<meta property=\"og:image:type\" content=\"image\/jpeg\" \/>\n<meta name=\"twitter:card\" content=\"summary_large_image\" \/>\n<meta name=\"twitter:label1\" content=\"Odhadovan\u00e1 doba \u010dten\u00ed\" \/>\n\t<meta name=\"twitter:data1\" content=\"1 minuta\" \/>\n<script type=\"application\/ld+json\" class=\"yoast-schema-graph\">{\"@context\":\"https:\/\/schema.org\",\"@graph\":[{\"@type\":\"WebPage\",\"@id\":\"https:\/\/fitprint.cz\/?product=samsung-mlt-r116-kompatibilni-cerna-valcova-jednotka\",\"url\":\"https:\/\/fitprint.cz\/?product=samsung-mlt-r116-kompatibilni-cerna-valcova-jednotka\",\"name\":\"Samsung MLT-R116 - kompatibiln\u00ed \u010dern\u00e1 v\u00e1lcov\u00e1 jednotka - FitPrint\",\"isPartOf\":{\"@id\":\"https:\/\/fitprint.cz\/#website\"},\"datePublished\":\"2023-06-08T18:27:56+00:00\",\"dateModified\":\"2023-10-23T06:03:04+00:00\",\"breadcrumb\":{\"@id\":\"https:\/\/fitprint.cz\/?product=samsung-mlt-r116-kompatibilni-cerna-valcova-jednotka#breadcrumb\"},\"inLanguage\":\"cs\",\"potentialAction\":[{\"@type\":\"ReadAction\",\"target\":[\"https:\/\/fitprint.cz\/?product=samsung-mlt-r116-kompatibilni-cerna-valcova-jednotka\"]}]},{\"@type\":\"BreadcrumbList\",\"@id\":\"https:\/\/fitprint.cz\/?product=samsung-mlt-r116-kompatibilni-cerna-valcova-jednotka#breadcrumb\",\"itemListElement\":[{\"@type\":\"ListItem\",\"position\":1,\"name\":\"Home\",\"item\":\"https:\/\/fitprint.cz\/\"},{\"@type\":\"ListItem\",\"position\":2,\"name\":\"Shop\",\"item\":\"https:\/\/fitprint.cz\/?page_id=5\"},{\"@type\":\"ListItem\",\"position\":3,\"name\":\"Samsung MLT-R116 &#8211; kompatibiln\u00ed \u010dern\u00e1 v\u00e1lcov\u00e1 jednotka\"}]},{\"@type\":\"WebSite\",\"@id\":\"https:\/\/fitprint.cz\/#website\",\"url\":\"https:\/\/fitprint.cz\/\",\"name\":\"FitPrint\",\"description\":\"levn\u00e9 tiskov\u00e9 tonery a n\u00e1pln\u011b pro tisk\u00e1rny\",\"publisher\":{\"@id\":\"https:\/\/fitprint.cz\/#organization\"},\"potentialAction\":[{\"@type\":\"SearchAction\",\"target\":{\"@type\":\"EntryPoint\",\"urlTemplate\":\"https:\/\/fitprint.cz\/?s={search_term_string}\"},\"query-input\":\"required name=search_term_string\"}],\"inLanguage\":\"cs\"},{\"@type\":\"Organization\",\"@id\":\"https:\/\/fitprint.cz\/#organization\",\"name\":\"FitPrint s.r.o.\",\"url\":\"https:\/\/fitprint.cz\/\",\"logo\":{\"@type\":\"ImageObject\",\"inLanguage\":\"cs\",\"@id\":\"https:\/\/fitprint.cz\/#\/schema\/logo\/image\/\",\"url\":\"https:\/\/fitprint.cz\/wp-content\/uploads\/2023\/04\/FitPrint_logo_1.svg\",\"contentUrl\":\"https:\/\/fitprint.cz\/wp-content\/uploads\/2023\/04\/FitPrint_logo_1.svg\",\"width\":230,\"height\":68,\"caption\":\"FitPrint s.r.o.\"},\"image\":{\"@id\":\"https:\/\/fitprint.cz\/#\/schema\/logo\/image\/\"}}]}<\/script>\n<!-- \/ Yoast SEO plugin. -->","yoast_head_json":{"title":"Samsung MLT-R116 - kompatibiln\u00ed \u010dern\u00e1 v\u00e1lcov\u00e1 jednotka - FitPrint","robots":{"index":"index","follow":"follow","max-snippet":"max-snippet:-1","max-image-preview":"max-image-preview:large","max-video-preview":"max-video-preview:-1"},"canonical":"https:\/\/fitprint.cz\/?product=samsung-mlt-r116-kompatibilni-cerna-valcova-jednotka","og_locale":"cs_CZ","og_type":"article","og_title":"Samsung MLT-R116 - kompatibiln\u00ed \u010dern\u00e1 v\u00e1lcov\u00e1 jednotka - FitPrint","og_description":"Kompatibiln\u00ed s: Samsung SL-M2620, Samsung SL-M2620D, Samsung SL-M2620ND, Samsung SL-M2625, Samsung SL-M2625D, Samsung SL-M2625F, Samsung SL-M2625N, Samsung SL-M2626, Samsung SL-M2820D, Samsung SL-M2820DW, Samsung SL-M2820ND, Samsung SL-M2825DW, Samsung SL-M2825ND, Samsung SL-M2826, Samsung SL-M2620 Series, Samsung SL-M2625FN, Samsung SL-M2625 Series, Samsung SL-M2820 Series, Samsung SL-M2870FD, Samsung SL-M2870FW, Samsung SL-M2871FW, Samsung SL-M2876, Samsung Xpress M2625 D Premium Line, [&hellip;]","og_url":"https:\/\/fitprint.cz\/?product=samsung-mlt-r116-kompatibilni-cerna-valcova-jednotka","og_site_name":"FitPrint","article_modified_time":"2023-10-23T06:03:04+00:00","og_image":[{"width":1000,"height":667,"url":"https:\/\/fitprint.cz\/wp-content\/uploads\/2023\/06\/product_valec_4.jpg","type":"image\/jpeg"}],"twitter_card":"summary_large_image","twitter_misc":{"Odhadovan\u00e1 doba \u010dten\u00ed":"1 minuta"},"schema":{"@context":"https:\/\/schema.org","@graph":[{"@type":"WebPage","@id":"https:\/\/fitprint.cz\/?product=samsung-mlt-r116-kompatibilni-cerna-valcova-jednotka","url":"https:\/\/fitprint.cz\/?product=samsung-mlt-r116-kompatibilni-cerna-valcova-jednotka","name":"Samsung MLT-R116 - kompatibiln\u00ed \u010dern\u00e1 v\u00e1lcov\u00e1 jednotka - FitPrint","isPartOf":{"@id":"https:\/\/fitprint.cz\/#website"},"datePublished":"2023-06-08T18:27:56+00:00","dateModified":"2023-10-23T06:03:04+00:00","breadcrumb":{"@id":"https:\/\/fitprint.cz\/?product=samsung-mlt-r116-kompatibilni-cerna-valcova-jednotka#breadcrumb"},"inLanguage":"cs","potentialAction":[{"@type":"ReadAction","target":["https:\/\/fitprint.cz\/?product=samsung-mlt-r116-kompatibilni-cerna-valcova-jednotka"]}]},{"@type":"BreadcrumbList","@id":"https:\/\/fitprint.cz\/?product=samsung-mlt-r116-kompatibilni-cerna-valcova-jednotka#breadcrumb","itemListElement":[{"@type":"ListItem","position":1,"name":"Home","item":"https:\/\/fitprint.cz\/"},{"@type":"ListItem","position":2,"name":"Shop","item":"https:\/\/fitprint.cz\/?page_id=5"},{"@type":"ListItem","position":3,"name":"Samsung MLT-R116 &#8211; kompatibiln\u00ed \u010dern\u00e1 v\u00e1lcov\u00e1 jednotka"}]},{"@type":"WebSite","@id":"https:\/\/fitprint.cz\/#website","url":"https:\/\/fitprint.cz\/","name":"FitPrint","description":"levn\u00e9 tiskov\u00e9 tonery a n\u00e1pln\u011b pro tisk\u00e1rny","publisher":{"@id":"https:\/\/fitprint.cz\/#organization"},"potentialAction":[{"@type":"SearchAction","target":{"@type":"EntryPoint","urlTemplate":"https:\/\/fitprint.cz\/?s={search_term_string}"},"query-input":"required name=search_term_string"}],"inLanguage":"cs"},{"@type":"Organization","@id":"https:\/\/fitprint.cz\/#organization","name":"FitPrint s.r.o.","url":"https:\/\/fitprint.cz\/","logo":{"@type":"ImageObject","inLanguage":"cs","@id":"https:\/\/fitprint.cz\/#\/schema\/logo\/image\/","url":"https:\/\/fitprint.cz\/wp-content\/uploads\/2023\/04\/FitPrint_logo_1.svg","contentUrl":"https:\/\/fitprint.cz\/wp-content\/uploads\/2023\/04\/FitPrint_logo_1.svg","width":230,"height":68,"caption":"FitPrint s.r.o."},"image":{"@id":"https:\/\/fitprint.cz\/#\/schema\/logo\/image\/"}}]}},"_links":{"self":[{"href":"https:\/\/fitprint.cz\/index.php?rest_route=\/wp\/v2\/product\/9402"}],"collection":[{"href":"https:\/\/fitprint.cz\/index.php?rest_route=\/wp\/v2\/product"}],"about":[{"href":"https:\/\/fitprint.cz\/index.php?rest_route=\/wp\/v2\/types\/product"}],"version-history":[{"count":1,"href":"https:\/\/fitprint.cz\/index.php?rest_route=\/wp\/v2\/product\/9402\/revisions"}],"predecessor-version":[{"id":10253,"href":"https:\/\/fitprint.cz\/index.php?rest_route=\/wp\/v2\/product\/9402\/revisions\/10253"}],"wp:featuredmedia":[{"embeddable":true,"href":"https:\/\/fitprint.cz\/index.php?rest_route=\/wp\/v2\/media\/9221"}],"wp:attachment":[{"href":"https:\/\/fitprint.cz\/index.php?rest_route=%2Fwp%2Fv2%2Fmedia&parent=9402"}],"wp:term":[{"taxonomy":"product_cat","embeddable":true,"href":"https:\/\/fitprint.cz\/index.php?rest_route=%2Fwp%2Fv2%2Fproduct_cat&post=9402"},{"taxonomy":"product_tag","embeddable":true,"href":"https:\/\/fitprint.cz\/index.php?rest_route=%2Fwp%2Fv2%2Fproduct_tag&post=9402"}],"curies":[{"name":"wp","href":"https:\/\/api.w.org\/{rel}","templated":true}]}}