{"id":9425,"date":"2023-06-08T20:27:59","date_gmt":"2023-06-08T18:27:59","guid":{"rendered":"https:\/\/fitprint.cz\/?product=hp-cc532a-304a-kompatibilni-zluty-toner"},"modified":"2023-10-23T08:03:09","modified_gmt":"2023-10-23T06:03:09","slug":"hp-cc532a-304a-kompatibilni-zluty-toner","status":"publish","type":"product","link":"https:\/\/fitprint.cz\/?product=hp-cc532a-304a-kompatibilni-zluty-toner","title":{"rendered":"HP CC532A (304A) &#8211; kompatibiln\u00ed \u017elut\u00fd toner"},"content":{"rendered":"<p><strong>Kompatibiln\u00ed s:<\/strong><\/p>\n<p>HP Color LaserJet CP2020, HP Color LaserJet CP2024, HP Color LaserJet CP2024dn, HP Color LaserJet CP2025, HP Color LaserJet CP2025dn, HP Color LaserJet CP2025n, HP Color LaserJet CP2025x, HP Color LaserJet CP2026, HP Color LaserJet CP2026dn, HP Color LaserJet CP2026n, HP Color LaserJet CP2027, HP Color LaserJet CP2027dn, HP Color LaserJet CP2027n, HP Color Laserjet CM 2320 FXI MFP, HP Color Laserjet CM 2320 N MFP, HP Color Laserjet CM 2320 NF MFP, HP Color Laserjet CM 2320 CBB MFP, HP Color Laserjet CM 2320 CI MFP, HP Color Laserjet CM 2320 EB MFP, HP Color Laserjet CM 2320 EBB MFP, HP Color Laserjet CM 2320 EI MFP, HP Color Laserjet CM 2320 WB MFP, HP Color Laserjet CM 2320 WBB MFP, HP Color Laserjet CM 2320 WI MFP, HP Color Laserjet CM 2720 FXI MFP, HP Color LaserJet CM 2320, HP Color LaserJet CM 2320 CB MFP, HP Color LaserJet CM 2323<\/p>\n","protected":false},"excerpt":{"rendered":"<p>Kompatibiln\u00ed s: HP Color LaserJet CP2020, HP Color LaserJet CP2024, HP Color LaserJet CP2024dn, HP Color LaserJet CP2025, HP Color LaserJet CP2025dn, HP Color LaserJet CP2025n, HP Color LaserJet CP2025x, HP Color LaserJet CP2026, HP Color LaserJet CP2026dn, HP Color LaserJet CP2026n, HP Color LaserJet CP2027, HP Color LaserJet CP2027dn, HP Color LaserJet CP2027n, HP [&hellip;]<\/p>\n","protected":false},"featured_media":9226,"template":"","meta":[],"product_cat":[196,195],"product_tag":[305],"yoast_head":"<!-- This site is optimized with the Yoast SEO plugin v21.0 - https:\/\/yoast.com\/wordpress\/plugins\/seo\/ -->\n<title>HP CC532A (304A) - kompatibiln\u00ed \u017elut\u00fd toner - FitPrint<\/title>\n<meta name=\"robots\" content=\"index, follow, max-snippet:-1, max-image-preview:large, max-video-preview:-1\" \/>\n<link rel=\"canonical\" href=\"https:\/\/fitprint.cz\/?product=hp-cc532a-304a-kompatibilni-zluty-toner\" \/>\n<meta property=\"og:locale\" content=\"cs_CZ\" \/>\n<meta property=\"og:type\" content=\"article\" \/>\n<meta property=\"og:title\" content=\"HP CC532A (304A) - kompatibiln\u00ed \u017elut\u00fd toner - FitPrint\" \/>\n<meta property=\"og:description\" content=\"Kompatibiln\u00ed s: HP Color LaserJet CP2020, HP Color LaserJet CP2024, HP Color LaserJet CP2024dn, HP Color LaserJet CP2025, HP Color LaserJet CP2025dn, HP Color LaserJet CP2025n, HP Color LaserJet CP2025x, HP Color LaserJet CP2026, HP Color LaserJet CP2026dn, HP Color LaserJet CP2026n, HP Color LaserJet CP2027, HP Color LaserJet CP2027dn, HP Color LaserJet CP2027n, HP [&hellip;]\" \/>\n<meta property=\"og:url\" content=\"https:\/\/fitprint.cz\/?product=hp-cc532a-304a-kompatibilni-zluty-toner\" \/>\n<meta property=\"og:site_name\" content=\"FitPrint\" \/>\n<meta property=\"article:modified_time\" content=\"2023-10-23T06:03:09+00:00\" \/>\n<meta property=\"og:image\" content=\"https:\/\/fitprint.cz\/wp-content\/uploads\/2023\/06\/product_toner_3.jpg\" \/>\n\t<meta property=\"og:image:width\" content=\"1000\" \/>\n\t<meta property=\"og:image:height\" content=\"667\" \/>\n\t<meta property=\"og:image:type\" content=\"image\/jpeg\" \/>\n<meta name=\"twitter:card\" content=\"summary_large_image\" \/>\n<meta name=\"twitter:label1\" content=\"Odhadovan\u00e1 doba \u010dten\u00ed\" \/>\n\t<meta name=\"twitter:data1\" content=\"1 minuta\" \/>\n<script type=\"application\/ld+json\" class=\"yoast-schema-graph\">{\"@context\":\"https:\/\/schema.org\",\"@graph\":[{\"@type\":\"WebPage\",\"@id\":\"https:\/\/fitprint.cz\/?product=hp-cc532a-304a-kompatibilni-zluty-toner\",\"url\":\"https:\/\/fitprint.cz\/?product=hp-cc532a-304a-kompatibilni-zluty-toner\",\"name\":\"HP CC532A (304A) - kompatibiln\u00ed \u017elut\u00fd toner - FitPrint\",\"isPartOf\":{\"@id\":\"https:\/\/fitprint.cz\/#website\"},\"datePublished\":\"2023-06-08T18:27:59+00:00\",\"dateModified\":\"2023-10-23T06:03:09+00:00\",\"breadcrumb\":{\"@id\":\"https:\/\/fitprint.cz\/?product=hp-cc532a-304a-kompatibilni-zluty-toner#breadcrumb\"},\"inLanguage\":\"cs\",\"potentialAction\":[{\"@type\":\"ReadAction\",\"target\":[\"https:\/\/fitprint.cz\/?product=hp-cc532a-304a-kompatibilni-zluty-toner\"]}]},{\"@type\":\"BreadcrumbList\",\"@id\":\"https:\/\/fitprint.cz\/?product=hp-cc532a-304a-kompatibilni-zluty-toner#breadcrumb\",\"itemListElement\":[{\"@type\":\"ListItem\",\"position\":1,\"name\":\"Home\",\"item\":\"https:\/\/fitprint.cz\/\"},{\"@type\":\"ListItem\",\"position\":2,\"name\":\"Shop\",\"item\":\"https:\/\/fitprint.cz\/?page_id=5\"},{\"@type\":\"ListItem\",\"position\":3,\"name\":\"HP CC532A (304A) &#8211; kompatibiln\u00ed \u017elut\u00fd toner\"}]},{\"@type\":\"WebSite\",\"@id\":\"https:\/\/fitprint.cz\/#website\",\"url\":\"https:\/\/fitprint.cz\/\",\"name\":\"FitPrint\",\"description\":\"levn\u00e9 tiskov\u00e9 tonery a n\u00e1pln\u011b pro tisk\u00e1rny\",\"publisher\":{\"@id\":\"https:\/\/fitprint.cz\/#organization\"},\"potentialAction\":[{\"@type\":\"SearchAction\",\"target\":{\"@type\":\"EntryPoint\",\"urlTemplate\":\"https:\/\/fitprint.cz\/?s={search_term_string}\"},\"query-input\":\"required name=search_term_string\"}],\"inLanguage\":\"cs\"},{\"@type\":\"Organization\",\"@id\":\"https:\/\/fitprint.cz\/#organization\",\"name\":\"FitPrint s.r.o.\",\"url\":\"https:\/\/fitprint.cz\/\",\"logo\":{\"@type\":\"ImageObject\",\"inLanguage\":\"cs\",\"@id\":\"https:\/\/fitprint.cz\/#\/schema\/logo\/image\/\",\"url\":\"https:\/\/fitprint.cz\/wp-content\/uploads\/2023\/04\/FitPrint_logo_1.svg\",\"contentUrl\":\"https:\/\/fitprint.cz\/wp-content\/uploads\/2023\/04\/FitPrint_logo_1.svg\",\"width\":230,\"height\":68,\"caption\":\"FitPrint s.r.o.\"},\"image\":{\"@id\":\"https:\/\/fitprint.cz\/#\/schema\/logo\/image\/\"}}]}<\/script>\n<!-- \/ Yoast SEO plugin. -->","yoast_head_json":{"title":"HP CC532A (304A) - kompatibiln\u00ed \u017elut\u00fd toner - FitPrint","robots":{"index":"index","follow":"follow","max-snippet":"max-snippet:-1","max-image-preview":"max-image-preview:large","max-video-preview":"max-video-preview:-1"},"canonical":"https:\/\/fitprint.cz\/?product=hp-cc532a-304a-kompatibilni-zluty-toner","og_locale":"cs_CZ","og_type":"article","og_title":"HP CC532A (304A) - kompatibiln\u00ed \u017elut\u00fd toner - FitPrint","og_description":"Kompatibiln\u00ed s: HP Color LaserJet CP2020, HP Color LaserJet CP2024, HP Color LaserJet CP2024dn, HP Color LaserJet CP2025, HP Color LaserJet CP2025dn, HP Color LaserJet CP2025n, HP Color LaserJet CP2025x, HP Color LaserJet CP2026, HP Color LaserJet CP2026dn, HP Color LaserJet CP2026n, HP Color LaserJet CP2027, HP Color LaserJet CP2027dn, HP Color LaserJet CP2027n, HP [&hellip;]","og_url":"https:\/\/fitprint.cz\/?product=hp-cc532a-304a-kompatibilni-zluty-toner","og_site_name":"FitPrint","article_modified_time":"2023-10-23T06:03:09+00:00","og_image":[{"width":1000,"height":667,"url":"https:\/\/fitprint.cz\/wp-content\/uploads\/2023\/06\/product_toner_3.jpg","type":"image\/jpeg"}],"twitter_card":"summary_large_image","twitter_misc":{"Odhadovan\u00e1 doba \u010dten\u00ed":"1 minuta"},"schema":{"@context":"https:\/\/schema.org","@graph":[{"@type":"WebPage","@id":"https:\/\/fitprint.cz\/?product=hp-cc532a-304a-kompatibilni-zluty-toner","url":"https:\/\/fitprint.cz\/?product=hp-cc532a-304a-kompatibilni-zluty-toner","name":"HP CC532A (304A) - kompatibiln\u00ed \u017elut\u00fd toner - FitPrint","isPartOf":{"@id":"https:\/\/fitprint.cz\/#website"},"datePublished":"2023-06-08T18:27:59+00:00","dateModified":"2023-10-23T06:03:09+00:00","breadcrumb":{"@id":"https:\/\/fitprint.cz\/?product=hp-cc532a-304a-kompatibilni-zluty-toner#breadcrumb"},"inLanguage":"cs","potentialAction":[{"@type":"ReadAction","target":["https:\/\/fitprint.cz\/?product=hp-cc532a-304a-kompatibilni-zluty-toner"]}]},{"@type":"BreadcrumbList","@id":"https:\/\/fitprint.cz\/?product=hp-cc532a-304a-kompatibilni-zluty-toner#breadcrumb","itemListElement":[{"@type":"ListItem","position":1,"name":"Home","item":"https:\/\/fitprint.cz\/"},{"@type":"ListItem","position":2,"name":"Shop","item":"https:\/\/fitprint.cz\/?page_id=5"},{"@type":"ListItem","position":3,"name":"HP CC532A (304A) &#8211; kompatibiln\u00ed \u017elut\u00fd toner"}]},{"@type":"WebSite","@id":"https:\/\/fitprint.cz\/#website","url":"https:\/\/fitprint.cz\/","name":"FitPrint","description":"levn\u00e9 tiskov\u00e9 tonery a n\u00e1pln\u011b pro tisk\u00e1rny","publisher":{"@id":"https:\/\/fitprint.cz\/#organization"},"potentialAction":[{"@type":"SearchAction","target":{"@type":"EntryPoint","urlTemplate":"https:\/\/fitprint.cz\/?s={search_term_string}"},"query-input":"required name=search_term_string"}],"inLanguage":"cs"},{"@type":"Organization","@id":"https:\/\/fitprint.cz\/#organization","name":"FitPrint s.r.o.","url":"https:\/\/fitprint.cz\/","logo":{"@type":"ImageObject","inLanguage":"cs","@id":"https:\/\/fitprint.cz\/#\/schema\/logo\/image\/","url":"https:\/\/fitprint.cz\/wp-content\/uploads\/2023\/04\/FitPrint_logo_1.svg","contentUrl":"https:\/\/fitprint.cz\/wp-content\/uploads\/2023\/04\/FitPrint_logo_1.svg","width":230,"height":68,"caption":"FitPrint s.r.o."},"image":{"@id":"https:\/\/fitprint.cz\/#\/schema\/logo\/image\/"}}]}},"_links":{"self":[{"href":"https:\/\/fitprint.cz\/index.php?rest_route=\/wp\/v2\/product\/9425"}],"collection":[{"href":"https:\/\/fitprint.cz\/index.php?rest_route=\/wp\/v2\/product"}],"about":[{"href":"https:\/\/fitprint.cz\/index.php?rest_route=\/wp\/v2\/types\/product"}],"version-history":[{"count":1,"href":"https:\/\/fitprint.cz\/index.php?rest_route=\/wp\/v2\/product\/9425\/revisions"}],"predecessor-version":[{"id":10276,"href":"https:\/\/fitprint.cz\/index.php?rest_route=\/wp\/v2\/product\/9425\/revisions\/10276"}],"wp:featuredmedia":[{"embeddable":true,"href":"https:\/\/fitprint.cz\/index.php?rest_route=\/wp\/v2\/media\/9226"}],"wp:attachment":[{"href":"https:\/\/fitprint.cz\/index.php?rest_route=%2Fwp%2Fv2%2Fmedia&parent=9425"}],"wp:term":[{"taxonomy":"product_cat","embeddable":true,"href":"https:\/\/fitprint.cz\/index.php?rest_route=%2Fwp%2Fv2%2Fproduct_cat&post=9425"},{"taxonomy":"product_tag","embeddable":true,"href":"https:\/\/fitprint.cz\/index.php?rest_route=%2Fwp%2Fv2%2Fproduct_tag&post=9425"}],"curies":[{"name":"wp","href":"https:\/\/api.w.org\/{rel}","templated":true}]}}