{"id":9432,"date":"2023-06-08T20:27:59","date_gmt":"2023-06-08T18:27:59","guid":{"rendered":"https:\/\/fitprint.cz\/?product=canon-cl513-kompatibilni-barevna-inkoustova-cartridge"},"modified":"2023-10-23T08:04:04","modified_gmt":"2023-10-23T06:04:04","slug":"canon-cl513-kompatibilni-barevna-inkoustova-cartridge","status":"publish","type":"product","link":"https:\/\/fitprint.cz\/?product=canon-cl513-kompatibilni-barevna-inkoustova-cartridge","title":{"rendered":"Canon CL513 &#8211; kompatibiln\u00ed barevn\u00e1 inkoustov\u00e1 cartridge"},"content":{"rendered":"<p><strong>Kompatibiln\u00ed s:<\/strong><\/p>\n<p>Canon Pixma iP2700, Canon Pixma iP2702, Canon Pixma MP230, Canon Pixma MP235, Canon Pixma MP240, Canon Pixma MP250, Canon Pixma MP252, Canon Pixma MP258, Canon Pixma MP260, Canon Pixma MP270, Canon Pixma MP272, Canon Pixma MP276, Canon Pixma MP280, Canon Pixma MP282, Canon Pixma MP287, Canon Pixma MP480, Canon Pixma MP490, Canon Pixma MP492, Canon Pixma MP495, Canon Pixma MP497, Canon Pixma MP499, Canon Pixma MP230 Series, Canon Pixma MP280 Series, Canon Pixma MP490 Series, Canon Pixma MX320, Canon Pixma MX330, Canon Pixma MX340, Canon Pixma MX340RFB, Canon Pixma MX347, Canon Pixma MX350, Canon Pixma MX360, Canon Pixma MX410, Canon Pixma MX420<\/p>\n","protected":false},"excerpt":{"rendered":"<p>Kompatibiln\u00ed s: Canon Pixma iP2700, Canon Pixma iP2702, Canon Pixma MP230, Canon Pixma MP235, Canon Pixma MP240, Canon Pixma MP250, Canon Pixma MP252, Canon Pixma MP258, Canon Pixma MP260, Canon Pixma MP270, Canon Pixma MP272, Canon Pixma MP276, Canon Pixma MP280, Canon Pixma MP282, Canon Pixma MP287, Canon Pixma MP480, Canon Pixma MP490, Canon Pixma [&hellip;]<\/p>\n","protected":false},"featured_media":9230,"template":"","meta":[],"product_cat":[221,195],"product_tag":[305],"yoast_head":"<!-- This site is optimized with the Yoast SEO plugin v21.0 - https:\/\/yoast.com\/wordpress\/plugins\/seo\/ -->\n<title>Canon CL513 - kompatibiln\u00ed barevn\u00e1 inkoustov\u00e1 cartridge - FitPrint<\/title>\n<meta name=\"robots\" content=\"index, follow, max-snippet:-1, max-image-preview:large, max-video-preview:-1\" \/>\n<link rel=\"canonical\" href=\"https:\/\/fitprint.cz\/?product=canon-cl513-kompatibilni-barevna-inkoustova-cartridge\" \/>\n<meta property=\"og:locale\" content=\"cs_CZ\" \/>\n<meta property=\"og:type\" content=\"article\" \/>\n<meta property=\"og:title\" content=\"Canon CL513 - kompatibiln\u00ed barevn\u00e1 inkoustov\u00e1 cartridge - FitPrint\" \/>\n<meta property=\"og:description\" content=\"Kompatibiln\u00ed s: Canon Pixma iP2700, Canon Pixma iP2702, Canon Pixma MP230, Canon Pixma MP235, Canon Pixma MP240, Canon Pixma MP250, Canon Pixma MP252, Canon Pixma MP258, Canon Pixma MP260, Canon Pixma MP270, Canon Pixma MP272, Canon Pixma MP276, Canon Pixma MP280, Canon Pixma MP282, Canon Pixma MP287, Canon Pixma MP480, Canon Pixma MP490, Canon Pixma [&hellip;]\" \/>\n<meta property=\"og:url\" content=\"https:\/\/fitprint.cz\/?product=canon-cl513-kompatibilni-barevna-inkoustova-cartridge\" \/>\n<meta property=\"og:site_name\" content=\"FitPrint\" \/>\n<meta property=\"article:modified_time\" content=\"2023-10-23T06:04:04+00:00\" \/>\n<meta property=\"og:image\" content=\"https:\/\/fitprint.cz\/wp-content\/uploads\/2023\/06\/product_inkoust_3.jpg\" \/>\n\t<meta property=\"og:image:width\" content=\"1000\" \/>\n\t<meta property=\"og:image:height\" content=\"667\" \/>\n\t<meta property=\"og:image:type\" content=\"image\/jpeg\" \/>\n<meta name=\"twitter:card\" content=\"summary_large_image\" \/>\n<meta name=\"twitter:label1\" content=\"Odhadovan\u00e1 doba \u010dten\u00ed\" \/>\n\t<meta name=\"twitter:data1\" content=\"1 minuta\" \/>\n<script type=\"application\/ld+json\" class=\"yoast-schema-graph\">{\"@context\":\"https:\/\/schema.org\",\"@graph\":[{\"@type\":\"WebPage\",\"@id\":\"https:\/\/fitprint.cz\/?product=canon-cl513-kompatibilni-barevna-inkoustova-cartridge\",\"url\":\"https:\/\/fitprint.cz\/?product=canon-cl513-kompatibilni-barevna-inkoustova-cartridge\",\"name\":\"Canon CL513 - kompatibiln\u00ed barevn\u00e1 inkoustov\u00e1 cartridge - FitPrint\",\"isPartOf\":{\"@id\":\"https:\/\/fitprint.cz\/#website\"},\"datePublished\":\"2023-06-08T18:27:59+00:00\",\"dateModified\":\"2023-10-23T06:04:04+00:00\",\"breadcrumb\":{\"@id\":\"https:\/\/fitprint.cz\/?product=canon-cl513-kompatibilni-barevna-inkoustova-cartridge#breadcrumb\"},\"inLanguage\":\"cs\",\"potentialAction\":[{\"@type\":\"ReadAction\",\"target\":[\"https:\/\/fitprint.cz\/?product=canon-cl513-kompatibilni-barevna-inkoustova-cartridge\"]}]},{\"@type\":\"BreadcrumbList\",\"@id\":\"https:\/\/fitprint.cz\/?product=canon-cl513-kompatibilni-barevna-inkoustova-cartridge#breadcrumb\",\"itemListElement\":[{\"@type\":\"ListItem\",\"position\":1,\"name\":\"Home\",\"item\":\"https:\/\/fitprint.cz\/\"},{\"@type\":\"ListItem\",\"position\":2,\"name\":\"Shop\",\"item\":\"https:\/\/fitprint.cz\/?page_id=5\"},{\"@type\":\"ListItem\",\"position\":3,\"name\":\"Canon CL513 &#8211; kompatibiln\u00ed barevn\u00e1 inkoustov\u00e1 cartridge\"}]},{\"@type\":\"WebSite\",\"@id\":\"https:\/\/fitprint.cz\/#website\",\"url\":\"https:\/\/fitprint.cz\/\",\"name\":\"FitPrint\",\"description\":\"levn\u00e9 tiskov\u00e9 tonery a n\u00e1pln\u011b pro tisk\u00e1rny\",\"publisher\":{\"@id\":\"https:\/\/fitprint.cz\/#organization\"},\"potentialAction\":[{\"@type\":\"SearchAction\",\"target\":{\"@type\":\"EntryPoint\",\"urlTemplate\":\"https:\/\/fitprint.cz\/?s={search_term_string}\"},\"query-input\":\"required name=search_term_string\"}],\"inLanguage\":\"cs\"},{\"@type\":\"Organization\",\"@id\":\"https:\/\/fitprint.cz\/#organization\",\"name\":\"FitPrint s.r.o.\",\"url\":\"https:\/\/fitprint.cz\/\",\"logo\":{\"@type\":\"ImageObject\",\"inLanguage\":\"cs\",\"@id\":\"https:\/\/fitprint.cz\/#\/schema\/logo\/image\/\",\"url\":\"https:\/\/fitprint.cz\/wp-content\/uploads\/2023\/04\/FitPrint_logo_1.svg\",\"contentUrl\":\"https:\/\/fitprint.cz\/wp-content\/uploads\/2023\/04\/FitPrint_logo_1.svg\",\"width\":230,\"height\":68,\"caption\":\"FitPrint s.r.o.\"},\"image\":{\"@id\":\"https:\/\/fitprint.cz\/#\/schema\/logo\/image\/\"}}]}<\/script>\n<!-- \/ Yoast SEO plugin. -->","yoast_head_json":{"title":"Canon CL513 - kompatibiln\u00ed barevn\u00e1 inkoustov\u00e1 cartridge - FitPrint","robots":{"index":"index","follow":"follow","max-snippet":"max-snippet:-1","max-image-preview":"max-image-preview:large","max-video-preview":"max-video-preview:-1"},"canonical":"https:\/\/fitprint.cz\/?product=canon-cl513-kompatibilni-barevna-inkoustova-cartridge","og_locale":"cs_CZ","og_type":"article","og_title":"Canon CL513 - kompatibiln\u00ed barevn\u00e1 inkoustov\u00e1 cartridge - FitPrint","og_description":"Kompatibiln\u00ed s: Canon Pixma iP2700, Canon Pixma iP2702, Canon Pixma MP230, Canon Pixma MP235, Canon Pixma MP240, Canon Pixma MP250, Canon Pixma MP252, Canon Pixma MP258, Canon Pixma MP260, Canon Pixma MP270, Canon Pixma MP272, Canon Pixma MP276, Canon Pixma MP280, Canon Pixma MP282, Canon Pixma MP287, Canon Pixma MP480, Canon Pixma MP490, Canon Pixma [&hellip;]","og_url":"https:\/\/fitprint.cz\/?product=canon-cl513-kompatibilni-barevna-inkoustova-cartridge","og_site_name":"FitPrint","article_modified_time":"2023-10-23T06:04:04+00:00","og_image":[{"width":1000,"height":667,"url":"https:\/\/fitprint.cz\/wp-content\/uploads\/2023\/06\/product_inkoust_3.jpg","type":"image\/jpeg"}],"twitter_card":"summary_large_image","twitter_misc":{"Odhadovan\u00e1 doba \u010dten\u00ed":"1 minuta"},"schema":{"@context":"https:\/\/schema.org","@graph":[{"@type":"WebPage","@id":"https:\/\/fitprint.cz\/?product=canon-cl513-kompatibilni-barevna-inkoustova-cartridge","url":"https:\/\/fitprint.cz\/?product=canon-cl513-kompatibilni-barevna-inkoustova-cartridge","name":"Canon CL513 - kompatibiln\u00ed barevn\u00e1 inkoustov\u00e1 cartridge - FitPrint","isPartOf":{"@id":"https:\/\/fitprint.cz\/#website"},"datePublished":"2023-06-08T18:27:59+00:00","dateModified":"2023-10-23T06:04:04+00:00","breadcrumb":{"@id":"https:\/\/fitprint.cz\/?product=canon-cl513-kompatibilni-barevna-inkoustova-cartridge#breadcrumb"},"inLanguage":"cs","potentialAction":[{"@type":"ReadAction","target":["https:\/\/fitprint.cz\/?product=canon-cl513-kompatibilni-barevna-inkoustova-cartridge"]}]},{"@type":"BreadcrumbList","@id":"https:\/\/fitprint.cz\/?product=canon-cl513-kompatibilni-barevna-inkoustova-cartridge#breadcrumb","itemListElement":[{"@type":"ListItem","position":1,"name":"Home","item":"https:\/\/fitprint.cz\/"},{"@type":"ListItem","position":2,"name":"Shop","item":"https:\/\/fitprint.cz\/?page_id=5"},{"@type":"ListItem","position":3,"name":"Canon CL513 &#8211; kompatibiln\u00ed barevn\u00e1 inkoustov\u00e1 cartridge"}]},{"@type":"WebSite","@id":"https:\/\/fitprint.cz\/#website","url":"https:\/\/fitprint.cz\/","name":"FitPrint","description":"levn\u00e9 tiskov\u00e9 tonery a n\u00e1pln\u011b pro tisk\u00e1rny","publisher":{"@id":"https:\/\/fitprint.cz\/#organization"},"potentialAction":[{"@type":"SearchAction","target":{"@type":"EntryPoint","urlTemplate":"https:\/\/fitprint.cz\/?s={search_term_string}"},"query-input":"required name=search_term_string"}],"inLanguage":"cs"},{"@type":"Organization","@id":"https:\/\/fitprint.cz\/#organization","name":"FitPrint s.r.o.","url":"https:\/\/fitprint.cz\/","logo":{"@type":"ImageObject","inLanguage":"cs","@id":"https:\/\/fitprint.cz\/#\/schema\/logo\/image\/","url":"https:\/\/fitprint.cz\/wp-content\/uploads\/2023\/04\/FitPrint_logo_1.svg","contentUrl":"https:\/\/fitprint.cz\/wp-content\/uploads\/2023\/04\/FitPrint_logo_1.svg","width":230,"height":68,"caption":"FitPrint s.r.o."},"image":{"@id":"https:\/\/fitprint.cz\/#\/schema\/logo\/image\/"}}]}},"_links":{"self":[{"href":"https:\/\/fitprint.cz\/index.php?rest_route=\/wp\/v2\/product\/9432"}],"collection":[{"href":"https:\/\/fitprint.cz\/index.php?rest_route=\/wp\/v2\/product"}],"about":[{"href":"https:\/\/fitprint.cz\/index.php?rest_route=\/wp\/v2\/types\/product"}],"version-history":[{"count":1,"href":"https:\/\/fitprint.cz\/index.php?rest_route=\/wp\/v2\/product\/9432\/revisions"}],"predecessor-version":[{"id":10283,"href":"https:\/\/fitprint.cz\/index.php?rest_route=\/wp\/v2\/product\/9432\/revisions\/10283"}],"wp:featuredmedia":[{"embeddable":true,"href":"https:\/\/fitprint.cz\/index.php?rest_route=\/wp\/v2\/media\/9230"}],"wp:attachment":[{"href":"https:\/\/fitprint.cz\/index.php?rest_route=%2Fwp%2Fv2%2Fmedia&parent=9432"}],"wp:term":[{"taxonomy":"product_cat","embeddable":true,"href":"https:\/\/fitprint.cz\/index.php?rest_route=%2Fwp%2Fv2%2Fproduct_cat&post=9432"},{"taxonomy":"product_tag","embeddable":true,"href":"https:\/\/fitprint.cz\/index.php?rest_route=%2Fwp%2Fv2%2Fproduct_tag&post=9432"}],"curies":[{"name":"wp","href":"https:\/\/api.w.org\/{rel}","templated":true}]}}