{"id":9507,"date":"2023-06-08T20:28:16","date_gmt":"2023-06-08T18:28:16","guid":{"rendered":"https:\/\/fitprint.cz\/?product=hp-c8767ee-kompatibilni-cerna-inkoustova-cartridge-2"},"modified":"2023-10-23T08:04:28","modified_gmt":"2023-10-23T06:04:28","slug":"hp-c8767ee-kompatibilni-cerna-inkoustova-cartridge-2","status":"publish","type":"product","link":"https:\/\/fitprint.cz\/?product=hp-c8767ee-kompatibilni-cerna-inkoustova-cartridge-2","title":{"rendered":"HP C8767EE &#8211; kompatibiln\u00ed \u010dern\u00e1 inkoustov\u00e1 cartridge"},"content":{"rendered":"<p><strong>Kompatibiln\u00ed s:<\/strong><\/p>\n<p>HP DeskJet 5740, HP DeskJet 5940, HP DeskJet 5943, HP DeskJet 6540, HP DeskJet 6543, HP DeskJet 6620, HP DeskJet 6840, HP DeskJet 6940, HP DeskJet 6943, HP DeskJet 6980, HP DeskJet 6983, HP DeskJet 6988, HP DeskJet 9800, HP OfficeJet Pro K7100, HP OfficeJet Pro K7103, HP OfficeJet Pro K7108, HP OfficeJet 6300, HP OfficeJet 6305, HP OfficeJet 6310, HP OfficeJet 6310xi, HP OfficeJet 6315, HP OfficeJet 7210, HP OfficeJet 7210xi, HP OfficeJet 7213, HP OfficeJet 7300, HP OfficeJet 7310, HP OfficeJet 7310xi, HP OfficeJet 7313, HP OfficeJet 7400, HP OfficeJet 7408, HP OfficeJet 7410, HP OfficeJet 7410xi, HP OfficeJet 7413, HP OfficeJet K7100, HP OfficeJet K7103, HP OfficeJet K7108, HP PSC 2600, HP PSC 2610, HP PSC 2710, HP Photosmart 2500, HP Photosmart 2570, HP Photosmart 2573, HP Photosmart 2575, HP Photosmart 2575xi, HP Photosmart 2578, HP Photosmart 2600, HP Photosmart 2605, HP Photosmart 2608, HP Photosmart 2610, HP Photosmart 2610xi, HP Photosmart 2613, HP Photosmart 2615, HP Photosmart 2700, HP Photosmart 2710, HP Photosmart 2710xi, HP Photosmart 2713, HP Photosmart 8000, HP Photosmart 8030, HP Photosmart 8038, HP Photosmart 8039, HP Photosmart 8049, HP Photosmart 8050, HP Photosmart 8050v, HP Photosmart 8050xi, HP Photosmart 8053, HP Photosmart 8100, HP Photosmart 8150, HP Photosmart 8150v, HP Photosmart 8150xi, HP Photosmart 8153, HP Photosmart 8450, HP Photosmart 8450gp, HP Photosmart 8450v, HP Photosmart 8450xi, HP Photosmart 8453, HP Photosmart 8700, HP Photosmart 8750, HP Photosmart 8753, HP Photosmart D5160<\/p>\n","protected":false},"excerpt":{"rendered":"<p>Kompatibiln\u00ed s: HP DeskJet 5740, HP DeskJet 5940, HP DeskJet 5943, HP DeskJet 6540, HP DeskJet 6543, HP DeskJet 6620, HP DeskJet 6840, HP DeskJet 6940, HP DeskJet 6943, HP DeskJet 6980, HP DeskJet 6983, HP DeskJet 6988, HP DeskJet 9800, HP OfficeJet Pro K7100, HP OfficeJet Pro K7103, HP OfficeJet Pro K7108, HP OfficeJet [&hellip;]<\/p>\n","protected":false},"featured_media":9230,"template":"","meta":[],"product_cat":[196,195],"product_tag":[305],"yoast_head":"<!-- This site is optimized with the Yoast SEO plugin v21.0 - https:\/\/yoast.com\/wordpress\/plugins\/seo\/ -->\n<title>HP C8767EE - kompatibiln\u00ed \u010dern\u00e1 inkoustov\u00e1 cartridge - FitPrint<\/title>\n<meta name=\"robots\" content=\"index, follow, max-snippet:-1, max-image-preview:large, max-video-preview:-1\" \/>\n<link rel=\"canonical\" href=\"https:\/\/fitprint.cz\/?product=hp-c8767ee-kompatibilni-cerna-inkoustova-cartridge-2\" \/>\n<meta property=\"og:locale\" content=\"cs_CZ\" \/>\n<meta property=\"og:type\" content=\"article\" \/>\n<meta property=\"og:title\" content=\"HP C8767EE - kompatibiln\u00ed \u010dern\u00e1 inkoustov\u00e1 cartridge - FitPrint\" \/>\n<meta property=\"og:description\" content=\"Kompatibiln\u00ed s: HP DeskJet 5740, HP DeskJet 5940, HP DeskJet 5943, HP DeskJet 6540, HP DeskJet 6543, HP DeskJet 6620, HP DeskJet 6840, HP DeskJet 6940, HP DeskJet 6943, HP DeskJet 6980, HP DeskJet 6983, HP DeskJet 6988, HP DeskJet 9800, HP OfficeJet Pro K7100, HP OfficeJet Pro K7103, HP OfficeJet Pro K7108, HP OfficeJet [&hellip;]\" \/>\n<meta property=\"og:url\" content=\"https:\/\/fitprint.cz\/?product=hp-c8767ee-kompatibilni-cerna-inkoustova-cartridge-2\" \/>\n<meta property=\"og:site_name\" content=\"FitPrint\" \/>\n<meta property=\"article:modified_time\" content=\"2023-10-23T06:04:28+00:00\" \/>\n<meta property=\"og:image\" content=\"https:\/\/fitprint.cz\/wp-content\/uploads\/2023\/06\/product_inkoust_3.jpg\" \/>\n\t<meta property=\"og:image:width\" content=\"1000\" \/>\n\t<meta property=\"og:image:height\" content=\"667\" \/>\n\t<meta property=\"og:image:type\" content=\"image\/jpeg\" \/>\n<meta name=\"twitter:card\" content=\"summary_large_image\" \/>\n<meta name=\"twitter:label1\" content=\"Odhadovan\u00e1 doba \u010dten\u00ed\" \/>\n\t<meta name=\"twitter:data1\" content=\"1 minuta\" \/>\n<script type=\"application\/ld+json\" class=\"yoast-schema-graph\">{\"@context\":\"https:\/\/schema.org\",\"@graph\":[{\"@type\":\"WebPage\",\"@id\":\"https:\/\/fitprint.cz\/?product=hp-c8767ee-kompatibilni-cerna-inkoustova-cartridge-2\",\"url\":\"https:\/\/fitprint.cz\/?product=hp-c8767ee-kompatibilni-cerna-inkoustova-cartridge-2\",\"name\":\"HP C8767EE - kompatibiln\u00ed \u010dern\u00e1 inkoustov\u00e1 cartridge - FitPrint\",\"isPartOf\":{\"@id\":\"https:\/\/fitprint.cz\/#website\"},\"datePublished\":\"2023-06-08T18:28:16+00:00\",\"dateModified\":\"2023-10-23T06:04:28+00:00\",\"breadcrumb\":{\"@id\":\"https:\/\/fitprint.cz\/?product=hp-c8767ee-kompatibilni-cerna-inkoustova-cartridge-2#breadcrumb\"},\"inLanguage\":\"cs\",\"potentialAction\":[{\"@type\":\"ReadAction\",\"target\":[\"https:\/\/fitprint.cz\/?product=hp-c8767ee-kompatibilni-cerna-inkoustova-cartridge-2\"]}]},{\"@type\":\"BreadcrumbList\",\"@id\":\"https:\/\/fitprint.cz\/?product=hp-c8767ee-kompatibilni-cerna-inkoustova-cartridge-2#breadcrumb\",\"itemListElement\":[{\"@type\":\"ListItem\",\"position\":1,\"name\":\"Home\",\"item\":\"https:\/\/fitprint.cz\/\"},{\"@type\":\"ListItem\",\"position\":2,\"name\":\"Shop\",\"item\":\"https:\/\/fitprint.cz\/?page_id=5\"},{\"@type\":\"ListItem\",\"position\":3,\"name\":\"HP C8767EE &#8211; kompatibiln\u00ed \u010dern\u00e1 inkoustov\u00e1 cartridge\"}]},{\"@type\":\"WebSite\",\"@id\":\"https:\/\/fitprint.cz\/#website\",\"url\":\"https:\/\/fitprint.cz\/\",\"name\":\"FitPrint\",\"description\":\"levn\u00e9 tiskov\u00e9 tonery a n\u00e1pln\u011b pro tisk\u00e1rny\",\"publisher\":{\"@id\":\"https:\/\/fitprint.cz\/#organization\"},\"potentialAction\":[{\"@type\":\"SearchAction\",\"target\":{\"@type\":\"EntryPoint\",\"urlTemplate\":\"https:\/\/fitprint.cz\/?s={search_term_string}\"},\"query-input\":\"required name=search_term_string\"}],\"inLanguage\":\"cs\"},{\"@type\":\"Organization\",\"@id\":\"https:\/\/fitprint.cz\/#organization\",\"name\":\"FitPrint s.r.o.\",\"url\":\"https:\/\/fitprint.cz\/\",\"logo\":{\"@type\":\"ImageObject\",\"inLanguage\":\"cs\",\"@id\":\"https:\/\/fitprint.cz\/#\/schema\/logo\/image\/\",\"url\":\"https:\/\/fitprint.cz\/wp-content\/uploads\/2023\/04\/FitPrint_logo_1.svg\",\"contentUrl\":\"https:\/\/fitprint.cz\/wp-content\/uploads\/2023\/04\/FitPrint_logo_1.svg\",\"width\":230,\"height\":68,\"caption\":\"FitPrint s.r.o.\"},\"image\":{\"@id\":\"https:\/\/fitprint.cz\/#\/schema\/logo\/image\/\"}}]}<\/script>\n<!-- \/ Yoast SEO plugin. -->","yoast_head_json":{"title":"HP C8767EE - kompatibiln\u00ed \u010dern\u00e1 inkoustov\u00e1 cartridge - FitPrint","robots":{"index":"index","follow":"follow","max-snippet":"max-snippet:-1","max-image-preview":"max-image-preview:large","max-video-preview":"max-video-preview:-1"},"canonical":"https:\/\/fitprint.cz\/?product=hp-c8767ee-kompatibilni-cerna-inkoustova-cartridge-2","og_locale":"cs_CZ","og_type":"article","og_title":"HP C8767EE - kompatibiln\u00ed \u010dern\u00e1 inkoustov\u00e1 cartridge - FitPrint","og_description":"Kompatibiln\u00ed s: HP DeskJet 5740, HP DeskJet 5940, HP DeskJet 5943, HP DeskJet 6540, HP DeskJet 6543, HP DeskJet 6620, HP DeskJet 6840, HP DeskJet 6940, HP DeskJet 6943, HP DeskJet 6980, HP DeskJet 6983, HP DeskJet 6988, HP DeskJet 9800, HP OfficeJet Pro K7100, HP OfficeJet Pro K7103, HP OfficeJet Pro K7108, HP OfficeJet [&hellip;]","og_url":"https:\/\/fitprint.cz\/?product=hp-c8767ee-kompatibilni-cerna-inkoustova-cartridge-2","og_site_name":"FitPrint","article_modified_time":"2023-10-23T06:04:28+00:00","og_image":[{"width":1000,"height":667,"url":"https:\/\/fitprint.cz\/wp-content\/uploads\/2023\/06\/product_inkoust_3.jpg","type":"image\/jpeg"}],"twitter_card":"summary_large_image","twitter_misc":{"Odhadovan\u00e1 doba \u010dten\u00ed":"1 minuta"},"schema":{"@context":"https:\/\/schema.org","@graph":[{"@type":"WebPage","@id":"https:\/\/fitprint.cz\/?product=hp-c8767ee-kompatibilni-cerna-inkoustova-cartridge-2","url":"https:\/\/fitprint.cz\/?product=hp-c8767ee-kompatibilni-cerna-inkoustova-cartridge-2","name":"HP C8767EE - kompatibiln\u00ed \u010dern\u00e1 inkoustov\u00e1 cartridge - FitPrint","isPartOf":{"@id":"https:\/\/fitprint.cz\/#website"},"datePublished":"2023-06-08T18:28:16+00:00","dateModified":"2023-10-23T06:04:28+00:00","breadcrumb":{"@id":"https:\/\/fitprint.cz\/?product=hp-c8767ee-kompatibilni-cerna-inkoustova-cartridge-2#breadcrumb"},"inLanguage":"cs","potentialAction":[{"@type":"ReadAction","target":["https:\/\/fitprint.cz\/?product=hp-c8767ee-kompatibilni-cerna-inkoustova-cartridge-2"]}]},{"@type":"BreadcrumbList","@id":"https:\/\/fitprint.cz\/?product=hp-c8767ee-kompatibilni-cerna-inkoustova-cartridge-2#breadcrumb","itemListElement":[{"@type":"ListItem","position":1,"name":"Home","item":"https:\/\/fitprint.cz\/"},{"@type":"ListItem","position":2,"name":"Shop","item":"https:\/\/fitprint.cz\/?page_id=5"},{"@type":"ListItem","position":3,"name":"HP C8767EE &#8211; kompatibiln\u00ed \u010dern\u00e1 inkoustov\u00e1 cartridge"}]},{"@type":"WebSite","@id":"https:\/\/fitprint.cz\/#website","url":"https:\/\/fitprint.cz\/","name":"FitPrint","description":"levn\u00e9 tiskov\u00e9 tonery a n\u00e1pln\u011b pro tisk\u00e1rny","publisher":{"@id":"https:\/\/fitprint.cz\/#organization"},"potentialAction":[{"@type":"SearchAction","target":{"@type":"EntryPoint","urlTemplate":"https:\/\/fitprint.cz\/?s={search_term_string}"},"query-input":"required name=search_term_string"}],"inLanguage":"cs"},{"@type":"Organization","@id":"https:\/\/fitprint.cz\/#organization","name":"FitPrint s.r.o.","url":"https:\/\/fitprint.cz\/","logo":{"@type":"ImageObject","inLanguage":"cs","@id":"https:\/\/fitprint.cz\/#\/schema\/logo\/image\/","url":"https:\/\/fitprint.cz\/wp-content\/uploads\/2023\/04\/FitPrint_logo_1.svg","contentUrl":"https:\/\/fitprint.cz\/wp-content\/uploads\/2023\/04\/FitPrint_logo_1.svg","width":230,"height":68,"caption":"FitPrint s.r.o."},"image":{"@id":"https:\/\/fitprint.cz\/#\/schema\/logo\/image\/"}}]}},"_links":{"self":[{"href":"https:\/\/fitprint.cz\/index.php?rest_route=\/wp\/v2\/product\/9507"}],"collection":[{"href":"https:\/\/fitprint.cz\/index.php?rest_route=\/wp\/v2\/product"}],"about":[{"href":"https:\/\/fitprint.cz\/index.php?rest_route=\/wp\/v2\/types\/product"}],"version-history":[{"count":1,"href":"https:\/\/fitprint.cz\/index.php?rest_route=\/wp\/v2\/product\/9507\/revisions"}],"predecessor-version":[{"id":10783,"href":"https:\/\/fitprint.cz\/index.php?rest_route=\/wp\/v2\/product\/9507\/revisions\/10783"}],"wp:featuredmedia":[{"embeddable":true,"href":"https:\/\/fitprint.cz\/index.php?rest_route=\/wp\/v2\/media\/9230"}],"wp:attachment":[{"href":"https:\/\/fitprint.cz\/index.php?rest_route=%2Fwp%2Fv2%2Fmedia&parent=9507"}],"wp:term":[{"taxonomy":"product_cat","embeddable":true,"href":"https:\/\/fitprint.cz\/index.php?rest_route=%2Fwp%2Fv2%2Fproduct_cat&post=9507"},{"taxonomy":"product_tag","embeddable":true,"href":"https:\/\/fitprint.cz\/index.php?rest_route=%2Fwp%2Fv2%2Fproduct_tag&post=9507"}],"curies":[{"name":"wp","href":"https:\/\/api.w.org\/{rel}","templated":true}]}}