{"id":9572,"date":"2023-06-08T20:28:29","date_gmt":"2023-06-08T18:28:29","guid":{"rendered":"https:\/\/fitprint.cz\/?product=hp-c6578ae-kompatibilni-barevna-inkoustova-cartridge"},"modified":"2023-10-23T08:04:50","modified_gmt":"2023-10-23T06:04:50","slug":"hp-c6578ae-kompatibilni-barevna-inkoustova-cartridge","status":"publish","type":"product","link":"https:\/\/fitprint.cz\/?product=hp-c6578ae-kompatibilni-barevna-inkoustova-cartridge","title":{"rendered":"HP C6578AE &#8211; kompatibiln\u00ed barevn\u00e1 inkoustov\u00e1 cartridge"},"content":{"rendered":"<p><strong>Kompatibiln\u00ed s:<\/strong><\/p>\n<p>HP DeskJet 1220 C, HP DeskJet 1220 CSE, HP DeskJet 1280, HP DeskJet 3810, HP DeskJet 3816, HP DeskJet 3820, HP DeskJet 3822, HP DeskJet 6120, HP DeskJet 6122, HP DeskJet 6127, HP DeskJet 916C, HP DeskJet 920C, HP DeskJet 930C, HP DeskJet 930 CM, HP DeskJet 9300, HP DeskJet 932C, HP DeskJet 935 C, HP DeskJet 940C, HP DeskJet 950, HP DeskJet 950C, HP DeskJet 959C, HP DeskJet 960 C, HP DeskJet 960 CSE, HP DeskJet 970 CSE, HP DeskJet 970 CXI, HP DeskJet 980 CXI, HP DeskJet 990 CM, HP DeskJet 990 CXI, HP DeskJet 995 C, HP DeskJet 841 C, HP DeskJet 845 CVR, HP DeskJet 920 CVR, HP DeskJet 920 CXI, HP DeskJet 940 CVR, HP DeskJet 1220 CXI, HP DeskJet 3820c, HP DeskJet 817 C, HP OfficeJet 5105, HP OfficeJet 5110, HP OfficeJet 5110v, HP OfficeJet 5110xi, HP OfficeJet G55, HP OfficeJet G55xi, HP OfficeJet G85, HP OfficeJet G85xi, HP OfficeJet G95, HP OfficeJet K60, HP OfficeJet K60xi, HP OfficeJet K80, HP OfficeJet K80xi, HP OfficeJet V30, HP OfficeJet V40, HP OfficeJet V40xi, HP OfficeJet V45, HP Color Copier 290, HP Color Copier 310, HP Color Copier 610, HP Digital Copier 310, HP Fax 1220, HP Fax 1220xi, HP Fax 1230, HP Fax 1230xi, HP PSC 700, HP PSC 720, HP PSC 750, HP PSC 750cxi, HP PSC 750se, HP PSC 750xi, HP PSC 760, HP PSC 950, HP PSC 950se, HP PSC 950vr, HP PSC 950xi, HP Photosmart 1000, HP Photosmart 1000xi, HP Photosmart 1100, HP Photosmart 1100xi, HP Photosmart 1115, HP Photosmart 1115cvr, HP Photosmart 1215, HP Photosmart 1215vm, HP Photosmart 1218, HP Photosmart 1218xi, HP Photosmart 1315, HP Photosmart P1000, HP Photosmart P1100, HP Photosmart P1115<\/p>\n","protected":false},"excerpt":{"rendered":"<p>Kompatibiln\u00ed s: HP DeskJet 1220 C, HP DeskJet 1220 CSE, HP DeskJet 1280, HP DeskJet 3810, HP DeskJet 3816, HP DeskJet 3820, HP DeskJet 3822, HP DeskJet 6120, HP DeskJet 6122, HP DeskJet 6127, HP DeskJet 916C, HP DeskJet 920C, HP DeskJet 930C, HP DeskJet 930 CM, HP DeskJet 9300, HP DeskJet 932C, HP DeskJet [&hellip;]<\/p>\n","protected":false},"featured_media":9229,"template":"","meta":[],"product_cat":[196,195],"product_tag":[305],"yoast_head":"<!-- This site is optimized with the Yoast SEO plugin v21.0 - https:\/\/yoast.com\/wordpress\/plugins\/seo\/ -->\n<title>HP C6578AE - kompatibiln\u00ed barevn\u00e1 inkoustov\u00e1 cartridge - FitPrint<\/title>\n<meta name=\"robots\" content=\"index, follow, max-snippet:-1, max-image-preview:large, max-video-preview:-1\" \/>\n<link rel=\"canonical\" href=\"https:\/\/fitprint.cz\/?product=hp-c6578ae-kompatibilni-barevna-inkoustova-cartridge\" \/>\n<meta property=\"og:locale\" content=\"cs_CZ\" \/>\n<meta property=\"og:type\" content=\"article\" \/>\n<meta property=\"og:title\" content=\"HP C6578AE - kompatibiln\u00ed barevn\u00e1 inkoustov\u00e1 cartridge - FitPrint\" \/>\n<meta property=\"og:description\" content=\"Kompatibiln\u00ed s: HP DeskJet 1220 C, HP DeskJet 1220 CSE, HP DeskJet 1280, HP DeskJet 3810, HP DeskJet 3816, HP DeskJet 3820, HP DeskJet 3822, HP DeskJet 6120, HP DeskJet 6122, HP DeskJet 6127, HP DeskJet 916C, HP DeskJet 920C, HP DeskJet 930C, HP DeskJet 930 CM, HP DeskJet 9300, HP DeskJet 932C, HP DeskJet [&hellip;]\" \/>\n<meta property=\"og:url\" content=\"https:\/\/fitprint.cz\/?product=hp-c6578ae-kompatibilni-barevna-inkoustova-cartridge\" \/>\n<meta property=\"og:site_name\" content=\"FitPrint\" \/>\n<meta property=\"article:modified_time\" content=\"2023-10-23T06:04:50+00:00\" \/>\n<meta property=\"og:image\" content=\"https:\/\/fitprint.cz\/wp-content\/uploads\/2023\/06\/product_inkoust_4.jpg\" \/>\n\t<meta property=\"og:image:width\" content=\"1000\" \/>\n\t<meta property=\"og:image:height\" content=\"667\" \/>\n\t<meta property=\"og:image:type\" content=\"image\/jpeg\" \/>\n<meta name=\"twitter:card\" content=\"summary_large_image\" \/>\n<meta name=\"twitter:label1\" content=\"Odhadovan\u00e1 doba \u010dten\u00ed\" \/>\n\t<meta name=\"twitter:data1\" content=\"1 minuta\" \/>\n<script type=\"application\/ld+json\" class=\"yoast-schema-graph\">{\"@context\":\"https:\/\/schema.org\",\"@graph\":[{\"@type\":\"WebPage\",\"@id\":\"https:\/\/fitprint.cz\/?product=hp-c6578ae-kompatibilni-barevna-inkoustova-cartridge\",\"url\":\"https:\/\/fitprint.cz\/?product=hp-c6578ae-kompatibilni-barevna-inkoustova-cartridge\",\"name\":\"HP C6578AE - kompatibiln\u00ed barevn\u00e1 inkoustov\u00e1 cartridge - FitPrint\",\"isPartOf\":{\"@id\":\"https:\/\/fitprint.cz\/#website\"},\"datePublished\":\"2023-06-08T18:28:29+00:00\",\"dateModified\":\"2023-10-23T06:04:50+00:00\",\"breadcrumb\":{\"@id\":\"https:\/\/fitprint.cz\/?product=hp-c6578ae-kompatibilni-barevna-inkoustova-cartridge#breadcrumb\"},\"inLanguage\":\"cs\",\"potentialAction\":[{\"@type\":\"ReadAction\",\"target\":[\"https:\/\/fitprint.cz\/?product=hp-c6578ae-kompatibilni-barevna-inkoustova-cartridge\"]}]},{\"@type\":\"BreadcrumbList\",\"@id\":\"https:\/\/fitprint.cz\/?product=hp-c6578ae-kompatibilni-barevna-inkoustova-cartridge#breadcrumb\",\"itemListElement\":[{\"@type\":\"ListItem\",\"position\":1,\"name\":\"Home\",\"item\":\"https:\/\/fitprint.cz\/\"},{\"@type\":\"ListItem\",\"position\":2,\"name\":\"Shop\",\"item\":\"https:\/\/fitprint.cz\/?page_id=5\"},{\"@type\":\"ListItem\",\"position\":3,\"name\":\"HP C6578AE &#8211; kompatibiln\u00ed barevn\u00e1 inkoustov\u00e1 cartridge\"}]},{\"@type\":\"WebSite\",\"@id\":\"https:\/\/fitprint.cz\/#website\",\"url\":\"https:\/\/fitprint.cz\/\",\"name\":\"FitPrint\",\"description\":\"levn\u00e9 tiskov\u00e9 tonery a n\u00e1pln\u011b pro tisk\u00e1rny\",\"publisher\":{\"@id\":\"https:\/\/fitprint.cz\/#organization\"},\"potentialAction\":[{\"@type\":\"SearchAction\",\"target\":{\"@type\":\"EntryPoint\",\"urlTemplate\":\"https:\/\/fitprint.cz\/?s={search_term_string}\"},\"query-input\":\"required name=search_term_string\"}],\"inLanguage\":\"cs\"},{\"@type\":\"Organization\",\"@id\":\"https:\/\/fitprint.cz\/#organization\",\"name\":\"FitPrint s.r.o.\",\"url\":\"https:\/\/fitprint.cz\/\",\"logo\":{\"@type\":\"ImageObject\",\"inLanguage\":\"cs\",\"@id\":\"https:\/\/fitprint.cz\/#\/schema\/logo\/image\/\",\"url\":\"https:\/\/fitprint.cz\/wp-content\/uploads\/2023\/04\/FitPrint_logo_1.svg\",\"contentUrl\":\"https:\/\/fitprint.cz\/wp-content\/uploads\/2023\/04\/FitPrint_logo_1.svg\",\"width\":230,\"height\":68,\"caption\":\"FitPrint s.r.o.\"},\"image\":{\"@id\":\"https:\/\/fitprint.cz\/#\/schema\/logo\/image\/\"}}]}<\/script>\n<!-- \/ Yoast SEO plugin. -->","yoast_head_json":{"title":"HP C6578AE - kompatibiln\u00ed barevn\u00e1 inkoustov\u00e1 cartridge - FitPrint","robots":{"index":"index","follow":"follow","max-snippet":"max-snippet:-1","max-image-preview":"max-image-preview:large","max-video-preview":"max-video-preview:-1"},"canonical":"https:\/\/fitprint.cz\/?product=hp-c6578ae-kompatibilni-barevna-inkoustova-cartridge","og_locale":"cs_CZ","og_type":"article","og_title":"HP C6578AE - kompatibiln\u00ed barevn\u00e1 inkoustov\u00e1 cartridge - FitPrint","og_description":"Kompatibiln\u00ed s: HP DeskJet 1220 C, HP DeskJet 1220 CSE, HP DeskJet 1280, HP DeskJet 3810, HP DeskJet 3816, HP DeskJet 3820, HP DeskJet 3822, HP DeskJet 6120, HP DeskJet 6122, HP DeskJet 6127, HP DeskJet 916C, HP DeskJet 920C, HP DeskJet 930C, HP DeskJet 930 CM, HP DeskJet 9300, HP DeskJet 932C, HP DeskJet [&hellip;]","og_url":"https:\/\/fitprint.cz\/?product=hp-c6578ae-kompatibilni-barevna-inkoustova-cartridge","og_site_name":"FitPrint","article_modified_time":"2023-10-23T06:04:50+00:00","og_image":[{"width":1000,"height":667,"url":"https:\/\/fitprint.cz\/wp-content\/uploads\/2023\/06\/product_inkoust_4.jpg","type":"image\/jpeg"}],"twitter_card":"summary_large_image","twitter_misc":{"Odhadovan\u00e1 doba \u010dten\u00ed":"1 minuta"},"schema":{"@context":"https:\/\/schema.org","@graph":[{"@type":"WebPage","@id":"https:\/\/fitprint.cz\/?product=hp-c6578ae-kompatibilni-barevna-inkoustova-cartridge","url":"https:\/\/fitprint.cz\/?product=hp-c6578ae-kompatibilni-barevna-inkoustova-cartridge","name":"HP C6578AE - kompatibiln\u00ed barevn\u00e1 inkoustov\u00e1 cartridge - FitPrint","isPartOf":{"@id":"https:\/\/fitprint.cz\/#website"},"datePublished":"2023-06-08T18:28:29+00:00","dateModified":"2023-10-23T06:04:50+00:00","breadcrumb":{"@id":"https:\/\/fitprint.cz\/?product=hp-c6578ae-kompatibilni-barevna-inkoustova-cartridge#breadcrumb"},"inLanguage":"cs","potentialAction":[{"@type":"ReadAction","target":["https:\/\/fitprint.cz\/?product=hp-c6578ae-kompatibilni-barevna-inkoustova-cartridge"]}]},{"@type":"BreadcrumbList","@id":"https:\/\/fitprint.cz\/?product=hp-c6578ae-kompatibilni-barevna-inkoustova-cartridge#breadcrumb","itemListElement":[{"@type":"ListItem","position":1,"name":"Home","item":"https:\/\/fitprint.cz\/"},{"@type":"ListItem","position":2,"name":"Shop","item":"https:\/\/fitprint.cz\/?page_id=5"},{"@type":"ListItem","position":3,"name":"HP C6578AE &#8211; kompatibiln\u00ed barevn\u00e1 inkoustov\u00e1 cartridge"}]},{"@type":"WebSite","@id":"https:\/\/fitprint.cz\/#website","url":"https:\/\/fitprint.cz\/","name":"FitPrint","description":"levn\u00e9 tiskov\u00e9 tonery a n\u00e1pln\u011b pro tisk\u00e1rny","publisher":{"@id":"https:\/\/fitprint.cz\/#organization"},"potentialAction":[{"@type":"SearchAction","target":{"@type":"EntryPoint","urlTemplate":"https:\/\/fitprint.cz\/?s={search_term_string}"},"query-input":"required name=search_term_string"}],"inLanguage":"cs"},{"@type":"Organization","@id":"https:\/\/fitprint.cz\/#organization","name":"FitPrint s.r.o.","url":"https:\/\/fitprint.cz\/","logo":{"@type":"ImageObject","inLanguage":"cs","@id":"https:\/\/fitprint.cz\/#\/schema\/logo\/image\/","url":"https:\/\/fitprint.cz\/wp-content\/uploads\/2023\/04\/FitPrint_logo_1.svg","contentUrl":"https:\/\/fitprint.cz\/wp-content\/uploads\/2023\/04\/FitPrint_logo_1.svg","width":230,"height":68,"caption":"FitPrint s.r.o."},"image":{"@id":"https:\/\/fitprint.cz\/#\/schema\/logo\/image\/"}}]}},"_links":{"self":[{"href":"https:\/\/fitprint.cz\/index.php?rest_route=\/wp\/v2\/product\/9572"}],"collection":[{"href":"https:\/\/fitprint.cz\/index.php?rest_route=\/wp\/v2\/product"}],"about":[{"href":"https:\/\/fitprint.cz\/index.php?rest_route=\/wp\/v2\/types\/product"}],"version-history":[{"count":1,"href":"https:\/\/fitprint.cz\/index.php?rest_route=\/wp\/v2\/product\/9572\/revisions"}],"predecessor-version":[{"id":10816,"href":"https:\/\/fitprint.cz\/index.php?rest_route=\/wp\/v2\/product\/9572\/revisions\/10816"}],"wp:featuredmedia":[{"embeddable":true,"href":"https:\/\/fitprint.cz\/index.php?rest_route=\/wp\/v2\/media\/9229"}],"wp:attachment":[{"href":"https:\/\/fitprint.cz\/index.php?rest_route=%2Fwp%2Fv2%2Fmedia&parent=9572"}],"wp:term":[{"taxonomy":"product_cat","embeddable":true,"href":"https:\/\/fitprint.cz\/index.php?rest_route=%2Fwp%2Fv2%2Fproduct_cat&post=9572"},{"taxonomy":"product_tag","embeddable":true,"href":"https:\/\/fitprint.cz\/index.php?rest_route=%2Fwp%2Fv2%2Fproduct_tag&post=9572"}],"curies":[{"name":"wp","href":"https:\/\/api.w.org\/{rel}","templated":true}]}}