{"id":9590,"date":"2023-06-08T20:28:33","date_gmt":"2023-06-08T18:28:33","guid":{"rendered":"https:\/\/fitprint.cz\/?product=canon-bc02-kompatibilni-cerna-inkoustova-cartridge-2"},"modified":"2023-09-15T05:12:37","modified_gmt":"2023-09-15T03:12:37","slug":"canon-bc02-kompatibilni-cerna-inkoustova-cartridge-2","status":"publish","type":"product","link":"https:\/\/fitprint.cz\/?product=canon-bc02-kompatibilni-cerna-inkoustova-cartridge-2","title":{"rendered":"Canon BC02 &#8211; kompatibiln\u00ed \u010dern\u00e1 inkoustov\u00e1 cartridge"},"content":{"rendered":"<p><strong>Kompatibiln\u00ed s:<\/strong><\/p>\n<p>Canon BJ-10, Canon BJ-10 E, Canon BJ-10 EX, Canon BJ-10 SX, Canon BJ-10 V, Canon BJ-10 V LITE, Canon BJ-10 X, Canon BJ-100, Canon BJ-15 V, Canon BJ-20, Canon BJ-20 EX, Canon BJ-200, Canon BJ-200 E, Canon BJ-200 EX, Canon BJ-200 JC, Canon BJ-200 JS, Canon BJ-210, Canon BJ-220, Canon BJ-220 JC, Canon BJ-220 JC II, Canon BJ-220 JS, Canon BJ-220 JS II, Canon BJ-230, Canon BJ-5, Canon BJC-1000, Canon BJC-150, Canon BJC-210, Canon BJC-210 J, Canon BJC-220, Canon BJC-240, Canon BJC-240 P, Canon BJC-250, Canon BJC-250 J, Canon BJC-251, Canon BJC-255, Canon BJC-255 SP, Canon BJC-5000, Canon Fax B 200, Canon Fax B 200 E, Canon Fax B 220, Canon Fax B 230, Canon Fax B 230 C, Canon Fax B 320 F, Canon Fax B 340 F, Canon Fax BJ 190, Canon Fax BJ 5, Canon MultiPASS 100, Canon MultiPASS B 360, Canon Fax B 60, Canon Fax B 70, Canon Fax B 75, Canon Fax B 220, Canon Fax B 230, Canon Fax B 230 C, Canon Fax B 310, Canon Fax B 320, Canon Fax B 320 F, Canon Fax B 340, Canon Fax B 340 F, Canon Fax B 360, Canon Fax B 360 IF, Canon Fax B 405, Canon Fax BJ 5, Canon Fax BJ 190, Canon Faxphone B 75, Canon Faxphone B 140, Canon Faxphone B 150, Canon Faxphone B 160, Canon Faxphone B 170, Canon VP 500<\/p>\n","protected":false},"excerpt":{"rendered":"<p>Kompatibiln\u00ed s: Canon BJ-10, Canon BJ-10 E, Canon BJ-10 EX, Canon BJ-10 SX, Canon BJ-10 V, Canon BJ-10 V LITE, Canon BJ-10 X, Canon BJ-100, Canon BJ-15 V, Canon BJ-20, Canon BJ-20 EX, Canon BJ-200, Canon BJ-200 E, Canon BJ-200 EX, Canon BJ-200 JC, Canon BJ-200 JS, Canon BJ-210, Canon BJ-220, Canon BJ-220 JC, Canon [&hellip;]<\/p>\n","protected":false},"featured_media":9229,"template":"","meta":[],"product_cat":[221,195],"product_tag":[305],"yoast_head":"<!-- This site is optimized with the Yoast SEO plugin v21.0 - https:\/\/yoast.com\/wordpress\/plugins\/seo\/ -->\n<title>Canon BC02 - kompatibiln\u00ed \u010dern\u00e1 inkoustov\u00e1 cartridge - FitPrint<\/title>\n<meta name=\"robots\" content=\"index, follow, max-snippet:-1, max-image-preview:large, max-video-preview:-1\" \/>\n<link rel=\"canonical\" href=\"https:\/\/fitprint.cz\/?product=canon-bc02-kompatibilni-cerna-inkoustova-cartridge-2\" \/>\n<meta property=\"og:locale\" content=\"cs_CZ\" \/>\n<meta property=\"og:type\" content=\"article\" \/>\n<meta property=\"og:title\" content=\"Canon BC02 - kompatibiln\u00ed \u010dern\u00e1 inkoustov\u00e1 cartridge - FitPrint\" \/>\n<meta property=\"og:description\" content=\"Kompatibiln\u00ed s: Canon BJ-10, Canon BJ-10 E, Canon BJ-10 EX, Canon BJ-10 SX, Canon BJ-10 V, Canon BJ-10 V LITE, Canon BJ-10 X, Canon BJ-100, Canon BJ-15 V, Canon BJ-20, Canon BJ-20 EX, Canon BJ-200, Canon BJ-200 E, Canon BJ-200 EX, Canon BJ-200 JC, Canon BJ-200 JS, Canon BJ-210, Canon BJ-220, Canon BJ-220 JC, Canon [&hellip;]\" \/>\n<meta property=\"og:url\" content=\"https:\/\/fitprint.cz\/?product=canon-bc02-kompatibilni-cerna-inkoustova-cartridge-2\" \/>\n<meta property=\"og:site_name\" content=\"FitPrint\" \/>\n<meta property=\"article:modified_time\" content=\"2023-09-15T03:12:37+00:00\" \/>\n<meta property=\"og:image\" content=\"https:\/\/fitprint.cz\/wp-content\/uploads\/2023\/06\/product_inkoust_4.jpg\" \/>\n\t<meta property=\"og:image:width\" content=\"1000\" \/>\n\t<meta property=\"og:image:height\" content=\"667\" \/>\n\t<meta property=\"og:image:type\" content=\"image\/jpeg\" \/>\n<meta name=\"twitter:card\" content=\"summary_large_image\" \/>\n<meta name=\"twitter:label1\" content=\"Odhadovan\u00e1 doba \u010dten\u00ed\" \/>\n\t<meta name=\"twitter:data1\" content=\"1 minuta\" \/>\n<script type=\"application\/ld+json\" class=\"yoast-schema-graph\">{\"@context\":\"https:\/\/schema.org\",\"@graph\":[{\"@type\":\"WebPage\",\"@id\":\"https:\/\/fitprint.cz\/?product=canon-bc02-kompatibilni-cerna-inkoustova-cartridge-2\",\"url\":\"https:\/\/fitprint.cz\/?product=canon-bc02-kompatibilni-cerna-inkoustova-cartridge-2\",\"name\":\"Canon BC02 - kompatibiln\u00ed \u010dern\u00e1 inkoustov\u00e1 cartridge - FitPrint\",\"isPartOf\":{\"@id\":\"https:\/\/fitprint.cz\/#website\"},\"datePublished\":\"2023-06-08T18:28:33+00:00\",\"dateModified\":\"2023-09-15T03:12:37+00:00\",\"breadcrumb\":{\"@id\":\"https:\/\/fitprint.cz\/?product=canon-bc02-kompatibilni-cerna-inkoustova-cartridge-2#breadcrumb\"},\"inLanguage\":\"cs\",\"potentialAction\":[{\"@type\":\"ReadAction\",\"target\":[\"https:\/\/fitprint.cz\/?product=canon-bc02-kompatibilni-cerna-inkoustova-cartridge-2\"]}]},{\"@type\":\"BreadcrumbList\",\"@id\":\"https:\/\/fitprint.cz\/?product=canon-bc02-kompatibilni-cerna-inkoustova-cartridge-2#breadcrumb\",\"itemListElement\":[{\"@type\":\"ListItem\",\"position\":1,\"name\":\"Home\",\"item\":\"https:\/\/fitprint.cz\/\"},{\"@type\":\"ListItem\",\"position\":2,\"name\":\"Shop\",\"item\":\"https:\/\/fitprint.cz\/?page_id=5\"},{\"@type\":\"ListItem\",\"position\":3,\"name\":\"Canon BC02 &#8211; kompatibiln\u00ed \u010dern\u00e1 inkoustov\u00e1 cartridge\"}]},{\"@type\":\"WebSite\",\"@id\":\"https:\/\/fitprint.cz\/#website\",\"url\":\"https:\/\/fitprint.cz\/\",\"name\":\"FitPrint\",\"description\":\"levn\u00e9 tiskov\u00e9 tonery a n\u00e1pln\u011b pro tisk\u00e1rny\",\"publisher\":{\"@id\":\"https:\/\/fitprint.cz\/#organization\"},\"potentialAction\":[{\"@type\":\"SearchAction\",\"target\":{\"@type\":\"EntryPoint\",\"urlTemplate\":\"https:\/\/fitprint.cz\/?s={search_term_string}\"},\"query-input\":\"required name=search_term_string\"}],\"inLanguage\":\"cs\"},{\"@type\":\"Organization\",\"@id\":\"https:\/\/fitprint.cz\/#organization\",\"name\":\"FitPrint s.r.o.\",\"url\":\"https:\/\/fitprint.cz\/\",\"logo\":{\"@type\":\"ImageObject\",\"inLanguage\":\"cs\",\"@id\":\"https:\/\/fitprint.cz\/#\/schema\/logo\/image\/\",\"url\":\"https:\/\/fitprint.cz\/wp-content\/uploads\/2023\/04\/FitPrint_logo_1.svg\",\"contentUrl\":\"https:\/\/fitprint.cz\/wp-content\/uploads\/2023\/04\/FitPrint_logo_1.svg\",\"width\":230,\"height\":68,\"caption\":\"FitPrint s.r.o.\"},\"image\":{\"@id\":\"https:\/\/fitprint.cz\/#\/schema\/logo\/image\/\"}}]}<\/script>\n<!-- \/ Yoast SEO plugin. -->","yoast_head_json":{"title":"Canon BC02 - kompatibiln\u00ed \u010dern\u00e1 inkoustov\u00e1 cartridge - FitPrint","robots":{"index":"index","follow":"follow","max-snippet":"max-snippet:-1","max-image-preview":"max-image-preview:large","max-video-preview":"max-video-preview:-1"},"canonical":"https:\/\/fitprint.cz\/?product=canon-bc02-kompatibilni-cerna-inkoustova-cartridge-2","og_locale":"cs_CZ","og_type":"article","og_title":"Canon BC02 - kompatibiln\u00ed \u010dern\u00e1 inkoustov\u00e1 cartridge - FitPrint","og_description":"Kompatibiln\u00ed s: Canon BJ-10, Canon BJ-10 E, Canon BJ-10 EX, Canon BJ-10 SX, Canon BJ-10 V, Canon BJ-10 V LITE, Canon BJ-10 X, Canon BJ-100, Canon BJ-15 V, Canon BJ-20, Canon BJ-20 EX, Canon BJ-200, Canon BJ-200 E, Canon BJ-200 EX, Canon BJ-200 JC, Canon BJ-200 JS, Canon BJ-210, Canon BJ-220, Canon BJ-220 JC, Canon [&hellip;]","og_url":"https:\/\/fitprint.cz\/?product=canon-bc02-kompatibilni-cerna-inkoustova-cartridge-2","og_site_name":"FitPrint","article_modified_time":"2023-09-15T03:12:37+00:00","og_image":[{"width":1000,"height":667,"url":"https:\/\/fitprint.cz\/wp-content\/uploads\/2023\/06\/product_inkoust_4.jpg","type":"image\/jpeg"}],"twitter_card":"summary_large_image","twitter_misc":{"Odhadovan\u00e1 doba \u010dten\u00ed":"1 minuta"},"schema":{"@context":"https:\/\/schema.org","@graph":[{"@type":"WebPage","@id":"https:\/\/fitprint.cz\/?product=canon-bc02-kompatibilni-cerna-inkoustova-cartridge-2","url":"https:\/\/fitprint.cz\/?product=canon-bc02-kompatibilni-cerna-inkoustova-cartridge-2","name":"Canon BC02 - kompatibiln\u00ed \u010dern\u00e1 inkoustov\u00e1 cartridge - FitPrint","isPartOf":{"@id":"https:\/\/fitprint.cz\/#website"},"datePublished":"2023-06-08T18:28:33+00:00","dateModified":"2023-09-15T03:12:37+00:00","breadcrumb":{"@id":"https:\/\/fitprint.cz\/?product=canon-bc02-kompatibilni-cerna-inkoustova-cartridge-2#breadcrumb"},"inLanguage":"cs","potentialAction":[{"@type":"ReadAction","target":["https:\/\/fitprint.cz\/?product=canon-bc02-kompatibilni-cerna-inkoustova-cartridge-2"]}]},{"@type":"BreadcrumbList","@id":"https:\/\/fitprint.cz\/?product=canon-bc02-kompatibilni-cerna-inkoustova-cartridge-2#breadcrumb","itemListElement":[{"@type":"ListItem","position":1,"name":"Home","item":"https:\/\/fitprint.cz\/"},{"@type":"ListItem","position":2,"name":"Shop","item":"https:\/\/fitprint.cz\/?page_id=5"},{"@type":"ListItem","position":3,"name":"Canon BC02 &#8211; kompatibiln\u00ed \u010dern\u00e1 inkoustov\u00e1 cartridge"}]},{"@type":"WebSite","@id":"https:\/\/fitprint.cz\/#website","url":"https:\/\/fitprint.cz\/","name":"FitPrint","description":"levn\u00e9 tiskov\u00e9 tonery a n\u00e1pln\u011b pro tisk\u00e1rny","publisher":{"@id":"https:\/\/fitprint.cz\/#organization"},"potentialAction":[{"@type":"SearchAction","target":{"@type":"EntryPoint","urlTemplate":"https:\/\/fitprint.cz\/?s={search_term_string}"},"query-input":"required name=search_term_string"}],"inLanguage":"cs"},{"@type":"Organization","@id":"https:\/\/fitprint.cz\/#organization","name":"FitPrint s.r.o.","url":"https:\/\/fitprint.cz\/","logo":{"@type":"ImageObject","inLanguage":"cs","@id":"https:\/\/fitprint.cz\/#\/schema\/logo\/image\/","url":"https:\/\/fitprint.cz\/wp-content\/uploads\/2023\/04\/FitPrint_logo_1.svg","contentUrl":"https:\/\/fitprint.cz\/wp-content\/uploads\/2023\/04\/FitPrint_logo_1.svg","width":230,"height":68,"caption":"FitPrint s.r.o."},"image":{"@id":"https:\/\/fitprint.cz\/#\/schema\/logo\/image\/"}}]}},"_links":{"self":[{"href":"https:\/\/fitprint.cz\/index.php?rest_route=\/wp\/v2\/product\/9590"}],"collection":[{"href":"https:\/\/fitprint.cz\/index.php?rest_route=\/wp\/v2\/product"}],"about":[{"href":"https:\/\/fitprint.cz\/index.php?rest_route=\/wp\/v2\/types\/product"}],"version-history":[{"count":1,"href":"https:\/\/fitprint.cz\/index.php?rest_route=\/wp\/v2\/product\/9590\/revisions"}],"predecessor-version":[{"id":10379,"href":"https:\/\/fitprint.cz\/index.php?rest_route=\/wp\/v2\/product\/9590\/revisions\/10379"}],"wp:featuredmedia":[{"embeddable":true,"href":"https:\/\/fitprint.cz\/index.php?rest_route=\/wp\/v2\/media\/9229"}],"wp:attachment":[{"href":"https:\/\/fitprint.cz\/index.php?rest_route=%2Fwp%2Fv2%2Fmedia&parent=9590"}],"wp:term":[{"taxonomy":"product_cat","embeddable":true,"href":"https:\/\/fitprint.cz\/index.php?rest_route=%2Fwp%2Fv2%2Fproduct_cat&post=9590"},{"taxonomy":"product_tag","embeddable":true,"href":"https:\/\/fitprint.cz\/index.php?rest_route=%2Fwp%2Fv2%2Fproduct_tag&post=9590"}],"curies":[{"name":"wp","href":"https:\/\/api.w.org\/{rel}","templated":true}]}}