{"id":9652,"date":"2023-06-08T20:28:47","date_gmt":"2023-06-08T18:28:47","guid":{"rendered":"https:\/\/fitprint.cz\/?product=brother-tn6600-kompatibilni-cerny-toner"},"modified":"2023-10-23T08:06:10","modified_gmt":"2023-10-23T06:06:10","slug":"brother-tn6600-kompatibilni-cerny-toner","status":"publish","type":"product","link":"https:\/\/fitprint.cz\/?product=brother-tn6600-kompatibilni-cerny-toner","title":{"rendered":"Brother TN6600 &#8211; kompatibiln\u00ed \u010dern\u00fd toner"},"content":{"rendered":"<p><strong>Kompatibiln\u00ed s:<\/strong><\/p>\n<p>Brother DCP-1200, Brother DCP-1400, Brother Fax 4750, Brother Fax 5750, Brother Fax 8350P, Brother Fax 8360P, Brother Fax 8360PLT, Brother Fax 8750P, Brother HL-1030, Brother HL-1200, Brother HL-1200DX, Brother HL-1200E, Brother HL-1200NE, Brother HL-1200NTR, Brother HL-1200PS, Brother HL-1220, Brother HL-1230, Brother HL-1240, Brother HL-1240DX, Brother HL-1250, Brother HL-1250DLT, Brother HL-1250LT, Brother HL-1270, Brother HL-1270N, Brother HL-1270NLT, Brother HL-1420, Brother HL-1430, Brother HL-1440, Brother HL-1450, Brother HL-1450DLT, Brother HL-1450LT, Brother HL-1470, Brother HL-1470LT, Brother HL-1470N, Brother HL-1470NLT, Brother HL-5024, Brother HL-P 2500, Brother HL-P 2600, Brother HL-P 8600, Brother HL-P2500, Brother MFC-8500, Brother MFC-8600, Brother MFC-8600J, Brother MFC-8700, Brother MFC-8700CP, Brother MFC-9600, Brother MFC-9600J, Brother MFC-9650, Brother MFC-9650N, Brother MFC-9660, Brother MFC-9660N, Brother MFC-9700, Brother MFC-9750, Brother MFC-9760, Brother MFC-9800, Brother MFC-9850, Brother MFC-9860, Brother MFC-9870, Brother MFC-9880, Brother MFC-9880N, Brother MFC-8300, Brother MFC-8500J, Brother MFC-9800J, Brother IntelliFax 4100, Brother IntelliFax 4750, Brother IntelliFax 5750<\/p>\n","protected":false},"excerpt":{"rendered":"<p>Kompatibiln\u00ed s: Brother DCP-1200, Brother DCP-1400, Brother Fax 4750, Brother Fax 5750, Brother Fax 8350P, Brother Fax 8360P, Brother Fax 8360PLT, Brother Fax 8750P, Brother HL-1030, Brother HL-1200, Brother HL-1200DX, Brother HL-1200E, Brother HL-1200NE, Brother HL-1200NTR, Brother HL-1200PS, Brother HL-1220, Brother HL-1230, Brother HL-1240, Brother HL-1240DX, Brother HL-1250, Brother HL-1250DLT, Brother HL-1250LT, Brother HL-1270, Brother [&hellip;]<\/p>\n","protected":false},"featured_media":9227,"template":"","meta":[],"product_cat":[219,195],"product_tag":[305],"yoast_head":"<!-- This site is optimized with the Yoast SEO plugin v21.0 - https:\/\/yoast.com\/wordpress\/plugins\/seo\/ -->\n<title>Brother TN6600 - kompatibiln\u00ed \u010dern\u00fd toner - FitPrint<\/title>\n<meta name=\"robots\" content=\"index, follow, max-snippet:-1, max-image-preview:large, max-video-preview:-1\" \/>\n<link rel=\"canonical\" href=\"https:\/\/fitprint.cz\/?product=brother-tn6600-kompatibilni-cerny-toner\" \/>\n<meta property=\"og:locale\" content=\"cs_CZ\" \/>\n<meta property=\"og:type\" content=\"article\" \/>\n<meta property=\"og:title\" content=\"Brother TN6600 - kompatibiln\u00ed \u010dern\u00fd toner - FitPrint\" \/>\n<meta property=\"og:description\" content=\"Kompatibiln\u00ed s: Brother DCP-1200, Brother DCP-1400, Brother Fax 4750, Brother Fax 5750, Brother Fax 8350P, Brother Fax 8360P, Brother Fax 8360PLT, Brother Fax 8750P, Brother HL-1030, Brother HL-1200, Brother HL-1200DX, Brother HL-1200E, Brother HL-1200NE, Brother HL-1200NTR, Brother HL-1200PS, Brother HL-1220, Brother HL-1230, Brother HL-1240, Brother HL-1240DX, Brother HL-1250, Brother HL-1250DLT, Brother HL-1250LT, Brother HL-1270, Brother [&hellip;]\" \/>\n<meta property=\"og:url\" content=\"https:\/\/fitprint.cz\/?product=brother-tn6600-kompatibilni-cerny-toner\" \/>\n<meta property=\"og:site_name\" content=\"FitPrint\" \/>\n<meta property=\"article:modified_time\" content=\"2023-10-23T06:06:10+00:00\" \/>\n<meta property=\"og:image\" content=\"https:\/\/fitprint.cz\/wp-content\/uploads\/2023\/06\/product_toner_2.jpg\" \/>\n\t<meta property=\"og:image:width\" content=\"1000\" \/>\n\t<meta property=\"og:image:height\" content=\"667\" \/>\n\t<meta property=\"og:image:type\" content=\"image\/jpeg\" \/>\n<meta name=\"twitter:card\" content=\"summary_large_image\" \/>\n<meta name=\"twitter:label1\" content=\"Odhadovan\u00e1 doba \u010dten\u00ed\" \/>\n\t<meta name=\"twitter:data1\" content=\"1 minuta\" \/>\n<script type=\"application\/ld+json\" class=\"yoast-schema-graph\">{\"@context\":\"https:\/\/schema.org\",\"@graph\":[{\"@type\":\"WebPage\",\"@id\":\"https:\/\/fitprint.cz\/?product=brother-tn6600-kompatibilni-cerny-toner\",\"url\":\"https:\/\/fitprint.cz\/?product=brother-tn6600-kompatibilni-cerny-toner\",\"name\":\"Brother TN6600 - kompatibiln\u00ed \u010dern\u00fd toner - FitPrint\",\"isPartOf\":{\"@id\":\"https:\/\/fitprint.cz\/#website\"},\"datePublished\":\"2023-06-08T18:28:47+00:00\",\"dateModified\":\"2023-10-23T06:06:10+00:00\",\"breadcrumb\":{\"@id\":\"https:\/\/fitprint.cz\/?product=brother-tn6600-kompatibilni-cerny-toner#breadcrumb\"},\"inLanguage\":\"cs\",\"potentialAction\":[{\"@type\":\"ReadAction\",\"target\":[\"https:\/\/fitprint.cz\/?product=brother-tn6600-kompatibilni-cerny-toner\"]}]},{\"@type\":\"BreadcrumbList\",\"@id\":\"https:\/\/fitprint.cz\/?product=brother-tn6600-kompatibilni-cerny-toner#breadcrumb\",\"itemListElement\":[{\"@type\":\"ListItem\",\"position\":1,\"name\":\"Home\",\"item\":\"https:\/\/fitprint.cz\/\"},{\"@type\":\"ListItem\",\"position\":2,\"name\":\"Shop\",\"item\":\"https:\/\/fitprint.cz\/?page_id=5\"},{\"@type\":\"ListItem\",\"position\":3,\"name\":\"Brother TN6600 &#8211; kompatibiln\u00ed \u010dern\u00fd toner\"}]},{\"@type\":\"WebSite\",\"@id\":\"https:\/\/fitprint.cz\/#website\",\"url\":\"https:\/\/fitprint.cz\/\",\"name\":\"FitPrint\",\"description\":\"levn\u00e9 tiskov\u00e9 tonery a n\u00e1pln\u011b pro tisk\u00e1rny\",\"publisher\":{\"@id\":\"https:\/\/fitprint.cz\/#organization\"},\"potentialAction\":[{\"@type\":\"SearchAction\",\"target\":{\"@type\":\"EntryPoint\",\"urlTemplate\":\"https:\/\/fitprint.cz\/?s={search_term_string}\"},\"query-input\":\"required name=search_term_string\"}],\"inLanguage\":\"cs\"},{\"@type\":\"Organization\",\"@id\":\"https:\/\/fitprint.cz\/#organization\",\"name\":\"FitPrint s.r.o.\",\"url\":\"https:\/\/fitprint.cz\/\",\"logo\":{\"@type\":\"ImageObject\",\"inLanguage\":\"cs\",\"@id\":\"https:\/\/fitprint.cz\/#\/schema\/logo\/image\/\",\"url\":\"https:\/\/fitprint.cz\/wp-content\/uploads\/2023\/04\/FitPrint_logo_1.svg\",\"contentUrl\":\"https:\/\/fitprint.cz\/wp-content\/uploads\/2023\/04\/FitPrint_logo_1.svg\",\"width\":230,\"height\":68,\"caption\":\"FitPrint s.r.o.\"},\"image\":{\"@id\":\"https:\/\/fitprint.cz\/#\/schema\/logo\/image\/\"}}]}<\/script>\n<!-- \/ Yoast SEO plugin. -->","yoast_head_json":{"title":"Brother TN6600 - kompatibiln\u00ed \u010dern\u00fd toner - FitPrint","robots":{"index":"index","follow":"follow","max-snippet":"max-snippet:-1","max-image-preview":"max-image-preview:large","max-video-preview":"max-video-preview:-1"},"canonical":"https:\/\/fitprint.cz\/?product=brother-tn6600-kompatibilni-cerny-toner","og_locale":"cs_CZ","og_type":"article","og_title":"Brother TN6600 - kompatibiln\u00ed \u010dern\u00fd toner - FitPrint","og_description":"Kompatibiln\u00ed s: Brother DCP-1200, Brother DCP-1400, Brother Fax 4750, Brother Fax 5750, Brother Fax 8350P, Brother Fax 8360P, Brother Fax 8360PLT, Brother Fax 8750P, Brother HL-1030, Brother HL-1200, Brother HL-1200DX, Brother HL-1200E, Brother HL-1200NE, Brother HL-1200NTR, Brother HL-1200PS, Brother HL-1220, Brother HL-1230, Brother HL-1240, Brother HL-1240DX, Brother HL-1250, Brother HL-1250DLT, Brother HL-1250LT, Brother HL-1270, Brother [&hellip;]","og_url":"https:\/\/fitprint.cz\/?product=brother-tn6600-kompatibilni-cerny-toner","og_site_name":"FitPrint","article_modified_time":"2023-10-23T06:06:10+00:00","og_image":[{"width":1000,"height":667,"url":"https:\/\/fitprint.cz\/wp-content\/uploads\/2023\/06\/product_toner_2.jpg","type":"image\/jpeg"}],"twitter_card":"summary_large_image","twitter_misc":{"Odhadovan\u00e1 doba \u010dten\u00ed":"1 minuta"},"schema":{"@context":"https:\/\/schema.org","@graph":[{"@type":"WebPage","@id":"https:\/\/fitprint.cz\/?product=brother-tn6600-kompatibilni-cerny-toner","url":"https:\/\/fitprint.cz\/?product=brother-tn6600-kompatibilni-cerny-toner","name":"Brother TN6600 - kompatibiln\u00ed \u010dern\u00fd toner - FitPrint","isPartOf":{"@id":"https:\/\/fitprint.cz\/#website"},"datePublished":"2023-06-08T18:28:47+00:00","dateModified":"2023-10-23T06:06:10+00:00","breadcrumb":{"@id":"https:\/\/fitprint.cz\/?product=brother-tn6600-kompatibilni-cerny-toner#breadcrumb"},"inLanguage":"cs","potentialAction":[{"@type":"ReadAction","target":["https:\/\/fitprint.cz\/?product=brother-tn6600-kompatibilni-cerny-toner"]}]},{"@type":"BreadcrumbList","@id":"https:\/\/fitprint.cz\/?product=brother-tn6600-kompatibilni-cerny-toner#breadcrumb","itemListElement":[{"@type":"ListItem","position":1,"name":"Home","item":"https:\/\/fitprint.cz\/"},{"@type":"ListItem","position":2,"name":"Shop","item":"https:\/\/fitprint.cz\/?page_id=5"},{"@type":"ListItem","position":3,"name":"Brother TN6600 &#8211; kompatibiln\u00ed \u010dern\u00fd toner"}]},{"@type":"WebSite","@id":"https:\/\/fitprint.cz\/#website","url":"https:\/\/fitprint.cz\/","name":"FitPrint","description":"levn\u00e9 tiskov\u00e9 tonery a n\u00e1pln\u011b pro tisk\u00e1rny","publisher":{"@id":"https:\/\/fitprint.cz\/#organization"},"potentialAction":[{"@type":"SearchAction","target":{"@type":"EntryPoint","urlTemplate":"https:\/\/fitprint.cz\/?s={search_term_string}"},"query-input":"required name=search_term_string"}],"inLanguage":"cs"},{"@type":"Organization","@id":"https:\/\/fitprint.cz\/#organization","name":"FitPrint s.r.o.","url":"https:\/\/fitprint.cz\/","logo":{"@type":"ImageObject","inLanguage":"cs","@id":"https:\/\/fitprint.cz\/#\/schema\/logo\/image\/","url":"https:\/\/fitprint.cz\/wp-content\/uploads\/2023\/04\/FitPrint_logo_1.svg","contentUrl":"https:\/\/fitprint.cz\/wp-content\/uploads\/2023\/04\/FitPrint_logo_1.svg","width":230,"height":68,"caption":"FitPrint s.r.o."},"image":{"@id":"https:\/\/fitprint.cz\/#\/schema\/logo\/image\/"}}]}},"_links":{"self":[{"href":"https:\/\/fitprint.cz\/index.php?rest_route=\/wp\/v2\/product\/9652"}],"collection":[{"href":"https:\/\/fitprint.cz\/index.php?rest_route=\/wp\/v2\/product"}],"about":[{"href":"https:\/\/fitprint.cz\/index.php?rest_route=\/wp\/v2\/types\/product"}],"version-history":[{"count":1,"href":"https:\/\/fitprint.cz\/index.php?rest_route=\/wp\/v2\/product\/9652\/revisions"}],"predecessor-version":[{"id":10419,"href":"https:\/\/fitprint.cz\/index.php?rest_route=\/wp\/v2\/product\/9652\/revisions\/10419"}],"wp:featuredmedia":[{"embeddable":true,"href":"https:\/\/fitprint.cz\/index.php?rest_route=\/wp\/v2\/media\/9227"}],"wp:attachment":[{"href":"https:\/\/fitprint.cz\/index.php?rest_route=%2Fwp%2Fv2%2Fmedia&parent=9652"}],"wp:term":[{"taxonomy":"product_cat","embeddable":true,"href":"https:\/\/fitprint.cz\/index.php?rest_route=%2Fwp%2Fv2%2Fproduct_cat&post=9652"},{"taxonomy":"product_tag","embeddable":true,"href":"https:\/\/fitprint.cz\/index.php?rest_route=%2Fwp%2Fv2%2Fproduct_tag&post=9652"}],"curies":[{"name":"wp","href":"https:\/\/api.w.org\/{rel}","templated":true}]}}