{"id":9707,"date":"2023-06-08T20:29:01","date_gmt":"2023-06-08T18:29:01","guid":{"rendered":"https:\/\/fitprint.cz\/?product=hp-c1823d-kompatibilni-barevna-inkoustova-cartridge"},"modified":"2023-10-23T08:06:57","modified_gmt":"2023-10-23T06:06:57","slug":"hp-c1823d-kompatibilni-barevna-inkoustova-cartridge","status":"publish","type":"product","link":"https:\/\/fitprint.cz\/?product=hp-c1823d-kompatibilni-barevna-inkoustova-cartridge","title":{"rendered":"HP C1823D &#8211; kompatibiln\u00ed barevn\u00e1 inkoustov\u00e1 cartridge"},"content":{"rendered":"<p><strong>Kompatibiln\u00ed s:<\/strong><\/p>\n<p>HP DeskJet 1120c, HP DeskJet 1120 CSE, HP DeskJet 1120 CXI, HP DeskJet 1125 C, HP DeskJet 1180 C, HP DeskJet 710 C, HP DeskJet 712 C, HP DeskJet 720 C, HP DeskJet 722 C, HP DeskJet 810 C, HP DeskJet 812 C, HP DeskJet 815 C, HP DeskJet 880C, HP DeskJet 890 C, HP DeskJet 890 CSE, HP DeskJet 890 CXI, HP DeskJet 895 C, HP DeskJet 895 CSE, HP DeskJet 895CXI, HP DeskJet 830 C, HP DeskJet 832 C, HP DeskJet 1180 CSE, HP DeskJet 1180 CXI, HP OfficeJet Pro 1170cxi, HP OfficeJet Pro 1175cxi, HP OfficeJet Pro 1170c, HP OfficeJet Pro 1170cse, HP OfficeJet Pro 1175c, HP OfficeJet Pro 1175cse, HP OfficeJet Pro 1170 serie, HP OfficeJet 1170, HP OfficeJet 1170cxi, HP OfficeJet 1175, HP OfficeJet 1175c, HP OfficeJet R40, HP OfficeJet R40xi, HP OfficeJet R45, HP OfficeJet R60, HP OfficeJet R65, HP OfficeJet R80, HP OfficeJet R80xi, HP OfficeJet T45, HP OfficeJet T45xi, HP OfficeJet T65, HP OfficeJet T65xi, HP Color Copier 140, HP Color Copier 145, HP Color Copier 150, HP Color Copier 155, HP Color Copier 160, HP Color Copier 170, HP Color Copier 180, HP Color Copier 190, HP Color Copier 260, HP Color Copier 270, HP Color Copier 280, HP PSC 500, HP PSC 500cxi, HP PSC 500xi<\/p>\n","protected":false},"excerpt":{"rendered":"<p>Kompatibiln\u00ed s: HP DeskJet 1120c, HP DeskJet 1120 CSE, HP DeskJet 1120 CXI, HP DeskJet 1125 C, HP DeskJet 1180 C, HP DeskJet 710 C, HP DeskJet 712 C, HP DeskJet 720 C, HP DeskJet 722 C, HP DeskJet 810 C, HP DeskJet 812 C, HP DeskJet 815 C, HP DeskJet 880C, HP DeskJet 890 [&hellip;]<\/p>\n","protected":false},"featured_media":9232,"template":"","meta":[],"product_cat":[196,195],"product_tag":[305],"yoast_head":"<!-- This site is optimized with the Yoast SEO plugin v21.0 - https:\/\/yoast.com\/wordpress\/plugins\/seo\/ -->\n<title>HP C1823D - kompatibiln\u00ed barevn\u00e1 inkoustov\u00e1 cartridge - FitPrint<\/title>\n<meta name=\"robots\" content=\"index, follow, max-snippet:-1, max-image-preview:large, max-video-preview:-1\" \/>\n<link rel=\"canonical\" href=\"https:\/\/fitprint.cz\/?product=hp-c1823d-kompatibilni-barevna-inkoustova-cartridge\" \/>\n<meta property=\"og:locale\" content=\"cs_CZ\" \/>\n<meta property=\"og:type\" content=\"article\" \/>\n<meta property=\"og:title\" content=\"HP C1823D - kompatibiln\u00ed barevn\u00e1 inkoustov\u00e1 cartridge - FitPrint\" \/>\n<meta property=\"og:description\" content=\"Kompatibiln\u00ed s: HP DeskJet 1120c, HP DeskJet 1120 CSE, HP DeskJet 1120 CXI, HP DeskJet 1125 C, HP DeskJet 1180 C, HP DeskJet 710 C, HP DeskJet 712 C, HP DeskJet 720 C, HP DeskJet 722 C, HP DeskJet 810 C, HP DeskJet 812 C, HP DeskJet 815 C, HP DeskJet 880C, HP DeskJet 890 [&hellip;]\" \/>\n<meta property=\"og:url\" content=\"https:\/\/fitprint.cz\/?product=hp-c1823d-kompatibilni-barevna-inkoustova-cartridge\" \/>\n<meta property=\"og:site_name\" content=\"FitPrint\" \/>\n<meta property=\"article:modified_time\" content=\"2023-10-23T06:06:57+00:00\" \/>\n<meta property=\"og:image\" content=\"https:\/\/fitprint.cz\/wp-content\/uploads\/2023\/06\/product_inkoust_1.jpg\" \/>\n\t<meta property=\"og:image:width\" content=\"1000\" \/>\n\t<meta property=\"og:image:height\" content=\"667\" \/>\n\t<meta property=\"og:image:type\" content=\"image\/jpeg\" \/>\n<meta name=\"twitter:card\" content=\"summary_large_image\" \/>\n<meta name=\"twitter:label1\" content=\"Odhadovan\u00e1 doba \u010dten\u00ed\" \/>\n\t<meta name=\"twitter:data1\" content=\"1 minuta\" \/>\n<script type=\"application\/ld+json\" class=\"yoast-schema-graph\">{\"@context\":\"https:\/\/schema.org\",\"@graph\":[{\"@type\":\"WebPage\",\"@id\":\"https:\/\/fitprint.cz\/?product=hp-c1823d-kompatibilni-barevna-inkoustova-cartridge\",\"url\":\"https:\/\/fitprint.cz\/?product=hp-c1823d-kompatibilni-barevna-inkoustova-cartridge\",\"name\":\"HP C1823D - kompatibiln\u00ed barevn\u00e1 inkoustov\u00e1 cartridge - FitPrint\",\"isPartOf\":{\"@id\":\"https:\/\/fitprint.cz\/#website\"},\"datePublished\":\"2023-06-08T18:29:01+00:00\",\"dateModified\":\"2023-10-23T06:06:57+00:00\",\"breadcrumb\":{\"@id\":\"https:\/\/fitprint.cz\/?product=hp-c1823d-kompatibilni-barevna-inkoustova-cartridge#breadcrumb\"},\"inLanguage\":\"cs\",\"potentialAction\":[{\"@type\":\"ReadAction\",\"target\":[\"https:\/\/fitprint.cz\/?product=hp-c1823d-kompatibilni-barevna-inkoustova-cartridge\"]}]},{\"@type\":\"BreadcrumbList\",\"@id\":\"https:\/\/fitprint.cz\/?product=hp-c1823d-kompatibilni-barevna-inkoustova-cartridge#breadcrumb\",\"itemListElement\":[{\"@type\":\"ListItem\",\"position\":1,\"name\":\"Home\",\"item\":\"https:\/\/fitprint.cz\/\"},{\"@type\":\"ListItem\",\"position\":2,\"name\":\"Shop\",\"item\":\"https:\/\/fitprint.cz\/?page_id=5\"},{\"@type\":\"ListItem\",\"position\":3,\"name\":\"HP C1823D &#8211; kompatibiln\u00ed barevn\u00e1 inkoustov\u00e1 cartridge\"}]},{\"@type\":\"WebSite\",\"@id\":\"https:\/\/fitprint.cz\/#website\",\"url\":\"https:\/\/fitprint.cz\/\",\"name\":\"FitPrint\",\"description\":\"levn\u00e9 tiskov\u00e9 tonery a n\u00e1pln\u011b pro tisk\u00e1rny\",\"publisher\":{\"@id\":\"https:\/\/fitprint.cz\/#organization\"},\"potentialAction\":[{\"@type\":\"SearchAction\",\"target\":{\"@type\":\"EntryPoint\",\"urlTemplate\":\"https:\/\/fitprint.cz\/?s={search_term_string}\"},\"query-input\":\"required name=search_term_string\"}],\"inLanguage\":\"cs\"},{\"@type\":\"Organization\",\"@id\":\"https:\/\/fitprint.cz\/#organization\",\"name\":\"FitPrint s.r.o.\",\"url\":\"https:\/\/fitprint.cz\/\",\"logo\":{\"@type\":\"ImageObject\",\"inLanguage\":\"cs\",\"@id\":\"https:\/\/fitprint.cz\/#\/schema\/logo\/image\/\",\"url\":\"https:\/\/fitprint.cz\/wp-content\/uploads\/2023\/04\/FitPrint_logo_1.svg\",\"contentUrl\":\"https:\/\/fitprint.cz\/wp-content\/uploads\/2023\/04\/FitPrint_logo_1.svg\",\"width\":230,\"height\":68,\"caption\":\"FitPrint s.r.o.\"},\"image\":{\"@id\":\"https:\/\/fitprint.cz\/#\/schema\/logo\/image\/\"}}]}<\/script>\n<!-- \/ Yoast SEO plugin. -->","yoast_head_json":{"title":"HP C1823D - kompatibiln\u00ed barevn\u00e1 inkoustov\u00e1 cartridge - FitPrint","robots":{"index":"index","follow":"follow","max-snippet":"max-snippet:-1","max-image-preview":"max-image-preview:large","max-video-preview":"max-video-preview:-1"},"canonical":"https:\/\/fitprint.cz\/?product=hp-c1823d-kompatibilni-barevna-inkoustova-cartridge","og_locale":"cs_CZ","og_type":"article","og_title":"HP C1823D - kompatibiln\u00ed barevn\u00e1 inkoustov\u00e1 cartridge - FitPrint","og_description":"Kompatibiln\u00ed s: HP DeskJet 1120c, HP DeskJet 1120 CSE, HP DeskJet 1120 CXI, HP DeskJet 1125 C, HP DeskJet 1180 C, HP DeskJet 710 C, HP DeskJet 712 C, HP DeskJet 720 C, HP DeskJet 722 C, HP DeskJet 810 C, HP DeskJet 812 C, HP DeskJet 815 C, HP DeskJet 880C, HP DeskJet 890 [&hellip;]","og_url":"https:\/\/fitprint.cz\/?product=hp-c1823d-kompatibilni-barevna-inkoustova-cartridge","og_site_name":"FitPrint","article_modified_time":"2023-10-23T06:06:57+00:00","og_image":[{"width":1000,"height":667,"url":"https:\/\/fitprint.cz\/wp-content\/uploads\/2023\/06\/product_inkoust_1.jpg","type":"image\/jpeg"}],"twitter_card":"summary_large_image","twitter_misc":{"Odhadovan\u00e1 doba \u010dten\u00ed":"1 minuta"},"schema":{"@context":"https:\/\/schema.org","@graph":[{"@type":"WebPage","@id":"https:\/\/fitprint.cz\/?product=hp-c1823d-kompatibilni-barevna-inkoustova-cartridge","url":"https:\/\/fitprint.cz\/?product=hp-c1823d-kompatibilni-barevna-inkoustova-cartridge","name":"HP C1823D - kompatibiln\u00ed barevn\u00e1 inkoustov\u00e1 cartridge - FitPrint","isPartOf":{"@id":"https:\/\/fitprint.cz\/#website"},"datePublished":"2023-06-08T18:29:01+00:00","dateModified":"2023-10-23T06:06:57+00:00","breadcrumb":{"@id":"https:\/\/fitprint.cz\/?product=hp-c1823d-kompatibilni-barevna-inkoustova-cartridge#breadcrumb"},"inLanguage":"cs","potentialAction":[{"@type":"ReadAction","target":["https:\/\/fitprint.cz\/?product=hp-c1823d-kompatibilni-barevna-inkoustova-cartridge"]}]},{"@type":"BreadcrumbList","@id":"https:\/\/fitprint.cz\/?product=hp-c1823d-kompatibilni-barevna-inkoustova-cartridge#breadcrumb","itemListElement":[{"@type":"ListItem","position":1,"name":"Home","item":"https:\/\/fitprint.cz\/"},{"@type":"ListItem","position":2,"name":"Shop","item":"https:\/\/fitprint.cz\/?page_id=5"},{"@type":"ListItem","position":3,"name":"HP C1823D &#8211; kompatibiln\u00ed barevn\u00e1 inkoustov\u00e1 cartridge"}]},{"@type":"WebSite","@id":"https:\/\/fitprint.cz\/#website","url":"https:\/\/fitprint.cz\/","name":"FitPrint","description":"levn\u00e9 tiskov\u00e9 tonery a n\u00e1pln\u011b pro tisk\u00e1rny","publisher":{"@id":"https:\/\/fitprint.cz\/#organization"},"potentialAction":[{"@type":"SearchAction","target":{"@type":"EntryPoint","urlTemplate":"https:\/\/fitprint.cz\/?s={search_term_string}"},"query-input":"required name=search_term_string"}],"inLanguage":"cs"},{"@type":"Organization","@id":"https:\/\/fitprint.cz\/#organization","name":"FitPrint s.r.o.","url":"https:\/\/fitprint.cz\/","logo":{"@type":"ImageObject","inLanguage":"cs","@id":"https:\/\/fitprint.cz\/#\/schema\/logo\/image\/","url":"https:\/\/fitprint.cz\/wp-content\/uploads\/2023\/04\/FitPrint_logo_1.svg","contentUrl":"https:\/\/fitprint.cz\/wp-content\/uploads\/2023\/04\/FitPrint_logo_1.svg","width":230,"height":68,"caption":"FitPrint s.r.o."},"image":{"@id":"https:\/\/fitprint.cz\/#\/schema\/logo\/image\/"}}]}},"_links":{"self":[{"href":"https:\/\/fitprint.cz\/index.php?rest_route=\/wp\/v2\/product\/9707"}],"collection":[{"href":"https:\/\/fitprint.cz\/index.php?rest_route=\/wp\/v2\/product"}],"about":[{"href":"https:\/\/fitprint.cz\/index.php?rest_route=\/wp\/v2\/types\/product"}],"version-history":[{"count":1,"href":"https:\/\/fitprint.cz\/index.php?rest_route=\/wp\/v2\/product\/9707\/revisions"}],"predecessor-version":[{"id":10854,"href":"https:\/\/fitprint.cz\/index.php?rest_route=\/wp\/v2\/product\/9707\/revisions\/10854"}],"wp:featuredmedia":[{"embeddable":true,"href":"https:\/\/fitprint.cz\/index.php?rest_route=\/wp\/v2\/media\/9232"}],"wp:attachment":[{"href":"https:\/\/fitprint.cz\/index.php?rest_route=%2Fwp%2Fv2%2Fmedia&parent=9707"}],"wp:term":[{"taxonomy":"product_cat","embeddable":true,"href":"https:\/\/fitprint.cz\/index.php?rest_route=%2Fwp%2Fv2%2Fproduct_cat&post=9707"},{"taxonomy":"product_tag","embeddable":true,"href":"https:\/\/fitprint.cz\/index.php?rest_route=%2Fwp%2Fv2%2Fproduct_tag&post=9707"}],"curies":[{"name":"wp","href":"https:\/\/api.w.org\/{rel}","templated":true}]}}