{"id":9812,"date":"2023-06-08T20:29:33","date_gmt":"2023-06-08T18:29:33","guid":{"rendered":"https:\/\/fitprint.cz\/?product=hp-cf331a-654a-kompatibilni-modry-toner"},"modified":"2023-10-23T08:10:36","modified_gmt":"2023-10-23T06:10:36","slug":"hp-cf331a-654a-kompatibilni-modry-toner","status":"publish","type":"product","link":"https:\/\/fitprint.cz\/?product=hp-cf331a-654a-kompatibilni-modry-toner","title":{"rendered":"HP CF331A (654A) &#8211; kompatibiln\u00ed modr\u00fd toner"},"content":{"rendered":"<p><strong>Kompatibiln\u00ed s:<\/strong><\/p>\n<p>HP Color LaserJet Enterprise M650 series, HP Color LaserJet Enterprise M651, HP Color LaserJet Enterprise M651 series, HP Color LaserJet Enterprise M651dn, HP Color LaserJet Enterprise M651n, HP Color LaserJet Enterprise M651xh<\/p>\n","protected":false},"excerpt":{"rendered":"<p>Kompatibiln\u00ed s: HP Color LaserJet Enterprise M650 series, HP Color LaserJet Enterprise M651, HP Color LaserJet Enterprise M651 series, HP Color LaserJet Enterprise M651dn, HP Color LaserJet Enterprise M651n, HP Color LaserJet Enterprise M651xh<\/p>\n","protected":false},"featured_media":9226,"template":"","meta":[],"product_cat":[196,195],"product_tag":[305],"yoast_head":"<!-- This site is optimized with the Yoast SEO plugin v21.0 - https:\/\/yoast.com\/wordpress\/plugins\/seo\/ -->\n<title>HP CF331A (654A) - kompatibiln\u00ed modr\u00fd toner - FitPrint<\/title>\n<meta name=\"robots\" content=\"index, follow, max-snippet:-1, max-image-preview:large, max-video-preview:-1\" \/>\n<link rel=\"canonical\" href=\"https:\/\/fitprint.cz\/?product=hp-cf331a-654a-kompatibilni-modry-toner\" \/>\n<meta property=\"og:locale\" content=\"cs_CZ\" \/>\n<meta property=\"og:type\" content=\"article\" \/>\n<meta property=\"og:title\" content=\"HP CF331A (654A) - kompatibiln\u00ed modr\u00fd toner - FitPrint\" \/>\n<meta property=\"og:description\" content=\"Kompatibiln\u00ed s: HP Color LaserJet Enterprise M650 series, HP Color LaserJet Enterprise M651, HP Color LaserJet Enterprise M651 series, HP Color LaserJet Enterprise M651dn, HP Color LaserJet Enterprise M651n, HP Color LaserJet Enterprise M651xh\" \/>\n<meta property=\"og:url\" content=\"https:\/\/fitprint.cz\/?product=hp-cf331a-654a-kompatibilni-modry-toner\" \/>\n<meta property=\"og:site_name\" content=\"FitPrint\" \/>\n<meta property=\"article:modified_time\" content=\"2023-10-23T06:10:36+00:00\" \/>\n<meta property=\"og:image\" content=\"https:\/\/fitprint.cz\/wp-content\/uploads\/2023\/06\/product_toner_3.jpg\" \/>\n\t<meta property=\"og:image:width\" content=\"1000\" \/>\n\t<meta property=\"og:image:height\" content=\"667\" \/>\n\t<meta property=\"og:image:type\" content=\"image\/jpeg\" \/>\n<meta name=\"twitter:card\" content=\"summary_large_image\" \/>\n<script type=\"application\/ld+json\" class=\"yoast-schema-graph\">{\"@context\":\"https:\/\/schema.org\",\"@graph\":[{\"@type\":\"WebPage\",\"@id\":\"https:\/\/fitprint.cz\/?product=hp-cf331a-654a-kompatibilni-modry-toner\",\"url\":\"https:\/\/fitprint.cz\/?product=hp-cf331a-654a-kompatibilni-modry-toner\",\"name\":\"HP CF331A (654A) - kompatibiln\u00ed modr\u00fd toner - FitPrint\",\"isPartOf\":{\"@id\":\"https:\/\/fitprint.cz\/#website\"},\"datePublished\":\"2023-06-08T18:29:33+00:00\",\"dateModified\":\"2023-10-23T06:10:36+00:00\",\"breadcrumb\":{\"@id\":\"https:\/\/fitprint.cz\/?product=hp-cf331a-654a-kompatibilni-modry-toner#breadcrumb\"},\"inLanguage\":\"cs\",\"potentialAction\":[{\"@type\":\"ReadAction\",\"target\":[\"https:\/\/fitprint.cz\/?product=hp-cf331a-654a-kompatibilni-modry-toner\"]}]},{\"@type\":\"BreadcrumbList\",\"@id\":\"https:\/\/fitprint.cz\/?product=hp-cf331a-654a-kompatibilni-modry-toner#breadcrumb\",\"itemListElement\":[{\"@type\":\"ListItem\",\"position\":1,\"name\":\"Home\",\"item\":\"https:\/\/fitprint.cz\/\"},{\"@type\":\"ListItem\",\"position\":2,\"name\":\"Shop\",\"item\":\"https:\/\/fitprint.cz\/?page_id=5\"},{\"@type\":\"ListItem\",\"position\":3,\"name\":\"HP CF331A (654A) &#8211; kompatibiln\u00ed modr\u00fd toner\"}]},{\"@type\":\"WebSite\",\"@id\":\"https:\/\/fitprint.cz\/#website\",\"url\":\"https:\/\/fitprint.cz\/\",\"name\":\"FitPrint\",\"description\":\"levn\u00e9 tiskov\u00e9 tonery a n\u00e1pln\u011b pro tisk\u00e1rny\",\"publisher\":{\"@id\":\"https:\/\/fitprint.cz\/#organization\"},\"potentialAction\":[{\"@type\":\"SearchAction\",\"target\":{\"@type\":\"EntryPoint\",\"urlTemplate\":\"https:\/\/fitprint.cz\/?s={search_term_string}\"},\"query-input\":\"required name=search_term_string\"}],\"inLanguage\":\"cs\"},{\"@type\":\"Organization\",\"@id\":\"https:\/\/fitprint.cz\/#organization\",\"name\":\"FitPrint s.r.o.\",\"url\":\"https:\/\/fitprint.cz\/\",\"logo\":{\"@type\":\"ImageObject\",\"inLanguage\":\"cs\",\"@id\":\"https:\/\/fitprint.cz\/#\/schema\/logo\/image\/\",\"url\":\"https:\/\/fitprint.cz\/wp-content\/uploads\/2023\/04\/FitPrint_logo_1.svg\",\"contentUrl\":\"https:\/\/fitprint.cz\/wp-content\/uploads\/2023\/04\/FitPrint_logo_1.svg\",\"width\":230,\"height\":68,\"caption\":\"FitPrint s.r.o.\"},\"image\":{\"@id\":\"https:\/\/fitprint.cz\/#\/schema\/logo\/image\/\"}}]}<\/script>\n<!-- \/ Yoast SEO plugin. -->","yoast_head_json":{"title":"HP CF331A (654A) - kompatibiln\u00ed modr\u00fd toner - FitPrint","robots":{"index":"index","follow":"follow","max-snippet":"max-snippet:-1","max-image-preview":"max-image-preview:large","max-video-preview":"max-video-preview:-1"},"canonical":"https:\/\/fitprint.cz\/?product=hp-cf331a-654a-kompatibilni-modry-toner","og_locale":"cs_CZ","og_type":"article","og_title":"HP CF331A (654A) - kompatibiln\u00ed modr\u00fd toner - FitPrint","og_description":"Kompatibiln\u00ed s: HP Color LaserJet Enterprise M650 series, HP Color LaserJet Enterprise M651, HP Color LaserJet Enterprise M651 series, HP Color LaserJet Enterprise M651dn, HP Color LaserJet Enterprise M651n, HP Color LaserJet Enterprise M651xh","og_url":"https:\/\/fitprint.cz\/?product=hp-cf331a-654a-kompatibilni-modry-toner","og_site_name":"FitPrint","article_modified_time":"2023-10-23T06:10:36+00:00","og_image":[{"width":1000,"height":667,"url":"https:\/\/fitprint.cz\/wp-content\/uploads\/2023\/06\/product_toner_3.jpg","type":"image\/jpeg"}],"twitter_card":"summary_large_image","schema":{"@context":"https:\/\/schema.org","@graph":[{"@type":"WebPage","@id":"https:\/\/fitprint.cz\/?product=hp-cf331a-654a-kompatibilni-modry-toner","url":"https:\/\/fitprint.cz\/?product=hp-cf331a-654a-kompatibilni-modry-toner","name":"HP CF331A (654A) - kompatibiln\u00ed modr\u00fd toner - FitPrint","isPartOf":{"@id":"https:\/\/fitprint.cz\/#website"},"datePublished":"2023-06-08T18:29:33+00:00","dateModified":"2023-10-23T06:10:36+00:00","breadcrumb":{"@id":"https:\/\/fitprint.cz\/?product=hp-cf331a-654a-kompatibilni-modry-toner#breadcrumb"},"inLanguage":"cs","potentialAction":[{"@type":"ReadAction","target":["https:\/\/fitprint.cz\/?product=hp-cf331a-654a-kompatibilni-modry-toner"]}]},{"@type":"BreadcrumbList","@id":"https:\/\/fitprint.cz\/?product=hp-cf331a-654a-kompatibilni-modry-toner#breadcrumb","itemListElement":[{"@type":"ListItem","position":1,"name":"Home","item":"https:\/\/fitprint.cz\/"},{"@type":"ListItem","position":2,"name":"Shop","item":"https:\/\/fitprint.cz\/?page_id=5"},{"@type":"ListItem","position":3,"name":"HP CF331A (654A) &#8211; kompatibiln\u00ed modr\u00fd toner"}]},{"@type":"WebSite","@id":"https:\/\/fitprint.cz\/#website","url":"https:\/\/fitprint.cz\/","name":"FitPrint","description":"levn\u00e9 tiskov\u00e9 tonery a n\u00e1pln\u011b pro tisk\u00e1rny","publisher":{"@id":"https:\/\/fitprint.cz\/#organization"},"potentialAction":[{"@type":"SearchAction","target":{"@type":"EntryPoint","urlTemplate":"https:\/\/fitprint.cz\/?s={search_term_string}"},"query-input":"required name=search_term_string"}],"inLanguage":"cs"},{"@type":"Organization","@id":"https:\/\/fitprint.cz\/#organization","name":"FitPrint s.r.o.","url":"https:\/\/fitprint.cz\/","logo":{"@type":"ImageObject","inLanguage":"cs","@id":"https:\/\/fitprint.cz\/#\/schema\/logo\/image\/","url":"https:\/\/fitprint.cz\/wp-content\/uploads\/2023\/04\/FitPrint_logo_1.svg","contentUrl":"https:\/\/fitprint.cz\/wp-content\/uploads\/2023\/04\/FitPrint_logo_1.svg","width":230,"height":68,"caption":"FitPrint s.r.o."},"image":{"@id":"https:\/\/fitprint.cz\/#\/schema\/logo\/image\/"}}]}},"_links":{"self":[{"href":"https:\/\/fitprint.cz\/index.php?rest_route=\/wp\/v2\/product\/9812"}],"collection":[{"href":"https:\/\/fitprint.cz\/index.php?rest_route=\/wp\/v2\/product"}],"about":[{"href":"https:\/\/fitprint.cz\/index.php?rest_route=\/wp\/v2\/types\/product"}],"version-history":[{"count":1,"href":"https:\/\/fitprint.cz\/index.php?rest_route=\/wp\/v2\/product\/9812\/revisions"}],"predecessor-version":[{"id":10873,"href":"https:\/\/fitprint.cz\/index.php?rest_route=\/wp\/v2\/product\/9812\/revisions\/10873"}],"wp:featuredmedia":[{"embeddable":true,"href":"https:\/\/fitprint.cz\/index.php?rest_route=\/wp\/v2\/media\/9226"}],"wp:attachment":[{"href":"https:\/\/fitprint.cz\/index.php?rest_route=%2Fwp%2Fv2%2Fmedia&parent=9812"}],"wp:term":[{"taxonomy":"product_cat","embeddable":true,"href":"https:\/\/fitprint.cz\/index.php?rest_route=%2Fwp%2Fv2%2Fproduct_cat&post=9812"},{"taxonomy":"product_tag","embeddable":true,"href":"https:\/\/fitprint.cz\/index.php?rest_route=%2Fwp%2Fv2%2Fproduct_tag&post=9812"}],"curies":[{"name":"wp","href":"https:\/\/api.w.org\/{rel}","templated":true}]}}