{"id":9823,"date":"2023-06-08T20:29:37","date_gmt":"2023-06-08T18:29:37","guid":{"rendered":"https:\/\/fitprint.cz\/?product=ricoh-1270d-kompatibilni-cerny-toner"},"modified":"2023-09-15T05:12:59","modified_gmt":"2023-09-15T03:12:59","slug":"ricoh-1270d-kompatibilni-cerny-toner","status":"publish","type":"product","link":"https:\/\/fitprint.cz\/?product=ricoh-1270d-kompatibilni-cerny-toner","title":{"rendered":"Ricoh 1270D &#8211; kompatibiln\u00ed \u010dern\u00fd toner"},"content":{"rendered":"<p><strong>Kompatibiln\u00ed s:<\/strong><\/p>\n<p>Ricoh Aficio MP 161, Ricoh Aficio MP 161 L, Ricoh Aficio MP 161 Ln, Ricoh Aficio MP 161 f, Ricoh Aficio MP 161 spf, Ricoh Aficio MP 170 Series, Ricoh Aficio MP 171, Ricoh Aficio MP 171 Ln, Ricoh Aficio MP 171 f, Ricoh Aficio MP 171 spf, Ricoh Aficio MP 201 f, Ricoh Aficio MP 201 s, Ricoh Aficio MP 201 spf, Ricoh Aficio 1515, Ricoh Aficio 1515 Series, Ricoh Aficio 1515 f, Ricoh Aficio 1515 mf, Ricoh Aficio 1515 ps<\/p>\n","protected":false},"excerpt":{"rendered":"<p>Kompatibiln\u00ed s: Ricoh Aficio MP 161, Ricoh Aficio MP 161 L, Ricoh Aficio MP 161 Ln, Ricoh Aficio MP 161 f, Ricoh Aficio MP 161 spf, Ricoh Aficio MP 170 Series, Ricoh Aficio MP 171, Ricoh Aficio MP 171 Ln, Ricoh Aficio MP 171 f, Ricoh Aficio MP 171 spf, Ricoh Aficio MP 201 f, [&hellip;]<\/p>\n","protected":false},"featured_media":9227,"template":"","meta":[],"product_cat":[274,195],"product_tag":[305],"yoast_head":"<!-- This site is optimized with the Yoast SEO plugin v21.0 - https:\/\/yoast.com\/wordpress\/plugins\/seo\/ -->\n<title>Ricoh 1270D - kompatibiln\u00ed \u010dern\u00fd toner - FitPrint<\/title>\n<meta name=\"robots\" content=\"index, follow, max-snippet:-1, max-image-preview:large, max-video-preview:-1\" \/>\n<link rel=\"canonical\" href=\"https:\/\/fitprint.cz\/?product=ricoh-1270d-kompatibilni-cerny-toner\" \/>\n<meta property=\"og:locale\" content=\"cs_CZ\" \/>\n<meta property=\"og:type\" content=\"article\" \/>\n<meta property=\"og:title\" content=\"Ricoh 1270D - kompatibiln\u00ed \u010dern\u00fd toner - FitPrint\" \/>\n<meta property=\"og:description\" content=\"Kompatibiln\u00ed s: Ricoh Aficio MP 161, Ricoh Aficio MP 161 L, Ricoh Aficio MP 161 Ln, Ricoh Aficio MP 161 f, Ricoh Aficio MP 161 spf, Ricoh Aficio MP 170 Series, Ricoh Aficio MP 171, Ricoh Aficio MP 171 Ln, Ricoh Aficio MP 171 f, Ricoh Aficio MP 171 spf, Ricoh Aficio MP 201 f, [&hellip;]\" \/>\n<meta property=\"og:url\" content=\"https:\/\/fitprint.cz\/?product=ricoh-1270d-kompatibilni-cerny-toner\" \/>\n<meta property=\"og:site_name\" content=\"FitPrint\" \/>\n<meta property=\"article:modified_time\" content=\"2023-09-15T03:12:59+00:00\" \/>\n<meta property=\"og:image\" content=\"https:\/\/fitprint.cz\/wp-content\/uploads\/2023\/06\/product_toner_2.jpg\" \/>\n\t<meta property=\"og:image:width\" content=\"1000\" \/>\n\t<meta property=\"og:image:height\" content=\"667\" \/>\n\t<meta property=\"og:image:type\" content=\"image\/jpeg\" \/>\n<meta name=\"twitter:card\" content=\"summary_large_image\" \/>\n<script type=\"application\/ld+json\" class=\"yoast-schema-graph\">{\"@context\":\"https:\/\/schema.org\",\"@graph\":[{\"@type\":\"WebPage\",\"@id\":\"https:\/\/fitprint.cz\/?product=ricoh-1270d-kompatibilni-cerny-toner\",\"url\":\"https:\/\/fitprint.cz\/?product=ricoh-1270d-kompatibilni-cerny-toner\",\"name\":\"Ricoh 1270D - kompatibiln\u00ed \u010dern\u00fd toner - FitPrint\",\"isPartOf\":{\"@id\":\"https:\/\/fitprint.cz\/#website\"},\"datePublished\":\"2023-06-08T18:29:37+00:00\",\"dateModified\":\"2023-09-15T03:12:59+00:00\",\"breadcrumb\":{\"@id\":\"https:\/\/fitprint.cz\/?product=ricoh-1270d-kompatibilni-cerny-toner#breadcrumb\"},\"inLanguage\":\"cs\",\"potentialAction\":[{\"@type\":\"ReadAction\",\"target\":[\"https:\/\/fitprint.cz\/?product=ricoh-1270d-kompatibilni-cerny-toner\"]}]},{\"@type\":\"BreadcrumbList\",\"@id\":\"https:\/\/fitprint.cz\/?product=ricoh-1270d-kompatibilni-cerny-toner#breadcrumb\",\"itemListElement\":[{\"@type\":\"ListItem\",\"position\":1,\"name\":\"Home\",\"item\":\"https:\/\/fitprint.cz\/\"},{\"@type\":\"ListItem\",\"position\":2,\"name\":\"Shop\",\"item\":\"https:\/\/fitprint.cz\/?page_id=5\"},{\"@type\":\"ListItem\",\"position\":3,\"name\":\"Ricoh 1270D &#8211; kompatibiln\u00ed \u010dern\u00fd toner\"}]},{\"@type\":\"WebSite\",\"@id\":\"https:\/\/fitprint.cz\/#website\",\"url\":\"https:\/\/fitprint.cz\/\",\"name\":\"FitPrint\",\"description\":\"levn\u00e9 tiskov\u00e9 tonery a n\u00e1pln\u011b pro tisk\u00e1rny\",\"publisher\":{\"@id\":\"https:\/\/fitprint.cz\/#organization\"},\"potentialAction\":[{\"@type\":\"SearchAction\",\"target\":{\"@type\":\"EntryPoint\",\"urlTemplate\":\"https:\/\/fitprint.cz\/?s={search_term_string}\"},\"query-input\":\"required name=search_term_string\"}],\"inLanguage\":\"cs\"},{\"@type\":\"Organization\",\"@id\":\"https:\/\/fitprint.cz\/#organization\",\"name\":\"FitPrint s.r.o.\",\"url\":\"https:\/\/fitprint.cz\/\",\"logo\":{\"@type\":\"ImageObject\",\"inLanguage\":\"cs\",\"@id\":\"https:\/\/fitprint.cz\/#\/schema\/logo\/image\/\",\"url\":\"https:\/\/fitprint.cz\/wp-content\/uploads\/2023\/04\/FitPrint_logo_1.svg\",\"contentUrl\":\"https:\/\/fitprint.cz\/wp-content\/uploads\/2023\/04\/FitPrint_logo_1.svg\",\"width\":230,\"height\":68,\"caption\":\"FitPrint s.r.o.\"},\"image\":{\"@id\":\"https:\/\/fitprint.cz\/#\/schema\/logo\/image\/\"}}]}<\/script>\n<!-- \/ Yoast SEO plugin. -->","yoast_head_json":{"title":"Ricoh 1270D - kompatibiln\u00ed \u010dern\u00fd toner - FitPrint","robots":{"index":"index","follow":"follow","max-snippet":"max-snippet:-1","max-image-preview":"max-image-preview:large","max-video-preview":"max-video-preview:-1"},"canonical":"https:\/\/fitprint.cz\/?product=ricoh-1270d-kompatibilni-cerny-toner","og_locale":"cs_CZ","og_type":"article","og_title":"Ricoh 1270D - kompatibiln\u00ed \u010dern\u00fd toner - FitPrint","og_description":"Kompatibiln\u00ed s: Ricoh Aficio MP 161, Ricoh Aficio MP 161 L, Ricoh Aficio MP 161 Ln, Ricoh Aficio MP 161 f, Ricoh Aficio MP 161 spf, Ricoh Aficio MP 170 Series, Ricoh Aficio MP 171, Ricoh Aficio MP 171 Ln, Ricoh Aficio MP 171 f, Ricoh Aficio MP 171 spf, Ricoh Aficio MP 201 f, [&hellip;]","og_url":"https:\/\/fitprint.cz\/?product=ricoh-1270d-kompatibilni-cerny-toner","og_site_name":"FitPrint","article_modified_time":"2023-09-15T03:12:59+00:00","og_image":[{"width":1000,"height":667,"url":"https:\/\/fitprint.cz\/wp-content\/uploads\/2023\/06\/product_toner_2.jpg","type":"image\/jpeg"}],"twitter_card":"summary_large_image","schema":{"@context":"https:\/\/schema.org","@graph":[{"@type":"WebPage","@id":"https:\/\/fitprint.cz\/?product=ricoh-1270d-kompatibilni-cerny-toner","url":"https:\/\/fitprint.cz\/?product=ricoh-1270d-kompatibilni-cerny-toner","name":"Ricoh 1270D - kompatibiln\u00ed \u010dern\u00fd toner - FitPrint","isPartOf":{"@id":"https:\/\/fitprint.cz\/#website"},"datePublished":"2023-06-08T18:29:37+00:00","dateModified":"2023-09-15T03:12:59+00:00","breadcrumb":{"@id":"https:\/\/fitprint.cz\/?product=ricoh-1270d-kompatibilni-cerny-toner#breadcrumb"},"inLanguage":"cs","potentialAction":[{"@type":"ReadAction","target":["https:\/\/fitprint.cz\/?product=ricoh-1270d-kompatibilni-cerny-toner"]}]},{"@type":"BreadcrumbList","@id":"https:\/\/fitprint.cz\/?product=ricoh-1270d-kompatibilni-cerny-toner#breadcrumb","itemListElement":[{"@type":"ListItem","position":1,"name":"Home","item":"https:\/\/fitprint.cz\/"},{"@type":"ListItem","position":2,"name":"Shop","item":"https:\/\/fitprint.cz\/?page_id=5"},{"@type":"ListItem","position":3,"name":"Ricoh 1270D &#8211; kompatibiln\u00ed \u010dern\u00fd toner"}]},{"@type":"WebSite","@id":"https:\/\/fitprint.cz\/#website","url":"https:\/\/fitprint.cz\/","name":"FitPrint","description":"levn\u00e9 tiskov\u00e9 tonery a n\u00e1pln\u011b pro tisk\u00e1rny","publisher":{"@id":"https:\/\/fitprint.cz\/#organization"},"potentialAction":[{"@type":"SearchAction","target":{"@type":"EntryPoint","urlTemplate":"https:\/\/fitprint.cz\/?s={search_term_string}"},"query-input":"required name=search_term_string"}],"inLanguage":"cs"},{"@type":"Organization","@id":"https:\/\/fitprint.cz\/#organization","name":"FitPrint s.r.o.","url":"https:\/\/fitprint.cz\/","logo":{"@type":"ImageObject","inLanguage":"cs","@id":"https:\/\/fitprint.cz\/#\/schema\/logo\/image\/","url":"https:\/\/fitprint.cz\/wp-content\/uploads\/2023\/04\/FitPrint_logo_1.svg","contentUrl":"https:\/\/fitprint.cz\/wp-content\/uploads\/2023\/04\/FitPrint_logo_1.svg","width":230,"height":68,"caption":"FitPrint s.r.o."},"image":{"@id":"https:\/\/fitprint.cz\/#\/schema\/logo\/image\/"}}]}},"_links":{"self":[{"href":"https:\/\/fitprint.cz\/index.php?rest_route=\/wp\/v2\/product\/9823"}],"collection":[{"href":"https:\/\/fitprint.cz\/index.php?rest_route=\/wp\/v2\/product"}],"about":[{"href":"https:\/\/fitprint.cz\/index.php?rest_route=\/wp\/v2\/types\/product"}],"version-history":[{"count":1,"href":"https:\/\/fitprint.cz\/index.php?rest_route=\/wp\/v2\/product\/9823\/revisions"}],"predecessor-version":[{"id":10556,"href":"https:\/\/fitprint.cz\/index.php?rest_route=\/wp\/v2\/product\/9823\/revisions\/10556"}],"wp:featuredmedia":[{"embeddable":true,"href":"https:\/\/fitprint.cz\/index.php?rest_route=\/wp\/v2\/media\/9227"}],"wp:attachment":[{"href":"https:\/\/fitprint.cz\/index.php?rest_route=%2Fwp%2Fv2%2Fmedia&parent=9823"}],"wp:term":[{"taxonomy":"product_cat","embeddable":true,"href":"https:\/\/fitprint.cz\/index.php?rest_route=%2Fwp%2Fv2%2Fproduct_cat&post=9823"},{"taxonomy":"product_tag","embeddable":true,"href":"https:\/\/fitprint.cz\/index.php?rest_route=%2Fwp%2Fv2%2Fproduct_tag&post=9823"}],"curies":[{"name":"wp","href":"https:\/\/api.w.org\/{rel}","templated":true}]}}