{"id":9829,"date":"2023-06-08T20:29:37","date_gmt":"2023-06-08T18:29:37","guid":{"rendered":"https:\/\/fitprint.cz\/?product=lexmark-10n0016e-kompatibilni-cerna-inkoustova-cartridge"},"modified":"2023-09-15T05:13:00","modified_gmt":"2023-09-15T03:13:00","slug":"lexmark-10n0016e-kompatibilni-cerna-inkoustova-cartridge","status":"publish","type":"product","link":"https:\/\/fitprint.cz\/?product=lexmark-10n0016e-kompatibilni-cerna-inkoustova-cartridge","title":{"rendered":"Lexmark 10N0016E &#8211; kompatibiln\u00ed \u010dern\u00e1 inkoustov\u00e1 cartridge"},"content":{"rendered":"<p><strong>Kompatibiln\u00ed s:<\/strong><\/p>\n<p>Lexmark X1100, Lexmark X1110, Lexmark X1130, Lexmark X1140, Lexmark X1150, Lexmark X1155, Lexmark X1160, Lexmark X1170, Lexmark X1180, Lexmark X1185, Lexmark X1190, Lexmark X1195, Lexmark X1196, Lexmark X1200, Lexmark X1250, Lexmark X1270, Lexmark X1290, Lexmark X2225, Lexmark X2230, Lexmark X2250, Lexmark X72, Lexmark X74, Lexmark X75, Lexmark Z13, Lexmark Z23, Lexmark Z24, Lexmark Z25, Lexmark Z33, Lexmark Z34, Lexmark Z35, Lexmark Z503, Lexmark Z510, Lexmark Z511, Lexmark Z512, Lexmark Z514, Lexmark Z515, Lexmark Z516, Lexmark Z517, Lexmark Z520, Lexmark Z600, Lexmark Z601, Lexmark Z602, Lexmark Z603, Lexmark Z604, Lexmark Z605, Lexmark Z611, Lexmark Z612, Lexmark Z614, Lexmark Z615, Lexmark Z617, Lexmark Z640, Lexmark Z645, Lexmark Z717, Lexmark Z817, Lexmark Z819<\/p>\n","protected":false},"excerpt":{"rendered":"<p>Kompatibiln\u00ed s: Lexmark X1100, Lexmark X1110, Lexmark X1130, Lexmark X1140, Lexmark X1150, Lexmark X1155, Lexmark X1160, Lexmark X1170, Lexmark X1180, Lexmark X1185, Lexmark X1190, Lexmark X1195, Lexmark X1196, Lexmark X1200, Lexmark X1250, Lexmark X1270, Lexmark X1290, Lexmark X2225, Lexmark X2230, Lexmark X2250, Lexmark X72, Lexmark X74, Lexmark X75, Lexmark Z13, Lexmark Z23, Lexmark Z24, Lexmark [&hellip;]<\/p>\n","protected":false},"featured_media":9230,"template":"","meta":[],"product_cat":[276,195],"product_tag":[305],"yoast_head":"<!-- This site is optimized with the Yoast SEO plugin v21.0 - https:\/\/yoast.com\/wordpress\/plugins\/seo\/ -->\n<title>Lexmark 10N0016E - kompatibiln\u00ed \u010dern\u00e1 inkoustov\u00e1 cartridge - FitPrint<\/title>\n<meta name=\"robots\" content=\"index, follow, max-snippet:-1, max-image-preview:large, max-video-preview:-1\" \/>\n<link rel=\"canonical\" href=\"https:\/\/fitprint.cz\/?product=lexmark-10n0016e-kompatibilni-cerna-inkoustova-cartridge\" \/>\n<meta property=\"og:locale\" content=\"cs_CZ\" \/>\n<meta property=\"og:type\" content=\"article\" \/>\n<meta property=\"og:title\" content=\"Lexmark 10N0016E - kompatibiln\u00ed \u010dern\u00e1 inkoustov\u00e1 cartridge - FitPrint\" \/>\n<meta property=\"og:description\" content=\"Kompatibiln\u00ed s: Lexmark X1100, Lexmark X1110, Lexmark X1130, Lexmark X1140, Lexmark X1150, Lexmark X1155, Lexmark X1160, Lexmark X1170, Lexmark X1180, Lexmark X1185, Lexmark X1190, Lexmark X1195, Lexmark X1196, Lexmark X1200, Lexmark X1250, Lexmark X1270, Lexmark X1290, Lexmark X2225, Lexmark X2230, Lexmark X2250, Lexmark X72, Lexmark X74, Lexmark X75, Lexmark Z13, Lexmark Z23, Lexmark Z24, Lexmark [&hellip;]\" \/>\n<meta property=\"og:url\" content=\"https:\/\/fitprint.cz\/?product=lexmark-10n0016e-kompatibilni-cerna-inkoustova-cartridge\" \/>\n<meta property=\"og:site_name\" content=\"FitPrint\" \/>\n<meta property=\"article:modified_time\" content=\"2023-09-15T03:13:00+00:00\" \/>\n<meta property=\"og:image\" content=\"https:\/\/fitprint.cz\/wp-content\/uploads\/2023\/06\/product_inkoust_3.jpg\" \/>\n\t<meta property=\"og:image:width\" content=\"1000\" \/>\n\t<meta property=\"og:image:height\" content=\"667\" \/>\n\t<meta property=\"og:image:type\" content=\"image\/jpeg\" \/>\n<meta name=\"twitter:card\" content=\"summary_large_image\" \/>\n<meta name=\"twitter:label1\" content=\"Odhadovan\u00e1 doba \u010dten\u00ed\" \/>\n\t<meta name=\"twitter:data1\" content=\"1 minuta\" \/>\n<script type=\"application\/ld+json\" class=\"yoast-schema-graph\">{\"@context\":\"https:\/\/schema.org\",\"@graph\":[{\"@type\":\"WebPage\",\"@id\":\"https:\/\/fitprint.cz\/?product=lexmark-10n0016e-kompatibilni-cerna-inkoustova-cartridge\",\"url\":\"https:\/\/fitprint.cz\/?product=lexmark-10n0016e-kompatibilni-cerna-inkoustova-cartridge\",\"name\":\"Lexmark 10N0016E - kompatibiln\u00ed \u010dern\u00e1 inkoustov\u00e1 cartridge - FitPrint\",\"isPartOf\":{\"@id\":\"https:\/\/fitprint.cz\/#website\"},\"datePublished\":\"2023-06-08T18:29:37+00:00\",\"dateModified\":\"2023-09-15T03:13:00+00:00\",\"breadcrumb\":{\"@id\":\"https:\/\/fitprint.cz\/?product=lexmark-10n0016e-kompatibilni-cerna-inkoustova-cartridge#breadcrumb\"},\"inLanguage\":\"cs\",\"potentialAction\":[{\"@type\":\"ReadAction\",\"target\":[\"https:\/\/fitprint.cz\/?product=lexmark-10n0016e-kompatibilni-cerna-inkoustova-cartridge\"]}]},{\"@type\":\"BreadcrumbList\",\"@id\":\"https:\/\/fitprint.cz\/?product=lexmark-10n0016e-kompatibilni-cerna-inkoustova-cartridge#breadcrumb\",\"itemListElement\":[{\"@type\":\"ListItem\",\"position\":1,\"name\":\"Home\",\"item\":\"https:\/\/fitprint.cz\/\"},{\"@type\":\"ListItem\",\"position\":2,\"name\":\"Shop\",\"item\":\"https:\/\/fitprint.cz\/?page_id=5\"},{\"@type\":\"ListItem\",\"position\":3,\"name\":\"Lexmark 10N0016E &#8211; kompatibiln\u00ed \u010dern\u00e1 inkoustov\u00e1 cartridge\"}]},{\"@type\":\"WebSite\",\"@id\":\"https:\/\/fitprint.cz\/#website\",\"url\":\"https:\/\/fitprint.cz\/\",\"name\":\"FitPrint\",\"description\":\"levn\u00e9 tiskov\u00e9 tonery a n\u00e1pln\u011b pro tisk\u00e1rny\",\"publisher\":{\"@id\":\"https:\/\/fitprint.cz\/#organization\"},\"potentialAction\":[{\"@type\":\"SearchAction\",\"target\":{\"@type\":\"EntryPoint\",\"urlTemplate\":\"https:\/\/fitprint.cz\/?s={search_term_string}\"},\"query-input\":\"required name=search_term_string\"}],\"inLanguage\":\"cs\"},{\"@type\":\"Organization\",\"@id\":\"https:\/\/fitprint.cz\/#organization\",\"name\":\"FitPrint s.r.o.\",\"url\":\"https:\/\/fitprint.cz\/\",\"logo\":{\"@type\":\"ImageObject\",\"inLanguage\":\"cs\",\"@id\":\"https:\/\/fitprint.cz\/#\/schema\/logo\/image\/\",\"url\":\"https:\/\/fitprint.cz\/wp-content\/uploads\/2023\/04\/FitPrint_logo_1.svg\",\"contentUrl\":\"https:\/\/fitprint.cz\/wp-content\/uploads\/2023\/04\/FitPrint_logo_1.svg\",\"width\":230,\"height\":68,\"caption\":\"FitPrint s.r.o.\"},\"image\":{\"@id\":\"https:\/\/fitprint.cz\/#\/schema\/logo\/image\/\"}}]}<\/script>\n<!-- \/ Yoast SEO plugin. -->","yoast_head_json":{"title":"Lexmark 10N0016E - kompatibiln\u00ed \u010dern\u00e1 inkoustov\u00e1 cartridge - FitPrint","robots":{"index":"index","follow":"follow","max-snippet":"max-snippet:-1","max-image-preview":"max-image-preview:large","max-video-preview":"max-video-preview:-1"},"canonical":"https:\/\/fitprint.cz\/?product=lexmark-10n0016e-kompatibilni-cerna-inkoustova-cartridge","og_locale":"cs_CZ","og_type":"article","og_title":"Lexmark 10N0016E - kompatibiln\u00ed \u010dern\u00e1 inkoustov\u00e1 cartridge - FitPrint","og_description":"Kompatibiln\u00ed s: Lexmark X1100, Lexmark X1110, Lexmark X1130, Lexmark X1140, Lexmark X1150, Lexmark X1155, Lexmark X1160, Lexmark X1170, Lexmark X1180, Lexmark X1185, Lexmark X1190, Lexmark X1195, Lexmark X1196, Lexmark X1200, Lexmark X1250, Lexmark X1270, Lexmark X1290, Lexmark X2225, Lexmark X2230, Lexmark X2250, Lexmark X72, Lexmark X74, Lexmark X75, Lexmark Z13, Lexmark Z23, Lexmark Z24, Lexmark [&hellip;]","og_url":"https:\/\/fitprint.cz\/?product=lexmark-10n0016e-kompatibilni-cerna-inkoustova-cartridge","og_site_name":"FitPrint","article_modified_time":"2023-09-15T03:13:00+00:00","og_image":[{"width":1000,"height":667,"url":"https:\/\/fitprint.cz\/wp-content\/uploads\/2023\/06\/product_inkoust_3.jpg","type":"image\/jpeg"}],"twitter_card":"summary_large_image","twitter_misc":{"Odhadovan\u00e1 doba \u010dten\u00ed":"1 minuta"},"schema":{"@context":"https:\/\/schema.org","@graph":[{"@type":"WebPage","@id":"https:\/\/fitprint.cz\/?product=lexmark-10n0016e-kompatibilni-cerna-inkoustova-cartridge","url":"https:\/\/fitprint.cz\/?product=lexmark-10n0016e-kompatibilni-cerna-inkoustova-cartridge","name":"Lexmark 10N0016E - kompatibiln\u00ed \u010dern\u00e1 inkoustov\u00e1 cartridge - FitPrint","isPartOf":{"@id":"https:\/\/fitprint.cz\/#website"},"datePublished":"2023-06-08T18:29:37+00:00","dateModified":"2023-09-15T03:13:00+00:00","breadcrumb":{"@id":"https:\/\/fitprint.cz\/?product=lexmark-10n0016e-kompatibilni-cerna-inkoustova-cartridge#breadcrumb"},"inLanguage":"cs","potentialAction":[{"@type":"ReadAction","target":["https:\/\/fitprint.cz\/?product=lexmark-10n0016e-kompatibilni-cerna-inkoustova-cartridge"]}]},{"@type":"BreadcrumbList","@id":"https:\/\/fitprint.cz\/?product=lexmark-10n0016e-kompatibilni-cerna-inkoustova-cartridge#breadcrumb","itemListElement":[{"@type":"ListItem","position":1,"name":"Home","item":"https:\/\/fitprint.cz\/"},{"@type":"ListItem","position":2,"name":"Shop","item":"https:\/\/fitprint.cz\/?page_id=5"},{"@type":"ListItem","position":3,"name":"Lexmark 10N0016E &#8211; kompatibiln\u00ed \u010dern\u00e1 inkoustov\u00e1 cartridge"}]},{"@type":"WebSite","@id":"https:\/\/fitprint.cz\/#website","url":"https:\/\/fitprint.cz\/","name":"FitPrint","description":"levn\u00e9 tiskov\u00e9 tonery a n\u00e1pln\u011b pro tisk\u00e1rny","publisher":{"@id":"https:\/\/fitprint.cz\/#organization"},"potentialAction":[{"@type":"SearchAction","target":{"@type":"EntryPoint","urlTemplate":"https:\/\/fitprint.cz\/?s={search_term_string}"},"query-input":"required name=search_term_string"}],"inLanguage":"cs"},{"@type":"Organization","@id":"https:\/\/fitprint.cz\/#organization","name":"FitPrint s.r.o.","url":"https:\/\/fitprint.cz\/","logo":{"@type":"ImageObject","inLanguage":"cs","@id":"https:\/\/fitprint.cz\/#\/schema\/logo\/image\/","url":"https:\/\/fitprint.cz\/wp-content\/uploads\/2023\/04\/FitPrint_logo_1.svg","contentUrl":"https:\/\/fitprint.cz\/wp-content\/uploads\/2023\/04\/FitPrint_logo_1.svg","width":230,"height":68,"caption":"FitPrint s.r.o."},"image":{"@id":"https:\/\/fitprint.cz\/#\/schema\/logo\/image\/"}}]}},"_links":{"self":[{"href":"https:\/\/fitprint.cz\/index.php?rest_route=\/wp\/v2\/product\/9829"}],"collection":[{"href":"https:\/\/fitprint.cz\/index.php?rest_route=\/wp\/v2\/product"}],"about":[{"href":"https:\/\/fitprint.cz\/index.php?rest_route=\/wp\/v2\/types\/product"}],"version-history":[{"count":1,"href":"https:\/\/fitprint.cz\/index.php?rest_route=\/wp\/v2\/product\/9829\/revisions"}],"predecessor-version":[{"id":10559,"href":"https:\/\/fitprint.cz\/index.php?rest_route=\/wp\/v2\/product\/9829\/revisions\/10559"}],"wp:featuredmedia":[{"embeddable":true,"href":"https:\/\/fitprint.cz\/index.php?rest_route=\/wp\/v2\/media\/9230"}],"wp:attachment":[{"href":"https:\/\/fitprint.cz\/index.php?rest_route=%2Fwp%2Fv2%2Fmedia&parent=9829"}],"wp:term":[{"taxonomy":"product_cat","embeddable":true,"href":"https:\/\/fitprint.cz\/index.php?rest_route=%2Fwp%2Fv2%2Fproduct_cat&post=9829"},{"taxonomy":"product_tag","embeddable":true,"href":"https:\/\/fitprint.cz\/index.php?rest_route=%2Fwp%2Fv2%2Fproduct_tag&post=9829"}],"curies":[{"name":"wp","href":"https:\/\/api.w.org\/{rel}","templated":true}]}}