{"id":9861,"date":"2023-06-08T20:29:45","date_gmt":"2023-06-08T18:29:45","guid":{"rendered":"https:\/\/fitprint.cz\/?product=hp-cf361a-508a-kompatibilni-modry-toner"},"modified":"2023-10-23T08:10:50","modified_gmt":"2023-10-23T06:10:50","slug":"hp-cf361a-508a-kompatibilni-modry-toner","status":"publish","type":"product","link":"https:\/\/fitprint.cz\/?product=hp-cf361a-508a-kompatibilni-modry-toner","title":{"rendered":"HP CF361A (508A) &#8211; kompatibiln\u00ed modr\u00fd toner"},"content":{"rendered":"<p><strong>Kompatibiln\u00ed s:<\/strong><\/p>\n<p>HP LaserJet Enterprise M550 Series, HP LaserJet Enterprise M552, HP LaserJet Enterprise M552dn, HP LaserJet Enterprise M553, HP LaserJet Enterprise M553dn, HP LaserJet Enterprise M553n, HP LaserJet Enterprise M553x, HP Color LaserJet Enterprise M553, HP Color LaserJet Enterprise M553dn, HP Color LaserJet Enterprise M553n, HP Color LaserJet Enterprise M553x, HP Color LaserJet Enterprise Flow MFP M577c, HP Color LaserJet Enterprise M550 Series, HP Color LaserJet Enterprise M552dn, HP Color LaserJet Enterprise M553dnm, HP Color LaserJet Enterprise M553xm, HP Color LaserJet Enterprise MFP M570 Series, HP Color LaserJet Enterprise MFP M577dn, HP Color LaserJet Enterprise MFP M577f<\/p>\n","protected":false},"excerpt":{"rendered":"<p>Kompatibiln\u00ed s: HP LaserJet Enterprise M550 Series, HP LaserJet Enterprise M552, HP LaserJet Enterprise M552dn, HP LaserJet Enterprise M553, HP LaserJet Enterprise M553dn, HP LaserJet Enterprise M553n, HP LaserJet Enterprise M553x, HP Color LaserJet Enterprise M553, HP Color LaserJet Enterprise M553dn, HP Color LaserJet Enterprise M553n, HP Color LaserJet Enterprise M553x, HP Color LaserJet Enterprise [&hellip;]<\/p>\n","protected":false},"featured_media":9228,"template":"","meta":[],"product_cat":[196,195],"product_tag":[305],"yoast_head":"<!-- This site is optimized with the Yoast SEO plugin v21.0 - https:\/\/yoast.com\/wordpress\/plugins\/seo\/ -->\n<title>HP CF361A (508A) - kompatibiln\u00ed modr\u00fd toner - FitPrint<\/title>\n<meta name=\"robots\" content=\"index, follow, max-snippet:-1, max-image-preview:large, max-video-preview:-1\" \/>\n<link rel=\"canonical\" href=\"https:\/\/fitprint.cz\/?product=hp-cf361a-508a-kompatibilni-modry-toner\" \/>\n<meta property=\"og:locale\" content=\"cs_CZ\" \/>\n<meta property=\"og:type\" content=\"article\" \/>\n<meta property=\"og:title\" content=\"HP CF361A (508A) - kompatibiln\u00ed modr\u00fd toner - FitPrint\" \/>\n<meta property=\"og:description\" content=\"Kompatibiln\u00ed s: HP LaserJet Enterprise M550 Series, HP LaserJet Enterprise M552, HP LaserJet Enterprise M552dn, HP LaserJet Enterprise M553, HP LaserJet Enterprise M553dn, HP LaserJet Enterprise M553n, HP LaserJet Enterprise M553x, HP Color LaserJet Enterprise M553, HP Color LaserJet Enterprise M553dn, HP Color LaserJet Enterprise M553n, HP Color LaserJet Enterprise M553x, HP Color LaserJet Enterprise [&hellip;]\" \/>\n<meta property=\"og:url\" content=\"https:\/\/fitprint.cz\/?product=hp-cf361a-508a-kompatibilni-modry-toner\" \/>\n<meta property=\"og:site_name\" content=\"FitPrint\" \/>\n<meta property=\"article:modified_time\" content=\"2023-10-23T06:10:50+00:00\" \/>\n<meta property=\"og:image\" content=\"https:\/\/fitprint.cz\/wp-content\/uploads\/2023\/06\/product_toner_1.jpg\" \/>\n\t<meta property=\"og:image:width\" content=\"1000\" \/>\n\t<meta property=\"og:image:height\" content=\"667\" \/>\n\t<meta property=\"og:image:type\" content=\"image\/jpeg\" \/>\n<meta name=\"twitter:card\" content=\"summary_large_image\" \/>\n<meta name=\"twitter:label1\" content=\"Odhadovan\u00e1 doba \u010dten\u00ed\" \/>\n\t<meta name=\"twitter:data1\" content=\"1 minuta\" \/>\n<script type=\"application\/ld+json\" class=\"yoast-schema-graph\">{\"@context\":\"https:\/\/schema.org\",\"@graph\":[{\"@type\":\"WebPage\",\"@id\":\"https:\/\/fitprint.cz\/?product=hp-cf361a-508a-kompatibilni-modry-toner\",\"url\":\"https:\/\/fitprint.cz\/?product=hp-cf361a-508a-kompatibilni-modry-toner\",\"name\":\"HP CF361A (508A) - kompatibiln\u00ed modr\u00fd toner - FitPrint\",\"isPartOf\":{\"@id\":\"https:\/\/fitprint.cz\/#website\"},\"datePublished\":\"2023-06-08T18:29:45+00:00\",\"dateModified\":\"2023-10-23T06:10:50+00:00\",\"breadcrumb\":{\"@id\":\"https:\/\/fitprint.cz\/?product=hp-cf361a-508a-kompatibilni-modry-toner#breadcrumb\"},\"inLanguage\":\"cs\",\"potentialAction\":[{\"@type\":\"ReadAction\",\"target\":[\"https:\/\/fitprint.cz\/?product=hp-cf361a-508a-kompatibilni-modry-toner\"]}]},{\"@type\":\"BreadcrumbList\",\"@id\":\"https:\/\/fitprint.cz\/?product=hp-cf361a-508a-kompatibilni-modry-toner#breadcrumb\",\"itemListElement\":[{\"@type\":\"ListItem\",\"position\":1,\"name\":\"Home\",\"item\":\"https:\/\/fitprint.cz\/\"},{\"@type\":\"ListItem\",\"position\":2,\"name\":\"Shop\",\"item\":\"https:\/\/fitprint.cz\/?page_id=5\"},{\"@type\":\"ListItem\",\"position\":3,\"name\":\"HP CF361A (508A) &#8211; kompatibiln\u00ed modr\u00fd toner\"}]},{\"@type\":\"WebSite\",\"@id\":\"https:\/\/fitprint.cz\/#website\",\"url\":\"https:\/\/fitprint.cz\/\",\"name\":\"FitPrint\",\"description\":\"levn\u00e9 tiskov\u00e9 tonery a n\u00e1pln\u011b pro tisk\u00e1rny\",\"publisher\":{\"@id\":\"https:\/\/fitprint.cz\/#organization\"},\"potentialAction\":[{\"@type\":\"SearchAction\",\"target\":{\"@type\":\"EntryPoint\",\"urlTemplate\":\"https:\/\/fitprint.cz\/?s={search_term_string}\"},\"query-input\":\"required name=search_term_string\"}],\"inLanguage\":\"cs\"},{\"@type\":\"Organization\",\"@id\":\"https:\/\/fitprint.cz\/#organization\",\"name\":\"FitPrint s.r.o.\",\"url\":\"https:\/\/fitprint.cz\/\",\"logo\":{\"@type\":\"ImageObject\",\"inLanguage\":\"cs\",\"@id\":\"https:\/\/fitprint.cz\/#\/schema\/logo\/image\/\",\"url\":\"https:\/\/fitprint.cz\/wp-content\/uploads\/2023\/04\/FitPrint_logo_1.svg\",\"contentUrl\":\"https:\/\/fitprint.cz\/wp-content\/uploads\/2023\/04\/FitPrint_logo_1.svg\",\"width\":230,\"height\":68,\"caption\":\"FitPrint s.r.o.\"},\"image\":{\"@id\":\"https:\/\/fitprint.cz\/#\/schema\/logo\/image\/\"}}]}<\/script>\n<!-- \/ Yoast SEO plugin. -->","yoast_head_json":{"title":"HP CF361A (508A) - kompatibiln\u00ed modr\u00fd toner - FitPrint","robots":{"index":"index","follow":"follow","max-snippet":"max-snippet:-1","max-image-preview":"max-image-preview:large","max-video-preview":"max-video-preview:-1"},"canonical":"https:\/\/fitprint.cz\/?product=hp-cf361a-508a-kompatibilni-modry-toner","og_locale":"cs_CZ","og_type":"article","og_title":"HP CF361A (508A) - kompatibiln\u00ed modr\u00fd toner - FitPrint","og_description":"Kompatibiln\u00ed s: HP LaserJet Enterprise M550 Series, HP LaserJet Enterprise M552, HP LaserJet Enterprise M552dn, HP LaserJet Enterprise M553, HP LaserJet Enterprise M553dn, HP LaserJet Enterprise M553n, HP LaserJet Enterprise M553x, HP Color LaserJet Enterprise M553, HP Color LaserJet Enterprise M553dn, HP Color LaserJet Enterprise M553n, HP Color LaserJet Enterprise M553x, HP Color LaserJet Enterprise [&hellip;]","og_url":"https:\/\/fitprint.cz\/?product=hp-cf361a-508a-kompatibilni-modry-toner","og_site_name":"FitPrint","article_modified_time":"2023-10-23T06:10:50+00:00","og_image":[{"width":1000,"height":667,"url":"https:\/\/fitprint.cz\/wp-content\/uploads\/2023\/06\/product_toner_1.jpg","type":"image\/jpeg"}],"twitter_card":"summary_large_image","twitter_misc":{"Odhadovan\u00e1 doba \u010dten\u00ed":"1 minuta"},"schema":{"@context":"https:\/\/schema.org","@graph":[{"@type":"WebPage","@id":"https:\/\/fitprint.cz\/?product=hp-cf361a-508a-kompatibilni-modry-toner","url":"https:\/\/fitprint.cz\/?product=hp-cf361a-508a-kompatibilni-modry-toner","name":"HP CF361A (508A) - kompatibiln\u00ed modr\u00fd toner - FitPrint","isPartOf":{"@id":"https:\/\/fitprint.cz\/#website"},"datePublished":"2023-06-08T18:29:45+00:00","dateModified":"2023-10-23T06:10:50+00:00","breadcrumb":{"@id":"https:\/\/fitprint.cz\/?product=hp-cf361a-508a-kompatibilni-modry-toner#breadcrumb"},"inLanguage":"cs","potentialAction":[{"@type":"ReadAction","target":["https:\/\/fitprint.cz\/?product=hp-cf361a-508a-kompatibilni-modry-toner"]}]},{"@type":"BreadcrumbList","@id":"https:\/\/fitprint.cz\/?product=hp-cf361a-508a-kompatibilni-modry-toner#breadcrumb","itemListElement":[{"@type":"ListItem","position":1,"name":"Home","item":"https:\/\/fitprint.cz\/"},{"@type":"ListItem","position":2,"name":"Shop","item":"https:\/\/fitprint.cz\/?page_id=5"},{"@type":"ListItem","position":3,"name":"HP CF361A (508A) &#8211; kompatibiln\u00ed modr\u00fd toner"}]},{"@type":"WebSite","@id":"https:\/\/fitprint.cz\/#website","url":"https:\/\/fitprint.cz\/","name":"FitPrint","description":"levn\u00e9 tiskov\u00e9 tonery a n\u00e1pln\u011b pro tisk\u00e1rny","publisher":{"@id":"https:\/\/fitprint.cz\/#organization"},"potentialAction":[{"@type":"SearchAction","target":{"@type":"EntryPoint","urlTemplate":"https:\/\/fitprint.cz\/?s={search_term_string}"},"query-input":"required name=search_term_string"}],"inLanguage":"cs"},{"@type":"Organization","@id":"https:\/\/fitprint.cz\/#organization","name":"FitPrint s.r.o.","url":"https:\/\/fitprint.cz\/","logo":{"@type":"ImageObject","inLanguage":"cs","@id":"https:\/\/fitprint.cz\/#\/schema\/logo\/image\/","url":"https:\/\/fitprint.cz\/wp-content\/uploads\/2023\/04\/FitPrint_logo_1.svg","contentUrl":"https:\/\/fitprint.cz\/wp-content\/uploads\/2023\/04\/FitPrint_logo_1.svg","width":230,"height":68,"caption":"FitPrint s.r.o."},"image":{"@id":"https:\/\/fitprint.cz\/#\/schema\/logo\/image\/"}}]}},"_links":{"self":[{"href":"https:\/\/fitprint.cz\/index.php?rest_route=\/wp\/v2\/product\/9861"}],"collection":[{"href":"https:\/\/fitprint.cz\/index.php?rest_route=\/wp\/v2\/product"}],"about":[{"href":"https:\/\/fitprint.cz\/index.php?rest_route=\/wp\/v2\/types\/product"}],"version-history":[{"count":1,"href":"https:\/\/fitprint.cz\/index.php?rest_route=\/wp\/v2\/product\/9861\/revisions"}],"predecessor-version":[{"id":10886,"href":"https:\/\/fitprint.cz\/index.php?rest_route=\/wp\/v2\/product\/9861\/revisions\/10886"}],"wp:featuredmedia":[{"embeddable":true,"href":"https:\/\/fitprint.cz\/index.php?rest_route=\/wp\/v2\/media\/9228"}],"wp:attachment":[{"href":"https:\/\/fitprint.cz\/index.php?rest_route=%2Fwp%2Fv2%2Fmedia&parent=9861"}],"wp:term":[{"taxonomy":"product_cat","embeddable":true,"href":"https:\/\/fitprint.cz\/index.php?rest_route=%2Fwp%2Fv2%2Fproduct_cat&post=9861"},{"taxonomy":"product_tag","embeddable":true,"href":"https:\/\/fitprint.cz\/index.php?rest_route=%2Fwp%2Fv2%2Fproduct_tag&post=9861"}],"curies":[{"name":"wp","href":"https:\/\/api.w.org\/{rel}","templated":true}]}}